{"id":2400,"date":"2023-12-05T17:09:02","date_gmt":"2023-12-05T16:09:02","guid":{"rendered":"https:\/\/chamanismedelaterre.fr\/?post_type=product&#038;p=2400"},"modified":"2023-12-05T17:21:57","modified_gmt":"2023-12-05T16:21:57","slug":"tambour-chamanique-rose-de-venus","status":"publish","type":"product","link":"https:\/\/chamanismedelaterre.fr\/es\/product\/tambour-chamanique-rose-de-venus\/","title":{"rendered":"TAMBOUR CHAMANIQUE \u00ab\u00a0ROSE DE VENUS\u00a0\u00bb"},"content":{"rendered":"<div class=\"x11i5rnm xat24cr x1mh8g0r x1vvkbs xtlvy1s x126k92a\">\n<div dir=\"auto\" style=\"text-align: justify;\">Dans sa danse avec la Terre autour du Soleil, V\u00e9nus dessine en 8 ans une rose \u00e0 5 p\u00e9tales. Cette \u00e9toile a 5 branches, pentagramme \u00e9labor\u00e9 selon la G\u00e9om\u00e9trie Sacr\u00e9e, symbolise l\u2019Harmonie et l\u2019Amour Universel.<\/div>\n<\/div>\n<div class=\"x11i5rnm xat24cr x1mh8g0r x1vvkbs xtlvy1s x126k92a\" style=\"text-align: justify;\">\n<div dir=\"auto\"><\/div>\n<\/div>\n<div class=\"x11i5rnm xat24cr x1mh8g0r x1vvkbs xtlvy1s x126k92a\" style=\"text-align: justify;\">\n<div dir=\"auto\">\n<p>Correspondances astrologiques et symbolisme:<\/p>\n<\/div>\n<\/div>\n<div class=\"x11i5rnm xat24cr x1mh8g0r x1vvkbs xtlvy1s x126k92a\" style=\"text-align: justify;\">\n<p>Le cercle du tambour uni 8 essences de bois qui repr\u00e9sentent les 8 ann\u00e9es de l\u2019orbite de Venus.<br \/>\nLa poign\u00e9e, tress\u00e9e en macram\u00e9, renferme la symbolique de la Rose de Venus, et manifeste la Magie des Noeuds: chacun de ses noeuds invoque l\u2019intention de gu\u00e9rison et renaissance.<br \/>\nLa pierre en son centre est une rhodonite que j\u2019ai eu la joie d\u2019acqu\u00e9rir dans le village d\u2019Aguas Calientes au pied du Machu Picchu. Cette pierre, li\u00e9e comme V\u00e9nus au Chakra du Coeur, symbolise l\u2019amour. Elle prot\u00e8ge, apaise et panse les blessures du pass\u00e9. Elle repr\u00e9sente par ses couleurs rose et noire la polarit\u00e9 V\u00e9nus\/Lilith.<br \/>\nLe cuir est en peau de buffle noir, qui symbolise la force et le courage, repr\u00e9sentant ici les 2 forces de la Lune : la Lune Blanche et la Lune Noire, Venus et Lilith.<br \/>\nLa peau a baign\u00e9 dans l\u2019eau lors de la Nouvelle Lune en Scorpion, s\u2019impr\u00e9gnant de son \u00e9nergie de renaissance qui am\u00e8ne \u00e0 connecter avec notre lumi\u00e8re int\u00e9rieure.<\/p>\n<\/div>\n<div class=\"x11i5rnm xat24cr x1mh8g0r x1vvkbs xtlvy1s x126k92a\" style=\"text-align: justify;\"><\/div>\n<div dir=\"auto\" style=\"text-align: justify;\">Ce tambour est une cr\u00e9ation personnalis\u00e9e. N&rsquo;h\u00e9sitez pas \u00e0 me contacter pour cr\u00e9er ensemble votre Tambour Alli\u00e9.<\/div>","protected":false},"excerpt":{"rendered":"<p>Tambour Chamanique en peau de Buffle et cercle en 8 essences de bois. Le tressage en macram\u00e9 repr\u00e9sente la Rose de V\u00e9nus. Son c\u0153ur est en Rhodonite du P\u00e9rou.<\/p>","protected":false},"featured_media":2401,"template":"","meta":[],"product_cat":[53],"product_tag":[],"class_list":{"0":"post-2400","1":"product","2":"type-product","3":"status-publish","4":"has-post-thumbnail","6":"product_cat-tambours-chamaniques","8":"first","9":"instock","10":"taxable","11":"shipping-taxable","12":"purchasable","13":"product-type-simple"},"yoast_head":"<!-- This site is optimized with the Yoast SEO plugin v21.8 - https:\/\/yoast.com\/wordpress\/plugins\/seo\/ -->\n<title>TAMBOUR CHAMANIQUE &quot;ROSE DE VENUS&quot; - CHAMANISME DE LA TERRE<\/title>\n<meta name=\"description\" content=\"Tambour Chamanique en peau de Buffle et cercle en 8 essences de bois. Le tressage en macram\u00e9 repr\u00e9sente la Rose de V\u00e9nus. Son c\u0153ur est en Rhodonite du P\u00e9rou\" \/>\n<meta name=\"robots\" content=\"index, follow, max-snippet:-1, max-image-preview:large, max-video-preview:-1\" \/>\n<link rel=\"canonical\" href=\"https:\/\/chamanismedelaterre.fr\/es\/product\/tambour-chamanique-rose-de-venus\/\" \/>\n<meta property=\"og:locale\" content=\"es_ES\" \/>\n<meta property=\"og:type\" content=\"article\" \/>\n<meta property=\"og:title\" content=\"TAMBOUR CHAMANIQUE &quot;ROSE DE VENUS&quot; - CHAMANISME DE LA TERRE\" \/>\n<meta property=\"og:description\" content=\"Tambour Chamanique en peau de Buffle et cercle en 8 essences de bois. Le tressage en macram\u00e9 repr\u00e9sente la Rose de V\u00e9nus. Son c\u0153ur est en Rhodonite du P\u00e9rou\" \/>\n<meta property=\"og:url\" content=\"https:\/\/chamanismedelaterre.fr\/es\/product\/tambour-chamanique-rose-de-venus\/\" \/>\n<meta property=\"og:site_name\" content=\"CHAMANISME DE LA TERRE\" \/>\n<meta property=\"article:modified_time\" content=\"2023-12-05T16:21:57+00:00\" \/>\n<meta property=\"og:image\" content=\"https:\/\/chamanismedelaterre.fr\/wp-content\/uploads\/2023\/12\/IMG_5866.jpeg\" \/>\n\t<meta property=\"og:image:width\" content=\"1536\" \/>\n\t<meta property=\"og:image:height\" content=\"2048\" \/>\n\t<meta property=\"og:image:type\" content=\"image\/jpeg\" \/>\n<meta name=\"twitter:card\" content=\"summary_large_image\" \/>\n<meta name=\"twitter:label1\" content=\"Tiempo de lectura\" \/>\n\t<meta name=\"twitter:data1\" content=\"2 minutos\" \/>\n<script type=\"application\/ld+json\" class=\"yoast-schema-graph\">{\"@context\":\"https:\/\/schema.org\",\"@graph\":[{\"@type\":\"WebPage\",\"@id\":\"https:\/\/chamanismedelaterre.fr\/produit\/tambour-chamanique-rose-de-venus\/\",\"url\":\"https:\/\/chamanismedelaterre.fr\/produit\/tambour-chamanique-rose-de-venus\/\",\"name\":\"TAMBOUR CHAMANIQUE \\\"ROSE DE VENUS\\\" - CHAMANISME DE LA TERRE\",\"isPartOf\":{\"@id\":\"https:\/\/chamanismedelaterre.fr\/#website\"},\"datePublished\":\"2023-12-05T16:09:02+00:00\",\"dateModified\":\"2023-12-05T16:21:57+00:00\",\"description\":\"Tambour Chamanique en peau de Buffle et cercle en 8 essences de bois. Le tressage en macram\u00e9 repr\u00e9sente la Rose de V\u00e9nus. Son c\u0153ur est en Rhodonite du P\u00e9rou\",\"breadcrumb\":{\"@id\":\"https:\/\/chamanismedelaterre.fr\/produit\/tambour-chamanique-rose-de-venus\/#breadcrumb\"},\"inLanguage\":\"es\",\"potentialAction\":[{\"@type\":\"ReadAction\",\"target\":[\"https:\/\/chamanismedelaterre.fr\/produit\/tambour-chamanique-rose-de-venus\/\"]}]},{\"@type\":\"BreadcrumbList\",\"@id\":\"https:\/\/chamanismedelaterre.fr\/produit\/tambour-chamanique-rose-de-venus\/#breadcrumb\",\"itemListElement\":[{\"@type\":\"ListItem\",\"position\":1,\"name\":\"Accueil\",\"item\":\"https:\/\/chamanismedelaterre.fr\/\"},{\"@type\":\"ListItem\",\"position\":2,\"name\":\"Boutique\",\"item\":\"https:\/\/chamanismedelaterre.fr\/?page_id=1244\"},{\"@type\":\"ListItem\",\"position\":3,\"name\":\"TAMBOUR CHAMANIQUE &#8220;ROSE DE VENUS&#8221;\"}]},{\"@type\":\"WebSite\",\"@id\":\"https:\/\/chamanismedelaterre.fr\/#website\",\"url\":\"https:\/\/chamanismedelaterre.fr\/\",\"name\":\"CHAMANISME DE LA TERRE\",\"description\":\"CHAMANISME DE LA TERRE? Marie-Ange Fernandez\",\"potentialAction\":[{\"@type\":\"SearchAction\",\"target\":{\"@type\":\"EntryPoint\",\"urlTemplate\":\"https:\/\/chamanismedelaterre.fr\/?s={search_term_string}\"},\"query-input\":\"required name=search_term_string\"}],\"inLanguage\":\"es\"}]}<\/script>\n<!-- \/ Yoast SEO plugin. -->","yoast_head_json":{"title":"TAMBOUR CHAMANIQUE \"ROSE DE VENUS\" - CHAMANISME DE LA TERRE","description":"Tambour Chamanique en peau de Buffle et cercle en 8 essences de bois. Le tressage en macram\u00e9 repr\u00e9sente la Rose de V\u00e9nus. Son c\u0153ur est en Rhodonite du P\u00e9rou","robots":{"index":"index","follow":"follow","max-snippet":"max-snippet:-1","max-image-preview":"max-image-preview:large","max-video-preview":"max-video-preview:-1"},"canonical":"https:\/\/chamanismedelaterre.fr\/es\/product\/tambour-chamanique-rose-de-venus\/","og_locale":"es_ES","og_type":"article","og_title":"TAMBOUR CHAMANIQUE \"ROSE DE VENUS\" - CHAMANISME DE LA TERRE","og_description":"Tambour Chamanique en peau de Buffle et cercle en 8 essences de bois. Le tressage en macram\u00e9 repr\u00e9sente la Rose de V\u00e9nus. Son c\u0153ur est en Rhodonite du P\u00e9rou","og_url":"https:\/\/chamanismedelaterre.fr\/es\/product\/tambour-chamanique-rose-de-venus\/","og_site_name":"CHAMANISME DE LA TERRE","article_modified_time":"2023-12-05T16:21:57+00:00","og_image":[{"width":1536,"height":2048,"url":"https:\/\/chamanismedelaterre.fr\/wp-content\/uploads\/2023\/12\/IMG_5866.jpeg","type":"image\/jpeg"}],"twitter_card":"summary_large_image","twitter_misc":{"Tiempo de lectura":"2 minutos"},"schema":{"@context":"https:\/\/schema.org","@graph":[{"@type":"WebPage","@id":"https:\/\/chamanismedelaterre.fr\/produit\/tambour-chamanique-rose-de-venus\/","url":"https:\/\/chamanismedelaterre.fr\/produit\/tambour-chamanique-rose-de-venus\/","name":"TAMBOUR CHAMANIQUE \"ROSE DE VENUS\" - CHAMANISME DE LA TERRE","isPartOf":{"@id":"https:\/\/chamanismedelaterre.fr\/#website"},"datePublished":"2023-12-05T16:09:02+00:00","dateModified":"2023-12-05T16:21:57+00:00","description":"Tambour Chamanique en peau de Buffle et cercle en 8 essences de bois. Le tressage en macram\u00e9 repr\u00e9sente la Rose de V\u00e9nus. Son c\u0153ur est en Rhodonite du P\u00e9rou","breadcrumb":{"@id":"https:\/\/chamanismedelaterre.fr\/produit\/tambour-chamanique-rose-de-venus\/#breadcrumb"},"inLanguage":"es","potentialAction":[{"@type":"ReadAction","target":["https:\/\/chamanismedelaterre.fr\/produit\/tambour-chamanique-rose-de-venus\/"]}]},{"@type":"BreadcrumbList","@id":"https:\/\/chamanismedelaterre.fr\/produit\/tambour-chamanique-rose-de-venus\/#breadcrumb","itemListElement":[{"@type":"ListItem","position":1,"name":"Accueil","item":"https:\/\/chamanismedelaterre.fr\/"},{"@type":"ListItem","position":2,"name":"Boutique","item":"https:\/\/chamanismedelaterre.fr\/?page_id=1244"},{"@type":"ListItem","position":3,"name":"TAMBOUR CHAMANIQUE &#8220;ROSE DE VENUS&#8221;"}]},{"@type":"WebSite","@id":"https:\/\/chamanismedelaterre.fr\/#website","url":"https:\/\/chamanismedelaterre.fr\/","name":"CHAMANISME DE LA TERRE","description":"CHAMANISME DE LA TERRE? Marie-Ange Fernandez","potentialAction":[{"@type":"SearchAction","target":{"@type":"EntryPoint","urlTemplate":"https:\/\/chamanismedelaterre.fr\/?s={search_term_string}"},"query-input":"required name=search_term_string"}],"inLanguage":"es"}]}},"jetpack_sharing_enabled":true,"_links":{"self":[{"href":"https:\/\/chamanismedelaterre.fr\/es\/wp-json\/wp\/v2\/product\/2400","targetHints":{"allow":["GET"]}}],"collection":[{"href":"https:\/\/chamanismedelaterre.fr\/es\/wp-json\/wp\/v2\/product"}],"about":[{"href":"https:\/\/chamanismedelaterre.fr\/es\/wp-json\/wp\/v2\/types\/product"}],"wp:featuredmedia":[{"embeddable":true,"href":"https:\/\/chamanismedelaterre.fr\/es\/wp-json\/wp\/v2\/media\/2401"}],"wp:attachment":[{"href":"https:\/\/chamanismedelaterre.fr\/es\/wp-json\/wp\/v2\/media?parent=2400"}],"wp:term":[{"taxonomy":"product_cat","embeddable":true,"href":"https:\/\/chamanismedelaterre.fr\/es\/wp-json\/wp\/v2\/product_cat?post=2400"},{"taxonomy":"product_tag","embeddable":true,"href":"https:\/\/chamanismedelaterre.fr\/es\/wp-json\/wp\/v2\/product_tag?post=2400"}],"curies":[{"name":"wp","href":"https:\/\/api.w.org\/{rel}","templated":true}]}}