{"id":2233,"date":"2023-07-21T13:04:49","date_gmt":"2023-07-21T11:04:49","guid":{"rendered":"https:\/\/chamanismedelaterre.fr\/?post_type=product&#038;p=2233"},"modified":"2023-09-12T08:14:27","modified_gmt":"2023-09-12T06:14:27","slug":"traditions-amerindiennes-et-siberiennes-tambour-1-medecine-de-lame","status":"publish","type":"product","link":"https:\/\/chamanismedelaterre.fr\/es\/product\/traditions-amerindiennes-et-siberiennes-tambour-1-medecine-de-lame\/","title":{"rendered":"TRADITIONS AM\u00c9RINDIENNES ET SIB\u00c9RIENNES &#8211; TAMBOUR 1 : M\u00c9DECINE DE L\u2019\u00c2ME"},"content":{"rendered":"<p>Le Niveau Tambour 1 enseigne la pratique du Chamanisme selon les Traditions Am\u00e9rindiennes et Sib\u00e9riennes. Les \u00c9tats Expans\u00e9s de Conscience au travers du Voyage Chamanique permettent d&rsquo;\u0153uvrer \u00e0 votre gu\u00e9rison personnelle, afin de gu\u00e9rir vos blessures d&rsquo;\u00e2me, vous r\u00e9aligner \u00e0 votre \u00ab <strong>M\u00e9decine de l\u2019\u00c2me<\/strong> \u00bb,\u00a0 et transmuter le Gu\u00e9risseur Bless\u00e9 pour incarner le Gu\u00e9risseur Gu\u00e9ri.<\/p>\n<p><strong><br \/>\nDates Cursus 2023\/2024 : <\/strong>du 08 octobre 2023 au 02 juin 2024.<\/p>\n<p><strong>Dur\u00e9e\u00a0:<\/strong> 9 mois<\/p>\n<p><strong>Tarif mensuel : <\/strong>60\u20ac\/mois<\/p>\n<p><strong>Fr\u00e9quence des r\u00e9unions en direct : <\/strong>4 heures par mois.<\/p>\n<p><strong>R\u00e9partition\u00a0: <\/strong>Le 1<sup>er<\/sup> dimanche de chaque mois de 9.00 \u00e0 13.00.<\/p>\n<p><strong>Le calendrier des dates sera fourni lors de l\u2019inscription.<\/strong><\/p>\n<p>&nbsp;<\/p>\n<div id=\"content\" class=\"site-content container\">\n<div id=\"main-content-row\" class=\"tie-row main-content-row\">\n<div class=\"main-content tie-col-md-12\" role=\"main\">\n<article id=\"the-post\" class=\"container-wrapper post-content\">\n<div class=\"entry-content entry clearfix\">\n<div class=\"vce-row-container\" data-vce-boxed-width=\"true\">\n<div id=\"el-4e99c791\" class=\"vce-row vce-element--has-background vce-row--col-gap-30 vce-row-equal-height vce-row-content--top\" data-vce-do-apply=\"all el-4e99c791\">\n<div class=\"vce-row-content\" data-vce-element-content=\"true\">\n<div id=\"el-a33838af\" class=\"vce-col vce-col--md-auto vce-col--xs-1 vce-col--xs-last vce-col--xs-first vce-col--sm-last vce-col--sm-first vce-col--md-last vce-col--lg-last vce-col--xl-last vce-col--md-first vce-col--lg-first vce-col--xl-first\">\n<div class=\"vce-col-inner\" data-vce-do-apply=\"border margin background el-a33838af\">\n<div class=\"vce-col-content\" data-vce-element-content=\"true\" data-vce-do-apply=\"padding el-a33838af\">\n<div class=\"vce-row-container\" data-vce-boxed-width=\"true\">\n<div id=\"el-912e33c1\" class=\"vce-row vce-row--has-col-background vce-row--col-gap-30 vce-row-equal-height vce-row-content--top\" data-vce-do-apply=\"all el-912e33c1\">\n<div class=\"vce-row-content\" data-vce-element-content=\"true\">\n<div id=\"el-7d4c3467\" class=\"vce-col vce-element--has-background vce-col--md-auto vce-col--xs-1 vce-col--xs-last vce-col--xs-first vce-col--sm-last vce-col--sm-first vce-col--md-last vce-col--lg-last vce-col--xl-last vce-col--md-first vce-col--lg-first vce-col--xl-first\">\n<div class=\"vce-col-inner\" data-vce-do-apply=\"border margin background el-7d4c3467\">\n<div class=\"vce-col-content\" data-vce-element-content=\"true\" data-vce-do-apply=\"padding el-7d4c3467\">\n<div class=\"vce-text-block\">\n<div id=\"el-a019b093\" class=\"vce-text-block-wrapper vce\" data-vce-do-apply=\"all el-a019b093\">\n<p><strong><u>PROGRAMME :<\/u><\/strong><strong>\u200b<\/strong><\/p>\n<ul>\n<li>Initiation \u00e0 la pratique chamanique et aux \u00c9tats Expans\u00e9s de Conscience.<\/li>\n<li>Les Rituels Sacr\u00e9s.<\/li>\n<li>Les M\u00e9decines \u00c9nerg\u00e9tiques Chamaniques : Extractions d\u2019\u00e9nergies denses et M\u00e9decine des \u00c9l\u00e9ments.<\/li>\n<li>Gu\u00e9rison des blessures de l\u2019\u00e2me : Enfant int\u00e9rieur, Karma Personnel, Karma Ancestral.<\/li>\n<li>Ma\u00eetrise des formes-pens\u00e9es et gestion des \u00e9motions.<\/li>\n<li>Les Recouvrements d\u2019\u00e2mes : pertes\/vols intra-ut\u00e9rins\/extra-ut\u00e9rins, vie actuelle\/vies ant\u00e9rieures.<\/li>\n<li>La M\u00e9decine de l\u2019\u00c2me : Guerrier de Lumi\u00e8re, Familles d\u2019\u00e2me, Dharma, Mission d\u2019\u00e2me, Savoir Ancestral et Karmique, activation des Qualit\u00e9s, Dons et Talents.<\/li>\n<li>La Roue de M\u00e9decine Am\u00e9rindienne\u200b : Astrologie de la Terre.<\/li>\n<\/ul>\n<\/div>\n<\/div>\n<\/div>\n<\/div>\n<\/div>\n<\/div>\n<\/div>\n<\/div>\n<\/div>\n<\/div>\n<\/div>\n<\/div>\n<\/div>\n<\/div>\n<\/div>\n<\/article>\n<div class=\"post-components\"><\/div>\n<\/div>\n<\/div>\n<\/div>\n<footer id=\"footer\" class=\"site-footer dark-skin dark-widgetized-area\">\n<div id=\"footer-widgets-container\">\n<div class=\"container\">\n<div class=\"footer-widget-area\">\n<div class=\"tie-row\">\n<div class=\"tie-col-sm-4 normal-side\">\n<div id=\"block-10\" class=\"container-wrapper widget widget_block widget_text\"><\/div>\n<\/div>\n<\/div>\n<\/div>\n<\/div>\n<\/div>\n<\/footer>","protected":false},"excerpt":{"rendered":"<p>Le Niveau Tambour 1 enseigne la pratique du Chamanisme selon les Traditions Am\u00e9rindiennes et Sib\u00e9riennes. Les \u00c9tats Expans\u00e9s de Conscience au travers du Voyage Chamanique permettent d&rsquo;\u0153uvrer \u00e0 votre gu\u00e9rison personnelle, afin de gu\u00e9rir vos blessures d&rsquo;\u00e2me, vous r\u00e9aligner \u00e0 votre \u00ab <strong>M\u00e9decine de l\u2019\u00c2me<\/strong> \u00bb,\u00a0 et transmuter le Gu\u00e9risseur Bless\u00e9 pour incarner le Gu\u00e9risseur Gu\u00e9ri.<\/p>\n<p>&nbsp;<\/p>","protected":false},"featured_media":1323,"template":"","meta":[],"product_cat":[57],"product_tag":[],"class_list":{"0":"post-2233","1":"product","2":"type-product","3":"status-publish","4":"has-post-thumbnail","6":"product_cat-enseignement-distanciel-en-direct","8":"first","9":"instock","10":"taxable","11":"shipping-taxable","12":"purchasable","13":"product-type-simple"},"yoast_head":"<!-- This site is optimized with the Yoast SEO plugin v21.8 - https:\/\/yoast.com\/wordpress\/plugins\/seo\/ -->\n<title>TRADITIONS AM\u00c9RINDIENNES ET SIB\u00c9RIENNES - TAMBOUR 1 : M\u00c9DECINE DE L\u2019\u00c2ME - CHAMANISME DE LA TERRE<\/title>\n<meta name=\"description\" content=\"Le Niveau Tambour 1 enseigne la pratique du Chamanisme selon les Traditions Am\u00e9rindiennes et Sib\u00e9riennes (Voyage Chamanique).\" \/>\n<meta name=\"robots\" content=\"index, follow, max-snippet:-1, max-image-preview:large, max-video-preview:-1\" \/>\n<link rel=\"canonical\" href=\"https:\/\/chamanismedelaterre.fr\/es\/product\/traditions-amerindiennes-et-siberiennes-tambour-1-medecine-de-lame\/\" \/>\n<meta property=\"og:locale\" content=\"es_ES\" \/>\n<meta property=\"og:type\" content=\"article\" \/>\n<meta property=\"og:title\" content=\"TRADITIONS AM\u00c9RINDIENNES ET SIB\u00c9RIENNES - TAMBOUR 1 : M\u00c9DECINE DE L\u2019\u00c2ME - CHAMANISME DE LA TERRE\" \/>\n<meta property=\"og:description\" content=\"Le Niveau Tambour 1 enseigne la pratique du Chamanisme selon les Traditions Am\u00e9rindiennes et Sib\u00e9riennes (Voyage Chamanique).\" \/>\n<meta property=\"og:url\" content=\"https:\/\/chamanismedelaterre.fr\/es\/product\/traditions-amerindiennes-et-siberiennes-tambour-1-medecine-de-lame\/\" \/>\n<meta property=\"og:site_name\" content=\"CHAMANISME DE LA TERRE\" \/>\n<meta property=\"article:modified_time\" content=\"2023-09-12T06:14:27+00:00\" \/>\n<meta property=\"og:image\" content=\"https:\/\/chamanismedelaterre.fr\/wp-content\/uploads\/2023\/02\/Trinidad-1024x1020.png\" \/>\n\t<meta property=\"og:image:width\" content=\"1024\" \/>\n\t<meta property=\"og:image:height\" content=\"1020\" \/>\n\t<meta property=\"og:image:type\" content=\"image\/png\" \/>\n<meta name=\"twitter:card\" content=\"summary_large_image\" \/>\n<meta name=\"twitter:label1\" content=\"Tiempo de lectura\" \/>\n\t<meta name=\"twitter:data1\" content=\"1 minuto\" \/>\n<script type=\"application\/ld+json\" class=\"yoast-schema-graph\">{\"@context\":\"https:\/\/schema.org\",\"@graph\":[{\"@type\":\"WebPage\",\"@id\":\"https:\/\/chamanismedelaterre.fr\/produit\/traditions-amerindiennes-et-siberiennes-tambour-1-medecine-de-lame\/\",\"url\":\"https:\/\/chamanismedelaterre.fr\/produit\/traditions-amerindiennes-et-siberiennes-tambour-1-medecine-de-lame\/\",\"name\":\"TRADITIONS AM\u00c9RINDIENNES ET SIB\u00c9RIENNES - TAMBOUR 1 : M\u00c9DECINE DE L\u2019\u00c2ME - CHAMANISME DE LA TERRE\",\"isPartOf\":{\"@id\":\"https:\/\/chamanismedelaterre.fr\/#website\"},\"datePublished\":\"2023-07-21T11:04:49+00:00\",\"dateModified\":\"2023-09-12T06:14:27+00:00\",\"description\":\"Le Niveau Tambour 1 enseigne la pratique du Chamanisme selon les Traditions Am\u00e9rindiennes et Sib\u00e9riennes (Voyage Chamanique).\",\"breadcrumb\":{\"@id\":\"https:\/\/chamanismedelaterre.fr\/produit\/traditions-amerindiennes-et-siberiennes-tambour-1-medecine-de-lame\/#breadcrumb\"},\"inLanguage\":\"es\",\"potentialAction\":[{\"@type\":\"ReadAction\",\"target\":[\"https:\/\/chamanismedelaterre.fr\/produit\/traditions-amerindiennes-et-siberiennes-tambour-1-medecine-de-lame\/\"]}]},{\"@type\":\"BreadcrumbList\",\"@id\":\"https:\/\/chamanismedelaterre.fr\/produit\/traditions-amerindiennes-et-siberiennes-tambour-1-medecine-de-lame\/#breadcrumb\",\"itemListElement\":[{\"@type\":\"ListItem\",\"position\":1,\"name\":\"Accueil\",\"item\":\"https:\/\/chamanismedelaterre.fr\/\"},{\"@type\":\"ListItem\",\"position\":2,\"name\":\"Boutique\",\"item\":\"https:\/\/chamanismedelaterre.fr\/?page_id=1244\"},{\"@type\":\"ListItem\",\"position\":3,\"name\":\"TRADITIONS AM\u00c9RINDIENNES ET SIB\u00c9RIENNES &#8211; TAMBOUR 1 : M\u00c9DECINE DE L\u2019\u00c2ME\"}]},{\"@type\":\"WebSite\",\"@id\":\"https:\/\/chamanismedelaterre.fr\/#website\",\"url\":\"https:\/\/chamanismedelaterre.fr\/\",\"name\":\"CHAMANISME DE LA TERRE\",\"description\":\"CHAMANISME DE LA TERRE? Marie-Ange Fernandez\",\"potentialAction\":[{\"@type\":\"SearchAction\",\"target\":{\"@type\":\"EntryPoint\",\"urlTemplate\":\"https:\/\/chamanismedelaterre.fr\/?s={search_term_string}\"},\"query-input\":\"required name=search_term_string\"}],\"inLanguage\":\"es\"}]}<\/script>\n<!-- \/ Yoast SEO plugin. -->","yoast_head_json":{"title":"TRADITIONS AM\u00c9RINDIENNES ET SIB\u00c9RIENNES - TAMBOUR 1 : M\u00c9DECINE DE L\u2019\u00c2ME - CHAMANISME DE LA TERRE","description":"Le Niveau Tambour 1 enseigne la pratique du Chamanisme selon les Traditions Am\u00e9rindiennes et Sib\u00e9riennes (Voyage Chamanique).","robots":{"index":"index","follow":"follow","max-snippet":"max-snippet:-1","max-image-preview":"max-image-preview:large","max-video-preview":"max-video-preview:-1"},"canonical":"https:\/\/chamanismedelaterre.fr\/es\/product\/traditions-amerindiennes-et-siberiennes-tambour-1-medecine-de-lame\/","og_locale":"es_ES","og_type":"article","og_title":"TRADITIONS AM\u00c9RINDIENNES ET SIB\u00c9RIENNES - TAMBOUR 1 : M\u00c9DECINE DE L\u2019\u00c2ME - CHAMANISME DE LA TERRE","og_description":"Le Niveau Tambour 1 enseigne la pratique du Chamanisme selon les Traditions Am\u00e9rindiennes et Sib\u00e9riennes (Voyage Chamanique).","og_url":"https:\/\/chamanismedelaterre.fr\/es\/product\/traditions-amerindiennes-et-siberiennes-tambour-1-medecine-de-lame\/","og_site_name":"CHAMANISME DE LA TERRE","article_modified_time":"2023-09-12T06:14:27+00:00","og_image":[{"width":1024,"height":1020,"url":"https:\/\/chamanismedelaterre.fr\/wp-content\/uploads\/2023\/02\/Trinidad-1024x1020.png","type":"image\/png"}],"twitter_card":"summary_large_image","twitter_misc":{"Tiempo de lectura":"1 minuto"},"schema":{"@context":"https:\/\/schema.org","@graph":[{"@type":"WebPage","@id":"https:\/\/chamanismedelaterre.fr\/produit\/traditions-amerindiennes-et-siberiennes-tambour-1-medecine-de-lame\/","url":"https:\/\/chamanismedelaterre.fr\/produit\/traditions-amerindiennes-et-siberiennes-tambour-1-medecine-de-lame\/","name":"TRADITIONS AM\u00c9RINDIENNES ET SIB\u00c9RIENNES - TAMBOUR 1 : M\u00c9DECINE DE L\u2019\u00c2ME - CHAMANISME DE LA TERRE","isPartOf":{"@id":"https:\/\/chamanismedelaterre.fr\/#website"},"datePublished":"2023-07-21T11:04:49+00:00","dateModified":"2023-09-12T06:14:27+00:00","description":"Le Niveau Tambour 1 enseigne la pratique du Chamanisme selon les Traditions Am\u00e9rindiennes et Sib\u00e9riennes (Voyage Chamanique).","breadcrumb":{"@id":"https:\/\/chamanismedelaterre.fr\/produit\/traditions-amerindiennes-et-siberiennes-tambour-1-medecine-de-lame\/#breadcrumb"},"inLanguage":"es","potentialAction":[{"@type":"ReadAction","target":["https:\/\/chamanismedelaterre.fr\/produit\/traditions-amerindiennes-et-siberiennes-tambour-1-medecine-de-lame\/"]}]},{"@type":"BreadcrumbList","@id":"https:\/\/chamanismedelaterre.fr\/produit\/traditions-amerindiennes-et-siberiennes-tambour-1-medecine-de-lame\/#breadcrumb","itemListElement":[{"@type":"ListItem","position":1,"name":"Accueil","item":"https:\/\/chamanismedelaterre.fr\/"},{"@type":"ListItem","position":2,"name":"Boutique","item":"https:\/\/chamanismedelaterre.fr\/?page_id=1244"},{"@type":"ListItem","position":3,"name":"TRADITIONS AM\u00c9RINDIENNES ET SIB\u00c9RIENNES &#8211; TAMBOUR 1 : M\u00c9DECINE DE L\u2019\u00c2ME"}]},{"@type":"WebSite","@id":"https:\/\/chamanismedelaterre.fr\/#website","url":"https:\/\/chamanismedelaterre.fr\/","name":"CHAMANISME DE LA TERRE","description":"CHAMANISME DE LA TERRE? Marie-Ange Fernandez","potentialAction":[{"@type":"SearchAction","target":{"@type":"EntryPoint","urlTemplate":"https:\/\/chamanismedelaterre.fr\/?s={search_term_string}"},"query-input":"required name=search_term_string"}],"inLanguage":"es"}]}},"jetpack_sharing_enabled":true,"_links":{"self":[{"href":"https:\/\/chamanismedelaterre.fr\/es\/wp-json\/wp\/v2\/product\/2233","targetHints":{"allow":["GET"]}}],"collection":[{"href":"https:\/\/chamanismedelaterre.fr\/es\/wp-json\/wp\/v2\/product"}],"about":[{"href":"https:\/\/chamanismedelaterre.fr\/es\/wp-json\/wp\/v2\/types\/product"}],"wp:featuredmedia":[{"embeddable":true,"href":"https:\/\/chamanismedelaterre.fr\/es\/wp-json\/wp\/v2\/media\/1323"}],"wp:attachment":[{"href":"https:\/\/chamanismedelaterre.fr\/es\/wp-json\/wp\/v2\/media?parent=2233"}],"wp:term":[{"taxonomy":"product_cat","embeddable":true,"href":"https:\/\/chamanismedelaterre.fr\/es\/wp-json\/wp\/v2\/product_cat?post=2233"},{"taxonomy":"product_tag","embeddable":true,"href":"https:\/\/chamanismedelaterre.fr\/es\/wp-json\/wp\/v2\/product_tag?post=2233"}],"curies":[{"name":"wp","href":"https:\/\/api.w.org\/{rel}","templated":true}]}}