{"id":2200,"date":"2023-07-07T09:51:54","date_gmt":"2023-07-07T07:51:54","guid":{"rendered":"https:\/\/chamanismedelaterre.fr\/?post_type=product&#038;p=2200"},"modified":"2023-07-19T11:33:34","modified_gmt":"2023-07-19T09:33:34","slug":"integracion-de-las-polaridades-el-sol-y-la-luna-5-y-6-de-agosto-del-2023-en-zamora-espana","status":"publish","type":"product","link":"https:\/\/chamanismedelaterre.fr\/es\/product\/integracion-de-las-polaridades-el-sol-y-la-luna-5-y-6-de-agosto-del-2023-en-zamora-espana\/","title":{"rendered":"INTEGRACI\u00d3N DE LAS POLARIDADES : EL SOL Y LA LUNA &#8211; 5 y 6 de agosto del 2023 en Zamora (Espa\u00f1a)"},"content":{"rendered":"<p style=\"text-align: justify;\">Nuestra Realidad se define por la dualidad, y en Astrolog\u00eda el Sol y la Luna, los Luminares, son los m\u00e1ximos representantes de esta eterna danza de los opuestos.<\/p>\n<p style=\"text-align: justify;\">El Sol representa la polaridad Masculina, el Padre, el Valor, el Brillo, el Poder Personal, la Creatividad, la Confianza, la Autoexpresi\u00f3n, la Acci\u00f3n, el Emprendimiento, la Esperanza, la Conexi\u00f3n Espiritual, la Salud, el \u00c9xito, la Riqueza.<\/p>\n<p style=\"text-align: justify;\">La Luna representa la polaridad Femenina, la Madre, la Belleza, la Intuici\u00f3n, la Adivinaci\u00f3n, la Clarividencia, la Percepci\u00f3n, los Sue\u00f1os, las Capacidades Extrasensoriales, los Misterios, la Magia, las Emociones, la Fertilidad, la Pureza, la Sabidur\u00eda.<\/p>\n<p style=\"text-align: justify;\">Tomar consciencia de la complementariedad de esta polaridad permite equilibrar, armonizar e integrar estas dos fuerzas en nosotros, realizando as\u00ed el Matrimonio Sagrado de los Alquimistas. Est\u00e1 fusi\u00f3n de lo masculino y lo femenino, del Padre y la Madre en uno dar\u00e1 nacimiento a la Terceridad Sagrada, el \u201cYo Soy\u201d.<\/p>\n<p style=\"text-align: justify;\"><strong>INFORMACI\u00d3N:<br \/>\n<\/strong>Fecha : 5 y 6 de agosto del 2023.<br \/>\nLugar : Mayim, Zamora.<br \/>\nHorarios : 10 a 14 \/ 15.30 a 19.30 cada d\u00eda.<br \/>\nC\u00edrculo de Tambor y Cantos Medicina a partir de las 21.<strong><br \/>\n<\/strong><\/p>\n<p style=\"text-align: justify;\"><strong><br \/>\nVALOR:<br \/>\n<\/strong>Taller (2 d\u00edas) + alojamiento (1 noche con desayuno) : 200 euros.<br \/>\nCada participante trae su propia comida para los dos almuerzos de s\u00e1bado y domingo, y<br \/>\nla cena del s\u00e1bado.<br \/>\nEs posible llegar el viernes por la tarde y\/o salir el lunes por la ma\u00f1ana (con reserva<br \/>\nprevia).<\/p>\n<p style=\"text-align: justify;\"><strong><br \/>\nPROGRAMA DETALLADO:<\/strong><\/p>\n<p style=\"text-align: justify;\"><strong>PRESENTACI\u00d3N<br \/>\n<\/strong>Presentaci\u00f3n de la Ense\u00f1anza Astro-Cham\u00e1nica.<br \/>\nChamanismo: Primer C\u00f3digo Andino \u00ab\u00a0Kawsay\u00a0\u00bb.<br \/>\nAstrolog\u00eda: Era de Acuario y 5\u00aa Dimensi\u00f3n.<br \/>\nIntercambio de intenciones.<br \/>\nEnfoque te\u00f3rico: El chamanismo, el cham\u00e1n y sus Objetos de Poder, los Mundos Invisibles.<\/p>\n<p style=\"text-align: justify;\"><strong>EL ESPACIO SAGRADO<br \/>\n<\/strong>Rituales de preparaci\u00f3n y apertura del Espacio Sagrado.<\/p>\n<p style=\"text-align: justify;\"><strong>EL VIAJE CHAM\u00c1NICO<br \/>\n<\/strong>Definici\u00f3n.<br \/>\nT\u00e9cnicas para inducir el Estado Modificado de Consciencia: Danza Medicina, meditaci\u00f3n relajante, desarrollo de los canales de percepci\u00f3n.<br \/>\nCalma mental y Desplazamiento de Consciencia.<\/p>\n<p style=\"text-align: justify;\"><strong>EL MUNDO DE ABAJO<br \/>\n<\/strong>Viaje Cham\u00e1nico:<br \/>\nDescubrir el Mundo de Abajo y conocer a su Animal de Poder.<\/p>\n<p style=\"text-align: justify;\"><strong>CONEXI\u00d3N CON LOS LUMINARES<br \/>\n<\/strong>Los Arquetipos del Sol y la Luna seg\u00fan la Astrolog\u00eda, la Mitolog\u00eda y la Psicolog\u00eda.<br \/>\nLo Femenino y lo Masculino en s\u00ed mismo.<br \/>\nMeditaciones: conexi\u00f3n con los chakras de los Luminares.<\/p>\n<p style=\"text-align: justify;\"><strong>EL MUNDO DE ARRIBA<br \/>\n<\/strong>Viajes Cham\u00e1nicos:<br \/>\nConexi\u00f3n con los Luminares.<br \/>\nIntegraci\u00f3n de los Luminares: Unificaci\u00f3n de lo Femenino y lo Masculino en s\u00ed mismo.<\/p>\n<p style=\"text-align: justify;\"><strong>EL MUNDO DEL MEDIO<br \/>\n<\/strong>Interpretaci\u00f3n individual en la Carta Astral.<br \/>\nManifestaci\u00f3n material: Creaci\u00f3n art\u00edstica.<\/p>\n<p style=\"text-align: justify;\"><strong>NOCHE C\u00cdRCULO DE TAMBORES<br \/>\n<\/strong>Ritmos Sagrados de Tambor Cham\u00e1nico y Cantos Medicina.<\/p>","protected":false},"excerpt":{"rendered":"<p>Nuestra Realidad se define por la dualidad, y en Astrolog\u00eda el Sol y la Luna, los Luminares, son los m\u00e1ximos representantes de esta eterna danza de los opuestos. El Sol representa la polaridad Masculina, el Padre, el Valor, el Brillo, el Poder Personal, la Creatividad, la Confianza, la Autoexpresi\u00f3n, la Acci\u00f3n, el Emprendimiento, la Esperanza, &hellip;<\/p>","protected":false},"featured_media":2008,"template":"","meta":[],"product_cat":[68],"product_tag":[],"class_list":{"0":"post-2200","1":"product","2":"type-product","3":"status-publish","4":"has-post-thumbnail","6":"product_cat-astro-chamanisme-ateliers-presentiels","8":"first","9":"instock","10":"taxable","11":"shipping-taxable","12":"purchasable","13":"product-type-simple"},"yoast_head":"<!-- This site is optimized with the Yoast SEO plugin v21.8 - https:\/\/yoast.com\/wordpress\/plugins\/seo\/ -->\n<title>INTEGRACI\u00d3N DE LAS POLARIDADES : EL SOL Y LA LUNA - 5 y 6 de agosto del 2023 en Zamora (Espa\u00f1a) - CHAMANISME DE LA TERRE<\/title>\n<meta name=\"description\" content=\"Taller presencial de chamanismo y astrologia para integrar las energias y sanaciones del Sol y La Luna, y unificar el femenino y masculino en nosotros.\" \/>\n<meta name=\"robots\" content=\"index, follow, max-snippet:-1, max-image-preview:large, max-video-preview:-1\" \/>\n<link rel=\"canonical\" href=\"https:\/\/chamanismedelaterre.fr\/es\/product\/integracion-de-las-polaridades-el-sol-y-la-luna-5-y-6-de-agosto-del-2023-en-zamora-espana\/\" \/>\n<meta property=\"og:locale\" content=\"es_ES\" \/>\n<meta property=\"og:type\" content=\"article\" \/>\n<meta property=\"og:title\" content=\"INTEGRACI\u00d3N DE LAS POLARIDADES : EL SOL Y LA LUNA - 5 y 6 de agosto del 2023 en Zamora (Espa\u00f1a) - CHAMANISME DE LA TERRE\" \/>\n<meta property=\"og:description\" content=\"Taller presencial de chamanismo y astrologia para integrar las energias y sanaciones del Sol y La Luna, y unificar el femenino y masculino en nosotros.\" \/>\n<meta property=\"og:url\" content=\"https:\/\/chamanismedelaterre.fr\/es\/product\/integracion-de-las-polaridades-el-sol-y-la-luna-5-y-6-de-agosto-del-2023-en-zamora-espana\/\" \/>\n<meta property=\"og:site_name\" content=\"CHAMANISME DE LA TERRE\" \/>\n<meta property=\"article:modified_time\" content=\"2023-07-19T09:33:34+00:00\" \/>\n<meta property=\"og:image\" content=\"https:\/\/chamanismedelaterre.fr\/wp-content\/uploads\/2023\/06\/photo_2023-06-27_17-24-30.jpg\" \/>\n\t<meta property=\"og:image:width\" content=\"690\" \/>\n\t<meta property=\"og:image:height\" content=\"700\" \/>\n\t<meta property=\"og:image:type\" content=\"image\/jpeg\" \/>\n<meta name=\"twitter:card\" content=\"summary_large_image\" \/>\n<meta name=\"twitter:label1\" content=\"Tiempo de lectura\" \/>\n\t<meta name=\"twitter:data1\" content=\"3 minutos\" \/>\n<script type=\"application\/ld+json\" class=\"yoast-schema-graph\">{\"@context\":\"https:\/\/schema.org\",\"@graph\":[{\"@type\":\"WebPage\",\"@id\":\"https:\/\/chamanismedelaterre.fr\/produit\/integracion-de-las-polaridades-el-sol-y-la-luna-5-y-6-de-agosto-del-2023-en-zamora-espana\/\",\"url\":\"https:\/\/chamanismedelaterre.fr\/produit\/integracion-de-las-polaridades-el-sol-y-la-luna-5-y-6-de-agosto-del-2023-en-zamora-espana\/\",\"name\":\"INTEGRACI\u00d3N DE LAS POLARIDADES : EL SOL Y LA LUNA - 5 y 6 de agosto del 2023 en Zamora (Espa\u00f1a) - CHAMANISME DE LA TERRE\",\"isPartOf\":{\"@id\":\"https:\/\/chamanismedelaterre.fr\/#website\"},\"datePublished\":\"2023-07-07T07:51:54+00:00\",\"dateModified\":\"2023-07-19T09:33:34+00:00\",\"description\":\"Taller presencial de chamanismo y astrologia para integrar las energias y sanaciones del Sol y La Luna, y unificar el femenino y masculino en nosotros.\",\"breadcrumb\":{\"@id\":\"https:\/\/chamanismedelaterre.fr\/produit\/integracion-de-las-polaridades-el-sol-y-la-luna-5-y-6-de-agosto-del-2023-en-zamora-espana\/#breadcrumb\"},\"inLanguage\":\"es\",\"potentialAction\":[{\"@type\":\"ReadAction\",\"target\":[\"https:\/\/chamanismedelaterre.fr\/produit\/integracion-de-las-polaridades-el-sol-y-la-luna-5-y-6-de-agosto-del-2023-en-zamora-espana\/\"]}]},{\"@type\":\"BreadcrumbList\",\"@id\":\"https:\/\/chamanismedelaterre.fr\/produit\/integracion-de-las-polaridades-el-sol-y-la-luna-5-y-6-de-agosto-del-2023-en-zamora-espana\/#breadcrumb\",\"itemListElement\":[{\"@type\":\"ListItem\",\"position\":1,\"name\":\"Accueil\",\"item\":\"https:\/\/chamanismedelaterre.fr\/\"},{\"@type\":\"ListItem\",\"position\":2,\"name\":\"Boutique\",\"item\":\"https:\/\/chamanismedelaterre.fr\/?page_id=1244\"},{\"@type\":\"ListItem\",\"position\":3,\"name\":\"INTEGRACI\u00d3N DE LAS POLARIDADES : EL SOL Y LA LUNA &#8211; 5 y 6 de agosto del 2023 en Zamora (Espa\u00f1a)\"}]},{\"@type\":\"WebSite\",\"@id\":\"https:\/\/chamanismedelaterre.fr\/#website\",\"url\":\"https:\/\/chamanismedelaterre.fr\/\",\"name\":\"CHAMANISME DE LA TERRE\",\"description\":\"CHAMANISME DE LA TERRE? Marie-Ange Fernandez\",\"potentialAction\":[{\"@type\":\"SearchAction\",\"target\":{\"@type\":\"EntryPoint\",\"urlTemplate\":\"https:\/\/chamanismedelaterre.fr\/?s={search_term_string}\"},\"query-input\":\"required name=search_term_string\"}],\"inLanguage\":\"es\"}]}<\/script>\n<!-- \/ Yoast SEO plugin. -->","yoast_head_json":{"title":"INTEGRACI\u00d3N DE LAS POLARIDADES : EL SOL Y LA LUNA - 5 y 6 de agosto del 2023 en Zamora (Espa\u00f1a) - CHAMANISME DE LA TERRE","description":"Taller presencial de chamanismo y astrologia para integrar las energias y sanaciones del Sol y La Luna, y unificar el femenino y masculino en nosotros.","robots":{"index":"index","follow":"follow","max-snippet":"max-snippet:-1","max-image-preview":"max-image-preview:large","max-video-preview":"max-video-preview:-1"},"canonical":"https:\/\/chamanismedelaterre.fr\/es\/product\/integracion-de-las-polaridades-el-sol-y-la-luna-5-y-6-de-agosto-del-2023-en-zamora-espana\/","og_locale":"es_ES","og_type":"article","og_title":"INTEGRACI\u00d3N DE LAS POLARIDADES : EL SOL Y LA LUNA - 5 y 6 de agosto del 2023 en Zamora (Espa\u00f1a) - CHAMANISME DE LA TERRE","og_description":"Taller presencial de chamanismo y astrologia para integrar las energias y sanaciones del Sol y La Luna, y unificar el femenino y masculino en nosotros.","og_url":"https:\/\/chamanismedelaterre.fr\/es\/product\/integracion-de-las-polaridades-el-sol-y-la-luna-5-y-6-de-agosto-del-2023-en-zamora-espana\/","og_site_name":"CHAMANISME DE LA TERRE","article_modified_time":"2023-07-19T09:33:34+00:00","og_image":[{"width":690,"height":700,"url":"https:\/\/chamanismedelaterre.fr\/wp-content\/uploads\/2023\/06\/photo_2023-06-27_17-24-30.jpg","type":"image\/jpeg"}],"twitter_card":"summary_large_image","twitter_misc":{"Tiempo de lectura":"3 minutos"},"schema":{"@context":"https:\/\/schema.org","@graph":[{"@type":"WebPage","@id":"https:\/\/chamanismedelaterre.fr\/produit\/integracion-de-las-polaridades-el-sol-y-la-luna-5-y-6-de-agosto-del-2023-en-zamora-espana\/","url":"https:\/\/chamanismedelaterre.fr\/produit\/integracion-de-las-polaridades-el-sol-y-la-luna-5-y-6-de-agosto-del-2023-en-zamora-espana\/","name":"INTEGRACI\u00d3N DE LAS POLARIDADES : EL SOL Y LA LUNA - 5 y 6 de agosto del 2023 en Zamora (Espa\u00f1a) - CHAMANISME DE LA TERRE","isPartOf":{"@id":"https:\/\/chamanismedelaterre.fr\/#website"},"datePublished":"2023-07-07T07:51:54+00:00","dateModified":"2023-07-19T09:33:34+00:00","description":"Taller presencial de chamanismo y astrologia para integrar las energias y sanaciones del Sol y La Luna, y unificar el femenino y masculino en nosotros.","breadcrumb":{"@id":"https:\/\/chamanismedelaterre.fr\/produit\/integracion-de-las-polaridades-el-sol-y-la-luna-5-y-6-de-agosto-del-2023-en-zamora-espana\/#breadcrumb"},"inLanguage":"es","potentialAction":[{"@type":"ReadAction","target":["https:\/\/chamanismedelaterre.fr\/produit\/integracion-de-las-polaridades-el-sol-y-la-luna-5-y-6-de-agosto-del-2023-en-zamora-espana\/"]}]},{"@type":"BreadcrumbList","@id":"https:\/\/chamanismedelaterre.fr\/produit\/integracion-de-las-polaridades-el-sol-y-la-luna-5-y-6-de-agosto-del-2023-en-zamora-espana\/#breadcrumb","itemListElement":[{"@type":"ListItem","position":1,"name":"Accueil","item":"https:\/\/chamanismedelaterre.fr\/"},{"@type":"ListItem","position":2,"name":"Boutique","item":"https:\/\/chamanismedelaterre.fr\/?page_id=1244"},{"@type":"ListItem","position":3,"name":"INTEGRACI\u00d3N DE LAS POLARIDADES : EL SOL Y LA LUNA &#8211; 5 y 6 de agosto del 2023 en Zamora (Espa\u00f1a)"}]},{"@type":"WebSite","@id":"https:\/\/chamanismedelaterre.fr\/#website","url":"https:\/\/chamanismedelaterre.fr\/","name":"CHAMANISME DE LA TERRE","description":"CHAMANISME DE LA TERRE? Marie-Ange Fernandez","potentialAction":[{"@type":"SearchAction","target":{"@type":"EntryPoint","urlTemplate":"https:\/\/chamanismedelaterre.fr\/?s={search_term_string}"},"query-input":"required name=search_term_string"}],"inLanguage":"es"}]}},"jetpack_sharing_enabled":true,"_links":{"self":[{"href":"https:\/\/chamanismedelaterre.fr\/es\/wp-json\/wp\/v2\/product\/2200","targetHints":{"allow":["GET"]}}],"collection":[{"href":"https:\/\/chamanismedelaterre.fr\/es\/wp-json\/wp\/v2\/product"}],"about":[{"href":"https:\/\/chamanismedelaterre.fr\/es\/wp-json\/wp\/v2\/types\/product"}],"wp:featuredmedia":[{"embeddable":true,"href":"https:\/\/chamanismedelaterre.fr\/es\/wp-json\/wp\/v2\/media\/2008"}],"wp:attachment":[{"href":"https:\/\/chamanismedelaterre.fr\/es\/wp-json\/wp\/v2\/media?parent=2200"}],"wp:term":[{"taxonomy":"product_cat","embeddable":true,"href":"https:\/\/chamanismedelaterre.fr\/es\/wp-json\/wp\/v2\/product_cat?post=2200"},{"taxonomy":"product_tag","embeddable":true,"href":"https:\/\/chamanismedelaterre.fr\/es\/wp-json\/wp\/v2\/product_tag?post=2200"}],"curies":[{"name":"wp","href":"https:\/\/api.w.org\/{rel}","templated":true}]}}