{"id":2079,"date":"2023-06-30T16:12:10","date_gmt":"2023-06-30T14:12:10","guid":{"rendered":"https:\/\/chamanismedelaterre.fr\/?post_type=product&#038;p=2079"},"modified":"2023-07-19T11:36:27","modified_gmt":"2023-07-19T09:36:27","slug":"hochet-chamanique-baton-de-sorcier","status":"publish","type":"product","link":"https:\/\/chamanismedelaterre.fr\/es\/product\/hochet-chamanique-baton-de-sorcier\/","title":{"rendered":"HOCHET CHAMANIQUE \u00ab B\u00c2TON DE SORCIER \u00bb"},"content":{"rendered":"<p style=\"text-align: justify;\">Hochet sacr\u00e9 en peau de Buffle et manche de bois touch\u00e9 par la foudre, orn\u00e9 de fils cir\u00e9s et de huayruros (graines sacr\u00e9es du P\u00e9rou) repr\u00e9sentant les 3 Mondes.<\/p>\n<p style=\"text-align: justify;\"><em>Important : Chaque hochet renferme des graines noires et blanches qui, lorsqu\u2019elles sont secou\u00e9es, fusionnent et permettent d\u2019int\u00e9grer les polarit\u00e9s des \u00e9nergies f\u00e9minine et masculine, ainsi que 7 huayruros qui repr\u00e9sentent les 7 \u00f1awis (\u00ab\u00a0\u0153il\u00a0\u00bb en Quechua\u00a0: chakras andins) pour soutenir notre vision de l\u2019Univers. <\/em><\/p>","protected":false},"excerpt":{"rendered":"<p style=\"text-align: justify;\">Hochet sacr\u00e9 en peau de Buffle et manche de bois touch\u00e9 par la foudre, orn\u00e9 de fils cir\u00e9s et de huayruros (graines sacr\u00e9es du P\u00e9rou) repr\u00e9sentant les 3 Mondes.<\/p>\n<p style=\"text-align: justify;\"><em>Important : Chaque hochet renferme des graines noires et blanches qui, lorsqu\u2019elles sont secou\u00e9es, fusionnent et permettent d\u2019int\u00e9grer les polarit\u00e9s des \u00e9nergies f\u00e9minine et masculine, ainsi que 7 huayruros qui repr\u00e9sentent les 7 \u00f1awis (\u00ab\u00a0\u0153il\u00a0\u00bb en Quechua\u00a0: chakras andins) pour soutenir notre vision de l\u2019Univers.<\/em><\/p>","protected":false},"featured_media":2082,"template":"","meta":[],"product_cat":[53],"product_tag":[],"class_list":{"0":"post-2079","1":"product","2":"type-product","3":"status-publish","4":"has-post-thumbnail","6":"product_cat-tambours-chamaniques","8":"first","9":"instock","10":"taxable","11":"shipping-taxable","12":"purchasable","13":"product-type-simple"},"yoast_head":"<!-- This site is optimized with the Yoast SEO plugin v21.8 - https:\/\/yoast.com\/wordpress\/plugins\/seo\/ -->\n<title>HOCHET CHAMANIQUE \u00ab B\u00c2TON DE SORCIER \u00bb - CHAMANISME DE LA TERRE<\/title>\n<meta name=\"description\" content=\"Hochet chamanique en peau de Buffle et manche de bois touch\u00e9 par la foudre, orn\u00e9 de fils cir\u00e9s et de huayruros (graines sacr\u00e9es du P\u00e9rou).\" \/>\n<meta name=\"robots\" content=\"index, follow, max-snippet:-1, max-image-preview:large, max-video-preview:-1\" \/>\n<link rel=\"canonical\" href=\"https:\/\/chamanismedelaterre.fr\/es\/product\/hochet-chamanique-baton-de-sorcier\/\" \/>\n<meta property=\"og:locale\" content=\"es_ES\" \/>\n<meta property=\"og:type\" content=\"article\" \/>\n<meta property=\"og:title\" content=\"HOCHET CHAMANIQUE \u00ab B\u00c2TON DE SORCIER \u00bb - CHAMANISME DE LA TERRE\" \/>\n<meta property=\"og:description\" content=\"Hochet chamanique en peau de Buffle et manche de bois touch\u00e9 par la foudre, orn\u00e9 de fils cir\u00e9s et de huayruros (graines sacr\u00e9es du P\u00e9rou).\" \/>\n<meta property=\"og:url\" content=\"https:\/\/chamanismedelaterre.fr\/es\/product\/hochet-chamanique-baton-de-sorcier\/\" \/>\n<meta property=\"og:site_name\" content=\"CHAMANISME DE LA TERRE\" \/>\n<meta property=\"article:modified_time\" content=\"2023-07-19T09:36:27+00:00\" \/>\n<meta property=\"og:image\" content=\"https:\/\/chamanismedelaterre.fr\/wp-content\/uploads\/2023\/06\/IMG_4951-1-scaled.jpg\" \/>\n\t<meta property=\"og:image:width\" content=\"2560\" \/>\n\t<meta property=\"og:image:height\" content=\"1920\" \/>\n\t<meta property=\"og:image:type\" content=\"image\/jpeg\" \/>\n<meta name=\"twitter:card\" content=\"summary_large_image\" \/>\n<meta name=\"twitter:label1\" content=\"Tiempo de lectura\" \/>\n\t<meta name=\"twitter:data1\" content=\"1 minuto\" \/>\n<script type=\"application\/ld+json\" class=\"yoast-schema-graph\">{\"@context\":\"https:\/\/schema.org\",\"@graph\":[{\"@type\":\"WebPage\",\"@id\":\"https:\/\/chamanismedelaterre.fr\/produit\/hochet-chamanique-baton-de-sorcier\/\",\"url\":\"https:\/\/chamanismedelaterre.fr\/produit\/hochet-chamanique-baton-de-sorcier\/\",\"name\":\"HOCHET CHAMANIQUE \u00ab B\u00c2TON DE SORCIER \u00bb - CHAMANISME DE LA TERRE\",\"isPartOf\":{\"@id\":\"https:\/\/chamanismedelaterre.fr\/#website\"},\"datePublished\":\"2023-06-30T14:12:10+00:00\",\"dateModified\":\"2023-07-19T09:36:27+00:00\",\"description\":\"Hochet chamanique en peau de Buffle et manche de bois touch\u00e9 par la foudre, orn\u00e9 de fils cir\u00e9s et de huayruros (graines sacr\u00e9es du P\u00e9rou).\",\"breadcrumb\":{\"@id\":\"https:\/\/chamanismedelaterre.fr\/produit\/hochet-chamanique-baton-de-sorcier\/#breadcrumb\"},\"inLanguage\":\"es\",\"potentialAction\":[{\"@type\":\"ReadAction\",\"target\":[\"https:\/\/chamanismedelaterre.fr\/produit\/hochet-chamanique-baton-de-sorcier\/\"]}]},{\"@type\":\"BreadcrumbList\",\"@id\":\"https:\/\/chamanismedelaterre.fr\/produit\/hochet-chamanique-baton-de-sorcier\/#breadcrumb\",\"itemListElement\":[{\"@type\":\"ListItem\",\"position\":1,\"name\":\"Accueil\",\"item\":\"https:\/\/chamanismedelaterre.fr\/\"},{\"@type\":\"ListItem\",\"position\":2,\"name\":\"Boutique\",\"item\":\"https:\/\/chamanismedelaterre.fr\/?page_id=1244\"},{\"@type\":\"ListItem\",\"position\":3,\"name\":\"HOCHET CHAMANIQUE \u00ab B\u00c2TON DE SORCIER \u00bb\"}]},{\"@type\":\"WebSite\",\"@id\":\"https:\/\/chamanismedelaterre.fr\/#website\",\"url\":\"https:\/\/chamanismedelaterre.fr\/\",\"name\":\"CHAMANISME DE LA TERRE\",\"description\":\"CHAMANISME DE LA TERRE? Marie-Ange Fernandez\",\"potentialAction\":[{\"@type\":\"SearchAction\",\"target\":{\"@type\":\"EntryPoint\",\"urlTemplate\":\"https:\/\/chamanismedelaterre.fr\/?s={search_term_string}\"},\"query-input\":\"required name=search_term_string\"}],\"inLanguage\":\"es\"}]}<\/script>\n<!-- \/ Yoast SEO plugin. -->","yoast_head_json":{"title":"HOCHET CHAMANIQUE \u00ab B\u00c2TON DE SORCIER \u00bb - CHAMANISME DE LA TERRE","description":"Hochet chamanique en peau de Buffle et manche de bois touch\u00e9 par la foudre, orn\u00e9 de fils cir\u00e9s et de huayruros (graines sacr\u00e9es du P\u00e9rou).","robots":{"index":"index","follow":"follow","max-snippet":"max-snippet:-1","max-image-preview":"max-image-preview:large","max-video-preview":"max-video-preview:-1"},"canonical":"https:\/\/chamanismedelaterre.fr\/es\/product\/hochet-chamanique-baton-de-sorcier\/","og_locale":"es_ES","og_type":"article","og_title":"HOCHET CHAMANIQUE \u00ab B\u00c2TON DE SORCIER \u00bb - CHAMANISME DE LA TERRE","og_description":"Hochet chamanique en peau de Buffle et manche de bois touch\u00e9 par la foudre, orn\u00e9 de fils cir\u00e9s et de huayruros (graines sacr\u00e9es du P\u00e9rou).","og_url":"https:\/\/chamanismedelaterre.fr\/es\/product\/hochet-chamanique-baton-de-sorcier\/","og_site_name":"CHAMANISME DE LA TERRE","article_modified_time":"2023-07-19T09:36:27+00:00","og_image":[{"width":2560,"height":1920,"url":"https:\/\/chamanismedelaterre.fr\/wp-content\/uploads\/2023\/06\/IMG_4951-1-scaled.jpg","type":"image\/jpeg"}],"twitter_card":"summary_large_image","twitter_misc":{"Tiempo de lectura":"1 minuto"},"schema":{"@context":"https:\/\/schema.org","@graph":[{"@type":"WebPage","@id":"https:\/\/chamanismedelaterre.fr\/produit\/hochet-chamanique-baton-de-sorcier\/","url":"https:\/\/chamanismedelaterre.fr\/produit\/hochet-chamanique-baton-de-sorcier\/","name":"HOCHET CHAMANIQUE \u00ab B\u00c2TON DE SORCIER \u00bb - CHAMANISME DE LA TERRE","isPartOf":{"@id":"https:\/\/chamanismedelaterre.fr\/#website"},"datePublished":"2023-06-30T14:12:10+00:00","dateModified":"2023-07-19T09:36:27+00:00","description":"Hochet chamanique en peau de Buffle et manche de bois touch\u00e9 par la foudre, orn\u00e9 de fils cir\u00e9s et de huayruros (graines sacr\u00e9es du P\u00e9rou).","breadcrumb":{"@id":"https:\/\/chamanismedelaterre.fr\/produit\/hochet-chamanique-baton-de-sorcier\/#breadcrumb"},"inLanguage":"es","potentialAction":[{"@type":"ReadAction","target":["https:\/\/chamanismedelaterre.fr\/produit\/hochet-chamanique-baton-de-sorcier\/"]}]},{"@type":"BreadcrumbList","@id":"https:\/\/chamanismedelaterre.fr\/produit\/hochet-chamanique-baton-de-sorcier\/#breadcrumb","itemListElement":[{"@type":"ListItem","position":1,"name":"Accueil","item":"https:\/\/chamanismedelaterre.fr\/"},{"@type":"ListItem","position":2,"name":"Boutique","item":"https:\/\/chamanismedelaterre.fr\/?page_id=1244"},{"@type":"ListItem","position":3,"name":"HOCHET CHAMANIQUE \u00ab B\u00c2TON DE SORCIER \u00bb"}]},{"@type":"WebSite","@id":"https:\/\/chamanismedelaterre.fr\/#website","url":"https:\/\/chamanismedelaterre.fr\/","name":"CHAMANISME DE LA TERRE","description":"CHAMANISME DE LA TERRE? Marie-Ange Fernandez","potentialAction":[{"@type":"SearchAction","target":{"@type":"EntryPoint","urlTemplate":"https:\/\/chamanismedelaterre.fr\/?s={search_term_string}"},"query-input":"required name=search_term_string"}],"inLanguage":"es"}]}},"jetpack_sharing_enabled":true,"_links":{"self":[{"href":"https:\/\/chamanismedelaterre.fr\/es\/wp-json\/wp\/v2\/product\/2079","targetHints":{"allow":["GET"]}}],"collection":[{"href":"https:\/\/chamanismedelaterre.fr\/es\/wp-json\/wp\/v2\/product"}],"about":[{"href":"https:\/\/chamanismedelaterre.fr\/es\/wp-json\/wp\/v2\/types\/product"}],"wp:featuredmedia":[{"embeddable":true,"href":"https:\/\/chamanismedelaterre.fr\/es\/wp-json\/wp\/v2\/media\/2082"}],"wp:attachment":[{"href":"https:\/\/chamanismedelaterre.fr\/es\/wp-json\/wp\/v2\/media?parent=2079"}],"wp:term":[{"taxonomy":"product_cat","embeddable":true,"href":"https:\/\/chamanismedelaterre.fr\/es\/wp-json\/wp\/v2\/product_cat?post=2079"},{"taxonomy":"product_tag","embeddable":true,"href":"https:\/\/chamanismedelaterre.fr\/es\/wp-json\/wp\/v2\/product_tag?post=2079"}],"curies":[{"name":"wp","href":"https:\/\/api.w.org\/{rel}","templated":true}]}}