{"id":2074,"date":"2023-06-30T09:25:40","date_gmt":"2023-06-30T07:25:40","guid":{"rendered":"https:\/\/chamanismedelaterre.fr\/?post_type=product&#038;p=2074"},"modified":"2023-07-19T11:41:20","modified_gmt":"2023-07-19T09:41:20","slug":"pendentif-chakana-croix-andine","status":"publish","type":"product","link":"https:\/\/chamanismedelaterre.fr\/es\/product\/pendentif-chakana-croix-andine\/","title":{"rendered":"PENDENTIF CHAKANA CROIX ANDINE"},"content":{"rendered":"<p style=\"text-align: justify;\">La Croix andine, ou Croix Inca, est \u00e9galement appel\u00e9e Chakana. En Quechua, le mot Chakana est la contraction de \u00ab Chaka \u00bb qui signifie \u00ab pont \u00bb et \u00ab hanan \u00bb qui signifie \u00ab haut \u00bb. Elle repr\u00e9sente un pont entre le visible et le non-visible, des marches pour s\u2019\u00e9lever vers le Supramonde appel\u00e9 Hananpacha.<\/p>\n<p style=\"text-align: justify;\">Symbole des cultures originaires des Andes, elle est compos\u00e9e d\u2019une croix carr\u00e9e et \u00e9chelonn\u00e9e avec 12 pointes et d\u2019un trou en son centre appel\u00e9 \u00ab Ticsi muyu\u00a0\u00bb qui repr\u00e9sente le vide originel (Ticsi = l\u2019origine \/ Muyu = le cercle). C\u2019est le centre par o\u00f9 p\u00e9n\u00e8tre la lumi\u00e8re, car depuis le vide tout se cr\u00e9\u00e9.<\/p>\n<p style=\"text-align: justify;\">La Chakana est la repr\u00e9sentation d\u2019un concept qui poss\u00e8de de multiples niveaux de complexit\u00e9 de par ses origines et manifestations mythologiques, arch\u00e9ologiques, astrologiques, astronomiques, symboliques et spirituelles.<\/p>\n<p style=\"text-align: justify;\">Elle renferme de nombreux myst\u00e8res dans ses nombres cach\u00e9s parmi lesquels le 2 (Dualit\u00e9 andine), le 3 (Trilogie andine), le 4 (Tawantinsuyu) et le 12 (douze marches).<\/p>\n<p style=\"text-align: justify;\">Elle symbolise l\u2019\u00e9quilibre du Cosmos.<\/p>\n<p style=\"text-align: justify;\"><u>Dimensions<\/u>\u00a0: 3 x 3 cms.<\/p>","protected":false},"excerpt":{"rendered":"<p style=\"text-align: justify;\">La Croix andine, ou Croix Inca, est \u00e9galement appel\u00e9e Chakana. En Quechua, le mot Chakana est la contraction de \u00ab\u00a0Chaka\u00a0\u00bb qui signifie \u00ab pont \u00bb et \u00ab\u00a0hanan\u00a0\u00bb qui signifie \u00ab\u00a0haut\u00a0\u00bb. Elle repr\u00e9sente un pont entre le visible et le non-visible, des marches pour s\u2019\u00e9lever vers le monde sup\u00e9rieur.<\/p>\n<p style=\"text-align: justify;\">Symbole des cultures originaires des Andes, elle est compos\u00e9e d\u2019une croix carr\u00e9e et \u00e9chelonn\u00e9e avec 12 pointes et d\u2019un trou en son centre appel\u00e9 \u00ab Ticsi muyu\u00a0\u00bb qui repr\u00e9sente le vide originel (Ticsi = l\u2019origine \/ Muyu = le cercle). C\u2019est le centre par o\u00f9 p\u00e9n\u00e8tre la lumi\u00e8re, car depuis le vide tout se cr\u00e9\u00e9.<\/p>\n<p style=\"text-align: justify;\">La Chakana est la repr\u00e9sentation d\u2019un concept qui poss\u00e8de de multiples niveaux de complexit\u00e9 de par ses origines et manifestations mythologiques, arch\u00e9ologiques, astrologiques, astronomiques, symboliques et spirituelles.<\/p>\n<p style=\"text-align: justify;\">Elle renferme de nombreux myst\u00e8res dans ses nombres cach\u00e9s parmi lesquels le 2 (Dualit\u00e9 andine), le 3 (Trilogie andine), le 4 (Tawantinsuyu) et le 12 (douze marches).<\/p>\n<p style=\"text-align: justify;\">Elle symbolise l\u2019\u00e9quilibre du Cosmos.<\/p>\n<p style=\"text-align: justify;\"><u>Dimensions<\/u>\u00a0: 3 x 3 cms.<\/p>","protected":false},"featured_media":2073,"template":"","meta":[],"product_cat":[59],"product_tag":[],"class_list":{"0":"post-2074","1":"product","2":"type-product","3":"status-publish","4":"has-post-thumbnail","6":"product_cat-objets-de-pouvoir","8":"first","9":"instock","10":"taxable","11":"shipping-taxable","12":"purchasable","13":"product-type-simple"},"yoast_head":"<!-- This site is optimized with the Yoast SEO plugin v21.8 - https:\/\/yoast.com\/wordpress\/plugins\/seo\/ -->\n<title>PENDENTIF CHAKANA CROIX ANDINE - CHAMANISME DE LA TERRE<\/title>\n<meta name=\"description\" content=\"Pendantif Croix andine, ou Croix Inca, \u00e9galement appel\u00e9e Chakana. Elle est le symbole des cultures originaires des Andes et repr\u00e9sente l&#039;\u00e9quilibre du Cosmos\" \/>\n<meta name=\"robots\" content=\"index, follow, max-snippet:-1, max-image-preview:large, max-video-preview:-1\" \/>\n<link rel=\"canonical\" href=\"https:\/\/chamanismedelaterre.fr\/es\/product\/pendentif-chakana-croix-andine\/\" \/>\n<meta property=\"og:locale\" content=\"es_ES\" \/>\n<meta property=\"og:type\" content=\"article\" \/>\n<meta property=\"og:title\" content=\"PENDENTIF CHAKANA CROIX ANDINE - CHAMANISME DE LA TERRE\" \/>\n<meta property=\"og:description\" content=\"Pendantif Croix andine, ou Croix Inca, \u00e9galement appel\u00e9e Chakana. Elle est le symbole des cultures originaires des Andes et repr\u00e9sente l&#039;\u00e9quilibre du Cosmos\" \/>\n<meta property=\"og:url\" content=\"https:\/\/chamanismedelaterre.fr\/es\/product\/pendentif-chakana-croix-andine\/\" \/>\n<meta property=\"og:site_name\" content=\"CHAMANISME DE LA TERRE\" \/>\n<meta property=\"article:modified_time\" content=\"2023-07-19T09:41:20+00:00\" \/>\n<meta property=\"og:image\" content=\"https:\/\/chamanismedelaterre.fr\/wp-content\/uploads\/2023\/06\/IMG_4247-e1688109644924.jpeg\" \/>\n\t<meta property=\"og:image:width\" content=\"2048\" \/>\n\t<meta property=\"og:image:height\" content=\"1536\" \/>\n\t<meta property=\"og:image:type\" content=\"image\/jpeg\" \/>\n<meta name=\"twitter:card\" content=\"summary_large_image\" \/>\n<meta name=\"twitter:label1\" content=\"Tiempo de lectura\" \/>\n\t<meta name=\"twitter:data1\" content=\"1 minuto\" \/>\n<script type=\"application\/ld+json\" class=\"yoast-schema-graph\">{\"@context\":\"https:\/\/schema.org\",\"@graph\":[{\"@type\":\"WebPage\",\"@id\":\"https:\/\/chamanismedelaterre.fr\/produit\/pendentif-chakana-croix-andine\/\",\"url\":\"https:\/\/chamanismedelaterre.fr\/produit\/pendentif-chakana-croix-andine\/\",\"name\":\"PENDENTIF CHAKANA CROIX ANDINE - CHAMANISME DE LA TERRE\",\"isPartOf\":{\"@id\":\"https:\/\/chamanismedelaterre.fr\/#website\"},\"datePublished\":\"2023-06-30T07:25:40+00:00\",\"dateModified\":\"2023-07-19T09:41:20+00:00\",\"description\":\"Pendantif Croix andine, ou Croix Inca, \u00e9galement appel\u00e9e Chakana. Elle est le symbole des cultures originaires des Andes et repr\u00e9sente l'\u00e9quilibre du Cosmos\",\"breadcrumb\":{\"@id\":\"https:\/\/chamanismedelaterre.fr\/produit\/pendentif-chakana-croix-andine\/#breadcrumb\"},\"inLanguage\":\"es\",\"potentialAction\":[{\"@type\":\"ReadAction\",\"target\":[\"https:\/\/chamanismedelaterre.fr\/produit\/pendentif-chakana-croix-andine\/\"]}]},{\"@type\":\"BreadcrumbList\",\"@id\":\"https:\/\/chamanismedelaterre.fr\/produit\/pendentif-chakana-croix-andine\/#breadcrumb\",\"itemListElement\":[{\"@type\":\"ListItem\",\"position\":1,\"name\":\"Accueil\",\"item\":\"https:\/\/chamanismedelaterre.fr\/\"},{\"@type\":\"ListItem\",\"position\":2,\"name\":\"Boutique\",\"item\":\"https:\/\/chamanismedelaterre.fr\/?page_id=1244\"},{\"@type\":\"ListItem\",\"position\":3,\"name\":\"PENDENTIF CHAKANA CROIX ANDINE\"}]},{\"@type\":\"WebSite\",\"@id\":\"https:\/\/chamanismedelaterre.fr\/#website\",\"url\":\"https:\/\/chamanismedelaterre.fr\/\",\"name\":\"CHAMANISME DE LA TERRE\",\"description\":\"CHAMANISME DE LA TERRE? Marie-Ange Fernandez\",\"potentialAction\":[{\"@type\":\"SearchAction\",\"target\":{\"@type\":\"EntryPoint\",\"urlTemplate\":\"https:\/\/chamanismedelaterre.fr\/?s={search_term_string}\"},\"query-input\":\"required name=search_term_string\"}],\"inLanguage\":\"es\"}]}<\/script>\n<!-- \/ Yoast SEO plugin. -->","yoast_head_json":{"title":"PENDENTIF CHAKANA CROIX ANDINE - CHAMANISME DE LA TERRE","description":"Pendantif Croix andine, ou Croix Inca, \u00e9galement appel\u00e9e Chakana. Elle est le symbole des cultures originaires des Andes et repr\u00e9sente l'\u00e9quilibre du Cosmos","robots":{"index":"index","follow":"follow","max-snippet":"max-snippet:-1","max-image-preview":"max-image-preview:large","max-video-preview":"max-video-preview:-1"},"canonical":"https:\/\/chamanismedelaterre.fr\/es\/product\/pendentif-chakana-croix-andine\/","og_locale":"es_ES","og_type":"article","og_title":"PENDENTIF CHAKANA CROIX ANDINE - CHAMANISME DE LA TERRE","og_description":"Pendantif Croix andine, ou Croix Inca, \u00e9galement appel\u00e9e Chakana. Elle est le symbole des cultures originaires des Andes et repr\u00e9sente l'\u00e9quilibre du Cosmos","og_url":"https:\/\/chamanismedelaterre.fr\/es\/product\/pendentif-chakana-croix-andine\/","og_site_name":"CHAMANISME DE LA TERRE","article_modified_time":"2023-07-19T09:41:20+00:00","og_image":[{"width":2048,"height":1536,"url":"https:\/\/chamanismedelaterre.fr\/wp-content\/uploads\/2023\/06\/IMG_4247-e1688109644924.jpeg","type":"image\/jpeg"}],"twitter_card":"summary_large_image","twitter_misc":{"Tiempo de lectura":"1 minuto"},"schema":{"@context":"https:\/\/schema.org","@graph":[{"@type":"WebPage","@id":"https:\/\/chamanismedelaterre.fr\/produit\/pendentif-chakana-croix-andine\/","url":"https:\/\/chamanismedelaterre.fr\/produit\/pendentif-chakana-croix-andine\/","name":"PENDENTIF CHAKANA CROIX ANDINE - CHAMANISME DE LA TERRE","isPartOf":{"@id":"https:\/\/chamanismedelaterre.fr\/#website"},"datePublished":"2023-06-30T07:25:40+00:00","dateModified":"2023-07-19T09:41:20+00:00","description":"Pendantif Croix andine, ou Croix Inca, \u00e9galement appel\u00e9e Chakana. Elle est le symbole des cultures originaires des Andes et repr\u00e9sente l'\u00e9quilibre du Cosmos","breadcrumb":{"@id":"https:\/\/chamanismedelaterre.fr\/produit\/pendentif-chakana-croix-andine\/#breadcrumb"},"inLanguage":"es","potentialAction":[{"@type":"ReadAction","target":["https:\/\/chamanismedelaterre.fr\/produit\/pendentif-chakana-croix-andine\/"]}]},{"@type":"BreadcrumbList","@id":"https:\/\/chamanismedelaterre.fr\/produit\/pendentif-chakana-croix-andine\/#breadcrumb","itemListElement":[{"@type":"ListItem","position":1,"name":"Accueil","item":"https:\/\/chamanismedelaterre.fr\/"},{"@type":"ListItem","position":2,"name":"Boutique","item":"https:\/\/chamanismedelaterre.fr\/?page_id=1244"},{"@type":"ListItem","position":3,"name":"PENDENTIF CHAKANA CROIX ANDINE"}]},{"@type":"WebSite","@id":"https:\/\/chamanismedelaterre.fr\/#website","url":"https:\/\/chamanismedelaterre.fr\/","name":"CHAMANISME DE LA TERRE","description":"CHAMANISME DE LA TERRE? Marie-Ange Fernandez","potentialAction":[{"@type":"SearchAction","target":{"@type":"EntryPoint","urlTemplate":"https:\/\/chamanismedelaterre.fr\/?s={search_term_string}"},"query-input":"required name=search_term_string"}],"inLanguage":"es"}]}},"jetpack_sharing_enabled":true,"_links":{"self":[{"href":"https:\/\/chamanismedelaterre.fr\/es\/wp-json\/wp\/v2\/product\/2074","targetHints":{"allow":["GET"]}}],"collection":[{"href":"https:\/\/chamanismedelaterre.fr\/es\/wp-json\/wp\/v2\/product"}],"about":[{"href":"https:\/\/chamanismedelaterre.fr\/es\/wp-json\/wp\/v2\/types\/product"}],"wp:featuredmedia":[{"embeddable":true,"href":"https:\/\/chamanismedelaterre.fr\/es\/wp-json\/wp\/v2\/media\/2073"}],"wp:attachment":[{"href":"https:\/\/chamanismedelaterre.fr\/es\/wp-json\/wp\/v2\/media?parent=2074"}],"wp:term":[{"taxonomy":"product_cat","embeddable":true,"href":"https:\/\/chamanismedelaterre.fr\/es\/wp-json\/wp\/v2\/product_cat?post=2074"},{"taxonomy":"product_tag","embeddable":true,"href":"https:\/\/chamanismedelaterre.fr\/es\/wp-json\/wp\/v2\/product_tag?post=2074"}],"curies":[{"name":"wp","href":"https:\/\/api.w.org\/{rel}","templated":true}]}}