{"id":2042,"date":"2023-06-30T08:41:59","date_gmt":"2023-06-30T06:41:59","guid":{"rendered":"https:\/\/chamanismedelaterre.fr\/?post_type=product&#038;p=2042"},"modified":"2023-07-19T12:10:05","modified_gmt":"2023-07-19T10:10:05","slug":"bolso-sagrado-missha","status":"publish","type":"product","link":"https:\/\/chamanismedelaterre.fr\/es\/product\/bolso-sagrado-missha\/","title":{"rendered":"BOLSO SAGRADO MISSHA"},"content":{"rendered":"<p>Sac Sacerdotal pour transporter la Missha Andina ou autres objets de pouvoir. \u00c9labor\u00e9 en pure laine naturelle de lama et consacr\u00e9e par les Sacerdotes Q&rsquo;eros.<\/p>\n<p><u>Dimensions<\/u>\u00a0: 36 x 34 cms.<\/p>","protected":false},"excerpt":{"rendered":"<p>Sac Sacerdotal pour transporter la Missha Andina ou autres objets de pouvoir. \u00c9labor\u00e9 en pure laine naturelle de lama et consacr\u00e9e par les Sacerdotes Q&rsquo;eros.<\/p>\n<p><u>Dimensions<\/u>\u00a0: 36 x 34 cms.<\/p>","protected":false},"featured_media":2043,"template":"","meta":[],"product_cat":[55],"product_tag":[],"class_list":{"0":"post-2042","1":"product","2":"type-product","3":"status-publish","4":"has-post-thumbnail","6":"product_cat-tissus-sacres-qeros","8":"first","9":"instock","10":"taxable","11":"shipping-taxable","12":"purchasable","13":"product-type-simple"},"yoast_head":"<!-- This site is optimized with the Yoast SEO plugin v21.8 - https:\/\/yoast.com\/wordpress\/plugins\/seo\/ -->\n<title>BOLSO SAGRADO MISSHA - CHAMANISME DE LA TERRE<\/title>\n<meta name=\"description\" content=\"Sac Sacerdotal pour transporter la Missha Andina ou autres objets de pouvoir. \u00c9labor\u00e9 en pure laine naturelle et consacr\u00e9e par les Sacerdotes Q&#039;eros.\" \/>\n<meta name=\"robots\" content=\"index, follow, max-snippet:-1, max-image-preview:large, max-video-preview:-1\" \/>\n<link rel=\"canonical\" href=\"https:\/\/chamanismedelaterre.fr\/es\/product\/bolso-sagrado-missha\/\" \/>\n<meta property=\"og:locale\" content=\"es_ES\" \/>\n<meta property=\"og:type\" content=\"article\" \/>\n<meta property=\"og:title\" content=\"BOLSO SAGRADO MISSHA - CHAMANISME DE LA TERRE\" \/>\n<meta property=\"og:description\" content=\"Sac Sacerdotal pour transporter la Missha Andina ou autres objets de pouvoir. \u00c9labor\u00e9 en pure laine naturelle et consacr\u00e9e par les Sacerdotes Q&#039;eros.\" \/>\n<meta property=\"og:url\" content=\"https:\/\/chamanismedelaterre.fr\/es\/product\/bolso-sagrado-missha\/\" \/>\n<meta property=\"og:site_name\" content=\"CHAMANISME DE LA TERRE\" \/>\n<meta property=\"article:modified_time\" content=\"2023-07-19T10:10:05+00:00\" \/>\n<meta property=\"og:image\" content=\"https:\/\/chamanismedelaterre.fr\/wp-content\/uploads\/2023\/06\/IMG_4210.jpeg\" \/>\n\t<meta property=\"og:image:width\" content=\"1536\" \/>\n\t<meta property=\"og:image:height\" content=\"2048\" \/>\n\t<meta property=\"og:image:type\" content=\"image\/jpeg\" \/>\n<meta name=\"twitter:card\" content=\"summary_large_image\" \/>\n<meta name=\"twitter:label1\" content=\"Tiempo de lectura\" \/>\n\t<meta name=\"twitter:data1\" content=\"1 minuto\" \/>\n<script type=\"application\/ld+json\" class=\"yoast-schema-graph\">{\"@context\":\"https:\/\/schema.org\",\"@graph\":[{\"@type\":\"WebPage\",\"@id\":\"https:\/\/chamanismedelaterre.fr\/produit\/bolso-sagrado-missha\/\",\"url\":\"https:\/\/chamanismedelaterre.fr\/produit\/bolso-sagrado-missha\/\",\"name\":\"BOLSO SAGRADO MISSHA - CHAMANISME DE LA TERRE\",\"isPartOf\":{\"@id\":\"https:\/\/chamanismedelaterre.fr\/#website\"},\"datePublished\":\"2023-06-30T06:41:59+00:00\",\"dateModified\":\"2023-07-19T10:10:05+00:00\",\"description\":\"Sac Sacerdotal pour transporter la Missha Andina ou autres objets de pouvoir. \u00c9labor\u00e9 en pure laine naturelle et consacr\u00e9e par les Sacerdotes Q'eros.\",\"breadcrumb\":{\"@id\":\"https:\/\/chamanismedelaterre.fr\/produit\/bolso-sagrado-missha\/#breadcrumb\"},\"inLanguage\":\"es\",\"potentialAction\":[{\"@type\":\"ReadAction\",\"target\":[\"https:\/\/chamanismedelaterre.fr\/produit\/bolso-sagrado-missha\/\"]}]},{\"@type\":\"BreadcrumbList\",\"@id\":\"https:\/\/chamanismedelaterre.fr\/produit\/bolso-sagrado-missha\/#breadcrumb\",\"itemListElement\":[{\"@type\":\"ListItem\",\"position\":1,\"name\":\"Accueil\",\"item\":\"https:\/\/chamanismedelaterre.fr\/\"},{\"@type\":\"ListItem\",\"position\":2,\"name\":\"Boutique\",\"item\":\"https:\/\/chamanismedelaterre.fr\/?page_id=1244\"},{\"@type\":\"ListItem\",\"position\":3,\"name\":\"BOLSO SAGRADO MISSHA\"}]},{\"@type\":\"WebSite\",\"@id\":\"https:\/\/chamanismedelaterre.fr\/#website\",\"url\":\"https:\/\/chamanismedelaterre.fr\/\",\"name\":\"CHAMANISME DE LA TERRE\",\"description\":\"CHAMANISME DE LA TERRE? Marie-Ange Fernandez\",\"potentialAction\":[{\"@type\":\"SearchAction\",\"target\":{\"@type\":\"EntryPoint\",\"urlTemplate\":\"https:\/\/chamanismedelaterre.fr\/?s={search_term_string}\"},\"query-input\":\"required name=search_term_string\"}],\"inLanguage\":\"es\"}]}<\/script>\n<!-- \/ Yoast SEO plugin. -->","yoast_head_json":{"title":"BOLSO SAGRADO MISSHA - CHAMANISME DE LA TERRE","description":"Sac Sacerdotal pour transporter la Missha Andina ou autres objets de pouvoir. \u00c9labor\u00e9 en pure laine naturelle et consacr\u00e9e par les Sacerdotes Q'eros.","robots":{"index":"index","follow":"follow","max-snippet":"max-snippet:-1","max-image-preview":"max-image-preview:large","max-video-preview":"max-video-preview:-1"},"canonical":"https:\/\/chamanismedelaterre.fr\/es\/product\/bolso-sagrado-missha\/","og_locale":"es_ES","og_type":"article","og_title":"BOLSO SAGRADO MISSHA - CHAMANISME DE LA TERRE","og_description":"Sac Sacerdotal pour transporter la Missha Andina ou autres objets de pouvoir. \u00c9labor\u00e9 en pure laine naturelle et consacr\u00e9e par les Sacerdotes Q'eros.","og_url":"https:\/\/chamanismedelaterre.fr\/es\/product\/bolso-sagrado-missha\/","og_site_name":"CHAMANISME DE LA TERRE","article_modified_time":"2023-07-19T10:10:05+00:00","og_image":[{"width":1536,"height":2048,"url":"https:\/\/chamanismedelaterre.fr\/wp-content\/uploads\/2023\/06\/IMG_4210.jpeg","type":"image\/jpeg"}],"twitter_card":"summary_large_image","twitter_misc":{"Tiempo de lectura":"1 minuto"},"schema":{"@context":"https:\/\/schema.org","@graph":[{"@type":"WebPage","@id":"https:\/\/chamanismedelaterre.fr\/produit\/bolso-sagrado-missha\/","url":"https:\/\/chamanismedelaterre.fr\/produit\/bolso-sagrado-missha\/","name":"BOLSO SAGRADO MISSHA - CHAMANISME DE LA TERRE","isPartOf":{"@id":"https:\/\/chamanismedelaterre.fr\/#website"},"datePublished":"2023-06-30T06:41:59+00:00","dateModified":"2023-07-19T10:10:05+00:00","description":"Sac Sacerdotal pour transporter la Missha Andina ou autres objets de pouvoir. \u00c9labor\u00e9 en pure laine naturelle et consacr\u00e9e par les Sacerdotes Q'eros.","breadcrumb":{"@id":"https:\/\/chamanismedelaterre.fr\/produit\/bolso-sagrado-missha\/#breadcrumb"},"inLanguage":"es","potentialAction":[{"@type":"ReadAction","target":["https:\/\/chamanismedelaterre.fr\/produit\/bolso-sagrado-missha\/"]}]},{"@type":"BreadcrumbList","@id":"https:\/\/chamanismedelaterre.fr\/produit\/bolso-sagrado-missha\/#breadcrumb","itemListElement":[{"@type":"ListItem","position":1,"name":"Accueil","item":"https:\/\/chamanismedelaterre.fr\/"},{"@type":"ListItem","position":2,"name":"Boutique","item":"https:\/\/chamanismedelaterre.fr\/?page_id=1244"},{"@type":"ListItem","position":3,"name":"BOLSO SAGRADO MISSHA"}]},{"@type":"WebSite","@id":"https:\/\/chamanismedelaterre.fr\/#website","url":"https:\/\/chamanismedelaterre.fr\/","name":"CHAMANISME DE LA TERRE","description":"CHAMANISME DE LA TERRE? Marie-Ange Fernandez","potentialAction":[{"@type":"SearchAction","target":{"@type":"EntryPoint","urlTemplate":"https:\/\/chamanismedelaterre.fr\/?s={search_term_string}"},"query-input":"required name=search_term_string"}],"inLanguage":"es"}]}},"jetpack_sharing_enabled":true,"_links":{"self":[{"href":"https:\/\/chamanismedelaterre.fr\/es\/wp-json\/wp\/v2\/product\/2042","targetHints":{"allow":["GET"]}}],"collection":[{"href":"https:\/\/chamanismedelaterre.fr\/es\/wp-json\/wp\/v2\/product"}],"about":[{"href":"https:\/\/chamanismedelaterre.fr\/es\/wp-json\/wp\/v2\/types\/product"}],"wp:featuredmedia":[{"embeddable":true,"href":"https:\/\/chamanismedelaterre.fr\/es\/wp-json\/wp\/v2\/media\/2043"}],"wp:attachment":[{"href":"https:\/\/chamanismedelaterre.fr\/es\/wp-json\/wp\/v2\/media?parent=2042"}],"wp:term":[{"taxonomy":"product_cat","embeddable":true,"href":"https:\/\/chamanismedelaterre.fr\/es\/wp-json\/wp\/v2\/product_cat?post=2042"},{"taxonomy":"product_tag","embeddable":true,"href":"https:\/\/chamanismedelaterre.fr\/es\/wp-json\/wp\/v2\/product_tag?post=2042"}],"curies":[{"name":"wp","href":"https:\/\/api.w.org\/{rel}","templated":true}]}}