{"id":2040,"date":"2023-06-30T08:39:15","date_gmt":"2023-06-30T06:39:15","guid":{"rendered":"https:\/\/chamanismedelaterre.fr\/?post_type=product&#038;p=2040"},"modified":"2023-07-19T12:11:58","modified_gmt":"2023-07-19T10:11:58","slug":"wayacca-qero-2","status":"publish","type":"product","link":"https:\/\/chamanismedelaterre.fr\/es\/product\/wayacca-qero-2\/","title":{"rendered":"WAYACCA Q&rsquo;ERO"},"content":{"rendered":"<p>Sac M\u00e9decine utilis\u00e9 par les Sacerdotes Andins pour transporter les feuilles sacr\u00e9es de coca ou tout autre objet de pouvoir. Tiss\u00e9e \u00e0 la main en pure laine naturelle et consacr\u00e9 par les Sacerdotes Q&rsquo;eros.<\/p>\n<p><u>Dimensions<\/u> : 26 x 15 cms.<\/p>","protected":false},"excerpt":{"rendered":"<p>Sac M\u00e9decine utilis\u00e9 par les Sacerdotes Andins pour transporter les feuilles sacr\u00e9es de coca ou tout autre objet de pouvoir. Tiss\u00e9e \u00e0 la main en pure laine naturelle et consacr\u00e9 par les Sacerdotes Q&rsquo;eros.<\/p>\n<p><u>Dimensions<\/u> : 26 x 15 cms.<\/p>","protected":false},"featured_media":2041,"template":"","meta":[],"product_cat":[55],"product_tag":[],"class_list":{"0":"post-2040","1":"product","2":"type-product","3":"status-publish","4":"has-post-thumbnail","6":"product_cat-tissus-sacres-qeros","8":"first","9":"instock","10":"taxable","11":"shipping-taxable","12":"purchasable","13":"product-type-simple"},"yoast_head":"<!-- This site is optimized with the Yoast SEO plugin v21.8 - https:\/\/yoast.com\/wordpress\/plugins\/seo\/ -->\n<title>WAYACCA Q&#039;ERO - CHAMANISME DE LA TERRE<\/title>\n<meta name=\"description\" content=\"Sac M\u00e9decine utilis\u00e9 par les Sacerdotes Andins pour transporter les feuilles sacr\u00e9es de coca ou tout autre objet de pouvoir.\" \/>\n<meta name=\"robots\" content=\"index, follow, max-snippet:-1, max-image-preview:large, max-video-preview:-1\" \/>\n<link rel=\"canonical\" href=\"https:\/\/chamanismedelaterre.fr\/es\/product\/wayacca-qero-2\/\" \/>\n<meta property=\"og:locale\" content=\"es_ES\" \/>\n<meta property=\"og:type\" content=\"article\" \/>\n<meta property=\"og:title\" content=\"WAYACCA Q&#039;ERO - CHAMANISME DE LA TERRE\" \/>\n<meta property=\"og:description\" content=\"Sac M\u00e9decine utilis\u00e9 par les Sacerdotes Andins pour transporter les feuilles sacr\u00e9es de coca ou tout autre objet de pouvoir.\" \/>\n<meta property=\"og:url\" content=\"https:\/\/chamanismedelaterre.fr\/es\/product\/wayacca-qero-2\/\" \/>\n<meta property=\"og:site_name\" content=\"CHAMANISME DE LA TERRE\" \/>\n<meta property=\"article:modified_time\" content=\"2023-07-19T10:11:58+00:00\" \/>\n<meta property=\"og:image\" content=\"https:\/\/chamanismedelaterre.fr\/wp-content\/uploads\/2023\/06\/IMG_4208.jpeg\" \/>\n\t<meta property=\"og:image:width\" content=\"2048\" \/>\n\t<meta property=\"og:image:height\" content=\"1536\" \/>\n\t<meta property=\"og:image:type\" content=\"image\/jpeg\" \/>\n<meta name=\"twitter:card\" content=\"summary_large_image\" \/>\n<meta name=\"twitter:label1\" content=\"Tiempo de lectura\" \/>\n\t<meta name=\"twitter:data1\" content=\"1 minuto\" \/>\n<script type=\"application\/ld+json\" class=\"yoast-schema-graph\">{\"@context\":\"https:\/\/schema.org\",\"@graph\":[{\"@type\":\"WebPage\",\"@id\":\"https:\/\/chamanismedelaterre.fr\/produit\/wayacca-qero-2\/\",\"url\":\"https:\/\/chamanismedelaterre.fr\/produit\/wayacca-qero-2\/\",\"name\":\"WAYACCA Q'ERO - CHAMANISME DE LA TERRE\",\"isPartOf\":{\"@id\":\"https:\/\/chamanismedelaterre.fr\/#website\"},\"datePublished\":\"2023-06-30T06:39:15+00:00\",\"dateModified\":\"2023-07-19T10:11:58+00:00\",\"description\":\"Sac M\u00e9decine utilis\u00e9 par les Sacerdotes Andins pour transporter les feuilles sacr\u00e9es de coca ou tout autre objet de pouvoir.\",\"breadcrumb\":{\"@id\":\"https:\/\/chamanismedelaterre.fr\/produit\/wayacca-qero-2\/#breadcrumb\"},\"inLanguage\":\"es\",\"potentialAction\":[{\"@type\":\"ReadAction\",\"target\":[\"https:\/\/chamanismedelaterre.fr\/produit\/wayacca-qero-2\/\"]}]},{\"@type\":\"BreadcrumbList\",\"@id\":\"https:\/\/chamanismedelaterre.fr\/produit\/wayacca-qero-2\/#breadcrumb\",\"itemListElement\":[{\"@type\":\"ListItem\",\"position\":1,\"name\":\"Accueil\",\"item\":\"https:\/\/chamanismedelaterre.fr\/\"},{\"@type\":\"ListItem\",\"position\":2,\"name\":\"Boutique\",\"item\":\"https:\/\/chamanismedelaterre.fr\/?page_id=1244\"},{\"@type\":\"ListItem\",\"position\":3,\"name\":\"WAYACCA Q&#8217;ERO\"}]},{\"@type\":\"WebSite\",\"@id\":\"https:\/\/chamanismedelaterre.fr\/#website\",\"url\":\"https:\/\/chamanismedelaterre.fr\/\",\"name\":\"CHAMANISME DE LA TERRE\",\"description\":\"CHAMANISME DE LA TERRE? Marie-Ange Fernandez\",\"potentialAction\":[{\"@type\":\"SearchAction\",\"target\":{\"@type\":\"EntryPoint\",\"urlTemplate\":\"https:\/\/chamanismedelaterre.fr\/?s={search_term_string}\"},\"query-input\":\"required name=search_term_string\"}],\"inLanguage\":\"es\"}]}<\/script>\n<!-- \/ Yoast SEO plugin. -->","yoast_head_json":{"title":"WAYACCA Q'ERO - CHAMANISME DE LA TERRE","description":"Sac M\u00e9decine utilis\u00e9 par les Sacerdotes Andins pour transporter les feuilles sacr\u00e9es de coca ou tout autre objet de pouvoir.","robots":{"index":"index","follow":"follow","max-snippet":"max-snippet:-1","max-image-preview":"max-image-preview:large","max-video-preview":"max-video-preview:-1"},"canonical":"https:\/\/chamanismedelaterre.fr\/es\/product\/wayacca-qero-2\/","og_locale":"es_ES","og_type":"article","og_title":"WAYACCA Q'ERO - CHAMANISME DE LA TERRE","og_description":"Sac M\u00e9decine utilis\u00e9 par les Sacerdotes Andins pour transporter les feuilles sacr\u00e9es de coca ou tout autre objet de pouvoir.","og_url":"https:\/\/chamanismedelaterre.fr\/es\/product\/wayacca-qero-2\/","og_site_name":"CHAMANISME DE LA TERRE","article_modified_time":"2023-07-19T10:11:58+00:00","og_image":[{"width":2048,"height":1536,"url":"https:\/\/chamanismedelaterre.fr\/wp-content\/uploads\/2023\/06\/IMG_4208.jpeg","type":"image\/jpeg"}],"twitter_card":"summary_large_image","twitter_misc":{"Tiempo de lectura":"1 minuto"},"schema":{"@context":"https:\/\/schema.org","@graph":[{"@type":"WebPage","@id":"https:\/\/chamanismedelaterre.fr\/produit\/wayacca-qero-2\/","url":"https:\/\/chamanismedelaterre.fr\/produit\/wayacca-qero-2\/","name":"WAYACCA Q'ERO - CHAMANISME DE LA TERRE","isPartOf":{"@id":"https:\/\/chamanismedelaterre.fr\/#website"},"datePublished":"2023-06-30T06:39:15+00:00","dateModified":"2023-07-19T10:11:58+00:00","description":"Sac M\u00e9decine utilis\u00e9 par les Sacerdotes Andins pour transporter les feuilles sacr\u00e9es de coca ou tout autre objet de pouvoir.","breadcrumb":{"@id":"https:\/\/chamanismedelaterre.fr\/produit\/wayacca-qero-2\/#breadcrumb"},"inLanguage":"es","potentialAction":[{"@type":"ReadAction","target":["https:\/\/chamanismedelaterre.fr\/produit\/wayacca-qero-2\/"]}]},{"@type":"BreadcrumbList","@id":"https:\/\/chamanismedelaterre.fr\/produit\/wayacca-qero-2\/#breadcrumb","itemListElement":[{"@type":"ListItem","position":1,"name":"Accueil","item":"https:\/\/chamanismedelaterre.fr\/"},{"@type":"ListItem","position":2,"name":"Boutique","item":"https:\/\/chamanismedelaterre.fr\/?page_id=1244"},{"@type":"ListItem","position":3,"name":"WAYACCA Q&#8217;ERO"}]},{"@type":"WebSite","@id":"https:\/\/chamanismedelaterre.fr\/#website","url":"https:\/\/chamanismedelaterre.fr\/","name":"CHAMANISME DE LA TERRE","description":"CHAMANISME DE LA TERRE? Marie-Ange Fernandez","potentialAction":[{"@type":"SearchAction","target":{"@type":"EntryPoint","urlTemplate":"https:\/\/chamanismedelaterre.fr\/?s={search_term_string}"},"query-input":"required name=search_term_string"}],"inLanguage":"es"}]}},"jetpack_sharing_enabled":true,"_links":{"self":[{"href":"https:\/\/chamanismedelaterre.fr\/es\/wp-json\/wp\/v2\/product\/2040","targetHints":{"allow":["GET"]}}],"collection":[{"href":"https:\/\/chamanismedelaterre.fr\/es\/wp-json\/wp\/v2\/product"}],"about":[{"href":"https:\/\/chamanismedelaterre.fr\/es\/wp-json\/wp\/v2\/types\/product"}],"wp:featuredmedia":[{"embeddable":true,"href":"https:\/\/chamanismedelaterre.fr\/es\/wp-json\/wp\/v2\/media\/2041"}],"wp:attachment":[{"href":"https:\/\/chamanismedelaterre.fr\/es\/wp-json\/wp\/v2\/media?parent=2040"}],"wp:term":[{"taxonomy":"product_cat","embeddable":true,"href":"https:\/\/chamanismedelaterre.fr\/es\/wp-json\/wp\/v2\/product_cat?post=2040"},{"taxonomy":"product_tag","embeddable":true,"href":"https:\/\/chamanismedelaterre.fr\/es\/wp-json\/wp\/v2\/product_tag?post=2040"}],"curies":[{"name":"wp","href":"https:\/\/api.w.org\/{rel}","templated":true}]}}