{"id":2035,"date":"2023-06-30T08:34:30","date_gmt":"2023-06-30T06:34:30","guid":{"rendered":"https:\/\/chamanismedelaterre.fr\/?post_type=product&#038;p=2035"},"modified":"2023-07-19T14:50:27","modified_gmt":"2023-07-19T12:50:27","slug":"lliqlla-sacerdotale","status":"publish","type":"product","link":"https:\/\/chamanismedelaterre.fr\/es\/product\/lliqlla-sacerdotale\/","title":{"rendered":"LLIQLLA SACERDOTALE"},"content":{"rendered":"<p>Cette Mastana poss\u00e8de un tissage des plus \u00e9labor\u00e9s.<\/p>\n<p>Ce tissu repr\u00e9sente l\u2019Univers, le Cosmos, ce qu\u2019ils appellent \u00ab\u00a0hawai kawsay\u00a0\u00bb, la vie ext\u00e9rieure, la vie qui est hors de notre port\u00e9e. Celle qu\u2019en premier lieu nous ne pouvons ma\u00eetriser ni physiquement ni \u00e9nerg\u00e9tiquement (\u00e0 moins que nous nous connections et que nous soyons en harmonie avec cette \u00e9nergie). Cette \u00e9nergie est ce qui donne vie \u00e0 tout sur Terre, celle qui relie Tout-Ce-Qui-Est, l\u2019Amour, la Vie. C\u2019est l\u2019\u00c9nergie Universelle, celle qui est en chacun de nous, \u00e9galement connu sous le nom de Dieu, cette Essence Divine dont tout est fait.<\/p>\n<p>La LLiqlla peut \u00eatre utilis\u00e9e en tant que Toile Univers qui compose la Missha Andine, ou port\u00e9e par les femmes Q\u2019eros Sacerdotisas (\u00d1usta) autour des \u00e9paules lors des c\u00e9r\u00e9monies et rituels.<\/p>\n<p><u>Dimensions<\/u>\u00a0: 65 x 65 cms<\/p>","protected":false},"excerpt":{"rendered":"<p>Cette Mastana poss\u00e8de un tissage des plus \u00e9labor\u00e9s.<\/p>\n<p>Ce tissu repr\u00e9sente l\u2019Univers, le Cosmos, ce qu\u2019ils appellent \u00ab\u00a0hawai kawsay\u00a0\u00bb, la vie ext\u00e9rieure, la vie qui est hors de notre port\u00e9e. Celle qu\u2019en premier lieu nous ne pouvons ma\u00eetriser ni physiquement ni \u00e9nerg\u00e9tiquement (\u00e0 moins que nous nous connections et que nous soyons en harmonie avec cette \u00e9nergie). Cette \u00e9nergie est ce qui donne vie \u00e0 tout sur Terre, celle qui relie Tout-Ce-Qui-Est, l\u2019Amour, la Vie. C\u2019est l\u2019\u00c9nergie Universelle, celle qui est en chacun de nous, \u00e9galement connu sous le nom de Dieu, cette Essence Divine dont tout est fait.<\/p>\n<p>La LLiqlla peut \u00eatre utilis\u00e9e en tant que Toile Univers qui compose la Missha Andine, ou port\u00e9e par les femmes Q\u2019eros Sacerdotisas autour des \u00e9paules lors des c\u00e9r\u00e9monies et rituels.<\/p>\n<p><u>Dimensions<\/u>\u00a0: 65 x 65 cms<\/p>","protected":false},"featured_media":2036,"template":"","meta":[],"product_cat":[55],"product_tag":[],"class_list":{"0":"post-2035","1":"product","2":"type-product","3":"status-publish","4":"has-post-thumbnail","6":"product_cat-tissus-sacres-qeros","8":"first","9":"instock","10":"taxable","11":"shipping-taxable","12":"purchasable","13":"product-type-simple"},"yoast_head":"<!-- This site is optimized with the Yoast SEO plugin v21.8 - https:\/\/yoast.com\/wordpress\/plugins\/seo\/ -->\n<title>LLIQLLA SACERDOTALE - CHAMANISME DE LA TERRE<\/title>\n<meta name=\"description\" content=\"La LLiqlla ou Mastana est utilis\u00e9e en tant que Toile Univers qui compose la Missha Andine, ou port\u00e9e par les femmes Q\u2019eros lors des c\u00e9r\u00e9monies et rituels.\" \/>\n<meta name=\"robots\" content=\"index, follow, max-snippet:-1, max-image-preview:large, max-video-preview:-1\" \/>\n<link rel=\"canonical\" href=\"https:\/\/chamanismedelaterre.fr\/es\/product\/lliqlla-sacerdotale\/\" \/>\n<meta property=\"og:locale\" content=\"es_ES\" \/>\n<meta property=\"og:type\" content=\"article\" \/>\n<meta property=\"og:title\" content=\"LLIQLLA SACERDOTALE - CHAMANISME DE LA TERRE\" \/>\n<meta property=\"og:description\" content=\"La LLiqlla ou Mastana est utilis\u00e9e en tant que Toile Univers qui compose la Missha Andine, ou port\u00e9e par les femmes Q\u2019eros lors des c\u00e9r\u00e9monies et rituels.\" \/>\n<meta property=\"og:url\" content=\"https:\/\/chamanismedelaterre.fr\/es\/product\/lliqlla-sacerdotale\/\" \/>\n<meta property=\"og:site_name\" content=\"CHAMANISME DE LA TERRE\" \/>\n<meta property=\"article:modified_time\" content=\"2023-07-19T12:50:27+00:00\" \/>\n<meta property=\"og:image\" content=\"https:\/\/chamanismedelaterre.fr\/wp-content\/uploads\/2023\/06\/IMG_4225.jpeg\" \/>\n\t<meta property=\"og:image:width\" content=\"2048\" \/>\n\t<meta property=\"og:image:height\" content=\"1536\" \/>\n\t<meta property=\"og:image:type\" content=\"image\/jpeg\" \/>\n<meta name=\"twitter:card\" content=\"summary_large_image\" \/>\n<meta name=\"twitter:label1\" content=\"Tiempo de lectura\" \/>\n\t<meta name=\"twitter:data1\" content=\"1 minuto\" \/>\n<script type=\"application\/ld+json\" class=\"yoast-schema-graph\">{\"@context\":\"https:\/\/schema.org\",\"@graph\":[{\"@type\":\"WebPage\",\"@id\":\"https:\/\/chamanismedelaterre.fr\/produit\/lliqlla-sacerdotale\/\",\"url\":\"https:\/\/chamanismedelaterre.fr\/produit\/lliqlla-sacerdotale\/\",\"name\":\"LLIQLLA SACERDOTALE - CHAMANISME DE LA TERRE\",\"isPartOf\":{\"@id\":\"https:\/\/chamanismedelaterre.fr\/#website\"},\"datePublished\":\"2023-06-30T06:34:30+00:00\",\"dateModified\":\"2023-07-19T12:50:27+00:00\",\"description\":\"La LLiqlla ou Mastana est utilis\u00e9e en tant que Toile Univers qui compose la Missha Andine, ou port\u00e9e par les femmes Q\u2019eros lors des c\u00e9r\u00e9monies et rituels.\",\"breadcrumb\":{\"@id\":\"https:\/\/chamanismedelaterre.fr\/produit\/lliqlla-sacerdotale\/#breadcrumb\"},\"inLanguage\":\"es\",\"potentialAction\":[{\"@type\":\"ReadAction\",\"target\":[\"https:\/\/chamanismedelaterre.fr\/produit\/lliqlla-sacerdotale\/\"]}]},{\"@type\":\"BreadcrumbList\",\"@id\":\"https:\/\/chamanismedelaterre.fr\/produit\/lliqlla-sacerdotale\/#breadcrumb\",\"itemListElement\":[{\"@type\":\"ListItem\",\"position\":1,\"name\":\"Accueil\",\"item\":\"https:\/\/chamanismedelaterre.fr\/\"},{\"@type\":\"ListItem\",\"position\":2,\"name\":\"Boutique\",\"item\":\"https:\/\/chamanismedelaterre.fr\/?page_id=1244\"},{\"@type\":\"ListItem\",\"position\":3,\"name\":\"LLIQLLA SACERDOTALE\"}]},{\"@type\":\"WebSite\",\"@id\":\"https:\/\/chamanismedelaterre.fr\/#website\",\"url\":\"https:\/\/chamanismedelaterre.fr\/\",\"name\":\"CHAMANISME DE LA TERRE\",\"description\":\"CHAMANISME DE LA TERRE? Marie-Ange Fernandez\",\"potentialAction\":[{\"@type\":\"SearchAction\",\"target\":{\"@type\":\"EntryPoint\",\"urlTemplate\":\"https:\/\/chamanismedelaterre.fr\/?s={search_term_string}\"},\"query-input\":\"required name=search_term_string\"}],\"inLanguage\":\"es\"}]}<\/script>\n<!-- \/ Yoast SEO plugin. -->","yoast_head_json":{"title":"LLIQLLA SACERDOTALE - CHAMANISME DE LA TERRE","description":"La LLiqlla ou Mastana est utilis\u00e9e en tant que Toile Univers qui compose la Missha Andine, ou port\u00e9e par les femmes Q\u2019eros lors des c\u00e9r\u00e9monies et rituels.","robots":{"index":"index","follow":"follow","max-snippet":"max-snippet:-1","max-image-preview":"max-image-preview:large","max-video-preview":"max-video-preview:-1"},"canonical":"https:\/\/chamanismedelaterre.fr\/es\/product\/lliqlla-sacerdotale\/","og_locale":"es_ES","og_type":"article","og_title":"LLIQLLA SACERDOTALE - CHAMANISME DE LA TERRE","og_description":"La LLiqlla ou Mastana est utilis\u00e9e en tant que Toile Univers qui compose la Missha Andine, ou port\u00e9e par les femmes Q\u2019eros lors des c\u00e9r\u00e9monies et rituels.","og_url":"https:\/\/chamanismedelaterre.fr\/es\/product\/lliqlla-sacerdotale\/","og_site_name":"CHAMANISME DE LA TERRE","article_modified_time":"2023-07-19T12:50:27+00:00","og_image":[{"width":2048,"height":1536,"url":"https:\/\/chamanismedelaterre.fr\/wp-content\/uploads\/2023\/06\/IMG_4225.jpeg","type":"image\/jpeg"}],"twitter_card":"summary_large_image","twitter_misc":{"Tiempo de lectura":"1 minuto"},"schema":{"@context":"https:\/\/schema.org","@graph":[{"@type":"WebPage","@id":"https:\/\/chamanismedelaterre.fr\/produit\/lliqlla-sacerdotale\/","url":"https:\/\/chamanismedelaterre.fr\/produit\/lliqlla-sacerdotale\/","name":"LLIQLLA SACERDOTALE - CHAMANISME DE LA TERRE","isPartOf":{"@id":"https:\/\/chamanismedelaterre.fr\/#website"},"datePublished":"2023-06-30T06:34:30+00:00","dateModified":"2023-07-19T12:50:27+00:00","description":"La LLiqlla ou Mastana est utilis\u00e9e en tant que Toile Univers qui compose la Missha Andine, ou port\u00e9e par les femmes Q\u2019eros lors des c\u00e9r\u00e9monies et rituels.","breadcrumb":{"@id":"https:\/\/chamanismedelaterre.fr\/produit\/lliqlla-sacerdotale\/#breadcrumb"},"inLanguage":"es","potentialAction":[{"@type":"ReadAction","target":["https:\/\/chamanismedelaterre.fr\/produit\/lliqlla-sacerdotale\/"]}]},{"@type":"BreadcrumbList","@id":"https:\/\/chamanismedelaterre.fr\/produit\/lliqlla-sacerdotale\/#breadcrumb","itemListElement":[{"@type":"ListItem","position":1,"name":"Accueil","item":"https:\/\/chamanismedelaterre.fr\/"},{"@type":"ListItem","position":2,"name":"Boutique","item":"https:\/\/chamanismedelaterre.fr\/?page_id=1244"},{"@type":"ListItem","position":3,"name":"LLIQLLA SACERDOTALE"}]},{"@type":"WebSite","@id":"https:\/\/chamanismedelaterre.fr\/#website","url":"https:\/\/chamanismedelaterre.fr\/","name":"CHAMANISME DE LA TERRE","description":"CHAMANISME DE LA TERRE? Marie-Ange Fernandez","potentialAction":[{"@type":"SearchAction","target":{"@type":"EntryPoint","urlTemplate":"https:\/\/chamanismedelaterre.fr\/?s={search_term_string}"},"query-input":"required name=search_term_string"}],"inLanguage":"es"}]}},"jetpack_sharing_enabled":true,"_links":{"self":[{"href":"https:\/\/chamanismedelaterre.fr\/es\/wp-json\/wp\/v2\/product\/2035","targetHints":{"allow":["GET"]}}],"collection":[{"href":"https:\/\/chamanismedelaterre.fr\/es\/wp-json\/wp\/v2\/product"}],"about":[{"href":"https:\/\/chamanismedelaterre.fr\/es\/wp-json\/wp\/v2\/types\/product"}],"wp:featuredmedia":[{"embeddable":true,"href":"https:\/\/chamanismedelaterre.fr\/es\/wp-json\/wp\/v2\/media\/2036"}],"wp:attachment":[{"href":"https:\/\/chamanismedelaterre.fr\/es\/wp-json\/wp\/v2\/media?parent=2035"}],"wp:term":[{"taxonomy":"product_cat","embeddable":true,"href":"https:\/\/chamanismedelaterre.fr\/es\/wp-json\/wp\/v2\/product_cat?post=2035"},{"taxonomy":"product_tag","embeddable":true,"href":"https:\/\/chamanismedelaterre.fr\/es\/wp-json\/wp\/v2\/product_tag?post=2035"}],"curies":[{"name":"wp","href":"https:\/\/api.w.org\/{rel}","templated":true}]}}