{"id":2026,"date":"2023-06-30T08:25:13","date_gmt":"2023-06-30T06:25:13","guid":{"rendered":"https:\/\/chamanismedelaterre.fr\/?post_type=product&#038;p=2026"},"modified":"2023-07-21T11:21:03","modified_gmt":"2023-07-21T09:21:03","slug":"tambour-chamanique-siberien","status":"publish","type":"product","link":"https:\/\/chamanismedelaterre.fr\/es\/product\/tambour-chamanique-siberien\/","title":{"rendered":"TAMBOUR CHAMANIQUE \u00ab SIBERIEN \u00bb"},"content":{"rendered":"<p>Tambour Chamanique de 36 cm de diam\u00e8tre en peau de buffle cousue \u00e0 la main au fil cir\u00e9. Le cercle est en bois d\u2019Okoum\u00e9 peint et laqu\u00e9, et la fourche centrale en bois de pin touch\u00e9 par la foudre.<\/p>","protected":false},"excerpt":{"rendered":"<p>Tambour de 36 cm de diam\u00e8tre en peau de buffle cousue \u00e0 la main au fil cir\u00e9. Le cercle est en bois d\u2019Okoum\u00e9 peint et laqu\u00e9, et la fourche centrale en bois de pin touch\u00e9 par la foudre.<\/p>","protected":false},"featured_media":2027,"template":"","meta":[],"product_cat":[53],"product_tag":[],"class_list":{"0":"post-2026","1":"product","2":"type-product","3":"status-publish","4":"has-post-thumbnail","6":"product_cat-tambours-chamaniques","8":"first","9":"instock","10":"taxable","11":"shipping-taxable","12":"purchasable","13":"product-type-simple"},"yoast_head":"<!-- This site is optimized with the Yoast SEO plugin v21.8 - https:\/\/yoast.com\/wordpress\/plugins\/seo\/ -->\n<title>TAMBOUR CHAMANIQUE \u00ab SIBERIEN \u00bb - CHAMANISME DE LA TERRE<\/title>\n<meta name=\"description\" content=\"Tambour Chamanique en peau de buffle cousue. Le cercle est en bois d\u2019Okoum\u00e9 peint et laqu\u00e9, et la fourche centrale en bois de pin touch\u00e9 par la foudre.\" \/>\n<meta name=\"robots\" content=\"index, follow, max-snippet:-1, max-image-preview:large, max-video-preview:-1\" \/>\n<link rel=\"canonical\" href=\"https:\/\/chamanismedelaterre.fr\/es\/product\/tambour-chamanique-siberien\/\" \/>\n<meta property=\"og:locale\" content=\"es_ES\" \/>\n<meta property=\"og:type\" content=\"article\" \/>\n<meta property=\"og:title\" content=\"TAMBOUR CHAMANIQUE \u00ab SIBERIEN \u00bb - CHAMANISME DE LA TERRE\" \/>\n<meta property=\"og:description\" content=\"Tambour Chamanique en peau de buffle cousue. Le cercle est en bois d\u2019Okoum\u00e9 peint et laqu\u00e9, et la fourche centrale en bois de pin touch\u00e9 par la foudre.\" \/>\n<meta property=\"og:url\" content=\"https:\/\/chamanismedelaterre.fr\/es\/product\/tambour-chamanique-siberien\/\" \/>\n<meta property=\"og:site_name\" content=\"CHAMANISME DE LA TERRE\" \/>\n<meta property=\"article:modified_time\" content=\"2023-07-21T09:21:03+00:00\" \/>\n<meta property=\"og:image\" content=\"https:\/\/chamanismedelaterre.fr\/wp-content\/uploads\/2023\/06\/IMG_4136.jpg\" \/>\n\t<meta property=\"og:image:width\" content=\"960\" \/>\n\t<meta property=\"og:image:height\" content=\"948\" \/>\n\t<meta property=\"og:image:type\" content=\"image\/jpeg\" \/>\n<meta name=\"twitter:card\" content=\"summary_large_image\" \/>\n<meta name=\"twitter:label1\" content=\"Tiempo de lectura\" \/>\n\t<meta name=\"twitter:data1\" content=\"1 minuto\" \/>\n<script type=\"application\/ld+json\" class=\"yoast-schema-graph\">{\"@context\":\"https:\/\/schema.org\",\"@graph\":[{\"@type\":\"WebPage\",\"@id\":\"https:\/\/chamanismedelaterre.fr\/produit\/tambour-chamanique-siberien\/\",\"url\":\"https:\/\/chamanismedelaterre.fr\/produit\/tambour-chamanique-siberien\/\",\"name\":\"TAMBOUR CHAMANIQUE \u00ab SIBERIEN \u00bb - CHAMANISME DE LA TERRE\",\"isPartOf\":{\"@id\":\"https:\/\/chamanismedelaterre.fr\/#website\"},\"datePublished\":\"2023-06-30T06:25:13+00:00\",\"dateModified\":\"2023-07-21T09:21:03+00:00\",\"description\":\"Tambour Chamanique en peau de buffle cousue. Le cercle est en bois d\u2019Okoum\u00e9 peint et laqu\u00e9, et la fourche centrale en bois de pin touch\u00e9 par la foudre.\",\"breadcrumb\":{\"@id\":\"https:\/\/chamanismedelaterre.fr\/produit\/tambour-chamanique-siberien\/#breadcrumb\"},\"inLanguage\":\"es\",\"potentialAction\":[{\"@type\":\"ReadAction\",\"target\":[\"https:\/\/chamanismedelaterre.fr\/produit\/tambour-chamanique-siberien\/\"]}]},{\"@type\":\"BreadcrumbList\",\"@id\":\"https:\/\/chamanismedelaterre.fr\/produit\/tambour-chamanique-siberien\/#breadcrumb\",\"itemListElement\":[{\"@type\":\"ListItem\",\"position\":1,\"name\":\"Accueil\",\"item\":\"https:\/\/chamanismedelaterre.fr\/\"},{\"@type\":\"ListItem\",\"position\":2,\"name\":\"Boutique\",\"item\":\"https:\/\/chamanismedelaterre.fr\/?page_id=1244\"},{\"@type\":\"ListItem\",\"position\":3,\"name\":\"TAMBOUR CHAMANIQUE \u00ab SIBERIEN \u00bb\"}]},{\"@type\":\"WebSite\",\"@id\":\"https:\/\/chamanismedelaterre.fr\/#website\",\"url\":\"https:\/\/chamanismedelaterre.fr\/\",\"name\":\"CHAMANISME DE LA TERRE\",\"description\":\"CHAMANISME DE LA TERRE? Marie-Ange Fernandez\",\"potentialAction\":[{\"@type\":\"SearchAction\",\"target\":{\"@type\":\"EntryPoint\",\"urlTemplate\":\"https:\/\/chamanismedelaterre.fr\/?s={search_term_string}\"},\"query-input\":\"required name=search_term_string\"}],\"inLanguage\":\"es\"}]}<\/script>\n<!-- \/ Yoast SEO plugin. -->","yoast_head_json":{"title":"TAMBOUR CHAMANIQUE \u00ab SIBERIEN \u00bb - CHAMANISME DE LA TERRE","description":"Tambour Chamanique en peau de buffle cousue. Le cercle est en bois d\u2019Okoum\u00e9 peint et laqu\u00e9, et la fourche centrale en bois de pin touch\u00e9 par la foudre.","robots":{"index":"index","follow":"follow","max-snippet":"max-snippet:-1","max-image-preview":"max-image-preview:large","max-video-preview":"max-video-preview:-1"},"canonical":"https:\/\/chamanismedelaterre.fr\/es\/product\/tambour-chamanique-siberien\/","og_locale":"es_ES","og_type":"article","og_title":"TAMBOUR CHAMANIQUE \u00ab SIBERIEN \u00bb - CHAMANISME DE LA TERRE","og_description":"Tambour Chamanique en peau de buffle cousue. Le cercle est en bois d\u2019Okoum\u00e9 peint et laqu\u00e9, et la fourche centrale en bois de pin touch\u00e9 par la foudre.","og_url":"https:\/\/chamanismedelaterre.fr\/es\/product\/tambour-chamanique-siberien\/","og_site_name":"CHAMANISME DE LA TERRE","article_modified_time":"2023-07-21T09:21:03+00:00","og_image":[{"width":960,"height":948,"url":"https:\/\/chamanismedelaterre.fr\/wp-content\/uploads\/2023\/06\/IMG_4136.jpg","type":"image\/jpeg"}],"twitter_card":"summary_large_image","twitter_misc":{"Tiempo de lectura":"1 minuto"},"schema":{"@context":"https:\/\/schema.org","@graph":[{"@type":"WebPage","@id":"https:\/\/chamanismedelaterre.fr\/produit\/tambour-chamanique-siberien\/","url":"https:\/\/chamanismedelaterre.fr\/produit\/tambour-chamanique-siberien\/","name":"TAMBOUR CHAMANIQUE \u00ab SIBERIEN \u00bb - CHAMANISME DE LA TERRE","isPartOf":{"@id":"https:\/\/chamanismedelaterre.fr\/#website"},"datePublished":"2023-06-30T06:25:13+00:00","dateModified":"2023-07-21T09:21:03+00:00","description":"Tambour Chamanique en peau de buffle cousue. Le cercle est en bois d\u2019Okoum\u00e9 peint et laqu\u00e9, et la fourche centrale en bois de pin touch\u00e9 par la foudre.","breadcrumb":{"@id":"https:\/\/chamanismedelaterre.fr\/produit\/tambour-chamanique-siberien\/#breadcrumb"},"inLanguage":"es","potentialAction":[{"@type":"ReadAction","target":["https:\/\/chamanismedelaterre.fr\/produit\/tambour-chamanique-siberien\/"]}]},{"@type":"BreadcrumbList","@id":"https:\/\/chamanismedelaterre.fr\/produit\/tambour-chamanique-siberien\/#breadcrumb","itemListElement":[{"@type":"ListItem","position":1,"name":"Accueil","item":"https:\/\/chamanismedelaterre.fr\/"},{"@type":"ListItem","position":2,"name":"Boutique","item":"https:\/\/chamanismedelaterre.fr\/?page_id=1244"},{"@type":"ListItem","position":3,"name":"TAMBOUR CHAMANIQUE \u00ab SIBERIEN \u00bb"}]},{"@type":"WebSite","@id":"https:\/\/chamanismedelaterre.fr\/#website","url":"https:\/\/chamanismedelaterre.fr\/","name":"CHAMANISME DE LA TERRE","description":"CHAMANISME DE LA TERRE? Marie-Ange Fernandez","potentialAction":[{"@type":"SearchAction","target":{"@type":"EntryPoint","urlTemplate":"https:\/\/chamanismedelaterre.fr\/?s={search_term_string}"},"query-input":"required name=search_term_string"}],"inLanguage":"es"}]}},"jetpack_sharing_enabled":true,"_links":{"self":[{"href":"https:\/\/chamanismedelaterre.fr\/es\/wp-json\/wp\/v2\/product\/2026","targetHints":{"allow":["GET"]}}],"collection":[{"href":"https:\/\/chamanismedelaterre.fr\/es\/wp-json\/wp\/v2\/product"}],"about":[{"href":"https:\/\/chamanismedelaterre.fr\/es\/wp-json\/wp\/v2\/types\/product"}],"wp:featuredmedia":[{"embeddable":true,"href":"https:\/\/chamanismedelaterre.fr\/es\/wp-json\/wp\/v2\/media\/2027"}],"wp:attachment":[{"href":"https:\/\/chamanismedelaterre.fr\/es\/wp-json\/wp\/v2\/media?parent=2026"}],"wp:term":[{"taxonomy":"product_cat","embeddable":true,"href":"https:\/\/chamanismedelaterre.fr\/es\/wp-json\/wp\/v2\/product_cat?post=2026"},{"taxonomy":"product_tag","embeddable":true,"href":"https:\/\/chamanismedelaterre.fr\/es\/wp-json\/wp\/v2\/product_tag?post=2026"}],"curies":[{"name":"wp","href":"https:\/\/api.w.org\/{rel}","templated":true}]}}