{"id":2206,"date":"2023-07-17T10:51:36","date_gmt":"2023-07-17T08:51:36","guid":{"rendered":"https:\/\/chamanismedelaterre.fr\/?page_id=2206"},"modified":"2023-07-17T11:24:49","modified_gmt":"2023-07-17T09:24:49","slug":"soin-de-guerison-et-communication-animale","status":"publish","type":"page","link":"https:\/\/chamanismedelaterre.fr\/es\/soin-de-guerison-et-communication-animale\/","title":{"rendered":"SOIN DE GU\u00c9RISON ET COMMUNICATION ANIMALE"},"content":{"rendered":"<div class=\"vce-row-container\" data-vce-boxed-width=\"true\"><div class=\"vce-row vce-row--col-gap-30 vce-row-equal-height vce-row-content--top\" id=\"el-61ee1566\" data-vce-do-apply=\"all el-61ee1566\"><div class=\"vce-row-content\" data-vce-element-content=\"true\"><div class=\"vce-col vce-col--md-auto vce-col--xs-1 vce-col--xs-last vce-col--xs-first vce-col--sm-last vce-col--sm-first vce-col--md-last vce-col--lg-last vce-col--xl-last vce-col--md-first vce-col--lg-first vce-col--xl-first\" id=\"el-5cb7d8bb\"><div class=\"vce-col-inner\" data-vce-do-apply=\"border margin background  el-5cb7d8bb\"><div class=\"vce-col-content\" data-vce-element-content=\"true\" data-vce-do-apply=\"padding el-5cb7d8bb\"><div class=\"vce-row-container\" data-vce-boxed-width=\"true\"><div class=\"vce-row vce-row--col-gap-30 vce-row-equal-height vce-row-content--top\" id=\"el-6aaeead8\" data-vce-do-apply=\"all el-6aaeead8\"><div class=\"vce-row-content\" data-vce-element-content=\"true\"><div class=\"vce-col vce-col--md-auto vce-col--xs-1 vce-col--xs-last vce-col--xs-first vce-col--sm-last vce-col--sm-first vce-col--md-last vce-col--lg-last vce-col--xl-last vce-col--md-first vce-col--lg-first vce-col--xl-first\" id=\"el-fb8db630\"><div class=\"vce-col-inner\" data-vce-do-apply=\"border margin background  el-fb8db630\"><div class=\"vce-col-content\" data-vce-element-content=\"true\" data-vce-do-apply=\"padding el-fb8db630\"><div class=\"vce vce-separator-with-title-container vce-separator-with-title--align-center\" id=\"el-b3e05821\" data-vce-do-apply=\"margin el-b3e05821\"><div class=\"vce-separator-with-title vce-separator-with-title--color-b-56-87-36 vce-separator-with-title--width-75\" data-vce-do-apply=\"border padding background  el-b3e05821\"><div class=\"vce-separator-with-title--line vce-separator-with-title--line--style-solid vce-separator-with-title-line--thickness-1 vce-separator-with-title--line-left\"><\/div><h3 class=\"vce-separator-with-title--title vce-separator-with-title--title--color-b-56-87-36\">SOIN DE GU\u00c9RISON ET COMMUNICATION ANIMALE<\/h3><div class=\"vce-separator-with-title--line vce-separator-with-title--line--style-solid vce-separator-with-title-line--thickness-1 vce-separator-with-title--line-right\"><\/div><\/div><\/div><div class=\"vce vce-separator-container vce-separator--align-center vce-separator--style-shadow\" id=\"el-8e7114fa\" data-vce-do-apply=\"margin el-8e7114fa\"><div class=\"vce-separator vce-separator--color-b-56-87-36 vce-separator--width-100 vce-separator--thickness-1\" data-vce-do-apply=\"border padding background  el-8e7114fa\"><div class=\"vce-separator-shadow vce-separator-shadow-left\"><\/div><div class=\"vce-separator-shadow vce-separator-shadow-right\"><\/div><\/div><\/div><\/div><\/div><\/div><\/div><\/div><\/div><\/div><\/div><\/div><\/div><\/div><\/div><div class=\"vce-row-container\" data-vce-boxed-width=\"true\"><div class=\"vce-row vce-element--has-background vce-row--col-gap-30 vce-row-equal-height vce-row-content--top\" id=\"el-4e99c791\" data-vce-do-apply=\"all el-4e99c791\"><div class=\"vce-content-background-container\"><\/div><div class=\"vce-row-content\" data-vce-element-content=\"true\"><div class=\"vce-col vce-col--md-auto vce-col--xs-1 vce-col--xs-last vce-col--xs-first vce-col--sm-last vce-col--sm-first vce-col--md-last vce-col--lg-last vce-col--xl-last vce-col--md-first vce-col--lg-first vce-col--xl-first\" id=\"el-a33838af\"><div class=\"vce-col-inner\" data-vce-do-apply=\"border margin background  el-a33838af\"><div class=\"vce-col-content\" data-vce-element-content=\"true\" data-vce-do-apply=\"padding el-a33838af\"><div class=\"vce-row-container\" data-vce-boxed-width=\"true\"><div class=\"vce-row vce-row--has-col-background vce-row--col-gap-30 vce-row-equal-height vce-row-content--top\" id=\"el-912e33c1\" data-vce-do-apply=\"all el-912e33c1\"><div class=\"vce-row-content\" data-vce-element-content=\"true\"><div class=\"vce-col vce-element--has-background vce-col--md-auto vce-col--xs-1 vce-col--xs-last vce-col--xs-first vce-col--sm-last vce-col--sm-first vce-col--md-last vce-col--lg-last vce-col--xl-last vce-col--md-first vce-col--lg-first vce-col--xl-first\" id=\"el-7d4c3467\"><div class=\"vce-col-inner\" data-vce-do-apply=\"border margin background  el-7d4c3467\"><div class=\"vce-content-background-container\"><\/div><div class=\"vce-col-content\" data-vce-element-content=\"true\" data-vce-do-apply=\"padding el-7d4c3467\"><div class=\"vce-text-block\"><div class=\"vce-text-block-wrapper vce\" id=\"el-a019b093\" data-vce-do-apply=\"all el-a019b093\"><p style=\"text-align: justify;\">Comme nous autres humains, les animaux font face \u00e0 des probl\u00e8mes comportementaux ou de sant\u00e9 physique, \u00e9motionnelle ou \u00e9nerg\u00e9tique. <br>Comme nous, ils poss\u00e8dent plusieurs corps et centres \u00e9nerg\u00e9tiques, une \u00e9nergie vitale, une \u00e2me, un karma, une lign\u00e9e ancestrale, etc.<\/p><p>Un Soin Chamanique au tambour est donc efficace tant pour un animal que pour une personne. <br>De plus, les r\u00e9sultats ne sont aucunement influenc\u00e9s par les r\u00e9sistances du mental, ce qui permet une efficacit\u00e9 d'autant plus probante.<br><br>Votre animal souffre de comportements inhabituels ou de pathologies comme :<\/p><ul><li>Probl\u00e8mes de sant\u00e9 chroniques.<\/li><li>\u00c9tat d\u00e9pressif.<\/li><li>Fatigue, perte de vitalit\u00e9 et d\u2019\u00e9nergie physique et mentale.<\/li><li>Trouble du comportement, agressivit\u00e9, difficult\u00e9s relationnelles.<\/li><li>Probl\u00e8mes d\u2019ordre alimentaire.<\/li><li>Choc \u00e9motionnel suite \u00e0 un \u00e9v\u00e9nement traumatisant ou un changement dans ses habitudes&nbsp;: perte d\u2019une personne ou d\u2019un autre animal proche, d\u00e9m\u00e9nagement, gestation, accident, etc.<\/li><\/ul><p><br>Le Soin aux Animaux permet&nbsp;:<\/p><ul><li>De communiquer avec eux, de comprendre leurs comportements, \u00e9motions, intentions, volont\u00e9s, et leur transmettre les n\u00f4tres.<\/li><li>D\u2019harmoniser et r\u00e9\u00e9quilibrer leurs corps et centres \u00e9nerg\u00e9tiques.<\/li><li>De les lib\u00e9rer de leurs traumatismes inconscients, qu\u2019ils trouvent leur origine dans leur vie actuelle (pass\u00e9e et pr\u00e9sente), ant\u00e9rieures (m\u00e9moires karmiques) ou ancestrale (m\u00e9moires transg\u00e9n\u00e9rationnelles).<\/li><li>De gu\u00e9rir leurs pathologies physiques, mentales, \u00e9motionnelles et \u00e9nerg\u00e9tiques.<\/li><\/ul><p><strong><u><br>Valeur<\/u><\/strong><strong> de la consultation \u00e0 distance : 120 \u20ac.<br><u>Dur\u00e9e<\/u>&nbsp;: relative aux besoins de l\u2019animal, approximativement 2h30.<\/strong><\/p><\/div><\/div><\/div><\/div><\/div><\/div><\/div><\/div><\/div><\/div><\/div><\/div><\/div><\/div>","protected":false},"excerpt":{"rendered":"<p>SOIN DE GU\u00c9RISON ET COMMUNICATION ANIMALEComme nous autres humains, les animaux font face \u00e0 des probl\u00e8mes comportementaux ou de sant\u00e9 physique, \u00e9motionnelle ou \u00e9nerg\u00e9tique. Comme nous, ils poss\u00e8dent plusieurs corps et centres \u00e9nerg\u00e9tiques, une \u00e9nergie vitale, une \u00e2me, un karma, une lign\u00e9e ancestrale, etc.Un Soin Chamanique au tambour est donc efficace tant pour un animal &hellip;<\/p>","protected":false},"author":2,"featured_media":0,"parent":0,"menu_order":0,"comment_status":"open","ping_status":"open","template":"","meta":{"footnotes":""},"class_list":["post-2206","page","type-page","status-publish","hentry"],"yoast_head":"<!-- This site is optimized with the Yoast SEO plugin v21.8 - https:\/\/yoast.com\/wordpress\/plugins\/seo\/ -->\n<title>SOIN DE GU\u00c9RISON ET COMMUNICATION ANIMALE - CHAMANISME DE LA TERRE<\/title>\n<meta name=\"description\" content=\"Soin Chamanique pour communiquer avec les animaux et gu\u00e9rir leurs probl\u00e8mes de sant\u00e9 physiques, \u00e9motionnels, \u00e9nerg\u00e9tiques, et autres.\" \/>\n<meta name=\"robots\" content=\"index, follow, max-snippet:-1, max-image-preview:large, max-video-preview:-1\" \/>\n<link rel=\"canonical\" href=\"https:\/\/chamanismedelaterre.fr\/es\/soin-de-guerison-et-communication-animale\/\" \/>\n<meta property=\"og:locale\" content=\"es_ES\" \/>\n<meta property=\"og:type\" content=\"article\" \/>\n<meta property=\"og:title\" content=\"SOIN DE GU\u00c9RISON ET COMMUNICATION ANIMALE - CHAMANISME DE LA TERRE\" \/>\n<meta property=\"og:description\" content=\"Soin Chamanique pour communiquer avec les animaux et gu\u00e9rir leurs probl\u00e8mes de sant\u00e9 physiques, \u00e9motionnels, \u00e9nerg\u00e9tiques, et autres.\" \/>\n<meta property=\"og:url\" content=\"https:\/\/chamanismedelaterre.fr\/es\/soin-de-guerison-et-communication-animale\/\" \/>\n<meta property=\"og:site_name\" content=\"CHAMANISME DE LA TERRE\" \/>\n<meta property=\"article:modified_time\" content=\"2023-07-17T09:24:49+00:00\" \/>\n<meta name=\"twitter:card\" content=\"summary_large_image\" \/>\n<meta name=\"twitter:label1\" content=\"Tiempo de lectura\" \/>\n\t<meta name=\"twitter:data1\" content=\"2 minutos\" \/>\n<script type=\"application\/ld+json\" class=\"yoast-schema-graph\">{\"@context\":\"https:\/\/schema.org\",\"@graph\":[{\"@type\":\"WebPage\",\"@id\":\"https:\/\/chamanismedelaterre.fr\/soin-de-guerison-et-communication-animale\/\",\"url\":\"https:\/\/chamanismedelaterre.fr\/soin-de-guerison-et-communication-animale\/\",\"name\":\"SOIN DE GU\u00c9RISON ET COMMUNICATION ANIMALE - CHAMANISME DE LA TERRE\",\"isPartOf\":{\"@id\":\"https:\/\/chamanismedelaterre.fr\/#website\"},\"datePublished\":\"2023-07-17T08:51:36+00:00\",\"dateModified\":\"2023-07-17T09:24:49+00:00\",\"description\":\"Soin Chamanique pour communiquer avec les animaux et gu\u00e9rir leurs probl\u00e8mes de sant\u00e9 physiques, \u00e9motionnels, \u00e9nerg\u00e9tiques, et autres.\",\"breadcrumb\":{\"@id\":\"https:\/\/chamanismedelaterre.fr\/soin-de-guerison-et-communication-animale\/#breadcrumb\"},\"inLanguage\":\"es\",\"potentialAction\":[{\"@type\":\"ReadAction\",\"target\":[\"https:\/\/chamanismedelaterre.fr\/soin-de-guerison-et-communication-animale\/\"]}]},{\"@type\":\"BreadcrumbList\",\"@id\":\"https:\/\/chamanismedelaterre.fr\/soin-de-guerison-et-communication-animale\/#breadcrumb\",\"itemListElement\":[{\"@type\":\"ListItem\",\"position\":1,\"name\":\"Accueil\",\"item\":\"https:\/\/chamanismedelaterre.fr\/\"},{\"@type\":\"ListItem\",\"position\":2,\"name\":\"SOIN DE GU\u00c9RISON ET COMMUNICATION ANIMALE\"}]},{\"@type\":\"WebSite\",\"@id\":\"https:\/\/chamanismedelaterre.fr\/#website\",\"url\":\"https:\/\/chamanismedelaterre.fr\/\",\"name\":\"CHAMANISME DE LA TERRE\",\"description\":\"CHAMANISME DE LA TERRE? Marie-Ange Fernandez\",\"potentialAction\":[{\"@type\":\"SearchAction\",\"target\":{\"@type\":\"EntryPoint\",\"urlTemplate\":\"https:\/\/chamanismedelaterre.fr\/?s={search_term_string}\"},\"query-input\":\"required name=search_term_string\"}],\"inLanguage\":\"es\"}]}<\/script>\n<!-- \/ Yoast SEO plugin. -->","yoast_head_json":{"title":"SOIN DE GU\u00c9RISON ET COMMUNICATION ANIMALE - CHAMANISME DE LA TERRE","description":"Soin Chamanique pour communiquer avec les animaux et gu\u00e9rir leurs probl\u00e8mes de sant\u00e9 physiques, \u00e9motionnels, \u00e9nerg\u00e9tiques, et autres.","robots":{"index":"index","follow":"follow","max-snippet":"max-snippet:-1","max-image-preview":"max-image-preview:large","max-video-preview":"max-video-preview:-1"},"canonical":"https:\/\/chamanismedelaterre.fr\/es\/soin-de-guerison-et-communication-animale\/","og_locale":"es_ES","og_type":"article","og_title":"SOIN DE GU\u00c9RISON ET COMMUNICATION ANIMALE - CHAMANISME DE LA TERRE","og_description":"Soin Chamanique pour communiquer avec les animaux et gu\u00e9rir leurs probl\u00e8mes de sant\u00e9 physiques, \u00e9motionnels, \u00e9nerg\u00e9tiques, et autres.","og_url":"https:\/\/chamanismedelaterre.fr\/es\/soin-de-guerison-et-communication-animale\/","og_site_name":"CHAMANISME DE LA TERRE","article_modified_time":"2023-07-17T09:24:49+00:00","twitter_card":"summary_large_image","twitter_misc":{"Tiempo de lectura":"2 minutos"},"schema":{"@context":"https:\/\/schema.org","@graph":[{"@type":"WebPage","@id":"https:\/\/chamanismedelaterre.fr\/soin-de-guerison-et-communication-animale\/","url":"https:\/\/chamanismedelaterre.fr\/soin-de-guerison-et-communication-animale\/","name":"SOIN DE GU\u00c9RISON ET COMMUNICATION ANIMALE - CHAMANISME DE LA TERRE","isPartOf":{"@id":"https:\/\/chamanismedelaterre.fr\/#website"},"datePublished":"2023-07-17T08:51:36+00:00","dateModified":"2023-07-17T09:24:49+00:00","description":"Soin Chamanique pour communiquer avec les animaux et gu\u00e9rir leurs probl\u00e8mes de sant\u00e9 physiques, \u00e9motionnels, \u00e9nerg\u00e9tiques, et autres.","breadcrumb":{"@id":"https:\/\/chamanismedelaterre.fr\/soin-de-guerison-et-communication-animale\/#breadcrumb"},"inLanguage":"es","potentialAction":[{"@type":"ReadAction","target":["https:\/\/chamanismedelaterre.fr\/soin-de-guerison-et-communication-animale\/"]}]},{"@type":"BreadcrumbList","@id":"https:\/\/chamanismedelaterre.fr\/soin-de-guerison-et-communication-animale\/#breadcrumb","itemListElement":[{"@type":"ListItem","position":1,"name":"Accueil","item":"https:\/\/chamanismedelaterre.fr\/"},{"@type":"ListItem","position":2,"name":"SOIN DE GU\u00c9RISON ET COMMUNICATION ANIMALE"}]},{"@type":"WebSite","@id":"https:\/\/chamanismedelaterre.fr\/#website","url":"https:\/\/chamanismedelaterre.fr\/","name":"CHAMANISME DE LA TERRE","description":"CHAMANISME DE LA TERRE? Marie-Ange Fernandez","potentialAction":[{"@type":"SearchAction","target":{"@type":"EntryPoint","urlTemplate":"https:\/\/chamanismedelaterre.fr\/?s={search_term_string}"},"query-input":"required name=search_term_string"}],"inLanguage":"es"}]}},"jetpack_sharing_enabled":true,"_links":{"self":[{"href":"https:\/\/chamanismedelaterre.fr\/es\/wp-json\/wp\/v2\/pages\/2206","targetHints":{"allow":["GET"]}}],"collection":[{"href":"https:\/\/chamanismedelaterre.fr\/es\/wp-json\/wp\/v2\/pages"}],"about":[{"href":"https:\/\/chamanismedelaterre.fr\/es\/wp-json\/wp\/v2\/types\/page"}],"author":[{"embeddable":true,"href":"https:\/\/chamanismedelaterre.fr\/es\/wp-json\/wp\/v2\/users\/2"}],"replies":[{"embeddable":true,"href":"https:\/\/chamanismedelaterre.fr\/es\/wp-json\/wp\/v2\/comments?post=2206"}],"version-history":[{"count":2,"href":"https:\/\/chamanismedelaterre.fr\/es\/wp-json\/wp\/v2\/pages\/2206\/revisions"}],"predecessor-version":[{"id":2208,"href":"https:\/\/chamanismedelaterre.fr\/es\/wp-json\/wp\/v2\/pages\/2206\/revisions\/2208"}],"wp:attachment":[{"href":"https:\/\/chamanismedelaterre.fr\/es\/wp-json\/wp\/v2\/media?parent=2206"}],"curies":[{"name":"wp","href":"https:\/\/api.w.org\/{rel}","templated":true}]}}