{"id":2103,"date":"2023-06-30T17:41:05","date_gmt":"2023-06-30T15:41:05","guid":{"rendered":"https:\/\/chamanismedelaterre.fr\/?page_id=2103"},"modified":"2024-03-20T11:52:29","modified_gmt":"2024-03-20T10:52:29","slug":"tambour-1-medecine-de-lame","status":"publish","type":"page","link":"https:\/\/chamanismedelaterre.fr\/es\/tambour-1-medecine-de-lame\/","title":{"rendered":"TAMBOUR 1 : M\u00c9DECINE DE L\u2019\u00c2ME"},"content":{"rendered":"<div class=\"vce-row-container\" data-vce-boxed-width=\"true\"><div class=\"vce-row vce-row--col-gap-30 vce-row-equal-height vce-row-content--top\" id=\"el-61ee1566\" data-vce-do-apply=\"all el-61ee1566\"><div class=\"vce-row-content\" data-vce-element-content=\"true\"><div class=\"vce-col vce-col--md-auto vce-col--xs-1 vce-col--xs-last vce-col--xs-first vce-col--sm-last vce-col--sm-first vce-col--md-last vce-col--lg-last vce-col--xl-last vce-col--md-first vce-col--lg-first vce-col--xl-first\" id=\"el-5cb7d8bb\"><div class=\"vce-col-inner\" data-vce-do-apply=\"border margin background  el-5cb7d8bb\"><div class=\"vce-col-content\" data-vce-element-content=\"true\" data-vce-do-apply=\"padding el-5cb7d8bb\"><div class=\"vce-row-container\" data-vce-boxed-width=\"true\"><div class=\"vce-row vce-row--col-gap-30 vce-row-equal-height vce-row-content--top\" id=\"el-6aaeead8\" data-vce-do-apply=\"all el-6aaeead8\"><div class=\"vce-row-content\" data-vce-element-content=\"true\"><div class=\"vce-col vce-col--md-auto vce-col--xs-1 vce-col--xs-last vce-col--xs-first vce-col--sm-last vce-col--sm-first vce-col--md-last vce-col--lg-last vce-col--xl-last vce-col--md-first vce-col--lg-first vce-col--xl-first\" id=\"el-fb8db630\"><div class=\"vce-col-inner\" data-vce-do-apply=\"border margin background  el-fb8db630\"><div class=\"vce-col-content\" data-vce-element-content=\"true\" data-vce-do-apply=\"padding el-fb8db630\"><div class=\"vce vce-separator-with-title-container vce-separator-with-title--align-center\" id=\"el-b3e05821\" data-vce-do-apply=\"margin el-b3e05821\"><div class=\"vce-separator-with-title vce-separator-with-title--color-b-56-87-36 vce-separator-with-title--width-100\" data-vce-do-apply=\"border padding background  el-b3e05821\"><div class=\"vce-separator-with-title--line vce-separator-with-title--line--style-solid vce-separator-with-title-line--thickness-1 vce-separator-with-title--line-left\"><\/div><h3 class=\"vce-separator-with-title--title vce-separator-with-title--title--color-b-56-87-36\">TAMBOUR 1 : M\u00c9DECINE DE L\u2019\u00c2ME<\/h3><div class=\"vce-separator-with-title--line vce-separator-with-title--line--style-solid vce-separator-with-title-line--thickness-1 vce-separator-with-title--line-right\"><\/div><\/div><\/div><div class=\"vce vce-separator-container vce-separator--align-center vce-separator--style-shadow\" id=\"el-8e7114fa\" data-vce-do-apply=\"margin el-8e7114fa\"><div class=\"vce-separator vce-separator--color-b-56-87-36 vce-separator--width-100 vce-separator--thickness-1\" data-vce-do-apply=\"border padding background  el-8e7114fa\"><div class=\"vce-separator-shadow vce-separator-shadow-left\"><\/div><div class=\"vce-separator-shadow vce-separator-shadow-right\"><\/div><\/div><\/div><\/div><\/div><\/div><\/div><\/div><\/div><\/div><\/div><\/div><\/div><\/div><\/div><div class=\"vce-row-container\" data-vce-boxed-width=\"true\"><div class=\"vce-row vce-element--has-background vce-row--col-gap-30 vce-row-equal-height vce-row-content--top\" id=\"el-4e99c791\" data-vce-do-apply=\"all el-4e99c791\"><div class=\"vce-content-background-container\"><\/div><div class=\"vce-row-content\" data-vce-element-content=\"true\"><div class=\"vce-col vce-col--md-auto vce-col--xs-1 vce-col--xs-last vce-col--xs-first vce-col--sm-last vce-col--sm-first vce-col--md-last vce-col--lg-last vce-col--xl-last vce-col--md-first vce-col--lg-first vce-col--xl-first\" id=\"el-a33838af\"><div class=\"vce-col-inner\" data-vce-do-apply=\"border margin background  el-a33838af\"><div class=\"vce-col-content\" data-vce-element-content=\"true\" data-vce-do-apply=\"padding el-a33838af\"><div class=\"vce-row-container\" data-vce-boxed-width=\"true\"><div class=\"vce-row vce-row--has-col-background vce-row--col-gap-30 vce-row-equal-height vce-row-content--top\" id=\"el-912e33c1\" data-vce-do-apply=\"all el-912e33c1\"><div class=\"vce-row-content\" data-vce-element-content=\"true\"><div class=\"vce-col vce-element--has-background vce-col--md-auto vce-col--xs-1 vce-col--xs-last vce-col--xs-first vce-col--sm-last vce-col--sm-first vce-col--md-last vce-col--lg-last vce-col--xl-last vce-col--md-first vce-col--lg-first vce-col--xl-first\" id=\"el-7d4c3467\"><div class=\"vce-col-inner\" data-vce-do-apply=\"border margin background  el-7d4c3467\"><div class=\"vce-content-background-container\"><\/div><div class=\"vce-col-content\" data-vce-element-content=\"true\" data-vce-do-apply=\"padding el-7d4c3467\"><div class=\"vce-text-block\"><div class=\"vce-text-block-wrapper vce\" id=\"el-94fbecac\" data-vce-do-apply=\"all el-94fbecac\"><p style=\"text-align: justify;\">Au plus profond de notre corps physique, Temple Sacr\u00e9 qui nous permet d\u2019exp\u00e9rimenter la mati\u00e8re, nous sommes toutes et tous des \u00catres de Lumi\u00e8re porteurs d\u2019une Sagesse qui nous est propre. Cette Sagesse refl\u00e8te le v\u00e9ritable r\u00eave de notre \u00e2me, notre mission personnelle, qui est l\u2019essence m\u00eame de notre Union avec la Source. Les Am\u00e9rindiens l\u2019appellent la \u00ab&nbsp;M\u00e9decine de l\u2019\u00e2me&nbsp;\u00bb.<\/p><p style=\"text-align: justify;\">Lorsque nous incarnons, nous poss\u00e9dons toutes les capacit\u00e9s n\u00e9cessaires \u00e0 la bonne ex\u00e9cution de notre mission. Ces dons, talents et qualit\u00e9s sommeillent en nous, et faire le choix conscient de les \u00e9veiller nous permet d\u2019\u00eatre align\u00e9 et en harmonie avec notre \u00catre ainsi qu\u2019avec toutes nos \u00ab&nbsp;Relations&nbsp;\u00bb, c\u2019est-\u00e0-dire tous les r\u00e8gnes (humain, animal, v\u00e9g\u00e9tal, min\u00e9ral) et les Forces de la Nature.<\/p><p style=\"text-align: justify;\">Cette harmonie, cet \u00ab&nbsp;\u00c9tat de Gr\u00e2ce&nbsp;\u00bb que les Sacerdotes andins appellent \u00ab&nbsp;Munay&nbsp;\u00bb, \u00e9l\u00e8ve notre conscience et notre fr\u00e9quence vibratoire afin de l\u2019aligner \u00e0 celle de la Terre et de contribuer ainsi \u00e0 son Ascension vers l\u2019\u00c2ge d\u2019Or de la Cinqui\u00e8me Dimension.<\/p><p style=\"text-align: justify;\">Reconnecter avec notre M\u00e9decine de l\u2019\u00e2me est un Cheminement Initiatique, c\u2019est une d\u00e9marche personnelle et une exp\u00e9rience individuelle qui demande de la patience, de la constance et de l\u2019engagement envers soi-m\u00eame. Tout gu\u00e9risseur bless\u00e9 se doit d\u2019\u00eatre gu\u00e9rit, il est un Guerrier de Lumi\u00e8re, il incarne et manifeste son Pouvoir Personnel, celui d\u2019\u00e9maner sa propre lumi\u00e8re et de faire de son Ombre une alli\u00e9e.<\/p><p style=\"text-align: justify;\">\u00ab&nbsp;Marcher notre M\u00e9decine&nbsp;\u00bb, c\u2019est avant tout \u0153uvrer \u00e0 la gu\u00e9rison de nos Corps \u00c9nerg\u00e9tiques, en gu\u00e9rissant nos pens\u00e9es, nos \u00e9motions, nos croyances limitantes, nos blessures d\u2019\u00e2me, nos m\u00e9moires personnelles et ancestrales, et toutes leurs manifestations physiques.<\/p><p style=\"text-align: justify;\">C\u2019est r\u00e9activer notre Pouvoir Personnel, notre force, notre valeur, notre responsabilit\u00e9 en tant qu\u2019\u00catre Humain, nos qualit\u00e9s et talents, nos dons et capacit\u00e9s inn\u00e9s. C\u2019est \u00eatre en \u00e9quilibre au sein de toutes les dimensions de notre \u00catre (physique, mentale, \u00e9motionnelle, spirituelle), c\u2019est \u00eatre align\u00e9 avec nos choix et notre mission d\u2019\u00e2me afin de cheminer avec conscience et fluidit\u00e9 sur notre Chemin de Vie, c\u2019est cr\u00e9er des relations saines et harmonieuses avec notre entourage et notre environnement, depuis la r\u00e9ciprocit\u00e9 et la compl\u00e9mentarit\u00e9.<\/p><p style=\"text-align: justify;\">Vous \u00eates l\u2019unique Cr\u00e9atrice ou Cr\u00e9ateur de votre Univers. \u00c0 chaque instant, \u00e0 chaque d\u00e9cision que vous prenez, vous choisissez et cr\u00e9ez votre propre R\u00e9alit\u00e9. Marcher votre M\u00e9decine&nbsp;de l\u2019\u00e2me, c\u2019est ce que vous \u00eates venu faire, Ici et Maintenant, dans cet \u00c9ternel Pr\u00e9sent.<\/p><p style=\"text-align: justify;\">Alors d\u00e9cr\u00e9tez maintenant&nbsp;: \u00ab&nbsp;Je Suis et Je Choisis&nbsp;!&nbsp;\u00bb.<\/p><\/div><\/div><\/div><\/div><\/div><\/div><\/div><\/div><\/div><\/div><\/div><\/div><\/div><\/div><div class=\"vce-row-container\" data-vce-boxed-width=\"true\"><div class=\"vce-row vce-row--col-gap-30 vce-row-equal-height vce-row-content--top\" id=\"el-57e70a8c\" data-vce-do-apply=\"all el-57e70a8c\"><div class=\"vce-row-content\" data-vce-element-content=\"true\"><div class=\"vce-col vce-col--md-auto vce-col--xs-1 vce-col--xs-last vce-col--xs-first vce-col--sm-last vce-col--sm-first vce-col--md-last vce-col--lg-last vce-col--xl-last vce-col--md-first vce-col--lg-first vce-col--xl-first\" id=\"el-cc67efa8\"><div class=\"vce-col-inner\" data-vce-do-apply=\"border margin background  el-cc67efa8\"><div class=\"vce-col-content\" data-vce-element-content=\"true\" data-vce-do-apply=\"padding el-cc67efa8\"><div class=\"vce-text-block\"><div class=\"vce-text-block-wrapper vce\" id=\"el-c6c8c670\" data-vce-do-apply=\"all el-c6c8c670\"><h2><strong>R\u00c9SERVATIONS ET INSCRIPTIONS :<\/strong><\/h2><\/div><\/div><\/div><\/div><\/div><\/div><\/div><\/div><div class=\"vce-row-container\" data-vce-boxed-width=\"true\"><div class=\"vce-row vce-row--col-gap-30 vce-row-equal-height vce-row-content--top\" id=\"el-e1ea4c33\" data-vce-do-apply=\"all el-e1ea4c33\"><div class=\"vce-row-content\" data-vce-element-content=\"true\"><div class=\"vce-col vce-col--md-auto vce-col--xs-1 vce-col--xs-last vce-col--xs-first vce-col--sm-last vce-col--sm-first vce-col--md-last vce-col--lg-last vce-col--xl-last vce-col--md-first vce-col--lg-first vce-col--xl-first\" id=\"el-f29f86a6\"><div class=\"vce-col-inner\" data-vce-do-apply=\"border margin background  el-f29f86a6\"><div class=\"vce-col-content\" data-vce-element-content=\"true\" data-vce-do-apply=\"padding el-f29f86a6\"><div class=\"vce-shortcode\"><div class=\"vce-shortcode-wrapper vce\" id=\"el-ca639aac\" data-vce-do-apply=\"all el-ca639aac\"><div class=\"woocommerce columns-4\"><ul class=\"products columns-4\">\n<li class=\"product type-product post-2387 status-publish first instock product_cat-ateliers-presentiels-2 product_cat-tambour-1-medecine-de-lame has-post-thumbnail taxable shipping-taxable purchasable product-type-simple\">\n\t<a href=\"https:\/\/chamanismedelaterre.fr\/es\/product\/cycle-2024-2025-clan-du-heron-vert-1er-septembre-2024-au-centre-elise-ma-a-vidauban-83\/\" class=\"woocommerce-LoopProduct-link woocommerce-loop-product__link\"><div class=\"product-img\"><img width=\"300\" height=\"300\" src=\"https:\/\/i0.wp.com\/chamanismedelaterre.fr\/wp-content\/uploads\/2023\/06\/Tambour-Medecine-x2.png?resize=300%2C300&amp;ssl=1\" class=\"attachment-woocommerce_thumbnail size-woocommerce_thumbnail\" alt=\"\" srcset=\"https:\/\/i0.wp.com\/chamanismedelaterre.fr\/wp-content\/uploads\/2023\/06\/Tambour-Medecine-x2.png?w=1080&amp;ssl=1 1080w, https:\/\/i0.wp.com\/chamanismedelaterre.fr\/wp-content\/uploads\/2023\/06\/Tambour-Medecine-x2.png?resize=300%2C300&amp;ssl=1 300w, https:\/\/i0.wp.com\/chamanismedelaterre.fr\/wp-content\/uploads\/2023\/06\/Tambour-Medecine-x2.png?resize=1024%2C1024&amp;ssl=1 1024w, https:\/\/i0.wp.com\/chamanismedelaterre.fr\/wp-content\/uploads\/2023\/06\/Tambour-Medecine-x2.png?resize=150%2C150&amp;ssl=1 150w, https:\/\/i0.wp.com\/chamanismedelaterre.fr\/wp-content\/uploads\/2023\/06\/Tambour-Medecine-x2.png?resize=768%2C768&amp;ssl=1 768w, https:\/\/i0.wp.com\/chamanismedelaterre.fr\/wp-content\/uploads\/2023\/06\/Tambour-Medecine-x2.png?resize=12%2C12&amp;ssl=1 12w, https:\/\/i0.wp.com\/chamanismedelaterre.fr\/wp-content\/uploads\/2023\/06\/Tambour-Medecine-x2.png?resize=320%2C320&amp;ssl=1 320w, https:\/\/i0.wp.com\/chamanismedelaterre.fr\/wp-content\/uploads\/2023\/06\/Tambour-Medecine-x2.png?resize=480%2C480&amp;ssl=1 480w, https:\/\/i0.wp.com\/chamanismedelaterre.fr\/wp-content\/uploads\/2023\/06\/Tambour-Medecine-x2.png?resize=800%2C800&amp;ssl=1 800w, https:\/\/i0.wp.com\/chamanismedelaterre.fr\/wp-content\/uploads\/2023\/06\/Tambour-Medecine-x2.png?resize=24%2C24&amp;ssl=1 24w, https:\/\/i0.wp.com\/chamanismedelaterre.fr\/wp-content\/uploads\/2023\/06\/Tambour-Medecine-x2.png?resize=36%2C36&amp;ssl=1 36w, https:\/\/i0.wp.com\/chamanismedelaterre.fr\/wp-content\/uploads\/2023\/06\/Tambour-Medecine-x2.png?resize=48%2C48&amp;ssl=1 48w, https:\/\/i0.wp.com\/chamanismedelaterre.fr\/wp-content\/uploads\/2023\/06\/Tambour-Medecine-x2.png?resize=600%2C600&amp;ssl=1 600w, https:\/\/i0.wp.com\/chamanismedelaterre.fr\/wp-content\/uploads\/2023\/06\/Tambour-Medecine-x2.png?resize=100%2C100&amp;ssl=1 100w\" sizes=\"(max-width: 300px) 100vw, 300px\" \/><\/div><h2 class=\"woocommerce-loop-product__title\">CYCLE 2024-2025 \u00ab\u00a0CLAN DU H\u00c9RON VERT\u00a0\u00bb &#8211; 1er septembre 2024 au Centre Elise Ma \u00e0 Vidauban (83)<\/h2>\n\t<span class=\"price\"><span class=\"woocommerce-Price-amount amount\"><bdi>120,00&nbsp;<span class=\"woocommerce-Price-currencySymbol\">&euro;<\/span><\/bdi><\/span><\/span>\n<\/a><a href=\"?add-to-cart=2387\" data-quantity=\"1\" class=\"button product_type_simple add_to_cart_button ajax_add_to_cart\" data-product_id=\"2387\" data-product_sku=\"\" aria-label=\"A\u00f1adir al carrito: \u201cCYCLE 2024-2025 &quot;CLAN DU H\u00c9RON VERT&quot; - 1er septembre 2024 au Centre Elise Ma \u00e0 Vidauban (83)\u201d\" aria-describedby=\"\" rel=\"nofollow\" data-no-translation=\"\" data-trp-gettext=\"\" data-no-translation-aria-label=\"\">A\u00f1adir al carrito<\/a><\/li>\n<\/ul>\n<\/div><\/div><\/div><\/div><\/div><\/div><\/div><\/div><\/div>","protected":false},"excerpt":{"rendered":"<p>TAMBOUR M\u00c9DECINE : INITIATION A LA PRATIQUE CHAMANIQUE En Sib\u00e9rie, chacun des Centres Energ\u00e9tiques porte le nom d&rsquo;un animal ainsi que sa couleur appropri\u00e9e. Le Chakra du H\u00e9ron Vert corresponde \u00e0 celui du C\u0153ur, qui symbolise l&rsquo;affect, l&rsquo;amour, l&rsquo;estime et la confiance, envers les autres mais surtout envers soi-m\u00eame. Cet Atelier est le premier du &hellip;<\/p>","protected":false},"author":1,"featured_media":0,"parent":0,"menu_order":0,"comment_status":"closed","ping_status":"closed","template":"","meta":{"footnotes":""},"class_list":["post-2103","page","type-page","status-publish","hentry"],"yoast_head":"<!-- This site is optimized with the Yoast SEO plugin v21.8 - https:\/\/yoast.com\/wordpress\/plugins\/seo\/ -->\n<title>TAMBOUR 1 : M\u00c9DECINE DE L\u2019\u00c2ME - CHAMANISME DE LA TERRE<\/title>\n<meta name=\"description\" content=\"Le programme, contenu et dates des Ateliers Pr\u00e9sentiels du premier niveau Tambour 1 &quot;M\u00e9decine de l&#039;\u00c2me&quot; pour apprendre \u00e0 s&#039;auto-gu\u00e9rir.\" \/>\n<meta name=\"robots\" content=\"index, follow, max-snippet:-1, max-image-preview:large, max-video-preview:-1\" \/>\n<link rel=\"canonical\" href=\"https:\/\/chamanismedelaterre.fr\/es\/tambour-1-medecine-de-lame\/\" \/>\n<meta property=\"og:locale\" content=\"es_ES\" \/>\n<meta property=\"og:type\" content=\"article\" \/>\n<meta property=\"og:title\" content=\"TAMBOUR 1 : M\u00c9DECINE DE L\u2019\u00c2ME - CHAMANISME DE LA TERRE\" \/>\n<meta property=\"og:description\" content=\"Le programme, contenu et dates des Ateliers Pr\u00e9sentiels du premier niveau Tambour 1 &quot;M\u00e9decine de l&#039;\u00c2me&quot; pour apprendre \u00e0 s&#039;auto-gu\u00e9rir.\" \/>\n<meta property=\"og:url\" content=\"https:\/\/chamanismedelaterre.fr\/es\/tambour-1-medecine-de-lame\/\" \/>\n<meta property=\"og:site_name\" content=\"CHAMANISME DE LA TERRE\" \/>\n<meta property=\"article:modified_time\" content=\"2024-03-20T10:52:29+00:00\" \/>\n<meta name=\"twitter:card\" content=\"summary_large_image\" \/>\n<meta name=\"twitter:label1\" content=\"Tiempo de lectura\" \/>\n\t<meta name=\"twitter:data1\" content=\"3 minutos\" \/>\n<script type=\"application\/ld+json\" class=\"yoast-schema-graph\">{\"@context\":\"https:\/\/schema.org\",\"@graph\":[{\"@type\":\"WebPage\",\"@id\":\"https:\/\/chamanismedelaterre.fr\/tambour-1-medecine-de-lame\/\",\"url\":\"https:\/\/chamanismedelaterre.fr\/tambour-1-medecine-de-lame\/\",\"name\":\"TAMBOUR 1 : M\u00c9DECINE DE L\u2019\u00c2ME - CHAMANISME DE LA TERRE\",\"isPartOf\":{\"@id\":\"https:\/\/chamanismedelaterre.fr\/#website\"},\"datePublished\":\"2023-06-30T15:41:05+00:00\",\"dateModified\":\"2024-03-20T10:52:29+00:00\",\"description\":\"Le programme, contenu et dates des Ateliers Pr\u00e9sentiels du premier niveau Tambour 1 \\\"M\u00e9decine de l'\u00c2me\\\" pour apprendre \u00e0 s'auto-gu\u00e9rir.\",\"breadcrumb\":{\"@id\":\"https:\/\/chamanismedelaterre.fr\/tambour-1-medecine-de-lame\/#breadcrumb\"},\"inLanguage\":\"es\",\"potentialAction\":[{\"@type\":\"ReadAction\",\"target\":[\"https:\/\/chamanismedelaterre.fr\/tambour-1-medecine-de-lame\/\"]}]},{\"@type\":\"BreadcrumbList\",\"@id\":\"https:\/\/chamanismedelaterre.fr\/tambour-1-medecine-de-lame\/#breadcrumb\",\"itemListElement\":[{\"@type\":\"ListItem\",\"position\":1,\"name\":\"Accueil\",\"item\":\"https:\/\/chamanismedelaterre.fr\/\"},{\"@type\":\"ListItem\",\"position\":2,\"name\":\"TAMBOUR 1 : M\u00c9DECINE DE L\u2019\u00c2ME\"}]},{\"@type\":\"WebSite\",\"@id\":\"https:\/\/chamanismedelaterre.fr\/#website\",\"url\":\"https:\/\/chamanismedelaterre.fr\/\",\"name\":\"CHAMANISME DE LA TERRE\",\"description\":\"CHAMANISME DE LA TERRE? Marie-Ange Fernandez\",\"potentialAction\":[{\"@type\":\"SearchAction\",\"target\":{\"@type\":\"EntryPoint\",\"urlTemplate\":\"https:\/\/chamanismedelaterre.fr\/?s={search_term_string}\"},\"query-input\":\"required name=search_term_string\"}],\"inLanguage\":\"es\"}]}<\/script>\n<!-- \/ Yoast SEO plugin. -->","yoast_head_json":{"title":"TAMBOUR 1 : M\u00c9DECINE DE L\u2019\u00c2ME - CHAMANISME DE LA TERRE","description":"Le programme, contenu et dates des Ateliers Pr\u00e9sentiels du premier niveau Tambour 1 \"M\u00e9decine de l'\u00c2me\" pour apprendre \u00e0 s'auto-gu\u00e9rir.","robots":{"index":"index","follow":"follow","max-snippet":"max-snippet:-1","max-image-preview":"max-image-preview:large","max-video-preview":"max-video-preview:-1"},"canonical":"https:\/\/chamanismedelaterre.fr\/es\/tambour-1-medecine-de-lame\/","og_locale":"es_ES","og_type":"article","og_title":"TAMBOUR 1 : M\u00c9DECINE DE L\u2019\u00c2ME - CHAMANISME DE LA TERRE","og_description":"Le programme, contenu et dates des Ateliers Pr\u00e9sentiels du premier niveau Tambour 1 \"M\u00e9decine de l'\u00c2me\" pour apprendre \u00e0 s'auto-gu\u00e9rir.","og_url":"https:\/\/chamanismedelaterre.fr\/es\/tambour-1-medecine-de-lame\/","og_site_name":"CHAMANISME DE LA TERRE","article_modified_time":"2024-03-20T10:52:29+00:00","twitter_card":"summary_large_image","twitter_misc":{"Tiempo de lectura":"3 minutos"},"schema":{"@context":"https:\/\/schema.org","@graph":[{"@type":"WebPage","@id":"https:\/\/chamanismedelaterre.fr\/tambour-1-medecine-de-lame\/","url":"https:\/\/chamanismedelaterre.fr\/tambour-1-medecine-de-lame\/","name":"TAMBOUR 1 : M\u00c9DECINE DE L\u2019\u00c2ME - CHAMANISME DE LA TERRE","isPartOf":{"@id":"https:\/\/chamanismedelaterre.fr\/#website"},"datePublished":"2023-06-30T15:41:05+00:00","dateModified":"2024-03-20T10:52:29+00:00","description":"Le programme, contenu et dates des Ateliers Pr\u00e9sentiels du premier niveau Tambour 1 \"M\u00e9decine de l'\u00c2me\" pour apprendre \u00e0 s'auto-gu\u00e9rir.","breadcrumb":{"@id":"https:\/\/chamanismedelaterre.fr\/tambour-1-medecine-de-lame\/#breadcrumb"},"inLanguage":"es","potentialAction":[{"@type":"ReadAction","target":["https:\/\/chamanismedelaterre.fr\/tambour-1-medecine-de-lame\/"]}]},{"@type":"BreadcrumbList","@id":"https:\/\/chamanismedelaterre.fr\/tambour-1-medecine-de-lame\/#breadcrumb","itemListElement":[{"@type":"ListItem","position":1,"name":"Accueil","item":"https:\/\/chamanismedelaterre.fr\/"},{"@type":"ListItem","position":2,"name":"TAMBOUR 1 : M\u00c9DECINE DE L\u2019\u00c2ME"}]},{"@type":"WebSite","@id":"https:\/\/chamanismedelaterre.fr\/#website","url":"https:\/\/chamanismedelaterre.fr\/","name":"CHAMANISME DE LA TERRE","description":"CHAMANISME DE LA TERRE? Marie-Ange Fernandez","potentialAction":[{"@type":"SearchAction","target":{"@type":"EntryPoint","urlTemplate":"https:\/\/chamanismedelaterre.fr\/?s={search_term_string}"},"query-input":"required name=search_term_string"}],"inLanguage":"es"}]}},"jetpack_sharing_enabled":true,"_links":{"self":[{"href":"https:\/\/chamanismedelaterre.fr\/es\/wp-json\/wp\/v2\/pages\/2103","targetHints":{"allow":["GET"]}}],"collection":[{"href":"https:\/\/chamanismedelaterre.fr\/es\/wp-json\/wp\/v2\/pages"}],"about":[{"href":"https:\/\/chamanismedelaterre.fr\/es\/wp-json\/wp\/v2\/types\/page"}],"author":[{"embeddable":true,"href":"https:\/\/chamanismedelaterre.fr\/es\/wp-json\/wp\/v2\/users\/1"}],"replies":[{"embeddable":true,"href":"https:\/\/chamanismedelaterre.fr\/es\/wp-json\/wp\/v2\/comments?post=2103"}],"version-history":[{"count":12,"href":"https:\/\/chamanismedelaterre.fr\/es\/wp-json\/wp\/v2\/pages\/2103\/revisions"}],"predecessor-version":[{"id":2413,"href":"https:\/\/chamanismedelaterre.fr\/es\/wp-json\/wp\/v2\/pages\/2103\/revisions\/2413"}],"wp:attachment":[{"href":"https:\/\/chamanismedelaterre.fr\/es\/wp-json\/wp\/v2\/media?parent=2103"}],"curies":[{"name":"wp","href":"https:\/\/api.w.org\/{rel}","templated":true}]}}