{"id":2003,"date":"2023-06-29T17:43:30","date_gmt":"2023-06-29T15:43:30","guid":{"rendered":"https:\/\/chamanismedelaterre.fr\/?page_id=2003"},"modified":"2023-07-05T17:10:01","modified_gmt":"2023-07-05T15:10:01","slug":"astro-chamanisme-ateliers-presentiels","status":"publish","type":"page","link":"https:\/\/chamanismedelaterre.fr\/es\/astro-chamanisme\/astro-chamanisme-ateliers-presentiels\/","title":{"rendered":"ASTRO-CHAMANISME ATELIERS PR\u00c9SENTIELS"},"content":{"rendered":"<div class=\"vce-row-container\" data-vce-boxed-width=\"true\"><div class=\"vce-row vce-row--col-gap-30 vce-row-equal-height vce-row-content--top\" id=\"el-61ee1566\" data-vce-do-apply=\"all el-61ee1566\"><div class=\"vce-row-content\" data-vce-element-content=\"true\"><div class=\"vce-col vce-col--md-auto vce-col--xs-1 vce-col--xs-last vce-col--xs-first vce-col--sm-last vce-col--sm-first vce-col--md-last vce-col--lg-last vce-col--xl-last vce-col--md-first vce-col--lg-first vce-col--xl-first\" id=\"el-5cb7d8bb\"><div class=\"vce-col-inner\" data-vce-do-apply=\"border margin background  el-5cb7d8bb\"><div class=\"vce-col-content\" data-vce-element-content=\"true\" data-vce-do-apply=\"padding el-5cb7d8bb\"><div class=\"vce-row-container\" data-vce-boxed-width=\"true\"><div class=\"vce-row vce-row--col-gap-30 vce-row-equal-height vce-row-content--top\" id=\"el-6aaeead8\" data-vce-do-apply=\"all el-6aaeead8\"><div class=\"vce-row-content\" data-vce-element-content=\"true\"><div class=\"vce-col vce-col--md-auto vce-col--xs-1 vce-col--xs-last vce-col--xs-first vce-col--sm-last vce-col--sm-first vce-col--md-last vce-col--lg-last vce-col--xl-last vce-col--md-first vce-col--lg-first vce-col--xl-first\" id=\"el-fb8db630\"><div class=\"vce-col-inner\" data-vce-do-apply=\"border margin background  el-fb8db630\"><div class=\"vce-col-content\" data-vce-element-content=\"true\" data-vce-do-apply=\"padding el-fb8db630\"><div class=\"vce vce-separator-with-title-container vce-separator-with-title--align-center\" id=\"el-b3e05821\" data-vce-do-apply=\"margin el-b3e05821\"><div class=\"vce-separator-with-title vce-separator-with-title--color-b-56-87-36 vce-separator-with-title--width-54\" data-vce-do-apply=\"border padding background  el-b3e05821\"><div class=\"vce-separator-with-title--line vce-separator-with-title--line--style-solid vce-separator-with-title-line--thickness-1 vce-separator-with-title--line-left\"><\/div><h3 class=\"vce-separator-with-title--title vce-separator-with-title--title--color-b-56-87-36\">ASTRO-CHAMANISME ATELIERS PR\u00c9SENTIELS<\/h3><div class=\"vce-separator-with-title--line vce-separator-with-title--line--style-solid vce-separator-with-title-line--thickness-1 vce-separator-with-title--line-right\"><\/div><\/div><\/div><div class=\"vce vce-separator-container vce-separator--align-center vce-separator--style-shadow\" id=\"el-8e7114fa\" data-vce-do-apply=\"margin el-8e7114fa\"><div class=\"vce-separator vce-separator--color-b-56-87-36 vce-separator--width-100 vce-separator--thickness-1\" data-vce-do-apply=\"border padding background  el-8e7114fa\"><div class=\"vce-separator-shadow vce-separator-shadow-left\"><\/div><div class=\"vce-separator-shadow vce-separator-shadow-right\"><\/div><\/div><\/div><\/div><\/div><\/div><\/div><\/div><\/div><\/div><\/div><\/div><\/div><\/div><\/div><div class=\"vce-row-container\" data-vce-boxed-width=\"true\"><div class=\"vce-row vce-element--has-background vce-row--col-gap-30 vce-row-equal-height vce-row-content--top\" id=\"el-4e99c791\" data-vce-do-apply=\"all el-4e99c791\"><div class=\"vce-content-background-container\"><\/div><div class=\"vce-row-content\" data-vce-element-content=\"true\"><div class=\"vce-col vce-col--md-auto vce-col--xs-1 vce-col--xs-last vce-col--xs-first vce-col--sm-last vce-col--sm-first vce-col--md-last vce-col--lg-last vce-col--xl-last vce-col--md-first vce-col--lg-first vce-col--xl-first\" id=\"el-a33838af\"><div class=\"vce-col-inner\" data-vce-do-apply=\"border margin background  el-a33838af\"><div class=\"vce-col-content\" data-vce-element-content=\"true\" data-vce-do-apply=\"padding el-a33838af\"><div class=\"vce-row-container\" data-vce-boxed-width=\"true\"><div class=\"vce-row vce-row--has-col-background vce-row--col-gap-30 vce-row-equal-height vce-row-content--top\" id=\"el-912e33c1\" data-vce-do-apply=\"all el-912e33c1\"><div class=\"vce-row-content\" data-vce-element-content=\"true\"><div class=\"vce-col vce-element--has-background vce-col--md-auto vce-col--xs-1 vce-col--xs-last vce-col--xs-first vce-col--sm-last vce-col--sm-first vce-col--md-last vce-col--lg-last vce-col--xl-last vce-col--md-first vce-col--lg-first vce-col--xl-first\" id=\"el-7d4c3467\"><div class=\"vce-col-inner\" data-vce-do-apply=\"border margin background  el-7d4c3467\"><div class=\"vce-content-background-container\"><\/div><div class=\"vce-col-content\" data-vce-element-content=\"true\" data-vce-do-apply=\"padding el-7d4c3467\"><div class=\"vce-single-image-container vce-single-image--align-center\"><div class=\"vce vce-single-image-wrapper\" id=\"el-7eb37147\" data-vce-do-apply=\"all el-7eb37147\"><figure><div class=\"vce-single-image-figure-inner\" style=\"width: 828px;\"><div class=\"vce-single-image-inner vce-single-image--absolute vce-single-image--border-rounded\" style=\"width: 100%; padding-bottom: 75.8454%;\"><img decoding=\"async\" class=\"vce-single-image\"  width=\"828\" height=\"628\" srcset=\"https:\/\/chamanismedelaterre.fr\/wp-content\/uploads\/2023\/06\/IMG-4542-e1688053786993-320x243.jpg 320w, https:\/\/chamanismedelaterre.fr\/wp-content\/uploads\/2023\/06\/IMG-4542-e1688053786993-480x364.jpg 480w, https:\/\/chamanismedelaterre.fr\/wp-content\/uploads\/2023\/06\/IMG-4542-e1688053786993-800x607.jpg 800w, https:\/\/i0.wp.com\/chamanismedelaterre.fr\/wp-content\/uploads\/2023\/07\/IMG-4542-e1688053786993-828x628.jpg?resize=828%2C628&#038;ssl=1 828w\" src=\"https:\/\/i0.wp.com\/chamanismedelaterre.fr\/wp-content\/uploads\/2023\/07\/IMG-4542-e1688053786993-828x628.jpg?resize=828%2C628&#038;ssl=1\" data-img-src=\"https:\/\/chamanismedelaterre.fr\/wp-content\/uploads\/2023\/06\/IMG-4542-e1688053786993.jpg\" data-attachment-id=\"2005\"  alt=\"\" title=\"Kat &amp; moi\" data-recalc-dims=\"1\" \/><\/div><\/div><figcaption hidden=\"\"><\/figcaption><\/figure><\/div><\/div><div class=\"vce-text-block\"><div class=\"vce-text-block-wrapper vce\" id=\"el-a019b093\" data-vce-do-apply=\"all el-a019b093\"><p style=\"text-align: justify;\">Je Suis Marie-Ange. Je Suis Katara. <br>Nous sommes Un au sein du Grand Tout.<\/p><p style=\"text-align: justify;\">C\u2019est avec Gratitude et Amour que nous vous pr\u00e9sentons l\u2019Union de nos M\u00e9decines r\u00e9ciproques, deux Savoirs Ancestraux et Universels, qui donnent aujourd\u2019hui naissance \u00e0 cette Terc\u00e9rit\u00e9 Sacr\u00e9e : \u00ab&nbsp;l\u2019Astro-Chamanisme&nbsp;\u00bb.<\/p><p style=\"text-align: justify;\">Cocr\u00e9ations, gu\u00e9risons profondes, retraites Astro-Chamaniques en France et en Espagne\u2026<\/p><p style=\"text-align: justify;\">Les Ateliers Pr\u00e9sentiels en Astro-Chamanisme sont dirig\u00e9s tant aux personnes novices qui ressentent cet appel interne \u00e0 s\u2019initier sur leur voie spirituelle, qu\u2019aux plus exp\u00e9riment\u00e9es qui ont d\u00e9j\u00e0 commenc\u00e9 \u00e0 cheminer, que ce soit dans l'Art du Chamanisme comme de l'Astrologie.<\/p><p>Ils apportent le savoir, les connaissances et l'accompagnement n\u00e9cessaires pour vous guider vers votre gu\u00e9rison et \u00e9l\u00e9vation de Conscience.<\/p><\/div><\/div><div class=\"vce-text-block\"><div class=\"vce-text-block-wrapper vce\" id=\"el-76513f09\" data-vce-do-apply=\"all el-76513f09\"><h2>Ateliers \u00e0 venir<\/h2><\/div><\/div><\/div><\/div><\/div><\/div><\/div><\/div><\/div><\/div><\/div><\/div><\/div><\/div><div class=\"vce-row-container\" data-vce-boxed-width=\"true\"><div class=\"vce-row vce-row--col-gap-30 vce-row-equal-height vce-row-content--top\" id=\"el-24f0f1ce\" data-vce-do-apply=\"all el-24f0f1ce\"><div class=\"vce-row-content\" data-vce-element-content=\"true\"><div class=\"vce-col vce-col--md-auto vce-col--xs-1 vce-col--xs-last vce-col--xs-first vce-col--sm-last vce-col--sm-first vce-col--md-last vce-col--lg-last vce-col--xl-last vce-col--md-first vce-col--lg-first vce-col--xl-first\" id=\"el-fb50560b\"><div class=\"vce-col-inner\" data-vce-do-apply=\"border margin background  el-fb50560b\"><div class=\"vce-col-content\" data-vce-element-content=\"true\" data-vce-do-apply=\"padding el-fb50560b\"><div class=\"vce-shortcode\"><div class=\"vce-shortcode-wrapper vce\" id=\"el-7929a63e\" data-vce-do-apply=\"all el-7929a63e\"><div class=\"woocommerce columns-4\"><ul class=\"products columns-4\">\n<li class=\"product type-product post-2007 status-publish first instock product_cat-astro-chamanisme-ateliers-presentiels has-post-thumbnail taxable shipping-taxable purchasable product-type-simple\">\n\t<a href=\"https:\/\/chamanismedelaterre.fr\/es\/product\/integration-des-polarites-le-soleil-et-la-lune-19-et-20-aout-2023-a-pignans-83\/\" class=\"woocommerce-LoopProduct-link woocommerce-loop-product__link\"><div class=\"product-img\"><img width=\"300\" height=\"300\" src=\"https:\/\/i0.wp.com\/chamanismedelaterre.fr\/wp-content\/uploads\/2023\/06\/photo_2023-06-27_17-24-30.jpg?resize=300%2C300&amp;ssl=1\" class=\"attachment-woocommerce_thumbnail size-woocommerce_thumbnail\" alt=\"\" srcset=\"https:\/\/i0.wp.com\/chamanismedelaterre.fr\/wp-content\/uploads\/2023\/06\/photo_2023-06-27_17-24-30.jpg?resize=150%2C150&amp;ssl=1 150w, https:\/\/i0.wp.com\/chamanismedelaterre.fr\/wp-content\/uploads\/2023\/06\/photo_2023-06-27_17-24-30.jpg?resize=12%2C12&amp;ssl=1 12w, https:\/\/i0.wp.com\/chamanismedelaterre.fr\/wp-content\/uploads\/2023\/06\/photo_2023-06-27_17-24-30.jpg?resize=24%2C24&amp;ssl=1 24w, https:\/\/i0.wp.com\/chamanismedelaterre.fr\/wp-content\/uploads\/2023\/06\/photo_2023-06-27_17-24-30.jpg?resize=36%2C36&amp;ssl=1 36w, https:\/\/i0.wp.com\/chamanismedelaterre.fr\/wp-content\/uploads\/2023\/06\/photo_2023-06-27_17-24-30.jpg?resize=48%2C48&amp;ssl=1 48w, https:\/\/i0.wp.com\/chamanismedelaterre.fr\/wp-content\/uploads\/2023\/06\/photo_2023-06-27_17-24-30.jpg?resize=300%2C300&amp;ssl=1 300w, https:\/\/i0.wp.com\/chamanismedelaterre.fr\/wp-content\/uploads\/2023\/06\/photo_2023-06-27_17-24-30.jpg?resize=100%2C100&amp;ssl=1 100w, https:\/\/i0.wp.com\/chamanismedelaterre.fr\/wp-content\/uploads\/2023\/06\/photo_2023-06-27_17-24-30.jpg?zoom=2&amp;resize=300%2C300&amp;ssl=1 600w\" sizes=\"(max-width: 300px) 100vw, 300px\" \/><\/div><h2 class=\"woocommerce-loop-product__title\">INT\u00c9GRATION DES POLARIT\u00c9S : LE SOLEIL ET LA LUNE &#8211; 19 et 20 ao\u00fbt 2023 \u00e0 Pignans (83)<\/h2>\n\t<span class=\"price\"><span class=\"woocommerce-Price-amount amount\"><bdi>220,00&nbsp;<span class=\"woocommerce-Price-currencySymbol\">&euro;<\/span><\/bdi><\/span><\/span>\n<\/a><a href=\"?add-to-cart=2007\" data-quantity=\"1\" class=\"button product_type_simple add_to_cart_button ajax_add_to_cart\" data-product_id=\"2007\" data-product_sku=\"\" aria-label=\"A\u00f1adir al carrito: \u201cINT\u00c9GRATION DES POLARIT\u00c9S : LE SOLEIL ET LA LUNE - 19 et 20 ao\u00fbt 2023 \u00e0 Pignans (83)\u201d\" aria-describedby=\"\" rel=\"nofollow\" data-no-translation=\"\" data-trp-gettext=\"\" data-no-translation-aria-label=\"\">A\u00f1adir al carrito<\/a><\/li>\n<li class=\"product type-product post-2200 status-publish instock product_cat-astro-chamanisme-ateliers-presentiels has-post-thumbnail taxable shipping-taxable purchasable product-type-simple\">\n\t<a href=\"https:\/\/chamanismedelaterre.fr\/es\/product\/integracion-de-las-polaridades-el-sol-y-la-luna-5-y-6-de-agosto-del-2023-en-zamora-espana\/\" class=\"woocommerce-LoopProduct-link woocommerce-loop-product__link\"><div class=\"product-img\"><img width=\"300\" height=\"300\" src=\"https:\/\/i0.wp.com\/chamanismedelaterre.fr\/wp-content\/uploads\/2023\/06\/photo_2023-06-27_17-24-30.jpg?resize=300%2C300&amp;ssl=1\" class=\"attachment-woocommerce_thumbnail size-woocommerce_thumbnail\" alt=\"\" srcset=\"https:\/\/i0.wp.com\/chamanismedelaterre.fr\/wp-content\/uploads\/2023\/06\/photo_2023-06-27_17-24-30.jpg?resize=150%2C150&amp;ssl=1 150w, https:\/\/i0.wp.com\/chamanismedelaterre.fr\/wp-content\/uploads\/2023\/06\/photo_2023-06-27_17-24-30.jpg?resize=12%2C12&amp;ssl=1 12w, https:\/\/i0.wp.com\/chamanismedelaterre.fr\/wp-content\/uploads\/2023\/06\/photo_2023-06-27_17-24-30.jpg?resize=24%2C24&amp;ssl=1 24w, https:\/\/i0.wp.com\/chamanismedelaterre.fr\/wp-content\/uploads\/2023\/06\/photo_2023-06-27_17-24-30.jpg?resize=36%2C36&amp;ssl=1 36w, https:\/\/i0.wp.com\/chamanismedelaterre.fr\/wp-content\/uploads\/2023\/06\/photo_2023-06-27_17-24-30.jpg?resize=48%2C48&amp;ssl=1 48w, https:\/\/i0.wp.com\/chamanismedelaterre.fr\/wp-content\/uploads\/2023\/06\/photo_2023-06-27_17-24-30.jpg?resize=300%2C300&amp;ssl=1 300w, https:\/\/i0.wp.com\/chamanismedelaterre.fr\/wp-content\/uploads\/2023\/06\/photo_2023-06-27_17-24-30.jpg?resize=100%2C100&amp;ssl=1 100w, https:\/\/i0.wp.com\/chamanismedelaterre.fr\/wp-content\/uploads\/2023\/06\/photo_2023-06-27_17-24-30.jpg?zoom=2&amp;resize=300%2C300&amp;ssl=1 600w\" sizes=\"(max-width: 300px) 100vw, 300px\" \/><\/div><h2 class=\"woocommerce-loop-product__title\">INTEGRACI\u00d3N DE LAS POLARIDADES : EL SOL Y LA LUNA &#8211; 5 y 6 de agosto del 2023 en Zamora (Espa\u00f1a)<\/h2>\n\t<span class=\"price\"><span class=\"woocommerce-Price-amount amount\"><bdi>200,00&nbsp;<span class=\"woocommerce-Price-currencySymbol\">&euro;<\/span><\/bdi><\/span><\/span>\n<\/a><a href=\"?add-to-cart=2200\" data-quantity=\"1\" class=\"button product_type_simple add_to_cart_button ajax_add_to_cart\" data-product_id=\"2200\" data-product_sku=\"\" aria-label=\"A\u00f1adir al carrito: \u201cINTEGRACI\u00d3N DE LAS POLARIDADES : EL SOL Y LA LUNA - 5 y 6 de agosto del 2023 en Zamora (Espa\u00f1a)\u201d\" aria-describedby=\"\" rel=\"nofollow\" data-no-translation=\"\" data-trp-gettext=\"\" data-no-translation-aria-label=\"\">A\u00f1adir al carrito<\/a><\/li>\n<\/ul>\n<\/div><\/div><\/div><\/div><\/div><\/div><\/div><\/div><\/div>","protected":false},"excerpt":{"rendered":"<p>Nuestra Realidad se define por la dualidad, y en Astrolog\u00eda el Sol y la Luna, los Luminares, son los m\u00e1ximos representantes de esta eterna danza de los opuestos. El Sol representa la polaridad Masculina, el Padre, el Valor, el Brillo, el Poder Personal, la Creatividad, la Confianza, la Autoexpresi\u00f3n, la Acci\u00f3n, el Emprendimiento, la Esperanza, &hellip;<\/p>","protected":false},"author":2,"featured_media":0,"parent":1553,"menu_order":0,"comment_status":"open","ping_status":"open","template":"","meta":{"footnotes":""},"class_list":["post-2003","page","type-page","status-publish","hentry"],"yoast_head":"<!-- This site is optimized with the Yoast SEO plugin v21.8 - https:\/\/yoast.com\/wordpress\/plugins\/seo\/ -->\n<title>ASTRO-CHAMANISME ATELIERS PR\u00c9SENTIELS - CHAMANISME DE LA TERRE<\/title>\n<meta name=\"description\" content=\"D\u00e9couvrez tous les Ateliers Pr\u00e9sentiels en France et en Espagne en Astro-Chamanisme, l&#039;Union de deux Savoirs ancestraux et universels.\" \/>\n<meta name=\"robots\" content=\"index, follow, max-snippet:-1, max-image-preview:large, max-video-preview:-1\" \/>\n<link rel=\"canonical\" href=\"https:\/\/chamanismedelaterre.fr\/es\/astro-chamanisme\/astro-chamanisme-ateliers-presentiels\/\" \/>\n<meta property=\"og:locale\" content=\"es_ES\" \/>\n<meta property=\"og:type\" content=\"article\" \/>\n<meta property=\"og:title\" content=\"ASTRO-CHAMANISME ATELIERS PR\u00c9SENTIELS - CHAMANISME DE LA TERRE\" \/>\n<meta property=\"og:description\" content=\"D\u00e9couvrez tous les Ateliers Pr\u00e9sentiels en France et en Espagne en Astro-Chamanisme, l&#039;Union de deux Savoirs ancestraux et universels.\" \/>\n<meta property=\"og:url\" content=\"https:\/\/chamanismedelaterre.fr\/es\/astro-chamanisme\/astro-chamanisme-ateliers-presentiels\/\" \/>\n<meta property=\"og:site_name\" content=\"CHAMANISME DE LA TERRE\" \/>\n<meta property=\"article:modified_time\" content=\"2023-07-05T15:10:01+00:00\" \/>\n<meta name=\"twitter:card\" content=\"summary_large_image\" \/>\n<meta name=\"twitter:label1\" content=\"Tiempo de lectura\" \/>\n\t<meta name=\"twitter:data1\" content=\"1 minuto\" \/>\n<script type=\"application\/ld+json\" class=\"yoast-schema-graph\">{\"@context\":\"https:\/\/schema.org\",\"@graph\":[{\"@type\":\"WebPage\",\"@id\":\"https:\/\/chamanismedelaterre.fr\/astro-chamanisme\/astro-chamanisme-ateliers-presentiels\/\",\"url\":\"https:\/\/chamanismedelaterre.fr\/astro-chamanisme\/astro-chamanisme-ateliers-presentiels\/\",\"name\":\"ASTRO-CHAMANISME ATELIERS PR\u00c9SENTIELS - CHAMANISME DE LA TERRE\",\"isPartOf\":{\"@id\":\"https:\/\/chamanismedelaterre.fr\/#website\"},\"datePublished\":\"2023-06-29T15:43:30+00:00\",\"dateModified\":\"2023-07-05T15:10:01+00:00\",\"description\":\"D\u00e9couvrez tous les Ateliers Pr\u00e9sentiels en France et en Espagne en Astro-Chamanisme, l'Union de deux Savoirs ancestraux et universels.\",\"breadcrumb\":{\"@id\":\"https:\/\/chamanismedelaterre.fr\/astro-chamanisme\/astro-chamanisme-ateliers-presentiels\/#breadcrumb\"},\"inLanguage\":\"es\",\"potentialAction\":[{\"@type\":\"ReadAction\",\"target\":[\"https:\/\/chamanismedelaterre.fr\/astro-chamanisme\/astro-chamanisme-ateliers-presentiels\/\"]}]},{\"@type\":\"BreadcrumbList\",\"@id\":\"https:\/\/chamanismedelaterre.fr\/astro-chamanisme\/astro-chamanisme-ateliers-presentiels\/#breadcrumb\",\"itemListElement\":[{\"@type\":\"ListItem\",\"position\":1,\"name\":\"Accueil\",\"item\":\"https:\/\/chamanismedelaterre.fr\/\"},{\"@type\":\"ListItem\",\"position\":2,\"name\":\"ASTRO-CHAMANISME\",\"item\":\"https:\/\/chamanismedelaterre.fr\/astro-chamanisme\/\"},{\"@type\":\"ListItem\",\"position\":3,\"name\":\"ASTRO-CHAMANISME ATELIERS PR\u00c9SENTIELS\"}]},{\"@type\":\"WebSite\",\"@id\":\"https:\/\/chamanismedelaterre.fr\/#website\",\"url\":\"https:\/\/chamanismedelaterre.fr\/\",\"name\":\"CHAMANISME DE LA TERRE\",\"description\":\"CHAMANISME DE LA TERRE? Marie-Ange Fernandez\",\"potentialAction\":[{\"@type\":\"SearchAction\",\"target\":{\"@type\":\"EntryPoint\",\"urlTemplate\":\"https:\/\/chamanismedelaterre.fr\/?s={search_term_string}\"},\"query-input\":\"required name=search_term_string\"}],\"inLanguage\":\"es\"}]}<\/script>\n<!-- \/ Yoast SEO plugin. -->","yoast_head_json":{"title":"ASTRO-CHAMANISME ATELIERS PR\u00c9SENTIELS - CHAMANISME DE LA TERRE","description":"D\u00e9couvrez tous les Ateliers Pr\u00e9sentiels en France et en Espagne en Astro-Chamanisme, l'Union de deux Savoirs ancestraux et universels.","robots":{"index":"index","follow":"follow","max-snippet":"max-snippet:-1","max-image-preview":"max-image-preview:large","max-video-preview":"max-video-preview:-1"},"canonical":"https:\/\/chamanismedelaterre.fr\/es\/astro-chamanisme\/astro-chamanisme-ateliers-presentiels\/","og_locale":"es_ES","og_type":"article","og_title":"ASTRO-CHAMANISME ATELIERS PR\u00c9SENTIELS - CHAMANISME DE LA TERRE","og_description":"D\u00e9couvrez tous les Ateliers Pr\u00e9sentiels en France et en Espagne en Astro-Chamanisme, l'Union de deux Savoirs ancestraux et universels.","og_url":"https:\/\/chamanismedelaterre.fr\/es\/astro-chamanisme\/astro-chamanisme-ateliers-presentiels\/","og_site_name":"CHAMANISME DE LA TERRE","article_modified_time":"2023-07-05T15:10:01+00:00","twitter_card":"summary_large_image","twitter_misc":{"Tiempo de lectura":"1 minuto"},"schema":{"@context":"https:\/\/schema.org","@graph":[{"@type":"WebPage","@id":"https:\/\/chamanismedelaterre.fr\/astro-chamanisme\/astro-chamanisme-ateliers-presentiels\/","url":"https:\/\/chamanismedelaterre.fr\/astro-chamanisme\/astro-chamanisme-ateliers-presentiels\/","name":"ASTRO-CHAMANISME ATELIERS PR\u00c9SENTIELS - CHAMANISME DE LA TERRE","isPartOf":{"@id":"https:\/\/chamanismedelaterre.fr\/#website"},"datePublished":"2023-06-29T15:43:30+00:00","dateModified":"2023-07-05T15:10:01+00:00","description":"D\u00e9couvrez tous les Ateliers Pr\u00e9sentiels en France et en Espagne en Astro-Chamanisme, l'Union de deux Savoirs ancestraux et universels.","breadcrumb":{"@id":"https:\/\/chamanismedelaterre.fr\/astro-chamanisme\/astro-chamanisme-ateliers-presentiels\/#breadcrumb"},"inLanguage":"es","potentialAction":[{"@type":"ReadAction","target":["https:\/\/chamanismedelaterre.fr\/astro-chamanisme\/astro-chamanisme-ateliers-presentiels\/"]}]},{"@type":"BreadcrumbList","@id":"https:\/\/chamanismedelaterre.fr\/astro-chamanisme\/astro-chamanisme-ateliers-presentiels\/#breadcrumb","itemListElement":[{"@type":"ListItem","position":1,"name":"Accueil","item":"https:\/\/chamanismedelaterre.fr\/"},{"@type":"ListItem","position":2,"name":"ASTRO-CHAMANISME","item":"https:\/\/chamanismedelaterre.fr\/astro-chamanisme\/"},{"@type":"ListItem","position":3,"name":"ASTRO-CHAMANISME ATELIERS PR\u00c9SENTIELS"}]},{"@type":"WebSite","@id":"https:\/\/chamanismedelaterre.fr\/#website","url":"https:\/\/chamanismedelaterre.fr\/","name":"CHAMANISME DE LA TERRE","description":"CHAMANISME DE LA TERRE? Marie-Ange Fernandez","potentialAction":[{"@type":"SearchAction","target":{"@type":"EntryPoint","urlTemplate":"https:\/\/chamanismedelaterre.fr\/?s={search_term_string}"},"query-input":"required name=search_term_string"}],"inLanguage":"es"}]}},"jetpack_sharing_enabled":true,"_links":{"self":[{"href":"https:\/\/chamanismedelaterre.fr\/es\/wp-json\/wp\/v2\/pages\/2003","targetHints":{"allow":["GET"]}}],"collection":[{"href":"https:\/\/chamanismedelaterre.fr\/es\/wp-json\/wp\/v2\/pages"}],"about":[{"href":"https:\/\/chamanismedelaterre.fr\/es\/wp-json\/wp\/v2\/types\/page"}],"author":[{"embeddable":true,"href":"https:\/\/chamanismedelaterre.fr\/es\/wp-json\/wp\/v2\/users\/2"}],"replies":[{"embeddable":true,"href":"https:\/\/chamanismedelaterre.fr\/es\/wp-json\/wp\/v2\/comments?post=2003"}],"version-history":[{"count":3,"href":"https:\/\/chamanismedelaterre.fr\/es\/wp-json\/wp\/v2\/pages\/2003\/revisions"}],"predecessor-version":[{"id":2142,"href":"https:\/\/chamanismedelaterre.fr\/es\/wp-json\/wp\/v2\/pages\/2003\/revisions\/2142"}],"up":[{"embeddable":true,"href":"https:\/\/chamanismedelaterre.fr\/es\/wp-json\/wp\/v2\/pages\/1553"}],"wp:attachment":[{"href":"https:\/\/chamanismedelaterre.fr\/es\/wp-json\/wp\/v2\/media?parent=2003"}],"curies":[{"name":"wp","href":"https:\/\/api.w.org\/{rel}","templated":true}]}}