{"id":1844,"date":"2023-06-23T01:01:41","date_gmt":"2023-06-22T23:01:41","guid":{"rendered":"https:\/\/chamanismedelaterre.fr\/?page_id=1844"},"modified":"2023-07-05T16:59:50","modified_gmt":"2023-07-05T14:59:50","slug":"actualite","status":"publish","type":"page","link":"https:\/\/chamanismedelaterre.fr\/es\/actualite\/","title":{"rendered":"ACTUALIT\u00c9"},"content":{"rendered":"<div class=\"vce-row-container\" data-vce-boxed-width=\"true\"><div class=\"vce-row vce-row--col-gap-30 vce-row-equal-height vce-row-content--top\" id=\"el-16329f3c\" data-vce-do-apply=\"all el-16329f3c\"><div class=\"vce-row-content\" data-vce-element-content=\"true\"><div class=\"vce-col vce-col--md-auto vce-col--xs-1 vce-col--xs-last vce-col--xs-first vce-col--sm-last vce-col--sm-first vce-col--md-last vce-col--lg-last vce-col--xl-last vce-col--md-first vce-col--lg-first vce-col--xl-first\" id=\"el-579f661d\"><div class=\"vce-col-inner\" data-vce-do-apply=\"border margin background  el-579f661d\"><div class=\"vce-col-content\" data-vce-element-content=\"true\" data-vce-do-apply=\"padding el-579f661d\"><div class=\"vce-row-container\" data-vce-boxed-width=\"true\"><div class=\"vce-row vce-row--col-gap-30 vce-row-equal-height vce-row-content--top\" id=\"el-dcd15d16\" data-vce-do-apply=\"all el-dcd15d16\"><div class=\"vce-row-content\" data-vce-element-content=\"true\"><div class=\"vce-col vce-col--md-auto vce-col--xs-1 vce-col--xs-last vce-col--xs-first vce-col--sm-last vce-col--sm-first vce-col--md-last vce-col--lg-last vce-col--xl-last vce-col--md-first vce-col--lg-first vce-col--xl-first\" id=\"el-41917365\"><div class=\"vce-col-inner\" data-vce-do-apply=\"border margin background  el-41917365\"><div class=\"vce-col-content\" data-vce-element-content=\"true\" data-vce-do-apply=\"padding el-41917365\"><div class=\"vce-row-container\" data-vce-boxed-width=\"true\"><div class=\"vce-row vce-row--col-gap-30 vce-row-equal-height vce-row-content--top\" id=\"el-6e345109\" data-vce-do-apply=\"all el-6e345109\"><div class=\"vce-row-content\" data-vce-element-content=\"true\"><div class=\"vce-col vce-col--md-auto vce-col--xs-1 vce-col--xs-last vce-col--xs-first vce-col--sm-last vce-col--sm-first vce-col--md-last vce-col--lg-last vce-col--xl-last vce-col--md-first vce-col--lg-first vce-col--xl-first\" id=\"el-37006d63\"><div class=\"vce-col-inner\" data-vce-do-apply=\"border margin background  el-37006d63\"><div class=\"vce-col-content\" data-vce-element-content=\"true\" data-vce-do-apply=\"padding el-37006d63\"><div class=\"vce vce-separator-with-title-container vce-separator-with-title--align-center\" id=\"el-f949946a\" data-vce-do-apply=\"margin el-f949946a\"><div class=\"vce-separator-with-title vce-separator-with-title--color-b-56-87-36 vce-separator-with-title--width-100\" data-vce-do-apply=\"border padding background  el-f949946a\"><div class=\"vce-separator-with-title--line vce-separator-with-title--line--style-solid vce-separator-with-title-line--thickness-1 vce-separator-with-title--line-left\"><\/div><h3 class=\"vce-separator-with-title--title vce-separator-with-title--title--color-b-56-87-36\">ACTUALIT\u00c9<\/h3><div class=\"vce-separator-with-title--line vce-separator-with-title--line--style-solid vce-separator-with-title-line--thickness-1 vce-separator-with-title--line-right\"><\/div><\/div><\/div><div class=\"vce vce-separator-container vce-separator--align-center vce-separator--style-shadow\" id=\"el-4a83248c\" data-vce-do-apply=\"margin el-4a83248c\"><div class=\"vce-separator vce-separator--color-b-56-87-36 vce-separator--width-100 vce-separator--thickness-1\" data-vce-do-apply=\"border padding background  el-4a83248c\"><div class=\"vce-separator-shadow vce-separator-shadow-left\"><\/div><div class=\"vce-separator-shadow vce-separator-shadow-right\"><\/div><\/div><\/div><\/div><\/div><\/div><\/div><\/div><\/div><\/div><\/div><\/div><\/div><\/div><\/div><\/div><\/div><\/div><\/div><\/div><\/div><div class=\"vce-row-container\" data-vce-boxed-width=\"true\"><div class=\"vce-row vce-row--has-col-background vce-element--has-background vce-row--col-gap-30 vce-row-equal-height vce-row-content--top\" id=\"el-db994e84\" data-vce-do-apply=\"all el-db994e84\"><div class=\"vce-content-background-container\"><\/div><div class=\"vce-row-content\" data-vce-element-content=\"true\"><div class=\"vce-col vce-element--has-background vce-col--md-auto vce-col--xs-1 vce-col--xs-last vce-col--xs-first vce-col--sm-last vce-col--sm-first vce-col--md-last vce-col--lg-last vce-col--xl-last vce-col--md-first vce-col--lg-first vce-col--xl-first\" id=\"el-0d5a328d\"><div class=\"vce-col-inner\" data-vce-do-apply=\"border margin background  el-0d5a328d\"><div class=\"vce-content-background-container\"><\/div><div class=\"vce-col-content\" data-vce-element-content=\"true\" data-vce-do-apply=\"padding el-0d5a328d\"><div class=\"vce-shortcode\"><div class=\"vce-shortcode-wrapper vce\" id=\"el-9dd07123\" data-vce-do-apply=\"all el-9dd07123\">\t\t<div class=\"bdp-list-main bdp-design-2 bdp-clearfix\">\r\n\t\t\t<div class=\"bdp-post-list bdp-clearfix\">\r\n\t<div class=\"bdp-post-list-content\">\r\n\t\t\t\t<div class=\"bdp-medium-6 bdp-columns\">\r\n\t\t\t<div class=\"bdp-post-image-bg\">\r\n\t\t\t\t<a href=\"https:\/\/chamanismedelaterre.fr\/es\/cycle-2024-2025-initiation-a-la-pratique-chamanique-1er-septembre-2024-au-centre-elise-ma-a-vidauban-83\/\">\r\n\t\t\t\t\t<img src=\"https:\/\/i0.wp.com\/chamanismedelaterre.fr\/wp-content\/uploads\/2023\/10\/Tambour-Medecine-Cycle-2024-2025.png?fit=819%2C1024&#038;ssl=1\" alt=\"CYCLE 2024-2025 : INITIATION A LA PRATIQUE CHAMANIQUE &#8211; 1er septembre 2024 au Centre Elise Ma \u00e0 Vidauban (83)\" \/>\r\n\t\t\t\t<\/a>\r\n\t\t\t<\/div>\r\n\t\t<\/div>\r\n\t\t\r\n\t\t<div class=\"bdp-medium-6 bdp-columns\">\r\n\t\t\t\r\n\t\t\t<h2 class=\"bdp-post-title\">\r\n\t\t\t\t<a href=\"https:\/\/chamanismedelaterre.fr\/es\/cycle-2024-2025-initiation-a-la-pratique-chamanique-1er-septembre-2024-au-centre-elise-ma-a-vidauban-83\/\">CYCLE 2024-2025 : INITIATION A LA PRATIQUE CHAMANIQUE &#8211; 1er septembre 2024 au Centre Elise Ma \u00e0 Vidauban (83)<\/a>\r\n\t\t\t<\/h2>\r\n\t\t\t\t\r\n\t\t\t\t\t\t\t<div class=\"bdp-post-meta\">\r\n\t\t\t\t\t\t\t\t\t\t<span class=\"bdp-post-meta-innr bdp-time\">21 octubre 2023<\/span>\r\n\t\t\t\t\t\t\r\n\t\t\t\t<\/div>\r\n\t\t\t\t\t\t<div class=\"bdp-post-content\">\r\n\t\t\t\t<div class=\"bdp-post-short-content\"><\/div>\r\n\t\t\t\t\t\t\t\t<a href=\"https:\/\/chamanismedelaterre.fr\/es\/cycle-2024-2025-initiation-a-la-pratique-chamanique-1er-septembre-2024-au-centre-elise-ma-a-vidauban-83\/\" class=\"bdp-readmorebtn\">Leer m\u00e1s<\/a>\r\n\t\t\t\t\t\t\t<\/div>\r\n\t\t\t\t\t<\/div>\r\n\t<\/div>\r\n<\/div>\t\t<\/div>\t\t\r\n\t\t<\/div><\/div><\/div><\/div><\/div><\/div><\/div><\/div>","protected":false},"excerpt":{"rendered":"<p>ACTUALIT\u00c9<\/p>","protected":false},"author":1,"featured_media":0,"parent":0,"menu_order":0,"comment_status":"closed","ping_status":"closed","template":"","meta":{"footnotes":""},"class_list":["post-1844","page","type-page","status-publish","hentry"],"yoast_head":"<!-- This site is optimized with the Yoast SEO plugin v21.8 - https:\/\/yoast.com\/wordpress\/plugins\/seo\/ -->\n<title>ACTUALIT\u00c9 - CHAMANISME DE LA TERRE<\/title>\n<meta name=\"description\" content=\"D\u00e9couvrez toute l&#039;actualit\u00e9, les \u00e9v\u00e9nements, les Ateliers Pr\u00e9sentiels et les Enseignements Distanciels \u00e0 venir.\" \/>\n<meta name=\"robots\" content=\"index, follow, max-snippet:-1, max-image-preview:large, max-video-preview:-1\" \/>\n<link rel=\"canonical\" href=\"https:\/\/chamanismedelaterre.fr\/es\/actualite\/\" \/>\n<meta property=\"og:locale\" content=\"es_ES\" \/>\n<meta property=\"og:type\" content=\"article\" \/>\n<meta property=\"og:title\" content=\"ACTUALIT\u00c9 - CHAMANISME DE LA TERRE\" \/>\n<meta property=\"og:description\" content=\"D\u00e9couvrez toute l&#039;actualit\u00e9, les \u00e9v\u00e9nements, les Ateliers Pr\u00e9sentiels et les Enseignements Distanciels \u00e0 venir.\" \/>\n<meta property=\"og:url\" content=\"https:\/\/chamanismedelaterre.fr\/es\/actualite\/\" \/>\n<meta property=\"og:site_name\" content=\"CHAMANISME DE LA TERRE\" \/>\n<meta property=\"article:modified_time\" content=\"2023-07-05T14:59:50+00:00\" \/>\n<meta name=\"twitter:card\" content=\"summary_large_image\" \/>\n<meta name=\"twitter:label1\" content=\"Tiempo de lectura\" \/>\n\t<meta name=\"twitter:data1\" content=\"1 minuto\" \/>\n<script type=\"application\/ld+json\" class=\"yoast-schema-graph\">{\"@context\":\"https:\/\/schema.org\",\"@graph\":[{\"@type\":\"WebPage\",\"@id\":\"https:\/\/chamanismedelaterre.fr\/actualite\/\",\"url\":\"https:\/\/chamanismedelaterre.fr\/actualite\/\",\"name\":\"ACTUALIT\u00c9 - CHAMANISME DE LA TERRE\",\"isPartOf\":{\"@id\":\"https:\/\/chamanismedelaterre.fr\/#website\"},\"datePublished\":\"2023-06-22T23:01:41+00:00\",\"dateModified\":\"2023-07-05T14:59:50+00:00\",\"description\":\"D\u00e9couvrez toute l'actualit\u00e9, les \u00e9v\u00e9nements, les Ateliers Pr\u00e9sentiels et les Enseignements Distanciels \u00e0 venir.\",\"breadcrumb\":{\"@id\":\"https:\/\/chamanismedelaterre.fr\/actualite\/#breadcrumb\"},\"inLanguage\":\"es\",\"potentialAction\":[{\"@type\":\"ReadAction\",\"target\":[\"https:\/\/chamanismedelaterre.fr\/actualite\/\"]}]},{\"@type\":\"BreadcrumbList\",\"@id\":\"https:\/\/chamanismedelaterre.fr\/actualite\/#breadcrumb\",\"itemListElement\":[{\"@type\":\"ListItem\",\"position\":1,\"name\":\"Accueil\",\"item\":\"https:\/\/chamanismedelaterre.fr\/\"},{\"@type\":\"ListItem\",\"position\":2,\"name\":\"ACTUALIT\u00c9\"}]},{\"@type\":\"WebSite\",\"@id\":\"https:\/\/chamanismedelaterre.fr\/#website\",\"url\":\"https:\/\/chamanismedelaterre.fr\/\",\"name\":\"CHAMANISME DE LA TERRE\",\"description\":\"CHAMANISME DE LA TERRE? Marie-Ange Fernandez\",\"potentialAction\":[{\"@type\":\"SearchAction\",\"target\":{\"@type\":\"EntryPoint\",\"urlTemplate\":\"https:\/\/chamanismedelaterre.fr\/?s={search_term_string}\"},\"query-input\":\"required name=search_term_string\"}],\"inLanguage\":\"es\"}]}<\/script>\n<!-- \/ Yoast SEO plugin. -->","yoast_head_json":{"title":"ACTUALIT\u00c9 - CHAMANISME DE LA TERRE","description":"D\u00e9couvrez toute l'actualit\u00e9, les \u00e9v\u00e9nements, les Ateliers Pr\u00e9sentiels et les Enseignements Distanciels \u00e0 venir.","robots":{"index":"index","follow":"follow","max-snippet":"max-snippet:-1","max-image-preview":"max-image-preview:large","max-video-preview":"max-video-preview:-1"},"canonical":"https:\/\/chamanismedelaterre.fr\/es\/actualite\/","og_locale":"es_ES","og_type":"article","og_title":"ACTUALIT\u00c9 - CHAMANISME DE LA TERRE","og_description":"D\u00e9couvrez toute l'actualit\u00e9, les \u00e9v\u00e9nements, les Ateliers Pr\u00e9sentiels et les Enseignements Distanciels \u00e0 venir.","og_url":"https:\/\/chamanismedelaterre.fr\/es\/actualite\/","og_site_name":"CHAMANISME DE LA TERRE","article_modified_time":"2023-07-05T14:59:50+00:00","twitter_card":"summary_large_image","twitter_misc":{"Tiempo de lectura":"1 minuto"},"schema":{"@context":"https:\/\/schema.org","@graph":[{"@type":"WebPage","@id":"https:\/\/chamanismedelaterre.fr\/actualite\/","url":"https:\/\/chamanismedelaterre.fr\/actualite\/","name":"ACTUALIT\u00c9 - CHAMANISME DE LA TERRE","isPartOf":{"@id":"https:\/\/chamanismedelaterre.fr\/#website"},"datePublished":"2023-06-22T23:01:41+00:00","dateModified":"2023-07-05T14:59:50+00:00","description":"D\u00e9couvrez toute l'actualit\u00e9, les \u00e9v\u00e9nements, les Ateliers Pr\u00e9sentiels et les Enseignements Distanciels \u00e0 venir.","breadcrumb":{"@id":"https:\/\/chamanismedelaterre.fr\/actualite\/#breadcrumb"},"inLanguage":"es","potentialAction":[{"@type":"ReadAction","target":["https:\/\/chamanismedelaterre.fr\/actualite\/"]}]},{"@type":"BreadcrumbList","@id":"https:\/\/chamanismedelaterre.fr\/actualite\/#breadcrumb","itemListElement":[{"@type":"ListItem","position":1,"name":"Accueil","item":"https:\/\/chamanismedelaterre.fr\/"},{"@type":"ListItem","position":2,"name":"ACTUALIT\u00c9"}]},{"@type":"WebSite","@id":"https:\/\/chamanismedelaterre.fr\/#website","url":"https:\/\/chamanismedelaterre.fr\/","name":"CHAMANISME DE LA TERRE","description":"CHAMANISME DE LA TERRE? Marie-Ange Fernandez","potentialAction":[{"@type":"SearchAction","target":{"@type":"EntryPoint","urlTemplate":"https:\/\/chamanismedelaterre.fr\/?s={search_term_string}"},"query-input":"required name=search_term_string"}],"inLanguage":"es"}]}},"jetpack_sharing_enabled":true,"_links":{"self":[{"href":"https:\/\/chamanismedelaterre.fr\/es\/wp-json\/wp\/v2\/pages\/1844","targetHints":{"allow":["GET"]}}],"collection":[{"href":"https:\/\/chamanismedelaterre.fr\/es\/wp-json\/wp\/v2\/pages"}],"about":[{"href":"https:\/\/chamanismedelaterre.fr\/es\/wp-json\/wp\/v2\/types\/page"}],"author":[{"embeddable":true,"href":"https:\/\/chamanismedelaterre.fr\/es\/wp-json\/wp\/v2\/users\/1"}],"replies":[{"embeddable":true,"href":"https:\/\/chamanismedelaterre.fr\/es\/wp-json\/wp\/v2\/comments?post=1844"}],"version-history":[{"count":8,"href":"https:\/\/chamanismedelaterre.fr\/es\/wp-json\/wp\/v2\/pages\/1844\/revisions"}],"predecessor-version":[{"id":2138,"href":"https:\/\/chamanismedelaterre.fr\/es\/wp-json\/wp\/v2\/pages\/1844\/revisions\/2138"}],"wp:attachment":[{"href":"https:\/\/chamanismedelaterre.fr\/es\/wp-json\/wp\/v2\/media?parent=1844"}],"curies":[{"name":"wp","href":"https:\/\/api.w.org\/{rel}","templated":true}]}}