{"id":1693,"date":"2023-05-15T11:11:58","date_gmt":"2023-05-15T09:11:58","guid":{"rendered":"https:\/\/chamanismedelaterre.fr\/?page_id=1693"},"modified":"2023-07-06T16:06:07","modified_gmt":"2023-07-06T14:06:07","slug":"tambours-et-hochets-chamaniques","status":"publish","type":"page","link":"https:\/\/chamanismedelaterre.fr\/es\/tambours-et-hochets-chamaniques\/","title":{"rendered":"TAMBOURS ET HOCHETS CHAMANIQUES"},"content":{"rendered":"<div class=\"vce-row-container\" data-vce-boxed-width=\"true\"><div class=\"vce-row vce-row--col-gap-30 vce-row-equal-height vce-row-content--top\" id=\"el-61ee1566\" data-vce-do-apply=\"all el-61ee1566\"><div class=\"vce-row-content\" data-vce-element-content=\"true\"><div class=\"vce-col vce-col--md-auto vce-col--xs-1 vce-col--xs-last vce-col--xs-first vce-col--sm-last vce-col--sm-first vce-col--md-last vce-col--lg-last vce-col--xl-last vce-col--md-first vce-col--lg-first vce-col--xl-first\" id=\"el-5cb7d8bb\"><div class=\"vce-col-inner\" data-vce-do-apply=\"border margin background  el-5cb7d8bb\"><div class=\"vce-col-content\" data-vce-element-content=\"true\" data-vce-do-apply=\"padding el-5cb7d8bb\"><div class=\"vce-row-container\" data-vce-boxed-width=\"true\"><div class=\"vce-row vce-row--col-gap-30 vce-row-equal-height vce-row-content--top\" id=\"el-6aaeead8\" data-vce-do-apply=\"all el-6aaeead8\"><div class=\"vce-row-content\" data-vce-element-content=\"true\"><div class=\"vce-col vce-col--md-auto vce-col--xs-1 vce-col--xs-last vce-col--xs-first vce-col--sm-last vce-col--sm-first vce-col--md-last vce-col--lg-last vce-col--xl-last vce-col--md-first vce-col--lg-first vce-col--xl-first\" id=\"el-fb8db630\"><div class=\"vce-col-inner\" data-vce-do-apply=\"border margin background  el-fb8db630\"><div class=\"vce-col-content\" data-vce-element-content=\"true\" data-vce-do-apply=\"padding el-fb8db630\"><div class=\"vce vce-separator-with-title-container vce-separator-with-title--align-center\" id=\"el-b3e05821\" data-vce-do-apply=\"margin el-b3e05821\"><div class=\"vce-separator-with-title vce-separator-with-title--color-b-56-87-36 vce-separator-with-title--width-100\" data-vce-do-apply=\"border padding background  el-b3e05821\"><div class=\"vce-separator-with-title--line vce-separator-with-title--line--style-solid vce-separator-with-title-line--thickness-1 vce-separator-with-title--line-left\"><\/div><h3 class=\"vce-separator-with-title--title vce-separator-with-title--title--color-b-56-87-36\">TAMBOURS ET HOCHETS CHAMANIQUES <\/h3><div class=\"vce-separator-with-title--line vce-separator-with-title--line--style-solid vce-separator-with-title-line--thickness-1 vce-separator-with-title--line-right\"><\/div><\/div><\/div><div class=\"vce vce-separator-container vce-separator--align-center vce-separator--style-shadow\" id=\"el-8e7114fa\" data-vce-do-apply=\"margin el-8e7114fa\"><div class=\"vce-separator vce-separator--color-b-56-87-36 vce-separator--width-100 vce-separator--thickness-1\" data-vce-do-apply=\"border padding background  el-8e7114fa\"><div class=\"vce-separator-shadow vce-separator-shadow-left\"><\/div><div class=\"vce-separator-shadow vce-separator-shadow-right\"><\/div><\/div><\/div><\/div><\/div><\/div><\/div><\/div><\/div><\/div><\/div><\/div><\/div><\/div><\/div><div class=\"vce-row-container\" data-vce-boxed-width=\"true\"><div class=\"vce-row vce-element--has-background vce-row--col-gap-30 vce-row-equal-height vce-row-content--top\" id=\"el-4e99c791\" data-vce-do-apply=\"all el-4e99c791\"><div class=\"vce-content-background-container\"><\/div><div class=\"vce-row-content\" data-vce-element-content=\"true\"><div class=\"vce-col vce-col--md-auto vce-col--xs-1 vce-col--xs-last vce-col--xs-first vce-col--sm-last vce-col--sm-first vce-col--md-last vce-col--lg-last vce-col--xl-last vce-col--md-first vce-col--lg-first vce-col--xl-first\" id=\"el-a33838af\"><div class=\"vce-col-inner\" data-vce-do-apply=\"border margin background  el-a33838af\"><div class=\"vce-col-content\" data-vce-element-content=\"true\" data-vce-do-apply=\"padding el-a33838af\"><div class=\"vce-row-container\" data-vce-boxed-width=\"true\"><div class=\"vce-row vce-row--has-col-background vce-row--col-gap-30 vce-row-equal-height vce-row-content--top\" id=\"el-912e33c1\" data-vce-do-apply=\"all el-912e33c1\"><div class=\"vce-row-content\" data-vce-element-content=\"true\"><div class=\"vce-col vce-element--has-background vce-col--md-auto vce-col--xs-1 vce-col--xs-last vce-col--xs-first vce-col--sm-last vce-col--sm-first vce-col--md-last vce-col--lg-last vce-col--xl-last vce-col--md-first vce-col--lg-first vce-col--xl-first\" id=\"el-7d4c3467\"><div class=\"vce-col-inner\" data-vce-do-apply=\"border margin background  el-7d4c3467\"><div class=\"vce-content-background-container\"><\/div><div class=\"vce-col-content\" data-vce-element-content=\"true\" data-vce-do-apply=\"padding el-7d4c3467\"><div class=\"vce-simple-image-slider\" style=\"--backgroundPosition: center center; --pointerColor: #fff; --pointerColorHover: rgb(215, 162, 140);\"><div class=\"vce-simple-image-slider-wrapper vce vce-simple-image-slider-shape--rounded\" id=\"el-32adace5\" data-vce-do-apply=\"all el-32adace5\"><div class=\"vce-simple-image-slider-helper vce-simple-image-slider-aspect-ratio--16-9\"><div class=\"vce-simple-image-slider-list\" data-slick-autoplay=\"on\" data-slick-autoplay-delay=\"5000\" data-slick-effect=\"fade\" data-slick-dots=\"on\" data-slick-arrows=\"off\"><div class=\"slick-list\"><div class=\"slick-track\"><div class=\"vce-simple-image-slider-item vc-slick-item\"><div style=\"background-image:url(https:\/\/chamanismedelaterre.fr\/wp-content\/uploads\/2023\/06\/IMG-2509-scaled-e1688135982168.jpg)\" class=\"vce-simple-image-slider-img vce-simple-image-slider-img--scale\"><img decoding=\"async\" class=\"\" src=\"https:\/\/i0.wp.com\/chamanismedelaterre.fr\/wp-content\/uploads\/2023\/06\/IMG-2509-scaled-e1688135982168.jpg?ssl=1\" style=\"opacity:0\" alt=\"\" data-recalc-dims=\"1\"><\/div><\/div><div class=\"vce-simple-image-slider-item vc-slick-item\"><div style=\"background-image:url(https:\/\/chamanismedelaterre.fr\/wp-content\/uploads\/2023\/06\/Munay-scaled.jpeg)\" class=\"vce-simple-image-slider-img vce-simple-image-slider-img--scale\"><img decoding=\"async\" class=\"\" src=\"https:\/\/i0.wp.com\/chamanismedelaterre.fr\/wp-content\/uploads\/2023\/06\/Munay-scaled.jpeg?ssl=1\" style=\"opacity:0\" alt=\"\" data-recalc-dims=\"1\"><\/div><\/div><div class=\"vce-simple-image-slider-item vc-slick-item\"><div style=\"background-image:url(https:\/\/chamanismedelaterre.fr\/wp-content\/uploads\/2023\/06\/IMG-4268-scaled.jpg)\" class=\"vce-simple-image-slider-img vce-simple-image-slider-img--scale\"><img decoding=\"async\" class=\"\" src=\"https:\/\/i0.wp.com\/chamanismedelaterre.fr\/wp-content\/uploads\/2023\/06\/IMG-4268-scaled.jpg?ssl=1\" style=\"opacity:0\" alt=\"\" data-recalc-dims=\"1\"><\/div><\/div><\/div><\/div><\/div><div class=\"vce-simple-image-slider-dots\"><\/div><\/div><\/div><\/div><div class=\"vce-text-block\"><div class=\"vce-text-block-wrapper vce\" id=\"el-a019b093\" data-vce-do-apply=\"all el-a019b093\"><\/div><\/div><div class=\"vce-text-block\"><div class=\"vce-text-block-wrapper vce\" id=\"el-83cf0392\" data-vce-do-apply=\"all el-83cf0392\"><p><div class=\"woocommerce columns-4\"><ul class=\"products columns-4\">\n<li class=\"product type-product post-1754 status-publish first instock product_cat-tambours-chamaniques has-post-thumbnail taxable shipping-taxable purchasable product-type-simple\">\n\t<a href=\"https:\/\/chamanismedelaterre.fr\/es\/product\/tambour-chamanique-cerf-blanc\/\" class=\"woocommerce-LoopProduct-link woocommerce-loop-product__link\"><div class=\"product-img\"><img width=\"300\" height=\"300\" src=\"https:\/\/i0.wp.com\/chamanismedelaterre.fr\/wp-content\/uploads\/2023\/05\/IMG_4125.jpg?resize=300%2C300&amp;ssl=1\" class=\"attachment-woocommerce_thumbnail size-woocommerce_thumbnail\" alt=\"\" srcset=\"https:\/\/i0.wp.com\/chamanismedelaterre.fr\/wp-content\/uploads\/2023\/05\/IMG_4125.jpg?resize=150%2C150&amp;ssl=1 150w, https:\/\/i0.wp.com\/chamanismedelaterre.fr\/wp-content\/uploads\/2023\/05\/IMG_4125.jpg?resize=300%2C300&amp;ssl=1 300w, https:\/\/i0.wp.com\/chamanismedelaterre.fr\/wp-content\/uploads\/2023\/05\/IMG_4125.jpg?resize=100%2C100&amp;ssl=1 100w, https:\/\/i0.wp.com\/chamanismedelaterre.fr\/wp-content\/uploads\/2023\/05\/IMG_4125.jpg?zoom=2&amp;resize=300%2C300&amp;ssl=1 600w, https:\/\/i0.wp.com\/chamanismedelaterre.fr\/wp-content\/uploads\/2023\/05\/IMG_4125.jpg?zoom=3&amp;resize=300%2C300&amp;ssl=1 900w\" sizes=\"(max-width: 300px) 100vw, 300px\" \/><\/div><h2 class=\"woocommerce-loop-product__title\">TAMBOUR CHAMANIQUE \u00ab CERF BLANC \u00bb<\/h2>\n\t<span class=\"price\"><span class=\"woocommerce-Price-amount amount\"><bdi>600,00&nbsp;<span class=\"woocommerce-Price-currencySymbol\">&euro;<\/span><\/bdi><\/span><\/span>\n<\/a><a href=\"?add-to-cart=1754\" data-quantity=\"1\" class=\"button product_type_simple add_to_cart_button ajax_add_to_cart\" data-product_id=\"1754\" data-product_sku=\"\" aria-label=\"A\u00f1adir al carrito: \u201cTAMBOUR CHAMANIQUE \u00ab CERF BLANC \u00bb\u201d\" aria-describedby=\"\" rel=\"nofollow\" data-no-translation=\"\" data-trp-gettext=\"\" data-no-translation-aria-label=\"\">A\u00f1adir al carrito<\/a><\/li>\n<li class=\"product type-product post-2026 status-publish instock product_cat-tambours-chamaniques has-post-thumbnail taxable shipping-taxable purchasable product-type-simple\">\n\t<a href=\"https:\/\/chamanismedelaterre.fr\/es\/product\/tambour-chamanique-siberien\/\" class=\"woocommerce-LoopProduct-link woocommerce-loop-product__link\"><div class=\"product-img\"><img width=\"300\" height=\"300\" src=\"https:\/\/i0.wp.com\/chamanismedelaterre.fr\/wp-content\/uploads\/2023\/06\/IMG_4136.jpg?resize=300%2C300&amp;ssl=1\" class=\"attachment-woocommerce_thumbnail size-woocommerce_thumbnail\" alt=\"\" srcset=\"https:\/\/i0.wp.com\/chamanismedelaterre.fr\/wp-content\/uploads\/2023\/06\/IMG_4136.jpg?resize=150%2C150&amp;ssl=1 150w, https:\/\/i0.wp.com\/chamanismedelaterre.fr\/wp-content\/uploads\/2023\/06\/IMG_4136.jpg?resize=12%2C12&amp;ssl=1 12w, https:\/\/i0.wp.com\/chamanismedelaterre.fr\/wp-content\/uploads\/2023\/06\/IMG_4136.jpg?resize=24%2C24&amp;ssl=1 24w, https:\/\/i0.wp.com\/chamanismedelaterre.fr\/wp-content\/uploads\/2023\/06\/IMG_4136.jpg?resize=36%2C36&amp;ssl=1 36w, https:\/\/i0.wp.com\/chamanismedelaterre.fr\/wp-content\/uploads\/2023\/06\/IMG_4136.jpg?resize=48%2C48&amp;ssl=1 48w, https:\/\/i0.wp.com\/chamanismedelaterre.fr\/wp-content\/uploads\/2023\/06\/IMG_4136.jpg?resize=300%2C300&amp;ssl=1 300w, https:\/\/i0.wp.com\/chamanismedelaterre.fr\/wp-content\/uploads\/2023\/06\/IMG_4136.jpg?resize=100%2C100&amp;ssl=1 100w, https:\/\/i0.wp.com\/chamanismedelaterre.fr\/wp-content\/uploads\/2023\/06\/IMG_4136.jpg?zoom=2&amp;resize=300%2C300&amp;ssl=1 600w, https:\/\/i0.wp.com\/chamanismedelaterre.fr\/wp-content\/uploads\/2023\/06\/IMG_4136.jpg?zoom=3&amp;resize=300%2C300&amp;ssl=1 900w\" sizes=\"(max-width: 300px) 100vw, 300px\" \/><\/div><h2 class=\"woocommerce-loop-product__title\">TAMBOUR CHAMANIQUE \u00ab SIBERIEN \u00bb<\/h2>\n\t<span class=\"price\"><span class=\"woocommerce-Price-amount amount\"><bdi>400,00&nbsp;<span class=\"woocommerce-Price-currencySymbol\">&euro;<\/span><\/bdi><\/span><\/span>\n<\/a><a href=\"?add-to-cart=2026\" data-quantity=\"1\" class=\"button product_type_simple add_to_cart_button ajax_add_to_cart\" data-product_id=\"2026\" data-product_sku=\"\" aria-label=\"A\u00f1adir al carrito: \u201cTAMBOUR CHAMANIQUE \u00ab SIBERIEN \u00bb\u201d\" aria-describedby=\"\" rel=\"nofollow\" data-no-translation=\"\" data-trp-gettext=\"\" data-no-translation-aria-label=\"\">A\u00f1adir al carrito<\/a><\/li>\n<li class=\"product type-product post-2030 status-publish instock product_cat-tambours-chamaniques has-post-thumbnail taxable shipping-taxable purchasable product-type-simple\">\n\t<a href=\"https:\/\/chamanismedelaterre.fr\/es\/product\/tambour-chamanique-buffalo-sacre\/\" class=\"woocommerce-LoopProduct-link woocommerce-loop-product__link\"><div class=\"product-img\"><img width=\"300\" height=\"300\" src=\"https:\/\/i0.wp.com\/chamanismedelaterre.fr\/wp-content\/uploads\/2023\/06\/IMG_4122.jpg?resize=300%2C300&amp;ssl=1\" class=\"attachment-woocommerce_thumbnail size-woocommerce_thumbnail\" alt=\"\" srcset=\"https:\/\/i0.wp.com\/chamanismedelaterre.fr\/wp-content\/uploads\/2023\/06\/IMG_4122.jpg?resize=150%2C150&amp;ssl=1 150w, https:\/\/i0.wp.com\/chamanismedelaterre.fr\/wp-content\/uploads\/2023\/06\/IMG_4122.jpg?resize=300%2C300&amp;ssl=1 300w, https:\/\/i0.wp.com\/chamanismedelaterre.fr\/wp-content\/uploads\/2023\/06\/IMG_4122.jpg?resize=100%2C100&amp;ssl=1 100w, https:\/\/i0.wp.com\/chamanismedelaterre.fr\/wp-content\/uploads\/2023\/06\/IMG_4122.jpg?zoom=2&amp;resize=300%2C300&amp;ssl=1 600w, https:\/\/i0.wp.com\/chamanismedelaterre.fr\/wp-content\/uploads\/2023\/06\/IMG_4122.jpg?zoom=3&amp;resize=300%2C300&amp;ssl=1 900w\" sizes=\"(max-width: 300px) 100vw, 300px\" \/><\/div><h2 class=\"woocommerce-loop-product__title\">TAMBOUR CHAMANIQUE \u00ab BUFFALO SACR\u00c9 \u00bb<\/h2>\n\t<span class=\"price\"><span class=\"woocommerce-Price-amount amount\"><bdi>600,00&nbsp;<span class=\"woocommerce-Price-currencySymbol\">&euro;<\/span><\/bdi><\/span><\/span>\n<\/a><a href=\"?add-to-cart=2030\" data-quantity=\"1\" class=\"button product_type_simple add_to_cart_button ajax_add_to_cart\" data-product_id=\"2030\" data-product_sku=\"\" aria-label=\"A\u00f1adir al carrito: \u201cTAMBOUR CHAMANIQUE \u00ab BUFFALO SACR\u00c9 \u00bb\u201d\" aria-describedby=\"\" rel=\"nofollow\" data-no-translation=\"\" data-trp-gettext=\"\" data-no-translation-aria-label=\"\">A\u00f1adir al carrito<\/a><\/li>\n<li class=\"product type-product post-2079 status-publish last instock product_cat-tambours-chamaniques has-post-thumbnail taxable shipping-taxable purchasable product-type-simple\">\n\t<a href=\"https:\/\/chamanismedelaterre.fr\/es\/product\/hochet-chamanique-baton-de-sorcier\/\" class=\"woocommerce-LoopProduct-link woocommerce-loop-product__link\"><div class=\"product-img\"><img width=\"300\" height=\"300\" src=\"https:\/\/i0.wp.com\/chamanismedelaterre.fr\/wp-content\/uploads\/2023\/06\/IMG_4951-1-scaled.jpg?resize=300%2C300&amp;ssl=1\" class=\"attachment-woocommerce_thumbnail size-woocommerce_thumbnail\" alt=\"\" srcset=\"https:\/\/i0.wp.com\/chamanismedelaterre.fr\/wp-content\/uploads\/2023\/06\/IMG_4951-1-scaled.jpg?resize=150%2C150&amp;ssl=1 150w, https:\/\/i0.wp.com\/chamanismedelaterre.fr\/wp-content\/uploads\/2023\/06\/IMG_4951-1-scaled.jpg?resize=300%2C300&amp;ssl=1 300w, https:\/\/i0.wp.com\/chamanismedelaterre.fr\/wp-content\/uploads\/2023\/06\/IMG_4951-1-scaled.jpg?resize=100%2C100&amp;ssl=1 100w, https:\/\/i0.wp.com\/chamanismedelaterre.fr\/wp-content\/uploads\/2023\/06\/IMG_4951-1-scaled.jpg?zoom=2&amp;resize=300%2C300&amp;ssl=1 600w, https:\/\/i0.wp.com\/chamanismedelaterre.fr\/wp-content\/uploads\/2023\/06\/IMG_4951-1-scaled.jpg?zoom=3&amp;resize=300%2C300&amp;ssl=1 900w\" sizes=\"(max-width: 300px) 100vw, 300px\" \/><\/div><h2 class=\"woocommerce-loop-product__title\">HOCHET CHAMANIQUE \u00ab B\u00c2TON DE SORCIER \u00bb<\/h2>\n\t<span class=\"price\"><span class=\"woocommerce-Price-amount amount\"><bdi>210,00&nbsp;<span class=\"woocommerce-Price-currencySymbol\">&euro;<\/span><\/bdi><\/span><\/span>\n<\/a><a href=\"?add-to-cart=2079\" data-quantity=\"1\" class=\"button product_type_simple add_to_cart_button ajax_add_to_cart\" data-product_id=\"2079\" data-product_sku=\"\" aria-label=\"A\u00f1adir al carrito: \u201cHOCHET CHAMANIQUE \u00ab B\u00c2TON DE SORCIER \u00bb\u201d\" aria-describedby=\"\" rel=\"nofollow\" data-no-translation=\"\" data-trp-gettext=\"\" data-no-translation-aria-label=\"\">A\u00f1adir al carrito<\/a><\/li>\n<li class=\"product type-product post-2085 status-publish first instock product_cat-tambours-chamaniques has-post-thumbnail taxable shipping-taxable purchasable product-type-simple\">\n\t<a href=\"https:\/\/chamanismedelaterre.fr\/es\/product\/hochet-chamanique-cuerno-sagrado\/\" class=\"woocommerce-LoopProduct-link woocommerce-loop-product__link\"><div class=\"product-img\"><img width=\"300\" height=\"300\" src=\"https:\/\/i0.wp.com\/chamanismedelaterre.fr\/wp-content\/uploads\/2023\/06\/IMG_4953-scaled.jpg?resize=300%2C300&amp;ssl=1\" class=\"attachment-woocommerce_thumbnail size-woocommerce_thumbnail\" alt=\"\" srcset=\"https:\/\/i0.wp.com\/chamanismedelaterre.fr\/wp-content\/uploads\/2023\/06\/IMG_4953-scaled.jpg?resize=150%2C150&amp;ssl=1 150w, https:\/\/i0.wp.com\/chamanismedelaterre.fr\/wp-content\/uploads\/2023\/06\/IMG_4953-scaled.jpg?resize=300%2C300&amp;ssl=1 300w, https:\/\/i0.wp.com\/chamanismedelaterre.fr\/wp-content\/uploads\/2023\/06\/IMG_4953-scaled.jpg?resize=100%2C100&amp;ssl=1 100w, https:\/\/i0.wp.com\/chamanismedelaterre.fr\/wp-content\/uploads\/2023\/06\/IMG_4953-scaled.jpg?zoom=2&amp;resize=300%2C300&amp;ssl=1 600w, https:\/\/i0.wp.com\/chamanismedelaterre.fr\/wp-content\/uploads\/2023\/06\/IMG_4953-scaled.jpg?zoom=3&amp;resize=300%2C300&amp;ssl=1 900w\" sizes=\"(max-width: 300px) 100vw, 300px\" \/><\/div><h2 class=\"woocommerce-loop-product__title\">HOCHET CHAMANIQUE \u00ab CUERNO SAGRADO \u00bb<\/h2>\n\t<span class=\"price\"><span class=\"woocommerce-Price-amount amount\"><bdi>210,00&nbsp;<span class=\"woocommerce-Price-currencySymbol\">&euro;<\/span><\/bdi><\/span><\/span>\n<\/a><a href=\"?add-to-cart=2085\" data-quantity=\"1\" class=\"button product_type_simple add_to_cart_button ajax_add_to_cart\" data-product_id=\"2085\" data-product_sku=\"\" aria-label=\"A\u00f1adir al carrito: \u201cHOCHET CHAMANIQUE \u00ab CUERNO SAGRADO \u00bb\u201d\" aria-describedby=\"\" rel=\"nofollow\" data-no-translation=\"\" data-trp-gettext=\"\" data-no-translation-aria-label=\"\">A\u00f1adir al carrito<\/a><\/li>\n<li class=\"product type-product post-2400 status-publish instock product_cat-tambours-chamaniques has-post-thumbnail taxable shipping-taxable purchasable product-type-simple\">\n\t<a href=\"https:\/\/chamanismedelaterre.fr\/es\/product\/tambour-chamanique-rose-de-venus\/\" class=\"woocommerce-LoopProduct-link woocommerce-loop-product__link\"><div class=\"product-img\"><img width=\"300\" height=\"300\" src=\"https:\/\/i0.wp.com\/chamanismedelaterre.fr\/wp-content\/uploads\/2023\/12\/IMG_5866.jpeg?resize=300%2C300&amp;ssl=1\" class=\"attachment-woocommerce_thumbnail size-woocommerce_thumbnail\" alt=\"Tambour Chamanique Rose de V\u00e9nus\" srcset=\"https:\/\/i0.wp.com\/chamanismedelaterre.fr\/wp-content\/uploads\/2023\/12\/IMG_5866.jpeg?resize=150%2C150&amp;ssl=1 150w, https:\/\/i0.wp.com\/chamanismedelaterre.fr\/wp-content\/uploads\/2023\/12\/IMG_5866.jpeg?resize=300%2C300&amp;ssl=1 300w, https:\/\/i0.wp.com\/chamanismedelaterre.fr\/wp-content\/uploads\/2023\/12\/IMG_5866.jpeg?resize=100%2C100&amp;ssl=1 100w, https:\/\/i0.wp.com\/chamanismedelaterre.fr\/wp-content\/uploads\/2023\/12\/IMG_5866.jpeg?zoom=2&amp;resize=300%2C300&amp;ssl=1 600w, https:\/\/i0.wp.com\/chamanismedelaterre.fr\/wp-content\/uploads\/2023\/12\/IMG_5866.jpeg?zoom=3&amp;resize=300%2C300&amp;ssl=1 900w\" sizes=\"(max-width: 300px) 100vw, 300px\" \/><\/div><h2 class=\"woocommerce-loop-product__title\">TAMBOUR CHAMANIQUE \u00ab\u00a0ROSE DE VENUS\u00a0\u00bb<\/h2>\n\t<span class=\"price\"><span class=\"woocommerce-Price-amount amount\"><bdi>800,00&nbsp;<span class=\"woocommerce-Price-currencySymbol\">&euro;<\/span><\/bdi><\/span><\/span>\n<\/a><a href=\"?add-to-cart=2400\" data-quantity=\"1\" class=\"button product_type_simple add_to_cart_button ajax_add_to_cart\" data-product_id=\"2400\" data-product_sku=\"\" aria-label=\"A\u00f1adir al carrito: \u201cTAMBOUR CHAMANIQUE &quot;ROSE DE VENUS&quot;\u201d\" aria-describedby=\"\" rel=\"nofollow\" data-no-translation=\"\" data-trp-gettext=\"\" data-no-translation-aria-label=\"\">A\u00f1adir al carrito<\/a><\/li>\n<\/ul>\n<\/div><\/p><\/div><\/div><\/div><\/div><\/div><\/div><\/div><\/div><\/div><\/div><\/div><\/div><\/div><\/div>","protected":false},"excerpt":{"rendered":"<p>Dans sa danse avec la Terre autour du Soleil, V\u00e9nus dessine en 8 ans une rose \u00e0 5 p\u00e9tales. Cette \u00e9toile a 5 branches, pentagramme \u00e9labor\u00e9 selon la G\u00e9om\u00e9trie Sacr\u00e9e, symbolise l\u2019Harmonie et l\u2019Amour Universel. Correspondances astrologiques et symbolisme: Le cercle du tambour uni 8 essences de bois qui repr\u00e9sentent les 8 ann\u00e9es de l\u2019orbite &hellip;<\/p>","protected":false},"author":1,"featured_media":0,"parent":0,"menu_order":0,"comment_status":"open","ping_status":"open","template":"","meta":{"footnotes":""},"class_list":["post-1693","page","type-page","status-publish","hentry"],"yoast_head":"<!-- This site is optimized with the Yoast SEO plugin v21.8 - https:\/\/yoast.com\/wordpress\/plugins\/seo\/ -->\n<title>TAMBOURS ET HOCHETS CHAMANIQUES - CHAMANISME DE LA TERRE<\/title>\n<meta name=\"description\" content=\"Les Instruments Sacr\u00e9s, Tambours Chamaniques et Hochets Chamaniques cr\u00e9\u00e9s de mani\u00e8re artisanale et canalis\u00e9e pour la pratique du Chamanisme.\" \/>\n<meta name=\"robots\" content=\"index, follow, max-snippet:-1, max-image-preview:large, max-video-preview:-1\" \/>\n<link rel=\"canonical\" href=\"https:\/\/chamanismedelaterre.fr\/es\/tambours-et-hochets-chamaniques\/\" \/>\n<meta property=\"og:locale\" content=\"es_ES\" \/>\n<meta property=\"og:type\" content=\"article\" \/>\n<meta property=\"og:title\" content=\"TAMBOURS ET HOCHETS CHAMANIQUES - CHAMANISME DE LA TERRE\" \/>\n<meta property=\"og:description\" content=\"Les Instruments Sacr\u00e9s, Tambours Chamaniques et Hochets Chamaniques cr\u00e9\u00e9s de mani\u00e8re artisanale et canalis\u00e9e pour la pratique du Chamanisme.\" \/>\n<meta property=\"og:url\" content=\"https:\/\/chamanismedelaterre.fr\/es\/tambours-et-hochets-chamaniques\/\" \/>\n<meta property=\"og:site_name\" content=\"CHAMANISME DE LA TERRE\" \/>\n<meta property=\"article:modified_time\" content=\"2023-07-06T14:06:07+00:00\" \/>\n<meta name=\"twitter:card\" content=\"summary_large_image\" \/>\n<meta name=\"twitter:label1\" content=\"Tiempo de lectura\" \/>\n\t<meta name=\"twitter:data1\" content=\"1 minuto\" \/>\n<script type=\"application\/ld+json\" class=\"yoast-schema-graph\">{\"@context\":\"https:\/\/schema.org\",\"@graph\":[{\"@type\":\"WebPage\",\"@id\":\"https:\/\/chamanismedelaterre.fr\/tambours-et-hochets-chamaniques\/\",\"url\":\"https:\/\/chamanismedelaterre.fr\/tambours-et-hochets-chamaniques\/\",\"name\":\"TAMBOURS ET HOCHETS CHAMANIQUES - CHAMANISME DE LA TERRE\",\"isPartOf\":{\"@id\":\"https:\/\/chamanismedelaterre.fr\/#website\"},\"datePublished\":\"2023-05-15T09:11:58+00:00\",\"dateModified\":\"2023-07-06T14:06:07+00:00\",\"description\":\"Les Instruments Sacr\u00e9s, Tambours Chamaniques et Hochets Chamaniques cr\u00e9\u00e9s de mani\u00e8re artisanale et canalis\u00e9e pour la pratique du Chamanisme.\",\"breadcrumb\":{\"@id\":\"https:\/\/chamanismedelaterre.fr\/tambours-et-hochets-chamaniques\/#breadcrumb\"},\"inLanguage\":\"es\",\"potentialAction\":[{\"@type\":\"ReadAction\",\"target\":[\"https:\/\/chamanismedelaterre.fr\/tambours-et-hochets-chamaniques\/\"]}]},{\"@type\":\"BreadcrumbList\",\"@id\":\"https:\/\/chamanismedelaterre.fr\/tambours-et-hochets-chamaniques\/#breadcrumb\",\"itemListElement\":[{\"@type\":\"ListItem\",\"position\":1,\"name\":\"Accueil\",\"item\":\"https:\/\/chamanismedelaterre.fr\/\"},{\"@type\":\"ListItem\",\"position\":2,\"name\":\"TAMBOURS ET HOCHETS CHAMANIQUES\"}]},{\"@type\":\"WebSite\",\"@id\":\"https:\/\/chamanismedelaterre.fr\/#website\",\"url\":\"https:\/\/chamanismedelaterre.fr\/\",\"name\":\"CHAMANISME DE LA TERRE\",\"description\":\"CHAMANISME DE LA TERRE? Marie-Ange Fernandez\",\"potentialAction\":[{\"@type\":\"SearchAction\",\"target\":{\"@type\":\"EntryPoint\",\"urlTemplate\":\"https:\/\/chamanismedelaterre.fr\/?s={search_term_string}\"},\"query-input\":\"required name=search_term_string\"}],\"inLanguage\":\"es\"}]}<\/script>\n<!-- \/ Yoast SEO plugin. -->","yoast_head_json":{"title":"TAMBOURS ET HOCHETS CHAMANIQUES - CHAMANISME DE LA TERRE","description":"Les Instruments Sacr\u00e9s, Tambours Chamaniques et Hochets Chamaniques cr\u00e9\u00e9s de mani\u00e8re artisanale et canalis\u00e9e pour la pratique du Chamanisme.","robots":{"index":"index","follow":"follow","max-snippet":"max-snippet:-1","max-image-preview":"max-image-preview:large","max-video-preview":"max-video-preview:-1"},"canonical":"https:\/\/chamanismedelaterre.fr\/es\/tambours-et-hochets-chamaniques\/","og_locale":"es_ES","og_type":"article","og_title":"TAMBOURS ET HOCHETS CHAMANIQUES - CHAMANISME DE LA TERRE","og_description":"Les Instruments Sacr\u00e9s, Tambours Chamaniques et Hochets Chamaniques cr\u00e9\u00e9s de mani\u00e8re artisanale et canalis\u00e9e pour la pratique du Chamanisme.","og_url":"https:\/\/chamanismedelaterre.fr\/es\/tambours-et-hochets-chamaniques\/","og_site_name":"CHAMANISME DE LA TERRE","article_modified_time":"2023-07-06T14:06:07+00:00","twitter_card":"summary_large_image","twitter_misc":{"Tiempo de lectura":"1 minuto"},"schema":{"@context":"https:\/\/schema.org","@graph":[{"@type":"WebPage","@id":"https:\/\/chamanismedelaterre.fr\/tambours-et-hochets-chamaniques\/","url":"https:\/\/chamanismedelaterre.fr\/tambours-et-hochets-chamaniques\/","name":"TAMBOURS ET HOCHETS CHAMANIQUES - CHAMANISME DE LA TERRE","isPartOf":{"@id":"https:\/\/chamanismedelaterre.fr\/#website"},"datePublished":"2023-05-15T09:11:58+00:00","dateModified":"2023-07-06T14:06:07+00:00","description":"Les Instruments Sacr\u00e9s, Tambours Chamaniques et Hochets Chamaniques cr\u00e9\u00e9s de mani\u00e8re artisanale et canalis\u00e9e pour la pratique du Chamanisme.","breadcrumb":{"@id":"https:\/\/chamanismedelaterre.fr\/tambours-et-hochets-chamaniques\/#breadcrumb"},"inLanguage":"es","potentialAction":[{"@type":"ReadAction","target":["https:\/\/chamanismedelaterre.fr\/tambours-et-hochets-chamaniques\/"]}]},{"@type":"BreadcrumbList","@id":"https:\/\/chamanismedelaterre.fr\/tambours-et-hochets-chamaniques\/#breadcrumb","itemListElement":[{"@type":"ListItem","position":1,"name":"Accueil","item":"https:\/\/chamanismedelaterre.fr\/"},{"@type":"ListItem","position":2,"name":"TAMBOURS ET HOCHETS CHAMANIQUES"}]},{"@type":"WebSite","@id":"https:\/\/chamanismedelaterre.fr\/#website","url":"https:\/\/chamanismedelaterre.fr\/","name":"CHAMANISME DE LA TERRE","description":"CHAMANISME DE LA TERRE? Marie-Ange Fernandez","potentialAction":[{"@type":"SearchAction","target":{"@type":"EntryPoint","urlTemplate":"https:\/\/chamanismedelaterre.fr\/?s={search_term_string}"},"query-input":"required name=search_term_string"}],"inLanguage":"es"}]}},"jetpack_sharing_enabled":true,"_links":{"self":[{"href":"https:\/\/chamanismedelaterre.fr\/es\/wp-json\/wp\/v2\/pages\/1693","targetHints":{"allow":["GET"]}}],"collection":[{"href":"https:\/\/chamanismedelaterre.fr\/es\/wp-json\/wp\/v2\/pages"}],"about":[{"href":"https:\/\/chamanismedelaterre.fr\/es\/wp-json\/wp\/v2\/types\/page"}],"author":[{"embeddable":true,"href":"https:\/\/chamanismedelaterre.fr\/es\/wp-json\/wp\/v2\/users\/1"}],"replies":[{"embeddable":true,"href":"https:\/\/chamanismedelaterre.fr\/es\/wp-json\/wp\/v2\/comments?post=1693"}],"version-history":[{"count":6,"href":"https:\/\/chamanismedelaterre.fr\/es\/wp-json\/wp\/v2\/pages\/1693\/revisions"}],"predecessor-version":[{"id":2097,"href":"https:\/\/chamanismedelaterre.fr\/es\/wp-json\/wp\/v2\/pages\/1693\/revisions\/2097"}],"wp:attachment":[{"href":"https:\/\/chamanismedelaterre.fr\/es\/wp-json\/wp\/v2\/media?parent=1693"}],"curies":[{"name":"wp","href":"https:\/\/api.w.org\/{rel}","templated":true}]}}