{"id":1679,"date":"2023-05-14T17:31:19","date_gmt":"2023-05-14T15:31:19","guid":{"rendered":"https:\/\/chamanismedelaterre.fr\/?page_id=1679"},"modified":"2023-09-12T08:30:25","modified_gmt":"2023-09-12T06:30:25","slug":"du-3eme-au-4eme-niveau-de-conscience-hampeq-a-missayuc-artisan-de-lumiere","status":"publish","type":"page","link":"https:\/\/chamanismedelaterre.fr\/es\/du-3eme-au-4eme-niveau-de-conscience-hampeq-a-missayuc-artisan-de-lumiere\/","title":{"rendered":"DU 3\u00c8ME AU 4\u00c8ME NIVEAU DE CONSCIENCE HAMPEQ A MISSAYUC : ARTISAN DE LUMI\u00c8RE"},"content":{"rendered":"<div class=\"vce-row-container\" data-vce-boxed-width=\"true\"><div class=\"vce-row vce-row--col-gap-30 vce-row-equal-height vce-row-content--top\" id=\"el-61ee1566\" data-vce-do-apply=\"all el-61ee1566\"><div class=\"vce-row-content\" data-vce-element-content=\"true\"><div class=\"vce-col vce-col--md-auto vce-col--xs-1 vce-col--xs-last vce-col--xs-first vce-col--sm-last vce-col--sm-first vce-col--md-last vce-col--lg-last vce-col--xl-last vce-col--md-first vce-col--lg-first vce-col--xl-first\" id=\"el-5cb7d8bb\"><div class=\"vce-col-inner\" data-vce-do-apply=\"border margin background  el-5cb7d8bb\"><div class=\"vce-col-content\" data-vce-element-content=\"true\" data-vce-do-apply=\"padding el-5cb7d8bb\"><div class=\"vce-row-container\" data-vce-boxed-width=\"true\"><div class=\"vce-row vce-row--col-gap-30 vce-row-equal-height vce-row-content--top\" id=\"el-6aaeead8\" data-vce-do-apply=\"all el-6aaeead8\"><div class=\"vce-row-content\" data-vce-element-content=\"true\"><div class=\"vce-col vce-col--md-auto vce-col--xs-1 vce-col--xs-last vce-col--xs-first vce-col--sm-last vce-col--sm-first vce-col--md-last vce-col--lg-last vce-col--xl-last vce-col--md-first vce-col--lg-first vce-col--xl-first\" id=\"el-fb8db630\"><div class=\"vce-col-inner\" data-vce-do-apply=\"border margin background  el-fb8db630\"><div class=\"vce-col-content\" data-vce-element-content=\"true\" data-vce-do-apply=\"padding el-fb8db630\"><div class=\"vce vce-separator-with-title-container vce-separator-with-title--align-center\" id=\"el-b3e05821\" data-vce-do-apply=\"margin el-b3e05821\"><div class=\"vce-separator-with-title vce-separator-with-title--color-b-56-87-36 vce-separator-with-title--width-89\" data-vce-do-apply=\"border padding background  el-b3e05821\"><div class=\"vce-separator-with-title--line vce-separator-with-title--line--style-solid vce-separator-with-title-line--thickness-1 vce-separator-with-title--line-left\"><\/div><h3 class=\"vce-separator-with-title--title vce-separator-with-title--title--color-b-56-87-36\">DU 3\u00c8ME AU 4\u00c8ME NIVEAU DE CONSCIENCE \"HAMPEQ A MISSAYUC\" : ARTISAN DE LUMI\u00c8RE<\/h3><div class=\"vce-separator-with-title--line vce-separator-with-title--line--style-solid vce-separator-with-title-line--thickness-1 vce-separator-with-title--line-right\"><\/div><\/div><\/div><div class=\"vce vce-separator-container vce-separator--align-center vce-separator--style-shadow\" id=\"el-8e7114fa\" data-vce-do-apply=\"margin el-8e7114fa\"><div class=\"vce-separator vce-separator--color-b-56-87-36 vce-separator--width-100 vce-separator--thickness-1\" data-vce-do-apply=\"border padding background  el-8e7114fa\"><div class=\"vce-separator-shadow vce-separator-shadow-left\"><\/div><div class=\"vce-separator-shadow vce-separator-shadow-right\"><\/div><\/div><\/div><\/div><\/div><\/div><\/div><\/div><\/div><\/div><\/div><\/div><\/div><\/div><\/div><div class=\"vce-row-container\" data-vce-boxed-width=\"true\"><div class=\"vce-row vce-element--has-background vce-row--col-gap-30 vce-row-equal-height vce-row-content--top\" id=\"el-4e99c791\" data-vce-do-apply=\"all el-4e99c791\"><div class=\"vce-content-background-container\"><\/div><div class=\"vce-row-content\" data-vce-element-content=\"true\"><div class=\"vce-col vce-col--md-auto vce-col--xs-1 vce-col--xs-last vce-col--xs-first vce-col--sm-last vce-col--sm-first vce-col--md-last vce-col--lg-last vce-col--xl-last vce-col--md-first vce-col--lg-first vce-col--xl-first\" id=\"el-a33838af\"><div class=\"vce-col-inner\" data-vce-do-apply=\"border margin background  el-a33838af\"><div class=\"vce-col-content\" data-vce-element-content=\"true\" data-vce-do-apply=\"padding el-a33838af\"><div class=\"vce-row-container\" data-vce-boxed-width=\"true\"><div class=\"vce-row vce-row--has-col-background vce-row--col-gap-30 vce-row-equal-height vce-row-content--top\" id=\"el-912e33c1\" data-vce-do-apply=\"all el-912e33c1\"><div class=\"vce-row-content\" data-vce-element-content=\"true\"><div class=\"vce-col vce-element--has-background vce-col--md-auto vce-col--xs-1 vce-col--xs-last vce-col--xs-first vce-col--sm-last vce-col--sm-first vce-col--md-last vce-col--lg-last vce-col--xl-last vce-col--md-first vce-col--lg-first vce-col--xl-first\" id=\"el-7d4c3467\"><div class=\"vce-col-inner\" data-vce-do-apply=\"border margin background  el-7d4c3467\"><div class=\"vce-content-background-container\"><\/div><div class=\"vce-col-content\" data-vce-element-content=\"true\" data-vce-do-apply=\"padding el-7d4c3467\"><div class=\"vce-text-block\"><div class=\"vce-text-block-wrapper vce\" id=\"el-a019b093\" data-vce-do-apply=\"all el-a019b093\"><p style=\"text-align: justify;\">Le troisi\u00e8me niveau vous permet de cheminer de Hampeq \u00e0 Missayuc afin d'incarner \u00ab <strong>l\u2019Artisan de Lumi\u00e8re<\/strong> \u00bb et d\u2019agir sur votre R\u00e9alit\u00e9 pour participer \u00e0 la cocr\u00e9ation d\u2019une nouvelle Humanit\u00e9. Vous atteindrez ainsi le Quatri\u00e8me Niveau de Conscience et int\u00e9grerez, \u00e0 l\u2019issu d\u2019une C\u00e9r\u00e9monie Traditionnelle Andine offici\u00e9e par les Sacerdotes de la Nation Q\u2019ero sur les Hautes Montagnes Sacr\u00e9es du P\u00e9rou, le pouvoir du Sacerdote andin <em>Pampamissayuc<\/em>.<\/p><p style=\"text-align: justify;\">Tout est juste et parfait. Si vous lisez ces lignes ici et maintenant, c\u2019est que le moment est venu pour vous de r\u00e9pondre \u00e0 l\u2019appel de votre \u00e2me, de vous \u00e9veiller \u00e0 votre v\u00e9ritable nature, et d\u2019\u00e9clairer le monde de votre Lumi\u00e8re.<\/p><p style=\"text-align: justify;\">Dans les Andes, l\u2019Artisan de Lumi\u00e8re correspond au grade sacerdotal Missayuc.<br>Le mot vient de&nbsp;<em>Missa<\/em>&nbsp;qui repr\u00e9sente une porte de double dimensionnalit\u00e9, et de&nbsp;<em>Yuq<\/em>&nbsp;qui repr\u00e9sente celui qui a la ma\u00eetrise d\u2019un plan et poss\u00e8de le portail de la double dimensionnalit\u00e9.<\/p><p style=\"text-align: justify;\">Le Missayuc et l\u2019Artisan de Lumi\u00e8re ont une mission commune : ils ont fait le choix d\u2019incarner sur Terre pour manifester le Plan Divin dans la mati\u00e8re.<br>Leur \u00e2me, intimement reli\u00e9e \u00e0 la Source, est venue r\u00e9pandre l\u2019Amour et la Sagesse afin d\u2019accompagner l\u2019humanit\u00e9 dans son Ascension vers la nouvelle \u00c8re et la nouvelle Dimension.<br>&nbsp;Leur r\u00f4le consiste \u00e0 agir et \u00e0 cocr\u00e9er sur notre plan, dans notre R\u00e9alit\u00e9.<\/p><p style=\"text-align: justify;\">Tous S\u0153urs et Fr\u00e8res, enfants de la Terre-M\u00e8re, c\u2019est dans l\u2019Union de Sororit\u00e9 et de Fraternit\u00e9 qu\u2019ils vont \u0153uvrer \u00e0 inonder de Lumi\u00e8re toute obscurit\u00e9 sur Terre.<br>Accompagn\u00e9s d\u2019\u00catres venant d\u2019autres sph\u00e8res (c\u00e9lestes, stellaires et galactiques) et d\u2019Esprits de la Nature \u00e9manants de la Terre, ils sont le lien entre la Terre et le Cosmos afin de cocr\u00e9er une nouvelle Humanit\u00e9 empreinte d\u2019Amour, de Sagesse, de Bienveillance, de V\u00e9rit\u00e9 et de Connaissance.<\/p><p style=\"text-align: justify;\"><strong><u>PROGRAMME :<\/u><\/strong><\/p><ul><li style=\"text-align: justify;\">Les diff\u00e9rents Artisans de Lumi\u00e8re : origines, caract\u00e9ristiques, missions.<\/li><li style=\"text-align: justify;\">Les diff\u00e9rents Missayuqkuna : caract\u00e9ristiques, instruments sacr\u00e9s, rituels, karpaykuna (Initiations).<\/li><li style=\"text-align: justify;\">Les \u00catres venants d\u2019autres sph\u00e8res : \u00catres c\u00e9lestes, \u00catres stellaires, \u00catres galactiques.<\/li><li style=\"text-align: justify;\">Les Esprits de la Nature : familles \u00e9l\u00e9mentales, communication, cocr\u00e9ation, rituels d\u2019invocation.<\/li><li style=\"text-align: justify;\">La Talismanie : fonctionnement, dur\u00e9e de vie, support, influence des astres, programmation, le pouvoir des plantes, le pouvoir des pierres, les Talismans sib\u00e9riens.<\/li><li style=\"text-align: justify;\">D\u00e9gagement et harmonisation des lieux : fr\u00e9quence vibratoire, Gardien des Lieux, Esprits Alli\u00e9s, Rituel de d\u00e9gagement.<\/li><li style=\"text-align: justify;\">D\u00e9gagement de la Magie Noire : les diff\u00e9rents types d\u2019envo\u00fbtement, le Bas Astral, la guerre chamanique, le choc en retour, les rituels anciens de d\u00e9senvo\u00fbtement, la protection.<\/li><\/ul><\/div><\/div><div class=\"vce-button--style-outline-container vce-button--style-outline-container--align-center\"><span class=\"vce-button--style-outline-wrapper vce\" id=\"el-a156bb1a\" data-vce-do-apply=\"margin el-a156bb1a\"><button class=\"vce-button vce-button--style-outline-animated vce-button--style-outline--border-rounded vce-button--style-outline--size-medium vce-button--style-outline-animated--color-b-56-87-36--fff--3d3d3d vce-button--style-outline-animated--border-color-b-56-87-36--3d3d3d vce-button--style-outline-animated--background-color-b-56-87-36\" data-vce-do-apply=\"padding border background  el-a156bb1a\"><span class=\"vce-button--style-outline-text\">Je m'inscris \u00e0 ce niveau<\/span><\/button><\/span><\/div><\/div><\/div><\/div><\/div><\/div><\/div><\/div><\/div><\/div><\/div><\/div><\/div>","protected":false},"excerpt":{"rendered":"<p>DU 3\u00c8ME AU 4\u00c8ME NIVEAU DE CONSCIENCE \u00ab\u00a0HAMPEQ A MISSAYUC\u00a0\u00bb : ARTISAN DE LUMI\u00c8RELe troisi\u00e8me niveau vous permet de cheminer de Hampeq \u00e0 Missayuc afin d&rsquo;incarner \u00ab l\u2019Artisan de Lumi\u00e8re \u00bb et d\u2019agir sur votre R\u00e9alit\u00e9 pour participer \u00e0 la cocr\u00e9ation d\u2019une nouvelle Humanit\u00e9. Vous atteindrez ainsi le Quatri\u00e8me Niveau de Conscience et int\u00e9grerez, \u00e0 &hellip;<\/p>","protected":false},"author":1,"featured_media":0,"parent":0,"menu_order":0,"comment_status":"open","ping_status":"open","template":"","meta":{"footnotes":""},"class_list":["post-1679","page","type-page","status-publish","hentry"],"yoast_head":"<!-- This site is optimized with the Yoast SEO plugin v21.8 - https:\/\/yoast.com\/wordpress\/plugins\/seo\/ -->\n<title>DU 3\u00c8ME AU 4\u00c8ME NIVEAU DE CONSCIENCE HAMPEQ A MISSAYUC : ARTISAN DE LUMI\u00c8RE - CHAMANISME DE LA TERRE<\/title>\n<meta name=\"description\" content=\"Le troisi\u00e8me niveau r\u00e9v\u00e8le l\u2019Artisan de Lumi\u00e8re en vous, afin d\u2019agir sur notre R\u00e9alit\u00e9 et participer \u00e0 la cocr\u00e9ation d\u2019une nouvelle Humanit\u00e9.\" \/>\n<meta name=\"robots\" content=\"index, follow, max-snippet:-1, max-image-preview:large, max-video-preview:-1\" \/>\n<link rel=\"canonical\" href=\"https:\/\/chamanismedelaterre.fr\/es\/du-3eme-au-4eme-niveau-de-conscience-hampeq-a-missayuc-artisan-de-lumiere\/\" \/>\n<meta property=\"og:locale\" content=\"es_ES\" \/>\n<meta property=\"og:type\" content=\"article\" \/>\n<meta property=\"og:title\" content=\"DU 3\u00c8ME AU 4\u00c8ME NIVEAU DE CONSCIENCE HAMPEQ A MISSAYUC : ARTISAN DE LUMI\u00c8RE - CHAMANISME DE LA TERRE\" \/>\n<meta property=\"og:description\" content=\"Le troisi\u00e8me niveau r\u00e9v\u00e8le l\u2019Artisan de Lumi\u00e8re en vous, afin d\u2019agir sur notre R\u00e9alit\u00e9 et participer \u00e0 la cocr\u00e9ation d\u2019une nouvelle Humanit\u00e9.\" \/>\n<meta property=\"og:url\" content=\"https:\/\/chamanismedelaterre.fr\/es\/du-3eme-au-4eme-niveau-de-conscience-hampeq-a-missayuc-artisan-de-lumiere\/\" \/>\n<meta property=\"og:site_name\" content=\"CHAMANISME DE LA TERRE\" \/>\n<meta property=\"article:modified_time\" content=\"2023-09-12T06:30:25+00:00\" \/>\n<meta name=\"twitter:card\" content=\"summary_large_image\" \/>\n<meta name=\"twitter:label1\" content=\"Tiempo de lectura\" \/>\n\t<meta name=\"twitter:data1\" content=\"3 minutos\" \/>\n<script type=\"application\/ld+json\" class=\"yoast-schema-graph\">{\"@context\":\"https:\/\/schema.org\",\"@graph\":[{\"@type\":\"WebPage\",\"@id\":\"https:\/\/chamanismedelaterre.fr\/du-3eme-au-4eme-niveau-de-conscience-hampeq-a-missayuc-artisan-de-lumiere\/\",\"url\":\"https:\/\/chamanismedelaterre.fr\/du-3eme-au-4eme-niveau-de-conscience-hampeq-a-missayuc-artisan-de-lumiere\/\",\"name\":\"DU 3\u00c8ME AU 4\u00c8ME NIVEAU DE CONSCIENCE HAMPEQ A MISSAYUC : ARTISAN DE LUMI\u00c8RE - CHAMANISME DE LA TERRE\",\"isPartOf\":{\"@id\":\"https:\/\/chamanismedelaterre.fr\/#website\"},\"datePublished\":\"2023-05-14T15:31:19+00:00\",\"dateModified\":\"2023-09-12T06:30:25+00:00\",\"description\":\"Le troisi\u00e8me niveau r\u00e9v\u00e8le l\u2019Artisan de Lumi\u00e8re en vous, afin d\u2019agir sur notre R\u00e9alit\u00e9 et participer \u00e0 la cocr\u00e9ation d\u2019une nouvelle Humanit\u00e9.\",\"breadcrumb\":{\"@id\":\"https:\/\/chamanismedelaterre.fr\/du-3eme-au-4eme-niveau-de-conscience-hampeq-a-missayuc-artisan-de-lumiere\/#breadcrumb\"},\"inLanguage\":\"es\",\"potentialAction\":[{\"@type\":\"ReadAction\",\"target\":[\"https:\/\/chamanismedelaterre.fr\/du-3eme-au-4eme-niveau-de-conscience-hampeq-a-missayuc-artisan-de-lumiere\/\"]}]},{\"@type\":\"BreadcrumbList\",\"@id\":\"https:\/\/chamanismedelaterre.fr\/du-3eme-au-4eme-niveau-de-conscience-hampeq-a-missayuc-artisan-de-lumiere\/#breadcrumb\",\"itemListElement\":[{\"@type\":\"ListItem\",\"position\":1,\"name\":\"Accueil\",\"item\":\"https:\/\/chamanismedelaterre.fr\/\"},{\"@type\":\"ListItem\",\"position\":2,\"name\":\"DU 3\u00c8ME AU 4\u00c8ME NIVEAU DE CONSCIENCE HAMPEQ A MISSAYUC : ARTISAN DE LUMI\u00c8RE\"}]},{\"@type\":\"WebSite\",\"@id\":\"https:\/\/chamanismedelaterre.fr\/#website\",\"url\":\"https:\/\/chamanismedelaterre.fr\/\",\"name\":\"CHAMANISME DE LA TERRE\",\"description\":\"CHAMANISME DE LA TERRE? Marie-Ange Fernandez\",\"potentialAction\":[{\"@type\":\"SearchAction\",\"target\":{\"@type\":\"EntryPoint\",\"urlTemplate\":\"https:\/\/chamanismedelaterre.fr\/?s={search_term_string}\"},\"query-input\":\"required name=search_term_string\"}],\"inLanguage\":\"es\"}]}<\/script>\n<!-- \/ Yoast SEO plugin. -->","yoast_head_json":{"title":"DU 3\u00c8ME AU 4\u00c8ME NIVEAU DE CONSCIENCE HAMPEQ A MISSAYUC : ARTISAN DE LUMI\u00c8RE - CHAMANISME DE LA TERRE","description":"Le troisi\u00e8me niveau r\u00e9v\u00e8le l\u2019Artisan de Lumi\u00e8re en vous, afin d\u2019agir sur notre R\u00e9alit\u00e9 et participer \u00e0 la cocr\u00e9ation d\u2019une nouvelle Humanit\u00e9.","robots":{"index":"index","follow":"follow","max-snippet":"max-snippet:-1","max-image-preview":"max-image-preview:large","max-video-preview":"max-video-preview:-1"},"canonical":"https:\/\/chamanismedelaterre.fr\/es\/du-3eme-au-4eme-niveau-de-conscience-hampeq-a-missayuc-artisan-de-lumiere\/","og_locale":"es_ES","og_type":"article","og_title":"DU 3\u00c8ME AU 4\u00c8ME NIVEAU DE CONSCIENCE HAMPEQ A MISSAYUC : ARTISAN DE LUMI\u00c8RE - CHAMANISME DE LA TERRE","og_description":"Le troisi\u00e8me niveau r\u00e9v\u00e8le l\u2019Artisan de Lumi\u00e8re en vous, afin d\u2019agir sur notre R\u00e9alit\u00e9 et participer \u00e0 la cocr\u00e9ation d\u2019une nouvelle Humanit\u00e9.","og_url":"https:\/\/chamanismedelaterre.fr\/es\/du-3eme-au-4eme-niveau-de-conscience-hampeq-a-missayuc-artisan-de-lumiere\/","og_site_name":"CHAMANISME DE LA TERRE","article_modified_time":"2023-09-12T06:30:25+00:00","twitter_card":"summary_large_image","twitter_misc":{"Tiempo de lectura":"3 minutos"},"schema":{"@context":"https:\/\/schema.org","@graph":[{"@type":"WebPage","@id":"https:\/\/chamanismedelaterre.fr\/du-3eme-au-4eme-niveau-de-conscience-hampeq-a-missayuc-artisan-de-lumiere\/","url":"https:\/\/chamanismedelaterre.fr\/du-3eme-au-4eme-niveau-de-conscience-hampeq-a-missayuc-artisan-de-lumiere\/","name":"DU 3\u00c8ME AU 4\u00c8ME NIVEAU DE CONSCIENCE HAMPEQ A MISSAYUC : ARTISAN DE LUMI\u00c8RE - CHAMANISME DE LA TERRE","isPartOf":{"@id":"https:\/\/chamanismedelaterre.fr\/#website"},"datePublished":"2023-05-14T15:31:19+00:00","dateModified":"2023-09-12T06:30:25+00:00","description":"Le troisi\u00e8me niveau r\u00e9v\u00e8le l\u2019Artisan de Lumi\u00e8re en vous, afin d\u2019agir sur notre R\u00e9alit\u00e9 et participer \u00e0 la cocr\u00e9ation d\u2019une nouvelle Humanit\u00e9.","breadcrumb":{"@id":"https:\/\/chamanismedelaterre.fr\/du-3eme-au-4eme-niveau-de-conscience-hampeq-a-missayuc-artisan-de-lumiere\/#breadcrumb"},"inLanguage":"es","potentialAction":[{"@type":"ReadAction","target":["https:\/\/chamanismedelaterre.fr\/du-3eme-au-4eme-niveau-de-conscience-hampeq-a-missayuc-artisan-de-lumiere\/"]}]},{"@type":"BreadcrumbList","@id":"https:\/\/chamanismedelaterre.fr\/du-3eme-au-4eme-niveau-de-conscience-hampeq-a-missayuc-artisan-de-lumiere\/#breadcrumb","itemListElement":[{"@type":"ListItem","position":1,"name":"Accueil","item":"https:\/\/chamanismedelaterre.fr\/"},{"@type":"ListItem","position":2,"name":"DU 3\u00c8ME AU 4\u00c8ME NIVEAU DE CONSCIENCE HAMPEQ A MISSAYUC : ARTISAN DE LUMI\u00c8RE"}]},{"@type":"WebSite","@id":"https:\/\/chamanismedelaterre.fr\/#website","url":"https:\/\/chamanismedelaterre.fr\/","name":"CHAMANISME DE LA TERRE","description":"CHAMANISME DE LA TERRE? Marie-Ange Fernandez","potentialAction":[{"@type":"SearchAction","target":{"@type":"EntryPoint","urlTemplate":"https:\/\/chamanismedelaterre.fr\/?s={search_term_string}"},"query-input":"required name=search_term_string"}],"inLanguage":"es"}]}},"jetpack_sharing_enabled":true,"_links":{"self":[{"href":"https:\/\/chamanismedelaterre.fr\/es\/wp-json\/wp\/v2\/pages\/1679","targetHints":{"allow":["GET"]}}],"collection":[{"href":"https:\/\/chamanismedelaterre.fr\/es\/wp-json\/wp\/v2\/pages"}],"about":[{"href":"https:\/\/chamanismedelaterre.fr\/es\/wp-json\/wp\/v2\/types\/page"}],"author":[{"embeddable":true,"href":"https:\/\/chamanismedelaterre.fr\/es\/wp-json\/wp\/v2\/users\/1"}],"replies":[{"embeddable":true,"href":"https:\/\/chamanismedelaterre.fr\/es\/wp-json\/wp\/v2\/comments?post=1679"}],"version-history":[{"count":10,"href":"https:\/\/chamanismedelaterre.fr\/es\/wp-json\/wp\/v2\/pages\/1679\/revisions"}],"predecessor-version":[{"id":2288,"href":"https:\/\/chamanismedelaterre.fr\/es\/wp-json\/wp\/v2\/pages\/1679\/revisions\/2288"}],"wp:attachment":[{"href":"https:\/\/chamanismedelaterre.fr\/es\/wp-json\/wp\/v2\/media?parent=1679"}],"curies":[{"name":"wp","href":"https:\/\/api.w.org\/{rel}","templated":true}]}}