{"id":1675,"date":"2023-05-14T17:26:57","date_gmt":"2023-05-14T15:26:57","guid":{"rendered":"https:\/\/chamanismedelaterre.fr\/?page_id=1675"},"modified":"2023-07-06T15:26:32","modified_gmt":"2023-07-06T13:26:32","slug":"produit-du-2eme-au-3eme-niveau-de-conscience-de-runa-a-hampeq-femme-et-homme-medecine","status":"publish","type":"page","link":"https:\/\/chamanismedelaterre.fr\/es\/produit-du-2eme-au-3eme-niveau-de-conscience-de-runa-a-hampeq-femme-et-homme-medecine\/","title":{"rendered":"PRODUIT : DU 2\u00c8ME AU 3\u00c8ME NIVEAU DE CONSCIENCE DE RUNA A HAMPEQ : FEMME ET HOMME-M\u00c9DECINE"},"content":{"rendered":"<div class=\"vce-row-container\" data-vce-boxed-width=\"true\"><div class=\"vce-row vce-element--has-background vce-row--col-gap-30 vce-row-equal-height vce-row-content--top\" id=\"el-4e99c791\" data-vce-do-apply=\"all el-4e99c791\"><div class=\"vce-content-background-container\"><\/div><div class=\"vce-row-content\" data-vce-element-content=\"true\"><div class=\"vce-col vce-col--md-auto vce-col--xs-1 vce-col--xs-last vce-col--xs-first vce-col--sm-last vce-col--sm-first vce-col--md-last vce-col--lg-last vce-col--xl-last vce-col--md-first vce-col--lg-first vce-col--xl-first\" id=\"el-a33838af\"><div class=\"vce-col-inner\" data-vce-do-apply=\"border margin background  el-a33838af\"><div class=\"vce-col-content\" data-vce-element-content=\"true\" data-vce-do-apply=\"padding el-a33838af\"><div class=\"vce-row-container\" data-vce-boxed-width=\"true\"><div class=\"vce-row vce-row--has-col-background vce-row--col-gap-30 vce-row-equal-height vce-row-content--top\" id=\"el-912e33c1\" data-vce-do-apply=\"all el-912e33c1\"><div class=\"vce-row-content\" data-vce-element-content=\"true\"><div class=\"vce-col vce-element--has-background vce-col--md-auto vce-col--xs-1 vce-col--xs-last vce-col--xs-first vce-col--sm-last vce-col--sm-first vce-col--md-last vce-col--lg-last vce-col--xl-last vce-col--md-first vce-col--lg-first vce-col--xl-first\" id=\"el-7d4c3467\"><div class=\"vce-col-inner\" data-vce-do-apply=\"border margin background  el-7d4c3467\"><div class=\"vce-content-background-container\"><\/div><div class=\"vce-col-content\" data-vce-element-content=\"true\" data-vce-do-apply=\"padding el-7d4c3467\"><div class=\"vce-text-block\"><div class=\"vce-text-block-wrapper vce\" id=\"el-879a4e57\" data-vce-do-apply=\"all el-879a4e57\"><p><div class=\"woocommerce\"><\/div><\/p><\/div><\/div><div class=\"vce-text-block\"><div class=\"vce-text-block-wrapper vce\" id=\"el-3304a91a\" data-vce-do-apply=\"all el-3304a91a\"><p><div class=\"woocommerce\">\t\t\t<div class=\"single-product\" data-product-page-preselected-id=\"0\">\n\t\t\t\t<div class=\"woocommerce-notices-wrapper\"><\/div><div id=\"product-1667\" class=\"product type-product post-1667 status-publish first instock product_cat-enseignement-distanciel-en-direct has-post-thumbnail taxable shipping-taxable purchasable product-type-simple\">\n\n\t<div class=\"woocommerce-product-gallery woocommerce-product-gallery--with-images woocommerce-product-gallery--columns-4 images\" data-columns=\"4\" style=\"opacity: 0; transition: opacity .25s ease-in-out;\">\n\t<div class=\"woocommerce-product-gallery__wrapper\">\n\t\t<div data-thumb=\"https:\/\/i0.wp.com\/chamanismedelaterre.fr\/wp-content\/uploads\/2023\/02\/Chakana-TRANSPARENCE.png?fit=100%2C100&#038;ssl=1\" data-thumb-alt=\"\" class=\"woocommerce-product-gallery__image\"><a href=\"https:\/\/i0.wp.com\/chamanismedelaterre.fr\/wp-content\/uploads\/2023\/02\/Chakana-TRANSPARENCE.png?fit=600%2C600&#038;ssl=1\" class=\"woocommerce-product-gallery__trigger\"><span class=\"tie-icon-search-plus\"><\/span><\/a><a href=\"https:\/\/i0.wp.com\/chamanismedelaterre.fr\/wp-content\/uploads\/2023\/02\/Chakana-TRANSPARENCE.png?fit=600%2C600&#038;ssl=1\"><img width=\"600\" height=\"600\" src=\"https:\/\/i0.wp.com\/chamanismedelaterre.fr\/wp-content\/uploads\/2023\/02\/Chakana-TRANSPARENCE.png?fit=600%2C600&amp;ssl=1\" class=\"wp-post-image\" alt=\"\" title=\"Chakana TRANSPARENCE\" data-caption=\"\" data-src=\"https:\/\/i0.wp.com\/chamanismedelaterre.fr\/wp-content\/uploads\/2023\/02\/Chakana-TRANSPARENCE.png?fit=600%2C600&#038;ssl=1\" data-large_image=\"https:\/\/i0.wp.com\/chamanismedelaterre.fr\/wp-content\/uploads\/2023\/02\/Chakana-TRANSPARENCE.png?fit=600%2C600&#038;ssl=1\" data-large_image_width=\"600\" data-large_image_height=\"600\" srcset=\"https:\/\/i0.wp.com\/chamanismedelaterre.fr\/wp-content\/uploads\/2023\/02\/Chakana-TRANSPARENCE.png?w=600&amp;ssl=1 600w, https:\/\/i0.wp.com\/chamanismedelaterre.fr\/wp-content\/uploads\/2023\/02\/Chakana-TRANSPARENCE.png?resize=300%2C300&amp;ssl=1 300w, https:\/\/i0.wp.com\/chamanismedelaterre.fr\/wp-content\/uploads\/2023\/02\/Chakana-TRANSPARENCE.png?resize=100%2C100&amp;ssl=1 100w\" sizes=\"(max-width: 600px) 100vw, 600px\" \/><\/a><\/div>\t<\/div>\n<\/div>\n\n\t<div class=\"summary entry-summary\">\n\t\t<h1 class=\"product_title entry-title\">DU 2\u00c8ME AU 3\u00c8ME NIVEAU DE CONSCIENCE DE RUNA A HAMPEQ : FEMME ET HOMME-M\u00c9DECINE<\/h1><p class=\"price\"><span class=\"woocommerce-Price-amount amount\"><bdi>1260,00&nbsp;<span class=\"woocommerce-Price-currencySymbol\">&euro;<\/span><\/bdi><\/span><\/p>\n<div class=\"woocommerce-product-details__short-description\">\n\t<div class=\"entry\"><p>Le deuxi\u00e8me niveau vous permet d\u2019int\u00e9grer la \u00ab\u00a0<strong>Femme ou Homme-M\u00e9decine<\/strong>\u00a0\u00bb afin d\u2019accompagner et guider votre entourage dans leur propre gu\u00e9rison et \u00e9l\u00e9vation spirituelle. Dans votre cheminement sur le <em>Q\u2019apaq \u00d1an<\/em>, vous vous \u00e9levez alors vers le Troisi\u00e8me Niveau de Conscience appel\u00e9 <em>Hampeq,\u00a0<\/em>le Gu\u00e9risseur.<\/p>\n<\/div><\/div>\n\n\t\n\t<form class=\"cart\" action=\"\" method=\"post\" enctype='multipart\/form-data' data-trp-original-action=\"\">\n\t\t\n\t\t<div class=\"quantity\">\n\t\t<label class=\"screen-reader-text\" for=\"quantity_69db241a32a83\" data-no-translation=\"\" data-trp-gettext=\"\">DU 2\u00c8ME AU 3\u00c8ME NIVEAU DE CONSCIENCE DE RUNA A HAMPEQ : FEMME ET HOMME-M\u00c9DECINE cantidad<\/label>\n\t<input\n\t\ttype=\"number\"\n\t\t\t\tid=\"quantity_69db241a32a83\"\n\t\tclass=\"input-text qty text\"\n\t\tname=\"quantity\"\n\t\tvalue=\"1\"\n\t\taria-label=\"Cantidad de productos\"\n\t\tsize=\"4\"\n\t\tmin=\"1\"\n\t\tmax=\"\"\n\t\t\t\t\tstep=\"1\"\n\t\t\tplaceholder=\"\"\n\t\t\tinputmode=\"numeric\"\n\t\t\tautocomplete=\"off\" data-no-translation-aria-label=\"\"\n\t\t\t\/>\n\t<\/div>\n\n\t\t<button type=\"submit\" name=\"add-to-cart\" value=\"1667\" class=\"single_add_to_cart_button button alt\" data-no-translation=\"\" data-trp-gettext=\"\">A\u00f1adir al carrito<\/button>\n\n\t\t\t<input type=\"hidden\" name=\"trp-form-language\" value=\"es\"\/><\/form>\n\n\t\t\t<div id=\"wc-stripe-payment-request-wrapper\" style=\"margin-top: 1em;clear:both;display:none;\">\n\t\t\t<div id=\"wc-stripe-payment-request-button\">\n\t\t\t\t\t\t\t\t<!-- A Stripe Element will be inserted here. -->\n\t\t\t<\/div>\n\t\t<\/div>\n\t\t\n<div class=\"product_meta\">\n\n\t\n\t\n\t<span class=\"posted_in\">Categor\u00eda: <a href=\"https:\/\/chamanismedelaterre.fr\/es\/product-category\/enseignement-distanciel-en-direct\/\" rel=\"tag\">ENSEIGNEMENT DISTANCIEL EN DIRECT<\/a><\/span>\n\t\n\t\n<\/div>\n\t<\/div>\n\n\t\n\t<div class=\"woocommerce-tabs wc-tabs-wrapper\">\n\t\t<ul class=\"tabs wc-tabs\" role=\"tablist\">\n\t\t\t\t\t\t\t<li class=\"description_tab\" id=\"tab-title-description\" role=\"tab\" aria-controls=\"tab-description\">\n\t\t\t\t\t<a href=\"#tab-description\">\n\t\t\t\t\t\tDescripci\u00f3n\t\t\t\t\t<\/a>\n\t\t\t\t<\/li>\n\t\t\t\t\t<\/ul>\n\t\t\t\t\t<div class=\"woocommerce-Tabs-panel woocommerce-Tabs-panel--description panel entry-content wc-tab\" id=\"tab-description\" role=\"tabpanel\" aria-labelledby=\"tab-title-description\">\n\t\t\t\t\n\n<p>Le deuxi\u00e8me niveau vous permet d\u2019int\u00e9grer la \u00ab\u00a0<strong>Femme ou Homme-M\u00e9decine<\/strong>\u00a0\u00bb afin d\u2019accompagner et guider votre entourage dans leur propre gu\u00e9rison et \u00e9l\u00e9vation spirituelle. Dans votre cheminement sur le <em>Q\u2019apaq \u00d1an<\/em>, vous vous \u00e9levez alors vers le Troisi\u00e8me Niveau de Conscience appel\u00e9 <em>Hampeq,\u00a0<\/em>le Gu\u00e9risseur.<\/p>\n<p><strong>Dates Cursus 2024\/2025 : <\/strong>du 06 octobre 2024 au 18 juin 2025.<\/p>\n<p><strong>Dur\u00e9e\u00a0:<\/strong> 9 mois<\/p>\n<p><strong>Fr\u00e9quence des r\u00e9unions en direct\u00a0: <\/strong>8 heures par mois.<\/p>\n<p><strong>R\u00e9partition\u00a0: <\/strong><\/p>\n<ul>\n<li>Le 1<sup>er<\/sup> dimanche de chaque mois de 9.00 \u00e0 13.00 (4h\/mois)\u00a0: Traditions am\u00e9rindiennes et sib\u00e9riennes (Voyage Chamanique).<\/li>\n<li>2 mercredis par mois de 18.30 \u00e0 20.30 (4h\/mois)\u00a0: Cosmovision Initiatique des Andes (Ritualit\u00e9 et \u00e9l\u00e9vation de Conscience).<\/li>\n<\/ul>\n<p><strong>Le calendrier des dates sera fourni lors de l\u2019inscription.<\/strong><\/p>\n\t\t\t<\/div>\n\t\t\n\t\t\t<\/div>\n\n\n\t<section class=\"related products\">\n\n\t\t\t\t\t<h2 data-no-translation=\"\" data-trp-gettext=\"\">Productos relacionados<\/h2>\n\t\t\t\t\n\t\t<ul class=\"products columns-3\">\n\n\t\t\t\n\t\t\t\t\t<li class=\"product type-product post-1682 status-publish first instock product_cat-enseignement-distanciel-en-direct has-post-thumbnail taxable shipping-taxable purchasable product-type-simple\">\n\t<a href=\"https:\/\/chamanismedelaterre.fr\/es\/product\/du-3eme-au-4eme-niveau-de-conscience-de-hampeq-a-missayuc-artisan-de-lumiere\/\" class=\"woocommerce-LoopProduct-link woocommerce-loop-product__link\"><div class=\"product-img\"><img width=\"300\" height=\"300\" src=\"https:\/\/i0.wp.com\/chamanismedelaterre.fr\/wp-content\/uploads\/2023\/05\/Missha-Andina-e1684149107500.jpeg?resize=300%2C300&amp;ssl=1\" class=\"attachment-woocommerce_thumbnail size-woocommerce_thumbnail\" alt=\"\" srcset=\"https:\/\/i0.wp.com\/chamanismedelaterre.fr\/wp-content\/uploads\/2023\/05\/Missha-Andina-e1684149107500.jpeg?resize=300%2C300&amp;ssl=1 300w, https:\/\/i0.wp.com\/chamanismedelaterre.fr\/wp-content\/uploads\/2023\/05\/Missha-Andina-e1684149107500.jpeg?resize=100%2C100&amp;ssl=1 100w, https:\/\/i0.wp.com\/chamanismedelaterre.fr\/wp-content\/uploads\/2023\/05\/Missha-Andina-e1684149107500.jpeg?zoom=2&amp;resize=300%2C300&amp;ssl=1 600w, https:\/\/i0.wp.com\/chamanismedelaterre.fr\/wp-content\/uploads\/2023\/05\/Missha-Andina-e1684149107500.jpeg?zoom=3&amp;resize=300%2C300&amp;ssl=1 900w\" sizes=\"(max-width: 300px) 100vw, 300px\" \/><\/div><h2 class=\"woocommerce-loop-product__title\">DU 3\u00c8ME AU 4\u00c8ME NIVEAU DE CONSCIENCE DE HAMPEQ A MISSAYUC : ARTISAN DE LUMI\u00c8RE<\/h2>\n\t<span class=\"price\"><span class=\"woocommerce-Price-amount amount\"><bdi>1260,00&nbsp;<span class=\"woocommerce-Price-currencySymbol\">&euro;<\/span><\/bdi><\/span><\/span>\n<\/a><a href=\"?add-to-cart=1682\" data-quantity=\"1\" class=\"button product_type_simple add_to_cart_button ajax_add_to_cart\" data-product_id=\"1682\" data-product_sku=\"\" aria-label=\"A\u00f1adir al carrito: \u201cDU 3\u00c8ME AU 4\u00c8ME NIVEAU DE CONSCIENCE DE HAMPEQ A MISSAYUC : ARTISAN DE LUMI\u00c8RE\u201d\" aria-describedby=\"\" rel=\"nofollow\" data-no-translation=\"\" data-trp-gettext=\"\" data-no-translation-aria-label=\"\">A\u00f1adir al carrito<\/a><\/li>\n\n\t\t\t\n\t\t\t\t\t<li class=\"product type-product post-1617 status-publish instock product_cat-enseignement-distanciel-en-direct has-post-thumbnail taxable shipping-taxable purchasable product-type-simple\">\n\t<a href=\"https:\/\/chamanismedelaterre.fr\/es\/product\/enseignement-complet-du-1er-au-2eme-niveau-de-conscience-de-pacha-a-runa-medecine-de-lame\/\" class=\"woocommerce-LoopProduct-link woocommerce-loop-product__link\"><div class=\"product-img\"><img width=\"300\" height=\"300\" src=\"https:\/\/i0.wp.com\/chamanismedelaterre.fr\/wp-content\/uploads\/2023\/06\/Enseignement-distanciel-en-direct.png?resize=300%2C300&amp;ssl=1\" class=\"attachment-woocommerce_thumbnail size-woocommerce_thumbnail\" alt=\"\" srcset=\"https:\/\/i0.wp.com\/chamanismedelaterre.fr\/wp-content\/uploads\/2023\/06\/Enseignement-distanciel-en-direct.png?w=1638&amp;ssl=1 1638w, https:\/\/i0.wp.com\/chamanismedelaterre.fr\/wp-content\/uploads\/2023\/06\/Enseignement-distanciel-en-direct.png?resize=300%2C300&amp;ssl=1 300w, https:\/\/i0.wp.com\/chamanismedelaterre.fr\/wp-content\/uploads\/2023\/06\/Enseignement-distanciel-en-direct.png?resize=1024%2C1024&amp;ssl=1 1024w, https:\/\/i0.wp.com\/chamanismedelaterre.fr\/wp-content\/uploads\/2023\/06\/Enseignement-distanciel-en-direct.png?resize=150%2C150&amp;ssl=1 150w, https:\/\/i0.wp.com\/chamanismedelaterre.fr\/wp-content\/uploads\/2023\/06\/Enseignement-distanciel-en-direct.png?resize=768%2C768&amp;ssl=1 768w, https:\/\/i0.wp.com\/chamanismedelaterre.fr\/wp-content\/uploads\/2023\/06\/Enseignement-distanciel-en-direct.png?resize=1536%2C1536&amp;ssl=1 1536w, https:\/\/i0.wp.com\/chamanismedelaterre.fr\/wp-content\/uploads\/2023\/06\/Enseignement-distanciel-en-direct.png?resize=12%2C12&amp;ssl=1 12w, https:\/\/i0.wp.com\/chamanismedelaterre.fr\/wp-content\/uploads\/2023\/06\/Enseignement-distanciel-en-direct.png?resize=320%2C320&amp;ssl=1 320w, https:\/\/i0.wp.com\/chamanismedelaterre.fr\/wp-content\/uploads\/2023\/06\/Enseignement-distanciel-en-direct.png?resize=480%2C480&amp;ssl=1 480w, https:\/\/i0.wp.com\/chamanismedelaterre.fr\/wp-content\/uploads\/2023\/06\/Enseignement-distanciel-en-direct.png?resize=800%2C800&amp;ssl=1 800w, https:\/\/i0.wp.com\/chamanismedelaterre.fr\/wp-content\/uploads\/2023\/06\/Enseignement-distanciel-en-direct.png?resize=24%2C24&amp;ssl=1 24w, https:\/\/i0.wp.com\/chamanismedelaterre.fr\/wp-content\/uploads\/2023\/06\/Enseignement-distanciel-en-direct.png?resize=36%2C36&amp;ssl=1 36w, https:\/\/i0.wp.com\/chamanismedelaterre.fr\/wp-content\/uploads\/2023\/06\/Enseignement-distanciel-en-direct.png?resize=48%2C48&amp;ssl=1 48w, https:\/\/i0.wp.com\/chamanismedelaterre.fr\/wp-content\/uploads\/2023\/06\/Enseignement-distanciel-en-direct.png?resize=600%2C600&amp;ssl=1 600w, https:\/\/i0.wp.com\/chamanismedelaterre.fr\/wp-content\/uploads\/2023\/06\/Enseignement-distanciel-en-direct.png?resize=100%2C100&amp;ssl=1 100w\" sizes=\"(max-width: 300px) 100vw, 300px\" \/><\/div><h2 class=\"woocommerce-loop-product__title\">ENSEIGNEMENT COMPLET &#8211; DU 1ER AU 2\u00c8ME NIVEAU DE CONSCIENCE DE PACHA A RUNA : M\u00c9DECINE DE L\u2019\u00c2ME<\/h2>\n\t<span class=\"price\"><span class=\"woocommerce-Price-amount amount\"><bdi>110,00&nbsp;<span class=\"woocommerce-Price-currencySymbol\">&euro;<\/span><\/bdi><\/span><\/span>\n<\/a><a href=\"?add-to-cart=1617\" data-quantity=\"1\" class=\"button product_type_simple add_to_cart_button ajax_add_to_cart\" data-product_id=\"1617\" data-product_sku=\"\" aria-label=\"A\u00f1adir al carrito: \u201cENSEIGNEMENT COMPLET - DU 1ER AU 2\u00c8ME NIVEAU DE CONSCIENCE DE PACHA A RUNA : M\u00c9DECINE DE L\u2019\u00c2ME\u201d\" aria-describedby=\"\" rel=\"nofollow\" data-no-translation=\"\" data-trp-gettext=\"\" data-no-translation-aria-label=\"\">A\u00f1adir al carrito<\/a><\/li>\n\n\t\t\t\n\t\t\t\t\t<li class=\"product type-product post-2233 status-publish last instock product_cat-enseignement-distanciel-en-direct has-post-thumbnail taxable shipping-taxable purchasable product-type-simple\">\n\t<a href=\"https:\/\/chamanismedelaterre.fr\/es\/product\/traditions-amerindiennes-et-siberiennes-tambour-1-medecine-de-lame\/\" class=\"woocommerce-LoopProduct-link woocommerce-loop-product__link\"><div class=\"product-img\"><img width=\"300\" height=\"300\" src=\"https:\/\/i0.wp.com\/chamanismedelaterre.fr\/wp-content\/uploads\/2023\/02\/Trinidad.png?resize=300%2C300&amp;ssl=1\" class=\"attachment-woocommerce_thumbnail size-woocommerce_thumbnail\" alt=\"\" srcset=\"https:\/\/i0.wp.com\/chamanismedelaterre.fr\/wp-content\/uploads\/2023\/02\/Trinidad.png?w=1289&amp;ssl=1 1289w, https:\/\/i0.wp.com\/chamanismedelaterre.fr\/wp-content\/uploads\/2023\/02\/Trinidad.png?resize=300%2C300&amp;ssl=1 300w, https:\/\/i0.wp.com\/chamanismedelaterre.fr\/wp-content\/uploads\/2023\/02\/Trinidad.png?resize=100%2C100&amp;ssl=1 100w, https:\/\/i0.wp.com\/chamanismedelaterre.fr\/wp-content\/uploads\/2023\/02\/Trinidad.png?resize=600%2C598&amp;ssl=1 600w, https:\/\/i0.wp.com\/chamanismedelaterre.fr\/wp-content\/uploads\/2023\/02\/Trinidad.png?resize=1024%2C1020&amp;ssl=1 1024w, https:\/\/i0.wp.com\/chamanismedelaterre.fr\/wp-content\/uploads\/2023\/02\/Trinidad.png?resize=150%2C150&amp;ssl=1 150w, https:\/\/i0.wp.com\/chamanismedelaterre.fr\/wp-content\/uploads\/2023\/02\/Trinidad.png?resize=768%2C765&amp;ssl=1 768w, https:\/\/i0.wp.com\/chamanismedelaterre.fr\/wp-content\/uploads\/2023\/02\/Trinidad.png?resize=320%2C319&amp;ssl=1 320w, https:\/\/i0.wp.com\/chamanismedelaterre.fr\/wp-content\/uploads\/2023\/02\/Trinidad.png?resize=480%2C478&amp;ssl=1 480w, https:\/\/i0.wp.com\/chamanismedelaterre.fr\/wp-content\/uploads\/2023\/02\/Trinidad.png?resize=800%2C797&amp;ssl=1 800w\" sizes=\"(max-width: 300px) 100vw, 300px\" \/><\/div><h2 class=\"woocommerce-loop-product__title\">TRADITIONS AM\u00c9RINDIENNES ET SIB\u00c9RIENNES &#8211; TAMBOUR 1 : M\u00c9DECINE DE L\u2019\u00c2ME<\/h2>\n\t<span class=\"price\"><span class=\"woocommerce-Price-amount amount\"><bdi>60,00&nbsp;<span class=\"woocommerce-Price-currencySymbol\">&euro;<\/span><\/bdi><\/span><\/span>\n<\/a><a href=\"?add-to-cart=2233\" data-quantity=\"1\" class=\"button product_type_simple add_to_cart_button ajax_add_to_cart\" data-product_id=\"2233\" data-product_sku=\"\" aria-label=\"A\u00f1adir al carrito: \u201cTRADITIONS AM\u00c9RINDIENNES ET SIB\u00c9RIENNES - TAMBOUR 1 : M\u00c9DECINE DE L\u2019\u00c2ME\u201d\" aria-describedby=\"\" rel=\"nofollow\" data-no-translation=\"\" data-trp-gettext=\"\" data-no-translation-aria-label=\"\">A\u00f1adir al carrito<\/a><\/li>\n\n\t\t\t\n\t\t<\/ul>\n\n\t<\/section>\n\t<\/div>\n\n\t\t\t<\/div>\n\t\t\t<\/div><\/p><\/div><\/div><\/div><\/div><\/div><\/div><\/div><\/div><\/div><\/div><\/div><\/div><\/div><\/div>","protected":false},"excerpt":{"rendered":"<p>Le deuxi\u00e8me niveau vous permet d\u2019int\u00e9grer la \u00ab\u00a0Femme ou Homme-M\u00e9decine\u00a0\u00bb afin d\u2019accompagner et guider votre entourage dans leur propre gu\u00e9rison et \u00e9l\u00e9vation spirituelle. Dans votre cheminement sur le Q\u2019apaq \u00d1an, vous vous \u00e9levez alors vers le Troisi\u00e8me Niveau de Conscience appel\u00e9 Hampeq,\u00a0le Gu\u00e9risseur. Dates Cursus 2024\/2025 : du 06 octobre 2024 au 18 juin 2025. &hellip;<\/p>","protected":false},"author":1,"featured_media":0,"parent":0,"menu_order":0,"comment_status":"open","ping_status":"open","template":"","meta":{"footnotes":""},"class_list":["post-1675","page","type-page","status-publish","hentry"],"yoast_head":"<!-- This site is optimized with the Yoast SEO plugin v21.8 - https:\/\/yoast.com\/wordpress\/plugins\/seo\/ -->\n<title>PRODUIT : DU 2\u00c8ME AU 3\u00c8ME NIVEAU DE CONSCIENCE DE RUNA A HAMPEQ : FEMME ET HOMME-M\u00c9DECINE - CHAMANISME DE LA TERRE<\/title>\n<meta name=\"description\" content=\"Inscription au deuxi\u00e8me niveau de l&#039;Enseignement Distanciel en direct &quot;De Runa a Hampeq : Femme et Homme M\u00e9decine&quot;.\" \/>\n<meta name=\"robots\" content=\"index, follow, max-snippet:-1, max-image-preview:large, max-video-preview:-1\" \/>\n<link rel=\"canonical\" href=\"https:\/\/chamanismedelaterre.fr\/es\/produit-du-2eme-au-3eme-niveau-de-conscience-de-runa-a-hampeq-femme-et-homme-medecine\/\" \/>\n<meta property=\"og:locale\" content=\"es_ES\" \/>\n<meta property=\"og:type\" content=\"article\" \/>\n<meta property=\"og:title\" content=\"PRODUIT : DU 2\u00c8ME AU 3\u00c8ME NIVEAU DE CONSCIENCE DE RUNA A HAMPEQ : FEMME ET HOMME-M\u00c9DECINE - CHAMANISME DE LA TERRE\" \/>\n<meta property=\"og:description\" content=\"Inscription au deuxi\u00e8me niveau de l&#039;Enseignement Distanciel en direct &quot;De Runa a Hampeq : Femme et Homme M\u00e9decine&quot;.\" \/>\n<meta property=\"og:url\" content=\"https:\/\/chamanismedelaterre.fr\/es\/produit-du-2eme-au-3eme-niveau-de-conscience-de-runa-a-hampeq-femme-et-homme-medecine\/\" \/>\n<meta property=\"og:site_name\" content=\"CHAMANISME DE LA TERRE\" \/>\n<meta property=\"article:modified_time\" content=\"2023-07-06T13:26:32+00:00\" \/>\n<meta name=\"twitter:card\" content=\"summary_large_image\" \/>\n<meta name=\"twitter:label1\" content=\"Tiempo de lectura\" \/>\n\t<meta name=\"twitter:data1\" content=\"1 minuto\" \/>\n<script type=\"application\/ld+json\" class=\"yoast-schema-graph\">{\"@context\":\"https:\/\/schema.org\",\"@graph\":[{\"@type\":\"WebPage\",\"@id\":\"https:\/\/chamanismedelaterre.fr\/produit-du-2eme-au-3eme-niveau-de-conscience-de-runa-a-hampeq-femme-et-homme-medecine\/\",\"url\":\"https:\/\/chamanismedelaterre.fr\/produit-du-2eme-au-3eme-niveau-de-conscience-de-runa-a-hampeq-femme-et-homme-medecine\/\",\"name\":\"PRODUIT : DU 2\u00c8ME AU 3\u00c8ME NIVEAU DE CONSCIENCE DE RUNA A HAMPEQ : FEMME ET HOMME-M\u00c9DECINE - CHAMANISME DE LA TERRE\",\"isPartOf\":{\"@id\":\"https:\/\/chamanismedelaterre.fr\/#website\"},\"datePublished\":\"2023-05-14T15:26:57+00:00\",\"dateModified\":\"2023-07-06T13:26:32+00:00\",\"description\":\"Inscription au deuxi\u00e8me niveau de l'Enseignement Distanciel en direct \\\"De Runa a Hampeq : Femme et Homme M\u00e9decine\\\".\",\"breadcrumb\":{\"@id\":\"https:\/\/chamanismedelaterre.fr\/produit-du-2eme-au-3eme-niveau-de-conscience-de-runa-a-hampeq-femme-et-homme-medecine\/#breadcrumb\"},\"inLanguage\":\"es\",\"potentialAction\":[{\"@type\":\"ReadAction\",\"target\":[\"https:\/\/chamanismedelaterre.fr\/produit-du-2eme-au-3eme-niveau-de-conscience-de-runa-a-hampeq-femme-et-homme-medecine\/\"]}]},{\"@type\":\"BreadcrumbList\",\"@id\":\"https:\/\/chamanismedelaterre.fr\/produit-du-2eme-au-3eme-niveau-de-conscience-de-runa-a-hampeq-femme-et-homme-medecine\/#breadcrumb\",\"itemListElement\":[{\"@type\":\"ListItem\",\"position\":1,\"name\":\"Accueil\",\"item\":\"https:\/\/chamanismedelaterre.fr\/\"},{\"@type\":\"ListItem\",\"position\":2,\"name\":\"PRODUIT : DU 2\u00c8ME AU 3\u00c8ME NIVEAU DE CONSCIENCE DE RUNA A HAMPEQ : FEMME ET HOMME-M\u00c9DECINE\"}]},{\"@type\":\"WebSite\",\"@id\":\"https:\/\/chamanismedelaterre.fr\/#website\",\"url\":\"https:\/\/chamanismedelaterre.fr\/\",\"name\":\"CHAMANISME DE LA TERRE\",\"description\":\"CHAMANISME DE LA TERRE? Marie-Ange Fernandez\",\"potentialAction\":[{\"@type\":\"SearchAction\",\"target\":{\"@type\":\"EntryPoint\",\"urlTemplate\":\"https:\/\/chamanismedelaterre.fr\/?s={search_term_string}\"},\"query-input\":\"required name=search_term_string\"}],\"inLanguage\":\"es\"}]}<\/script>\n<!-- \/ Yoast SEO plugin. -->","yoast_head_json":{"title":"PRODUIT : DU 2\u00c8ME AU 3\u00c8ME NIVEAU DE CONSCIENCE DE RUNA A HAMPEQ : FEMME ET HOMME-M\u00c9DECINE - CHAMANISME DE LA TERRE","description":"Inscription au deuxi\u00e8me niveau de l'Enseignement Distanciel en direct \"De Runa a Hampeq : Femme et Homme M\u00e9decine\".","robots":{"index":"index","follow":"follow","max-snippet":"max-snippet:-1","max-image-preview":"max-image-preview:large","max-video-preview":"max-video-preview:-1"},"canonical":"https:\/\/chamanismedelaterre.fr\/es\/produit-du-2eme-au-3eme-niveau-de-conscience-de-runa-a-hampeq-femme-et-homme-medecine\/","og_locale":"es_ES","og_type":"article","og_title":"PRODUIT : DU 2\u00c8ME AU 3\u00c8ME NIVEAU DE CONSCIENCE DE RUNA A HAMPEQ : FEMME ET HOMME-M\u00c9DECINE - CHAMANISME DE LA TERRE","og_description":"Inscription au deuxi\u00e8me niveau de l'Enseignement Distanciel en direct \"De Runa a Hampeq : Femme et Homme M\u00e9decine\".","og_url":"https:\/\/chamanismedelaterre.fr\/es\/produit-du-2eme-au-3eme-niveau-de-conscience-de-runa-a-hampeq-femme-et-homme-medecine\/","og_site_name":"CHAMANISME DE LA TERRE","article_modified_time":"2023-07-06T13:26:32+00:00","twitter_card":"summary_large_image","twitter_misc":{"Tiempo de lectura":"1 minuto"},"schema":{"@context":"https:\/\/schema.org","@graph":[{"@type":"WebPage","@id":"https:\/\/chamanismedelaterre.fr\/produit-du-2eme-au-3eme-niveau-de-conscience-de-runa-a-hampeq-femme-et-homme-medecine\/","url":"https:\/\/chamanismedelaterre.fr\/produit-du-2eme-au-3eme-niveau-de-conscience-de-runa-a-hampeq-femme-et-homme-medecine\/","name":"PRODUIT : DU 2\u00c8ME AU 3\u00c8ME NIVEAU DE CONSCIENCE DE RUNA A HAMPEQ : FEMME ET HOMME-M\u00c9DECINE - CHAMANISME DE LA TERRE","isPartOf":{"@id":"https:\/\/chamanismedelaterre.fr\/#website"},"datePublished":"2023-05-14T15:26:57+00:00","dateModified":"2023-07-06T13:26:32+00:00","description":"Inscription au deuxi\u00e8me niveau de l'Enseignement Distanciel en direct \"De Runa a Hampeq : Femme et Homme M\u00e9decine\".","breadcrumb":{"@id":"https:\/\/chamanismedelaterre.fr\/produit-du-2eme-au-3eme-niveau-de-conscience-de-runa-a-hampeq-femme-et-homme-medecine\/#breadcrumb"},"inLanguage":"es","potentialAction":[{"@type":"ReadAction","target":["https:\/\/chamanismedelaterre.fr\/produit-du-2eme-au-3eme-niveau-de-conscience-de-runa-a-hampeq-femme-et-homme-medecine\/"]}]},{"@type":"BreadcrumbList","@id":"https:\/\/chamanismedelaterre.fr\/produit-du-2eme-au-3eme-niveau-de-conscience-de-runa-a-hampeq-femme-et-homme-medecine\/#breadcrumb","itemListElement":[{"@type":"ListItem","position":1,"name":"Accueil","item":"https:\/\/chamanismedelaterre.fr\/"},{"@type":"ListItem","position":2,"name":"PRODUIT : DU 2\u00c8ME AU 3\u00c8ME NIVEAU DE CONSCIENCE DE RUNA A HAMPEQ : FEMME ET HOMME-M\u00c9DECINE"}]},{"@type":"WebSite","@id":"https:\/\/chamanismedelaterre.fr\/#website","url":"https:\/\/chamanismedelaterre.fr\/","name":"CHAMANISME DE LA TERRE","description":"CHAMANISME DE LA TERRE? Marie-Ange Fernandez","potentialAction":[{"@type":"SearchAction","target":{"@type":"EntryPoint","urlTemplate":"https:\/\/chamanismedelaterre.fr\/?s={search_term_string}"},"query-input":"required name=search_term_string"}],"inLanguage":"es"}]}},"jetpack_sharing_enabled":true,"_links":{"self":[{"href":"https:\/\/chamanismedelaterre.fr\/es\/wp-json\/wp\/v2\/pages\/1675","targetHints":{"allow":["GET"]}}],"collection":[{"href":"https:\/\/chamanismedelaterre.fr\/es\/wp-json\/wp\/v2\/pages"}],"about":[{"href":"https:\/\/chamanismedelaterre.fr\/es\/wp-json\/wp\/v2\/types\/page"}],"author":[{"embeddable":true,"href":"https:\/\/chamanismedelaterre.fr\/es\/wp-json\/wp\/v2\/users\/1"}],"replies":[{"embeddable":true,"href":"https:\/\/chamanismedelaterre.fr\/es\/wp-json\/wp\/v2\/comments?post=1675"}],"version-history":[{"count":2,"href":"https:\/\/chamanismedelaterre.fr\/es\/wp-json\/wp\/v2\/pages\/1675\/revisions"}],"predecessor-version":[{"id":1677,"href":"https:\/\/chamanismedelaterre.fr\/es\/wp-json\/wp\/v2\/pages\/1675\/revisions\/1677"}],"wp:attachment":[{"href":"https:\/\/chamanismedelaterre.fr\/es\/wp-json\/wp\/v2\/media?parent=1675"}],"curies":[{"name":"wp","href":"https:\/\/api.w.org\/{rel}","templated":true}]}}