{"id":1600,"date":"2023-05-12T09:53:42","date_gmt":"2023-05-12T07:53:42","guid":{"rendered":"https:\/\/chamanismedelaterre.fr\/?page_id=1600"},"modified":"2023-09-12T08:05:12","modified_gmt":"2023-09-12T06:05:12","slug":"du-1er-au-2eme-niveau-de-conscience-pacha-a-runa-medecine-de-lame","status":"publish","type":"page","link":"https:\/\/chamanismedelaterre.fr\/es\/du-1er-au-2eme-niveau-de-conscience-pacha-a-runa-medecine-de-lame\/","title":{"rendered":"DU 1ER AU 2\u00c8ME NIVEAU DE CONSCIENCE PACHA A RUNA : M\u00c9DECINE DE L\u2019\u00c2ME"},"content":{"rendered":"<div class=\"vce-row-container\" data-vce-boxed-width=\"true\"><div class=\"vce-row vce-row--col-gap-30 vce-row-equal-height vce-row-content--top\" id=\"el-61ee1566\" data-vce-do-apply=\"all el-61ee1566\"><div class=\"vce-row-content\" data-vce-element-content=\"true\"><div class=\"vce-col vce-col--md-auto vce-col--xs-1 vce-col--xs-last vce-col--xs-first vce-col--sm-last vce-col--sm-first vce-col--md-last vce-col--lg-last vce-col--xl-last vce-col--md-first vce-col--lg-first vce-col--xl-first\" id=\"el-5cb7d8bb\"><div class=\"vce-col-inner\" data-vce-do-apply=\"border margin background  el-5cb7d8bb\"><div class=\"vce-col-content\" data-vce-element-content=\"true\" data-vce-do-apply=\"padding el-5cb7d8bb\"><div class=\"vce-row-container\" data-vce-boxed-width=\"true\"><div class=\"vce-row vce-row--col-gap-30 vce-row-equal-height vce-row-content--top\" id=\"el-6aaeead8\" data-vce-do-apply=\"all el-6aaeead8\"><div class=\"vce-row-content\" data-vce-element-content=\"true\"><div class=\"vce-col vce-col--md-auto vce-col--xs-1 vce-col--xs-last vce-col--xs-first vce-col--sm-last vce-col--sm-first vce-col--md-last vce-col--lg-last vce-col--xl-last vce-col--md-first vce-col--lg-first vce-col--xl-first\" id=\"el-fb8db630\"><div class=\"vce-col-inner\" data-vce-do-apply=\"border margin background  el-fb8db630\"><div class=\"vce-col-content\" data-vce-element-content=\"true\" data-vce-do-apply=\"padding el-fb8db630\"><div class=\"vce vce-separator-with-title-container vce-separator-with-title--align-center\" id=\"el-b3e05821\" data-vce-do-apply=\"margin el-b3e05821\"><div class=\"vce-separator-with-title vce-separator-with-title--color-b-56-87-36 vce-separator-with-title--width-100\" data-vce-do-apply=\"border padding background  el-b3e05821\"><div class=\"vce-separator-with-title--line vce-separator-with-title--line--style-solid vce-separator-with-title-line--thickness-1 vce-separator-with-title--line-left\"><\/div><h3 class=\"vce-separator-with-title--title vce-separator-with-title--title--color-b-56-87-36\">DU 1ER AU 2\u00c8ME NIVEAU DE CONSCIENCE \"PACHA A RUNA\" : M\u00c9DECINE DE L\u2019\u00c2ME <\/h3><div class=\"vce-separator-with-title--line vce-separator-with-title--line--style-solid vce-separator-with-title-line--thickness-1 vce-separator-with-title--line-right\"><\/div><\/div><\/div><div class=\"vce vce-separator-container vce-separator--align-center vce-separator--style-shadow\" id=\"el-8e7114fa\" data-vce-do-apply=\"margin el-8e7114fa\"><div class=\"vce-separator vce-separator--color-b-56-87-36 vce-separator--width-100 vce-separator--thickness-1\" data-vce-do-apply=\"border padding background  el-8e7114fa\"><div class=\"vce-separator-shadow vce-separator-shadow-left\"><\/div><div class=\"vce-separator-shadow vce-separator-shadow-right\"><\/div><\/div><\/div><\/div><\/div><\/div><\/div><\/div><\/div><\/div><\/div><\/div><\/div><\/div><\/div><div class=\"vce-row-container\" data-vce-boxed-width=\"true\"><div class=\"vce-row vce-element--has-background vce-row--col-gap-30 vce-row-equal-height vce-row-content--top\" id=\"el-4e99c791\" data-vce-do-apply=\"all el-4e99c791\"><div class=\"vce-content-background-container\"><\/div><div class=\"vce-row-content\" data-vce-element-content=\"true\"><div class=\"vce-col vce-col--md-auto vce-col--xs-1 vce-col--xs-last vce-col--xs-first vce-col--sm-last vce-col--sm-first vce-col--md-last vce-col--lg-last vce-col--xl-last vce-col--md-first vce-col--lg-first vce-col--xl-first\" id=\"el-a33838af\"><div class=\"vce-col-inner\" data-vce-do-apply=\"border margin background  el-a33838af\"><div class=\"vce-col-content\" data-vce-element-content=\"true\" data-vce-do-apply=\"padding el-a33838af\"><div class=\"vce-row-container\" data-vce-boxed-width=\"true\"><div class=\"vce-row vce-row--has-col-background vce-row--col-gap-30 vce-row-equal-height vce-row-content--top\" id=\"el-912e33c1\" data-vce-do-apply=\"all el-912e33c1\"><div class=\"vce-row-content\" data-vce-element-content=\"true\"><div class=\"vce-col vce-element--has-background vce-col--md-auto vce-col--xs-1 vce-col--xs-last vce-col--xs-first vce-col--sm-last vce-col--sm-first vce-col--md-last vce-col--lg-last vce-col--xl-last vce-col--md-first vce-col--lg-first vce-col--xl-first\" id=\"el-7d4c3467\"><div class=\"vce-col-inner\" data-vce-do-apply=\"border margin background  el-7d4c3467\"><div class=\"vce-content-background-container\"><\/div><div class=\"vce-col-content\" data-vce-element-content=\"true\" data-vce-do-apply=\"padding el-7d4c3467\"><div class=\"vce-text-block\"><div class=\"vce-text-block-wrapper vce\" id=\"el-a019b093\" data-vce-do-apply=\"all el-a019b093\"><p><strong>Cet Enseignement Distanciel offre 3 possibilit\u00e9s:<\/strong><\/p><ul><li><strong>Enseignement Complet des Traditions am\u00e9rindiennes, sib\u00e9riennes et andines :<\/strong>&nbsp;<br>Travail dans les Mondes Subtils en \u00c9tat Expans\u00e9 de Conscience au travers du Voyage Chamanique +&nbsp;<br>Travail dans le Monde de la mati\u00e8re en \u00c9tat Ordinaire de Conscience au travers de la Ritualit\u00e9 et de l'\u00c9l\u00e9vation de Conscience.<\/li><li><strong>Enseignement des Traditions am\u00e9rindiennes et sib\u00e9riennes :<\/strong> <br>Travail dans les Mondes Subtils en \u00c9tat Expans\u00e9 de Conscience au travers du Voyage Chamanique.<\/li><li><strong>Enseignement de la Cosmovision Initiatique des Andes :<\/strong> <br>Travail dans le Monde de la mati\u00e8re en \u00c9tat Ordinaire de Conscience au travers de la Ritualit\u00e9 et de l'\u00c9l\u00e9vation de Conscience.<\/li><\/ul><p style=\"text-align: justify;\"><strong><br>ENSEIGNEMENT COMPLET :<\/strong><\/p><p style=\"text-align: justify;\"><strong>Dates Cursus 2023\/2024 : <\/strong>du 08 octobre 2023 au 19 juin 2024.<br><strong>Dur\u00e9e Cursus 2023\/2024 :<\/strong> 9 mois<strong><br>Fr\u00e9quence des r\u00e9unions en direct : <\/strong>8 heures par mois.<br><strong>Valeur mensuelle : 110 \u20ac<br><\/strong><\/p><p style=\"text-align: justify;\"><strong><br>ENSEIGNEMENT DES TRADITIONS AM<\/strong><strong>\u00c9<\/strong><strong>RINDIENNES ET SIB<\/strong><strong>\u00c9<\/strong><strong>RIENNES (VOYAGE CHAMANIQUE) <br>OU <br><\/strong><strong>ENSEIGNEMENT DES TRADITIONS ANDINES (COSMOVISION INITIATIQUE DES ANDES)<\/strong><strong> :<\/strong>&nbsp;<\/p><p><strong>Dates Cursus 2023\/2024 : <\/strong>du 08 ou du 11 octobre 2023 au 16 ou 19 juin 2024.<strong><br>Dur\u00e9e Cursus 2023\/2024 : <\/strong>9 mois<br><strong>Fr\u00e9quence des r\u00e9unions en direct : <\/strong>4&nbsp;heures par mois.<strong><br>Valeur mensuelle : 60 \u20ac<\/strong><\/p><p style=\"text-align: justify;\"><strong><br>R\u00e9partition :<br><\/strong>- Traditions Am\u00e9rindiennes et Sib\u00e9riennes (Voyage Chamanique) : le 1<sup>er<\/sup> dimanche de chaque mois de 9.00 \u00e0 13.00 (4h\/mois).<br>- Cosmovision Initiatique des Andes (Ritualit\u00e9 et \u00e9l\u00e9vation de Conscience) : 2 mercredis par mois de 18.30 \u00e0 20.30 (4h\/mois).<br><strong>Le calendrier des dates sera fourni lors de l\u2019inscription.<\/strong><\/p><p style=\"text-align: justify;\"><strong><br>Pr\u00e9sentation :<\/strong> <br>Le premier niveau est un voyage int\u00e9rieur qui \u0153uvre \u00e0 votre gu\u00e9rison personnelle, afin de marcher votre \u00ab <strong>M\u00e9decine de l\u2019\u00c2me<\/strong> \u00bb selon la tradition am\u00e9rindienne, et d\u2019\u00e9lever votre conscience du Premier Niveau de Conscience \"<em>Pacha\"<\/em> au Deuxi\u00e8me Niveau de Conscience \"<em>Runa\"<\/em>&nbsp;du <em>Q\u2019apaq \u00d1an<\/em> <em>(Chemin Spirituel de l\u2019Inca)<\/em> selon la tradition andine.<\/p><p style=\"text-align: justify;\">Au plus profond de notre corps physique, Temple Sacr\u00e9 qui nous permet d\u2019exp\u00e9rimenter la mati\u00e8re, nous sommes toutes et tous des \u00catres de Lumi\u00e8re porteurs d\u2019une Sagesse qui nous est propre. Cette Sagesse refl\u00e8te le v\u00e9ritable r\u00eave de notre \u00e2me, notre mission personnelle, qui est l\u2019essence m\u00eame de notre Union avec la Source.<br>Les Am\u00e9rindiens l\u2019appellent la \u00ab M\u00e9decine de l\u2019\u00e2me \u00bb.<\/p><p style=\"text-align: justify;\">Lorsque nous incarnons, nous poss\u00e9dons toutes les capacit\u00e9s n\u00e9cessaires \u00e0 la bonne ex\u00e9cution de notre mission. Ces dons, talents et qualit\u00e9s sommeillent en nous, et faire le choix conscient de les \u00e9veiller nous permet d\u2019\u00eatre align\u00e9 et en harmonie avec notre \u00catre ainsi qu\u2019avec toutes nos \u00ab Relations \u00bb, c\u2019est-\u00e0-dire tous les r\u00e8gnes (humain, animal, v\u00e9g\u00e9tal, min\u00e9ral) et les Forces de la Nature.\u200b<\/p><p style=\"text-align: justify;\">Cette harmonie, cet \u00ab \u00c9tat de Gr\u00e2ce \u00bb que les Sacerdotes andins appellent \u00ab Munay \u00bb, \u00e9l\u00e8ve notre conscience afin de retrouver notre place en tant qu\u2019\u00catre Humain Conscient, et augmente notre fr\u00e9quence vibratoire afin de l\u2019aligner \u00e0 celle de la Terre et de contribuer ainsi \u00e0 son Ascension vers l\u2019\u00c8re Dor\u00e9e de la Cinqui\u00e8me Dimension.\u200b<\/p><p style=\"text-align: justify;\">Reconnecter avec notre M\u00e9decine de l\u2019\u00e2me est un Cheminement Initiatique, c\u2019est une d\u00e9marche personnelle et une exp\u00e9rience individuelle qui demande de la patience, de la constance et de l\u2019engagement envers soi-m\u00eame. Tout gu\u00e9risseur bless\u00e9 se doit d\u2019\u00eatre gu\u00e9rit, il est un Guerrier de Lumi\u00e8re, il incarne l\u2019\u00catre Humain Responsable qui manifeste son Pouvoir Personnel, celui d\u2019\u00e9maner sa propre lumi\u00e8re et de faire de son Ombre une alli\u00e9e.\u200b<\/p><p style=\"text-align: justify;\">\u00ab Marcher notre M\u00e9decine \u00bb, c\u2019est avant tout \u0153uvrer \u00e0 la gu\u00e9rison de nos Corps \u00c9nerg\u00e9tiques, en gu\u00e9rissant nos pens\u00e9es, nos \u00e9motions, nos croyances limitantes, nos blessures d\u2019\u00e2me, nos m\u00e9moires personnelles et ancestrales, et toutes leurs manifestations physiques.<br>C\u2019est r\u00e9activer notre Pouvoir Personnel, notre force, notre valeur, notre responsabilit\u00e9 en tant qu\u2019\u00catre Humain, nos qualit\u00e9s et talents, nos dons et capacit\u00e9s inn\u00e9s. C\u2019est \u00eatre en \u00e9quilibre au sein de toutes les dimensions de notre \u00catre (physique, mentale, \u00e9motionnelle, spirituelle), c\u2019est \u00eatre align\u00e9 avec nos choix et notre mission d\u2019\u00e2me afin de cheminer avec conscience et fluidit\u00e9 sur notre Chemin de Vie, c\u2019est cr\u00e9er des relations saines et harmonieuses avec notre entourage et notre environnement, depuis la r\u00e9ciprocit\u00e9 et la compl\u00e9mentarit\u00e9.<\/p><p style=\"text-align: justify;\">Vous \u00eates l\u2019unique Cr\u00e9atrice ou Cr\u00e9ateur de votre Univers. \u00c0 chaque instant, \u00e0 chaque d\u00e9cision que vous prenez, vous choisissez et cr\u00e9ez votre propre R\u00e9alit\u00e9. Marcher votre M\u00e9decine de l\u2019\u00e2me, c\u2019est ce que vous \u00eates venu faire, ici et maintenant, dans cet \u00c9ternel Pr\u00e9sent. Alors d\u00e9cr\u00e9tez maintenant : \u00ab Je Suis et Je Choisis ! \u00bb.<\/p><p style=\"text-align: justify;\"><strong><u><br>PROGRAMME :<\/u><\/strong><strong>\u200b<\/strong><\/p><ul><li style=\"text-align: justify;\">Le Q\u2019apaq \u00d1an et les 9 Niveaux de Conscience.<\/li><li style=\"text-align: justify;\">Les 7 Codes Andins.<\/li><li style=\"text-align: justify;\">Initiation \u00e0 la pratique chamanique et aux \u00c9tats Expans\u00e9s de Conscience.<\/li><li style=\"text-align: justify;\">Les Rituels Sacr\u00e9s.<\/li><li style=\"text-align: justify;\">Les M\u00e9decines \u00c9nerg\u00e9tiques Chamaniques : Extractions d\u2019\u00e9nergies denses et M\u00e9decine des \u00c9l\u00e9ments.<\/li><li style=\"text-align: justify;\">Gu\u00e9rison des blessures de l\u2019\u00e2me : Enfant int\u00e9rieur, Karma Personnel, Karma Ancestral.<\/li><li style=\"text-align: justify;\">Ma\u00eetrise des formes-pens\u00e9es et gestion des \u00e9motions.<\/li><li style=\"text-align: justify;\">D\u00e9programmation des m\u00e9moires cellulaires, croyances limitantes et arch\u00e9types de conflit.<\/li><li style=\"text-align: justify;\">R\u00e9solution des conflits personnels, relationnels et familiaux.<\/li><li style=\"text-align: justify;\">Reprogrammation et int\u00e9gration des arch\u00e9types de pouvoir et de la Valeur Personnelle.<\/li><li style=\"text-align: justify;\">Les Recouvrements d\u2019\u00e2mes : pertes\/vols intra-ut\u00e9rins\/extra-ut\u00e9rins, vie actuelle\/vies ant\u00e9rieures.<\/li><li style=\"text-align: justify;\">La M\u00e9decine de l\u2019\u00c2me : Guerrier de Lumi\u00e8re, Familles d\u2019\u00e2me, Dharma, Mission d\u2019\u00e2me, Savoir Ancestral et Karmique, activation des Qualit\u00e9s, Dons et Talents.<\/li><li style=\"text-align: justify;\">La Roue de M\u00e9decine Am\u00e9rindienne\u200b : Astrologie de la Terre.<\/li><li style=\"text-align: justify;\">Cr\u00e9ation d\u2019offrandes et apprentissage de nombreux rituels issus de l\u2019Enseignement Initiatique Traditionnel Andin : Inti Raymi, Intiqchuri, Pukurikuy, Tabac Sacr\u00e9 Sayri Mama, Huchamikuy, Nina Taita, Offrandes \u00e0 la Pachamama, Rituel aux Anc\u00eatres, Bains de Floraison, Coffre d\u2019\u00e9conomie, Coupure des liens, R\u00e9gression intra-ut\u00e9rine, R\u00e9gression extra-ut\u00e9rine...<\/li><\/ul><\/div><\/div><div class=\"vce-button--style-outline-container vce-button--style-outline-container--align-center\"><span class=\"vce-button--style-outline-wrapper vce\" id=\"el-083b25f9\" data-vce-do-apply=\"margin el-083b25f9\"><a class=\"vce-button vce-button--style-outline-animated vce-button--style-outline--border-rounded vce-button--style-outline--size-medium vce-button--style-outline-animated--color-b-56-87-36--fff--3d3d3d vce-button--style-outline-animated--border-color-b-56-87-36--3d3d3d vce-button--style-outline-animated--background-color-b-56-87-36\" href=\"https:\/\/chamanismedelaterre.fr\/es\/produit-du-1er-au-2eme-niveau-de-conscience-de-pacha-a-runa-medecine-de-lame\/\" title=\"\" data-vce-do-apply=\"padding border background  el-083b25f9\"><span class=\"vce-button--style-outline-text\">Enseignement Complet Traditions Am\u00e9rindiennes, Sib\u00e9riennes et Andines<\/span><\/a><\/span><\/div><div class=\"vce-button--style-outline-container vce-button--style-outline-container--align-center\"><span class=\"vce-button--style-outline-wrapper vce\" id=\"el-a3b86089\" data-vce-do-apply=\"margin el-a3b86089\"><a class=\"vce-button vce-button--style-outline-animated vce-button--style-outline--border-rounded vce-button--style-outline--size-medium vce-button--style-outline-animated--color-b-56-87-36--fff--3d3d3d vce-button--style-outline-animated--border-color-b-56-87-36--3d3d3d vce-button--style-outline-animated--background-color-b-56-87-36\" href=\"https:\/\/chamanismedelaterre.fr\/es\/product\/traditions-amerindiennes-et-siberiennes-tambour-1-medecine-de-lame\/\" title=\"\" data-vce-do-apply=\"padding border background  el-a3b86089\"><span class=\"vce-button--style-outline-text\">Enseignement des Traditions Am\u00e9rindiennes et Sib\u00e9riennes<\/span><\/a><\/span><\/div><div class=\"vce-button--style-outline-container vce-button--style-outline-container--align-center\"><span class=\"vce-button--style-outline-wrapper vce\" id=\"el-a156bb1a\" data-vce-do-apply=\"margin el-a156bb1a\"><a class=\"vce-button vce-button--style-outline-animated vce-button--style-outline--border-rounded vce-button--style-outline--size-medium vce-button--style-outline-animated--color-b-56-87-36--fff--3d3d3d vce-button--style-outline-animated--border-color-b-56-87-36--3d3d3d vce-button--style-outline-animated--background-color-b-56-87-36\" href=\"https:\/\/chamanismedelaterre.fr\/es\/product\/cosmovision-andine-du-1er-au-2eme-niveau-de-conscience-de-pacha-a-runa\/\" title=\"\" data-vce-do-apply=\"padding border background  el-a156bb1a\"><span class=\"vce-button--style-outline-text\">Enseignement de la Cosmovision Initiatique des Andes<\/span><\/a><\/span><\/div><\/div><\/div><\/div><\/div><\/div><\/div><\/div><\/div><\/div><\/div><\/div><\/div>","protected":false},"excerpt":{"rendered":"<p>DU 1ER AU 2\u00c8ME NIVEAU DE CONSCIENCE \u00ab\u00a0PACHA A RUNA\u00a0\u00bb : M\u00c9DECINE DE L\u2019\u00c2ME Cet Enseignement Distanciel offre 3 possibilit\u00e9s:Enseignement Complet des Traditions am\u00e9rindiennes, sib\u00e9riennes et andines :&nbsp;Travail dans les Mondes Subtils en \u00c9tat Expans\u00e9 de Conscience au travers du Voyage Chamanique +&nbsp;Travail dans le Monde de la mati\u00e8re en \u00c9tat Ordinaire de Conscience au &hellip;<\/p>","protected":false},"author":1,"featured_media":0,"parent":0,"menu_order":0,"comment_status":"open","ping_status":"open","template":"","meta":{"footnotes":""},"class_list":["post-1600","page","type-page","status-publish","hentry"],"yoast_head":"<!-- This site is optimized with the Yoast SEO plugin v21.8 - https:\/\/yoast.com\/wordpress\/plugins\/seo\/ -->\n<title>DU 1ER AU 2\u00c8ME NIVEAU DE CONSCIENCE PACHA A RUNA : M\u00c9DECINE DE L\u2019\u00c2ME - CHAMANISME DE LA TERRE<\/title>\n<meta name=\"description\" content=\"Le premier niveau de l&#039;Enseignement Distanciel en direct \u0153uvre \u00e0 votre gu\u00e9rison personnelle et \u00e9l\u00e9vation de conscience.\" \/>\n<meta name=\"robots\" content=\"index, follow, max-snippet:-1, max-image-preview:large, max-video-preview:-1\" \/>\n<link rel=\"canonical\" href=\"https:\/\/chamanismedelaterre.fr\/es\/du-1er-au-2eme-niveau-de-conscience-pacha-a-runa-medecine-de-lame\/\" \/>\n<meta property=\"og:locale\" content=\"es_ES\" \/>\n<meta property=\"og:type\" content=\"article\" \/>\n<meta property=\"og:title\" content=\"DU 1ER AU 2\u00c8ME NIVEAU DE CONSCIENCE PACHA A RUNA : M\u00c9DECINE DE L\u2019\u00c2ME - CHAMANISME DE LA TERRE\" \/>\n<meta property=\"og:description\" content=\"Le premier niveau de l&#039;Enseignement Distanciel en direct \u0153uvre \u00e0 votre gu\u00e9rison personnelle et \u00e9l\u00e9vation de conscience.\" \/>\n<meta property=\"og:url\" content=\"https:\/\/chamanismedelaterre.fr\/es\/du-1er-au-2eme-niveau-de-conscience-pacha-a-runa-medecine-de-lame\/\" \/>\n<meta property=\"og:site_name\" content=\"CHAMANISME DE LA TERRE\" \/>\n<meta property=\"article:modified_time\" content=\"2023-09-12T06:05:12+00:00\" \/>\n<meta name=\"twitter:card\" content=\"summary_large_image\" \/>\n<meta name=\"twitter:label1\" content=\"Tiempo de lectura\" \/>\n\t<meta name=\"twitter:data1\" content=\"4 minutos\" \/>\n<script type=\"application\/ld+json\" class=\"yoast-schema-graph\">{\"@context\":\"https:\/\/schema.org\",\"@graph\":[{\"@type\":\"WebPage\",\"@id\":\"https:\/\/chamanismedelaterre.fr\/du-1er-au-2eme-niveau-de-conscience-pacha-a-runa-medecine-de-lame\/\",\"url\":\"https:\/\/chamanismedelaterre.fr\/du-1er-au-2eme-niveau-de-conscience-pacha-a-runa-medecine-de-lame\/\",\"name\":\"DU 1ER AU 2\u00c8ME NIVEAU DE CONSCIENCE PACHA A RUNA : M\u00c9DECINE DE L\u2019\u00c2ME - CHAMANISME DE LA TERRE\",\"isPartOf\":{\"@id\":\"https:\/\/chamanismedelaterre.fr\/#website\"},\"datePublished\":\"2023-05-12T07:53:42+00:00\",\"dateModified\":\"2023-09-12T06:05:12+00:00\",\"description\":\"Le premier niveau de l'Enseignement Distanciel en direct \u0153uvre \u00e0 votre gu\u00e9rison personnelle et \u00e9l\u00e9vation de conscience.\",\"breadcrumb\":{\"@id\":\"https:\/\/chamanismedelaterre.fr\/du-1er-au-2eme-niveau-de-conscience-pacha-a-runa-medecine-de-lame\/#breadcrumb\"},\"inLanguage\":\"es\",\"potentialAction\":[{\"@type\":\"ReadAction\",\"target\":[\"https:\/\/chamanismedelaterre.fr\/du-1er-au-2eme-niveau-de-conscience-pacha-a-runa-medecine-de-lame\/\"]}]},{\"@type\":\"BreadcrumbList\",\"@id\":\"https:\/\/chamanismedelaterre.fr\/du-1er-au-2eme-niveau-de-conscience-pacha-a-runa-medecine-de-lame\/#breadcrumb\",\"itemListElement\":[{\"@type\":\"ListItem\",\"position\":1,\"name\":\"Accueil\",\"item\":\"https:\/\/chamanismedelaterre.fr\/\"},{\"@type\":\"ListItem\",\"position\":2,\"name\":\"DU 1ER AU 2\u00c8ME NIVEAU DE CONSCIENCE PACHA A RUNA : M\u00c9DECINE DE L\u2019\u00c2ME\"}]},{\"@type\":\"WebSite\",\"@id\":\"https:\/\/chamanismedelaterre.fr\/#website\",\"url\":\"https:\/\/chamanismedelaterre.fr\/\",\"name\":\"CHAMANISME DE LA TERRE\",\"description\":\"CHAMANISME DE LA TERRE? Marie-Ange Fernandez\",\"potentialAction\":[{\"@type\":\"SearchAction\",\"target\":{\"@type\":\"EntryPoint\",\"urlTemplate\":\"https:\/\/chamanismedelaterre.fr\/?s={search_term_string}\"},\"query-input\":\"required name=search_term_string\"}],\"inLanguage\":\"es\"}]}<\/script>\n<!-- \/ Yoast SEO plugin. -->","yoast_head_json":{"title":"DU 1ER AU 2\u00c8ME NIVEAU DE CONSCIENCE PACHA A RUNA : M\u00c9DECINE DE L\u2019\u00c2ME - CHAMANISME DE LA TERRE","description":"Le premier niveau de l'Enseignement Distanciel en direct \u0153uvre \u00e0 votre gu\u00e9rison personnelle et \u00e9l\u00e9vation de conscience.","robots":{"index":"index","follow":"follow","max-snippet":"max-snippet:-1","max-image-preview":"max-image-preview:large","max-video-preview":"max-video-preview:-1"},"canonical":"https:\/\/chamanismedelaterre.fr\/es\/du-1er-au-2eme-niveau-de-conscience-pacha-a-runa-medecine-de-lame\/","og_locale":"es_ES","og_type":"article","og_title":"DU 1ER AU 2\u00c8ME NIVEAU DE CONSCIENCE PACHA A RUNA : M\u00c9DECINE DE L\u2019\u00c2ME - CHAMANISME DE LA TERRE","og_description":"Le premier niveau de l'Enseignement Distanciel en direct \u0153uvre \u00e0 votre gu\u00e9rison personnelle et \u00e9l\u00e9vation de conscience.","og_url":"https:\/\/chamanismedelaterre.fr\/es\/du-1er-au-2eme-niveau-de-conscience-pacha-a-runa-medecine-de-lame\/","og_site_name":"CHAMANISME DE LA TERRE","article_modified_time":"2023-09-12T06:05:12+00:00","twitter_card":"summary_large_image","twitter_misc":{"Tiempo de lectura":"4 minutos"},"schema":{"@context":"https:\/\/schema.org","@graph":[{"@type":"WebPage","@id":"https:\/\/chamanismedelaterre.fr\/du-1er-au-2eme-niveau-de-conscience-pacha-a-runa-medecine-de-lame\/","url":"https:\/\/chamanismedelaterre.fr\/du-1er-au-2eme-niveau-de-conscience-pacha-a-runa-medecine-de-lame\/","name":"DU 1ER AU 2\u00c8ME NIVEAU DE CONSCIENCE PACHA A RUNA : M\u00c9DECINE DE L\u2019\u00c2ME - CHAMANISME DE LA TERRE","isPartOf":{"@id":"https:\/\/chamanismedelaterre.fr\/#website"},"datePublished":"2023-05-12T07:53:42+00:00","dateModified":"2023-09-12T06:05:12+00:00","description":"Le premier niveau de l'Enseignement Distanciel en direct \u0153uvre \u00e0 votre gu\u00e9rison personnelle et \u00e9l\u00e9vation de conscience.","breadcrumb":{"@id":"https:\/\/chamanismedelaterre.fr\/du-1er-au-2eme-niveau-de-conscience-pacha-a-runa-medecine-de-lame\/#breadcrumb"},"inLanguage":"es","potentialAction":[{"@type":"ReadAction","target":["https:\/\/chamanismedelaterre.fr\/du-1er-au-2eme-niveau-de-conscience-pacha-a-runa-medecine-de-lame\/"]}]},{"@type":"BreadcrumbList","@id":"https:\/\/chamanismedelaterre.fr\/du-1er-au-2eme-niveau-de-conscience-pacha-a-runa-medecine-de-lame\/#breadcrumb","itemListElement":[{"@type":"ListItem","position":1,"name":"Accueil","item":"https:\/\/chamanismedelaterre.fr\/"},{"@type":"ListItem","position":2,"name":"DU 1ER AU 2\u00c8ME NIVEAU DE CONSCIENCE PACHA A RUNA : M\u00c9DECINE DE L\u2019\u00c2ME"}]},{"@type":"WebSite","@id":"https:\/\/chamanismedelaterre.fr\/#website","url":"https:\/\/chamanismedelaterre.fr\/","name":"CHAMANISME DE LA TERRE","description":"CHAMANISME DE LA TERRE? Marie-Ange Fernandez","potentialAction":[{"@type":"SearchAction","target":{"@type":"EntryPoint","urlTemplate":"https:\/\/chamanismedelaterre.fr\/?s={search_term_string}"},"query-input":"required name=search_term_string"}],"inLanguage":"es"}]}},"jetpack_sharing_enabled":true,"_links":{"self":[{"href":"https:\/\/chamanismedelaterre.fr\/es\/wp-json\/wp\/v2\/pages\/1600","targetHints":{"allow":["GET"]}}],"collection":[{"href":"https:\/\/chamanismedelaterre.fr\/es\/wp-json\/wp\/v2\/pages"}],"about":[{"href":"https:\/\/chamanismedelaterre.fr\/es\/wp-json\/wp\/v2\/types\/page"}],"author":[{"embeddable":true,"href":"https:\/\/chamanismedelaterre.fr\/es\/wp-json\/wp\/v2\/users\/1"}],"replies":[{"embeddable":true,"href":"https:\/\/chamanismedelaterre.fr\/es\/wp-json\/wp\/v2\/comments?post=1600"}],"version-history":[{"count":28,"href":"https:\/\/chamanismedelaterre.fr\/es\/wp-json\/wp\/v2\/pages\/1600\/revisions"}],"predecessor-version":[{"id":2284,"href":"https:\/\/chamanismedelaterre.fr\/es\/wp-json\/wp\/v2\/pages\/1600\/revisions\/2284"}],"wp:attachment":[{"href":"https:\/\/chamanismedelaterre.fr\/es\/wp-json\/wp\/v2\/media?parent=1600"}],"curies":[{"name":"wp","href":"https:\/\/api.w.org\/{rel}","templated":true}]}}