{"id":1592,"date":"2023-05-11T18:32:02","date_gmt":"2023-05-11T16:32:02","guid":{"rendered":"https:\/\/chamanismedelaterre.fr\/?page_id=1592"},"modified":"2023-07-05T17:56:31","modified_gmt":"2023-07-05T15:56:31","slug":"enseignement-distanciel-en-direct","status":"publish","type":"page","link":"https:\/\/chamanismedelaterre.fr\/es\/enseignement-distanciel-en-direct\/","title":{"rendered":"ENSEIGNEMENT DISTANCIEL EN DIRECT"},"content":{"rendered":"<div class=\"vce-row-container\" data-vce-boxed-width=\"true\"><div class=\"vce-row vce-row--col-gap-30 vce-row-equal-height vce-row-content--top\" id=\"el-61ee1566\" data-vce-do-apply=\"all el-61ee1566\"><div class=\"vce-row-content\" data-vce-element-content=\"true\"><div class=\"vce-col vce-col--md-auto vce-col--xs-1 vce-col--xs-last vce-col--xs-first vce-col--sm-last vce-col--sm-first vce-col--md-last vce-col--lg-last vce-col--xl-last vce-col--md-first vce-col--lg-first vce-col--xl-first\" id=\"el-5cb7d8bb\"><div class=\"vce-col-inner\" data-vce-do-apply=\"border margin background  el-5cb7d8bb\"><div class=\"vce-col-content\" data-vce-element-content=\"true\" data-vce-do-apply=\"padding el-5cb7d8bb\"><div class=\"vce-row-container\" data-vce-boxed-width=\"true\"><div class=\"vce-row vce-row--col-gap-30 vce-row-equal-height vce-row-content--top\" id=\"el-6aaeead8\" data-vce-do-apply=\"all el-6aaeead8\"><div class=\"vce-row-content\" data-vce-element-content=\"true\"><div class=\"vce-col vce-col--md-auto vce-col--xs-1 vce-col--xs-last vce-col--xs-first vce-col--sm-last vce-col--sm-first vce-col--md-last vce-col--lg-last vce-col--xl-last vce-col--md-first vce-col--lg-first vce-col--xl-first\" id=\"el-fb8db630\"><div class=\"vce-col-inner\" data-vce-do-apply=\"border margin background  el-fb8db630\"><div class=\"vce-col-content\" data-vce-element-content=\"true\" data-vce-do-apply=\"padding el-fb8db630\"><div class=\"vce vce-separator-with-title-container vce-separator-with-title--align-center\" id=\"el-b3e05821\" data-vce-do-apply=\"margin el-b3e05821\"><div class=\"vce-separator-with-title vce-separator-with-title--color-b-56-87-36 vce-separator-with-title--width-100\" data-vce-do-apply=\"border padding background  el-b3e05821\"><div class=\"vce-separator-with-title--line vce-separator-with-title--line--style-solid vce-separator-with-title-line--thickness-1 vce-separator-with-title--line-left\"><\/div><h3 class=\"vce-separator-with-title--title vce-separator-with-title--title--color-b-56-87-36\">ENSEIGNEMENT DISTANCIEL EN DIRECT<\/h3><div class=\"vce-separator-with-title--line vce-separator-with-title--line--style-solid vce-separator-with-title-line--thickness-1 vce-separator-with-title--line-right\"><\/div><\/div><\/div><div class=\"vce vce-separator-container vce-separator--align-center vce-separator--style-shadow\" id=\"el-8e7114fa\" data-vce-do-apply=\"margin el-8e7114fa\"><div class=\"vce-separator vce-separator--color-b-56-87-36 vce-separator--width-100 vce-separator--thickness-1\" data-vce-do-apply=\"border padding background  el-8e7114fa\"><div class=\"vce-separator-shadow vce-separator-shadow-left\"><\/div><div class=\"vce-separator-shadow vce-separator-shadow-right\"><\/div><\/div><\/div><\/div><\/div><\/div><\/div><\/div><\/div><\/div><\/div><\/div><\/div><\/div><\/div><div class=\"vce-row-container\" data-vce-boxed-width=\"true\"><div class=\"vce-row vce-element--has-background vce-row--col-gap-30 vce-row-equal-height vce-row-content--top\" id=\"el-4e99c791\" data-vce-do-apply=\"all el-4e99c791\"><div class=\"vce-content-background-container\"><\/div><div class=\"vce-row-content\" data-vce-element-content=\"true\"><div class=\"vce-col vce-col--md-auto vce-col--xs-1 vce-col--xs-last vce-col--xs-first vce-col--sm-last vce-col--sm-first vce-col--md-last vce-col--lg-last vce-col--xl-last vce-col--md-first vce-col--lg-first vce-col--xl-first\" id=\"el-a33838af\"><div class=\"vce-col-inner\" data-vce-do-apply=\"border margin background  el-a33838af\"><div class=\"vce-col-content\" data-vce-element-content=\"true\" data-vce-do-apply=\"padding el-a33838af\"><div class=\"vce-row-container\" data-vce-boxed-width=\"true\"><div class=\"vce-row vce-row--has-col-background vce-row--col-gap-30 vce-row-equal-height vce-row-content--top\" id=\"el-912e33c1\" data-vce-do-apply=\"all el-912e33c1\"><div class=\"vce-row-content\" data-vce-element-content=\"true\"><div class=\"vce-col vce-element--has-background vce-col--md-auto vce-col--xs-1 vce-col--xs-last vce-col--xs-first vce-col--sm-last vce-col--sm-first vce-col--md-last vce-col--lg-last vce-col--xl-last vce-col--md-first vce-col--lg-first vce-col--xl-first\" id=\"el-7d4c3467\"><div class=\"vce-col-inner\" data-vce-do-apply=\"border margin background  el-7d4c3467\"><div class=\"vce-content-background-container\"><\/div><div class=\"vce-col-content\" data-vce-element-content=\"true\" data-vce-do-apply=\"padding el-7d4c3467\"><div class=\"vce-single-image-container vce-single-image--align-center\"><div class=\"vce vce-single-image-wrapper\" id=\"el-7eb37147\" data-vce-do-apply=\"all el-7eb37147\"><figure><div class=\"vce-single-image-figure-inner\" style=\"width: 1024px;\"><div class=\"vce-single-image-inner vce-single-image--absolute vce-single-image--border-rounded\" style=\"width: 100%; padding-bottom: 63.1836%;\"><img decoding=\"async\" class=\"vce-single-image\"  width=\"1024\" height=\"647\" srcset=\"https:\/\/chamanismedelaterre.fr\/wp-content\/uploads\/2023\/07\/Kintu-1-e1683822799421-320x202.jpeg 320w, https:\/\/chamanismedelaterre.fr\/wp-content\/uploads\/2023\/07\/Kintu-1-e1683822799421-480x303.jpeg 480w\" src=\"https:\/\/i0.wp.com\/chamanismedelaterre.fr\/wp-content\/uploads\/2023\/05\/Kintu-1-e1683822799421.jpeg?resize=1024%2C647&#038;ssl=1\" data-img-src=\"https:\/\/i0.wp.com\/chamanismedelaterre.fr\/wp-content\/uploads\/2023\/05\/Kintu-1-e1683822799421.jpeg?resize=1024%2C647&#038;ssl=1\" data-attachment-id=\"1594\"  alt=\"\" title=\"Kintu 1\" data-recalc-dims=\"1\" \/><\/div><\/div><figcaption hidden=\"\"><\/figcaption><\/figure><\/div><\/div><div class=\"vce-text-block\"><div class=\"vce-text-block-wrapper vce\" id=\"el-a019b093\" data-vce-do-apply=\"all el-a019b093\"><p style=\"text-align: justify;\">L\u2019Humanit\u00e9 \u00e9volue, et les \u00catres de Lumi\u00e8re qui nous accompagnent s\u2019adaptent \u00e0 cette \u00e9volution. Gr\u00e2ce aux nouvelles technologies, nous pouvons d\u00e9sormais \u00e9changer nos connaissances \u00e0 travers le monde, cr\u00e9er des liens entre tous les peuples, et cheminer ensemble ind\u00e9pendamment de l\u2019espace et du temps.<br>De plus, l\u2019Enseignement \u00e0 distance respecte davantage la disponibilit\u00e9 et le rythme de chacun, tout en facilitant la constance, l\u2019assiduit\u00e9 et l\u2019engagement \u00e0 long terme.<\/p><p style=\"text-align: justify;\">Cet Enseignement est dirig\u00e9 tant aux personnes novices qui ressentent cet appel interne \u00e0 s\u2019initier sur leur voie spirituelle, qu\u2019aux plus exp\u00e9riment\u00e9es qui ont d\u00e9j\u00e0 commenc\u00e9 \u00e0 cheminer.<\/p><p style=\"text-align: justify;\">L\u2019Enseignement Distanciel en Direct est un v\u00e9ritable Cheminement Initiatique. Il est le fruit de ma M\u00e9decine Personnelle, c\u2019est-\u00e0-dire la somme des diff\u00e9rentes traditions chamaniques (am\u00e9rindiennes, sib\u00e9riennes et andines), enseignements spirituels et de d\u00e9veloppement personnel qui ont nourri mes connaissances et ma pratique sur ma propre Voie Spirituelle.<\/p><p style=\"text-align: justify;\">L\u2019accompagnement est personnalis\u00e9 et \u00e9volutif au sein d\u2019un groupe, chacun \u00e9tant le reflet de l\u2019autre afin d\u2019\u00e9voluer dans l\u2019Unicit\u00e9.\u200b <br>Les r\u00e9unions se font en direct par visioconf\u00e9rence \u00e0 des dates d\u00e9termin\u00e9es, et sont enregistr\u00e9es afin que vous en ayez un acc\u00e8s illimit\u00e9.<\/p><p style=\"text-align: justify;\">Au travers de cet Enseignement, vous \u00e9voluez et agissez tant dans notre R\u00e9alit\u00e9 Ordinaire que dans les Mondes Invisibles :\u200b<\/p><ul style=\"text-align: justify;\"><li>Issu des Traditions Chamaniques Am\u00e9rindiennes et Sib\u00e9riennes, le travail de gu\u00e9rison dans les Mondes Invisibles se fait en \u00ab&nbsp;\u00c9tat Expans\u00e9 de Conscience&nbsp;\u00bb, appel\u00e9 <em>Voyage Chamanique<\/em>. La canalisation et connexion avec les Esprits Alli\u00e9s, Animaux de Pouvoir, Anc\u00eatres, \u00catres de Lumi\u00e8re et Esprits de la Nature permettent de b\u00e9n\u00e9ficier de leur aide bienveillante et d\u2019acc\u00e9der \u00e0 des informations permettant de travailler sur les plans subtils.<\/li><\/ul><ul style=\"text-align: justify;\"><li>Issu des Traditions Chamaniques Andines (Cosmovision Initiatique des Andes), le travail dans notre R\u00e9alit\u00e9 Ordinaire permet de manifester les gu\u00e9risons et l\u2019\u00e9l\u00e9vation du niveau de conscience dans la mati\u00e8re. Il se fait au travers de rituels, c\u00e9r\u00e9monies, incantations, m\u00e9ditations, offrandes et invocations aux \u00e9nergies tut\u00e9laires, lectures d\u2019oracles, prises de conscience, d\u00e9programmations et reprogrammations de l\u2019inconscient et du subconscient, gestion des pens\u00e9es et ma\u00eetrise des \u00e9motions, etc.<\/li><\/ul><p style=\"text-align: justify;\">Ce travail multidimensionnel complet donne acc\u00e8s \u00e0 des gu\u00e9risons profondes de l\u2019\u00catre dans toutes ses dimensions (\u00e9nerg\u00e9tique, physique, mentale, \u00e9motionnelle, spirituelle), sans limite d\u2019espace (Monde Ordinaire et Mondes Subtils) ni de temps (vie actuelle pr\u00e9sente, pass\u00e9e et future, vies ant\u00e9rieures, transg\u00e9n\u00e9rationnel).<\/p><p style=\"text-align: justify;\">Il est cependant possible de choisir d\u2019int\u00e9grer uniquement l\u2019Enseignement des Traditions am\u00e9rindiennes et sib\u00e9riennes (Voyage Chamanique), ou uniquement l\u2019Enseignement des Traditions andines (Cosmovision Initiatique des Andes).\u200b<\/p><p style=\"text-align: justify;\"><strong><br>L\u2019Enseignement Initiatique en direct est r\u00e9parti sur trois niveaux de 9 mois chacun :<\/strong><strong>&nbsp;<\/strong><\/p><p style=\"text-align: justify;\"><strong>Le premier niveau&nbsp;<\/strong>est un voyage int\u00e9rieur qui \u0153uvre \u00e0 votre gu\u00e9rison personnelle, afin de marcher votre \u00ab M\u00e9decine de l\u2019\u00c2me \u00bb selon la tradition am\u00e9rindienne, et d\u2019\u00e9lever votre conscience du Premier Niveau (Pacha) au Deuxi\u00e8me Niveau (Runa) du Q\u2019apaq \u00d1an (Chemin Spirituel de l\u2019Inca) selon la tradition andine.<\/p><p style=\"text-align: justify;\"><strong>Le deuxi\u00e8me niveau<\/strong>&nbsp;vous permet d\u2019int\u00e9grer la \u00ab Femme ou Homme-M\u00e9decine \u00bb afin d\u2019accompagner et guider votre entourage dans leur propre gu\u00e9rison et \u00e9l\u00e9vation spirituelle. Dans votre cheminement sur le Q\u2019apaq \u00d1an, vous vous \u00e9levez alors vers le Troisi\u00e8me Niveau de Conscience appel\u00e9 Hampeq.<\/p><p style=\"text-align: justify;\"><strong>Le troisi\u00e8me niveau<\/strong>&nbsp;r\u00e9v\u00e8le \u00ab l\u2019Artisan de Lumi\u00e8re \u00bb qui sommeille en vous, afin d\u2019agir sur notre R\u00e9alit\u00e9 et participer \u00e0 la cocr\u00e9ation d\u2019une nouvelle Humanit\u00e9. Vous atteignez ainsi le Quatri\u00e8me Niveau de Conscience et int\u00e9grerez, \u00e0 l\u2019issu d\u2019une C\u00e9r\u00e9monie Traditionnelle Andine offici\u00e9e par les Sacerdotes de la Nation Q\u2019ero sur les Hautes Montagnes Sacr\u00e9es du P\u00e9rou, le pouvoir du Sacerdote andin Missayuc.<\/p><\/div><\/div><div class=\"vce-row-container\" data-vce-boxed-width=\"true\"><div class=\"vce-row vce-row--has-col-background vce-element--has-background vce-row--col-gap-30 vce-row-equal-height vce-row-content--top\" id=\"el-c16fa5a5\" data-vce-do-apply=\"all el-c16fa5a5\"><div class=\"vce-content-background-container\"><div class=\"vce-asset-parallax-container vce-visible-all-only\" data-vce-assets-parallax=\".vce-asset-parallax\" data-vce-assets-parallax-fade=\"true\" data-vce-assets-parallax-reverse=\"false\"><div class=\"vce-asset-parallax\" style=\"top: -30vh; bottom: -30vh; transform: translateY(3.1195vh);\"><\/div><\/div><\/div><div class=\"vce-row-content\" data-vce-element-content=\"true\"><div class=\"vce-col vce-element--has-background vce-col--md-auto vce-col--xs-1 vce-col--xs-last vce-col--xs-first vce-col--sm-last vce-col--sm-first vce-col--md-first vce-col--lg-first vce-col--xl-first\" id=\"el-d60cf6a4\"><div class=\"vce-col-inner\" data-vce-do-apply=\"border margin background  el-d60cf6a4\" data-vce-animate=\"vce-o-animate--fadeInLeft\"><div class=\"vce-content-background-container\"><\/div><div class=\"vce-col-content\" data-vce-element-content=\"true\" data-vce-do-apply=\"padding el-d60cf6a4\"><div class=\"vce-text-block\"><div class=\"vce-text-block-wrapper vce\" id=\"el-9ebdd785\" data-vce-do-apply=\"all el-9ebdd785\"><h4 style=\"text-align: center;\"><strong>DU 1<sup>ER<\/sup> AU 2<sup>\u00c8ME<\/sup> NIVEAU <br>DE CONSCIENCE <br>\"PACHA A RUNA\" : M\u00c9DECINE DE L'\u00c2ME<br><br><\/strong><\/h4><\/div><\/div><div class=\"vce-features vce-var-icon vce-features--style-filled-circle vce-features--size-medium\" style=\"--text-align: center; --iconColor: rgb(245, 231, 185); --iconColorHover: #fff; --shapeColor: rgb(56, 87, 36); --shapeColorHover: rgb(215, 162, 140); --linkColorHover: rgb(215, 162, 140);\"><div id=\"el-200bb955\" class=\"vce vce-features-icon-wrapper\" data-vce-do-apply=\"all el-200bb955\"><a class=\"vce-features--icon vce-icon\" href=\"https:\/\/chamanismedelaterre.fr\/es\/du-1er-au-2eme-niveau-de-conscience-pacha-a-runa-medecine-de-lame\/\" title=\"\"><svg xmlns=\"https:\/\/www.w3.org\/2000\/svg\" viewbox=\"0 0 769 769\"><path stroke-width=\"25\" d=\"M565.755 696.27h-360l-180-311.77 180-311.77h360l180 311.77z\"><\/path><\/svg><span class=\"vce-icon-container fas fa-sun\"><\/span><\/a><\/div><\/div><\/div><\/div><\/div><div class=\"vce-col vce-element--has-background vce-col--md-auto vce-col--xs-1 vce-col--xs-last vce-col--xs-first vce-col--sm-last vce-col--sm-first\" id=\"el-f58bae03\"><div class=\"vce-col-inner\" data-vce-do-apply=\"border margin background  el-f58bae03\" data-vce-animate=\"vce-o-animate--fadeInLeft\"><div class=\"vce-content-background-container\"><\/div><div class=\"vce-col-content\" data-vce-element-content=\"true\" data-vce-do-apply=\"padding el-f58bae03\"><div class=\"vce-text-block\"><div class=\"vce-text-block-wrapper vce\" id=\"el-66ef0601\" data-vce-do-apply=\"all el-66ef0601\"><h4 style=\"text-align: center;\"><strong>DU 2<sup>\u00c8ME<\/sup> AU 3<sup>\u00c8ME<\/sup> NIVEAU <br>DE CONSCIENCE <br>\"RUNA A HAMPEQ\" : FEMME ET HOMME M\u00c9DECINE<br><br><\/strong><\/h4><\/div><\/div><div class=\"vce-features vce-var-icon vce-features--style-filled-circle vce-features--size-medium\" style=\"--text-align: center; --iconColor: rgb(245, 231, 185); --iconColorHover: #fff; --shapeColor: rgb(56, 87, 36); --shapeColorHover: rgb(215, 162, 140); --linkColorHover: rgb(215, 162, 140);\"><div id=\"el-d3b92f5e\" class=\"vce vce-features-icon-wrapper\" data-vce-do-apply=\"all el-d3b92f5e\"><a class=\"vce-features--icon vce-icon\" href=\"https:\/\/chamanismedelaterre.fr\/es\/du-2eme-au-3eme-niveau-de-conscience-runa-a-hampeq-femme-et-homme-medecine\/\" title=\"\"><svg xmlns=\"https:\/\/www.w3.org\/2000\/svg\" viewbox=\"0 0 769 769\"><path stroke-width=\"25\" d=\"M565.755 696.27h-360l-180-311.77 180-311.77h360l180 311.77z\"><\/path><\/svg><span class=\"vce-icon-container fas fa-sun\"><\/span><\/a><\/div><\/div><\/div><\/div><\/div><div class=\"vce-col vce-element--has-background vce-col--md-auto vce-col--xs-1 vce-col--xs-last vce-col--xs-first vce-col--sm-last vce-col--sm-first vce-col--md-last vce-col--lg-last vce-col--xl-last\" id=\"el-60547bc2\"><div class=\"vce-col-inner\" data-vce-do-apply=\"border margin background  el-60547bc2\" data-vce-animate=\"vce-o-animate--fadeInLeft\"><div class=\"vce-content-background-container\"><\/div><div class=\"vce-col-content\" data-vce-element-content=\"true\" data-vce-do-apply=\"padding el-60547bc2\"><div class=\"vce-text-block\"><div class=\"vce-text-block-wrapper vce\" id=\"el-2963a467\" data-vce-do-apply=\"all el-2963a467\"><h4 style=\"text-align: center;\">DU 3<strong><sup>\u00c8ME<\/sup> AU 4<sup>\u00c8ME <\/sup><\/strong>NIVEAU <br>DE CONSCIENCE <br>\"HAMPEQ A MISSAYUC\" : ARTISAN DE LUMI\u00c8RE<br><br><br><\/h4><\/div><\/div><div class=\"vce-features vce-var-icon vce-features--style-filled-circle vce-features--size-medium\" style=\"--text-align: center; --iconColor: rgb(245, 231, 185); --iconColorHover: #fff; --shapeColor: rgb(56, 87, 36); --shapeColorHover: rgb(215, 162, 140); --linkColorHover: rgb(215, 162, 140);\"><div id=\"el-290edbaa\" class=\"vce vce-features-icon-wrapper\" data-vce-do-apply=\"all el-290edbaa\"><a class=\"vce-features--icon vce-icon\" href=\"https:\/\/chamanismedelaterre.fr\/es\/du-3eme-au-4eme-niveau-de-conscience-hampeq-a-missayuc-artisan-de-lumiere\/\" title=\"\"><svg xmlns=\"https:\/\/www.w3.org\/2000\/svg\" viewbox=\"0 0 769 769\"><path stroke-width=\"25\" d=\"M565.755 696.27h-360l-180-311.77 180-311.77h360l180 311.77z\"><\/path><\/svg><span class=\"vce-icon-container fas fa-sun\"><\/span><\/a><\/div><\/div><\/div><\/div><\/div><\/div><\/div><\/div><div class=\"vce-text-block\"><div class=\"vce-text-block-wrapper vce\" id=\"el-1aa871d9\" data-vce-do-apply=\"all el-1aa871d9\"><\/div><\/div><\/div><\/div><\/div><\/div><\/div><\/div><\/div><\/div><\/div><\/div><\/div><\/div>","protected":false},"excerpt":{"rendered":"<p>ENSEIGNEMENT DISTANCIEL EN DIRECTL\u2019Humanit\u00e9 \u00e9volue, et les \u00catres de Lumi\u00e8re qui nous accompagnent s\u2019adaptent \u00e0 cette \u00e9volution. Gr\u00e2ce aux nouvelles technologies, nous pouvons d\u00e9sormais \u00e9changer nos connaissances \u00e0 travers le monde, cr\u00e9er des liens entre tous les peuples, et cheminer ensemble ind\u00e9pendamment de l\u2019espace et du temps.De plus, l\u2019Enseignement \u00e0 distance respecte davantage la disponibilit\u00e9 &hellip;<\/p>","protected":false},"author":1,"featured_media":0,"parent":0,"menu_order":0,"comment_status":"open","ping_status":"open","template":"","meta":{"footnotes":""},"class_list":["post-1592","page","type-page","status-publish","hentry"],"yoast_head":"<!-- This site is optimized with the Yoast SEO plugin v21.8 - https:\/\/yoast.com\/wordpress\/plugins\/seo\/ -->\n<title>ENSEIGNEMENT DISTANCIEL EN DIRECT - CHAMANISME DE LA TERRE<\/title>\n<meta name=\"description\" content=\"L\u2019Enseignement Distanciel en Direct r\u00e9unit la totalit\u00e9 de mes diff\u00e9rentes traditions chamaniques et enseignements spirituels.\" \/>\n<meta name=\"robots\" content=\"index, follow, max-snippet:-1, max-image-preview:large, max-video-preview:-1\" \/>\n<link rel=\"canonical\" href=\"https:\/\/chamanismedelaterre.fr\/es\/enseignement-distanciel-en-direct\/\" \/>\n<meta property=\"og:locale\" content=\"es_ES\" \/>\n<meta property=\"og:type\" content=\"article\" \/>\n<meta property=\"og:title\" content=\"ENSEIGNEMENT DISTANCIEL EN DIRECT - CHAMANISME DE LA TERRE\" \/>\n<meta property=\"og:description\" content=\"L\u2019Enseignement Distanciel en Direct r\u00e9unit la totalit\u00e9 de mes diff\u00e9rentes traditions chamaniques et enseignements spirituels.\" \/>\n<meta property=\"og:url\" content=\"https:\/\/chamanismedelaterre.fr\/es\/enseignement-distanciel-en-direct\/\" \/>\n<meta property=\"og:site_name\" content=\"CHAMANISME DE LA TERRE\" \/>\n<meta property=\"article:modified_time\" content=\"2023-07-05T15:56:31+00:00\" \/>\n<meta name=\"twitter:card\" content=\"summary_large_image\" \/>\n<meta name=\"twitter:label1\" content=\"Tiempo de lectura\" \/>\n\t<meta name=\"twitter:data1\" content=\"4 minutos\" \/>\n<script type=\"application\/ld+json\" class=\"yoast-schema-graph\">{\"@context\":\"https:\/\/schema.org\",\"@graph\":[{\"@type\":\"WebPage\",\"@id\":\"https:\/\/chamanismedelaterre.fr\/enseignement-distanciel-en-direct\/\",\"url\":\"https:\/\/chamanismedelaterre.fr\/enseignement-distanciel-en-direct\/\",\"name\":\"ENSEIGNEMENT DISTANCIEL EN DIRECT - CHAMANISME DE LA TERRE\",\"isPartOf\":{\"@id\":\"https:\/\/chamanismedelaterre.fr\/#website\"},\"datePublished\":\"2023-05-11T16:32:02+00:00\",\"dateModified\":\"2023-07-05T15:56:31+00:00\",\"description\":\"L\u2019Enseignement Distanciel en Direct r\u00e9unit la totalit\u00e9 de mes diff\u00e9rentes traditions chamaniques et enseignements spirituels.\",\"breadcrumb\":{\"@id\":\"https:\/\/chamanismedelaterre.fr\/enseignement-distanciel-en-direct\/#breadcrumb\"},\"inLanguage\":\"es\",\"potentialAction\":[{\"@type\":\"ReadAction\",\"target\":[\"https:\/\/chamanismedelaterre.fr\/enseignement-distanciel-en-direct\/\"]}]},{\"@type\":\"BreadcrumbList\",\"@id\":\"https:\/\/chamanismedelaterre.fr\/enseignement-distanciel-en-direct\/#breadcrumb\",\"itemListElement\":[{\"@type\":\"ListItem\",\"position\":1,\"name\":\"Accueil\",\"item\":\"https:\/\/chamanismedelaterre.fr\/\"},{\"@type\":\"ListItem\",\"position\":2,\"name\":\"ENSEIGNEMENT DISTANCIEL EN DIRECT\"}]},{\"@type\":\"WebSite\",\"@id\":\"https:\/\/chamanismedelaterre.fr\/#website\",\"url\":\"https:\/\/chamanismedelaterre.fr\/\",\"name\":\"CHAMANISME DE LA TERRE\",\"description\":\"CHAMANISME DE LA TERRE? Marie-Ange Fernandez\",\"potentialAction\":[{\"@type\":\"SearchAction\",\"target\":{\"@type\":\"EntryPoint\",\"urlTemplate\":\"https:\/\/chamanismedelaterre.fr\/?s={search_term_string}\"},\"query-input\":\"required name=search_term_string\"}],\"inLanguage\":\"es\"}]}<\/script>\n<!-- \/ Yoast SEO plugin. -->","yoast_head_json":{"title":"ENSEIGNEMENT DISTANCIEL EN DIRECT - CHAMANISME DE LA TERRE","description":"L\u2019Enseignement Distanciel en Direct r\u00e9unit la totalit\u00e9 de mes diff\u00e9rentes traditions chamaniques et enseignements spirituels.","robots":{"index":"index","follow":"follow","max-snippet":"max-snippet:-1","max-image-preview":"max-image-preview:large","max-video-preview":"max-video-preview:-1"},"canonical":"https:\/\/chamanismedelaterre.fr\/es\/enseignement-distanciel-en-direct\/","og_locale":"es_ES","og_type":"article","og_title":"ENSEIGNEMENT DISTANCIEL EN DIRECT - CHAMANISME DE LA TERRE","og_description":"L\u2019Enseignement Distanciel en Direct r\u00e9unit la totalit\u00e9 de mes diff\u00e9rentes traditions chamaniques et enseignements spirituels.","og_url":"https:\/\/chamanismedelaterre.fr\/es\/enseignement-distanciel-en-direct\/","og_site_name":"CHAMANISME DE LA TERRE","article_modified_time":"2023-07-05T15:56:31+00:00","twitter_card":"summary_large_image","twitter_misc":{"Tiempo de lectura":"4 minutos"},"schema":{"@context":"https:\/\/schema.org","@graph":[{"@type":"WebPage","@id":"https:\/\/chamanismedelaterre.fr\/enseignement-distanciel-en-direct\/","url":"https:\/\/chamanismedelaterre.fr\/enseignement-distanciel-en-direct\/","name":"ENSEIGNEMENT DISTANCIEL EN DIRECT - CHAMANISME DE LA TERRE","isPartOf":{"@id":"https:\/\/chamanismedelaterre.fr\/#website"},"datePublished":"2023-05-11T16:32:02+00:00","dateModified":"2023-07-05T15:56:31+00:00","description":"L\u2019Enseignement Distanciel en Direct r\u00e9unit la totalit\u00e9 de mes diff\u00e9rentes traditions chamaniques et enseignements spirituels.","breadcrumb":{"@id":"https:\/\/chamanismedelaterre.fr\/enseignement-distanciel-en-direct\/#breadcrumb"},"inLanguage":"es","potentialAction":[{"@type":"ReadAction","target":["https:\/\/chamanismedelaterre.fr\/enseignement-distanciel-en-direct\/"]}]},{"@type":"BreadcrumbList","@id":"https:\/\/chamanismedelaterre.fr\/enseignement-distanciel-en-direct\/#breadcrumb","itemListElement":[{"@type":"ListItem","position":1,"name":"Accueil","item":"https:\/\/chamanismedelaterre.fr\/"},{"@type":"ListItem","position":2,"name":"ENSEIGNEMENT DISTANCIEL EN DIRECT"}]},{"@type":"WebSite","@id":"https:\/\/chamanismedelaterre.fr\/#website","url":"https:\/\/chamanismedelaterre.fr\/","name":"CHAMANISME DE LA TERRE","description":"CHAMANISME DE LA TERRE? Marie-Ange Fernandez","potentialAction":[{"@type":"SearchAction","target":{"@type":"EntryPoint","urlTemplate":"https:\/\/chamanismedelaterre.fr\/?s={search_term_string}"},"query-input":"required name=search_term_string"}],"inLanguage":"es"}]}},"jetpack_sharing_enabled":true,"_links":{"self":[{"href":"https:\/\/chamanismedelaterre.fr\/es\/wp-json\/wp\/v2\/pages\/1592","targetHints":{"allow":["GET"]}}],"collection":[{"href":"https:\/\/chamanismedelaterre.fr\/es\/wp-json\/wp\/v2\/pages"}],"about":[{"href":"https:\/\/chamanismedelaterre.fr\/es\/wp-json\/wp\/v2\/types\/page"}],"author":[{"embeddable":true,"href":"https:\/\/chamanismedelaterre.fr\/es\/wp-json\/wp\/v2\/users\/1"}],"replies":[{"embeddable":true,"href":"https:\/\/chamanismedelaterre.fr\/es\/wp-json\/wp\/v2\/comments?post=1592"}],"version-history":[{"count":27,"href":"https:\/\/chamanismedelaterre.fr\/es\/wp-json\/wp\/v2\/pages\/1592\/revisions"}],"predecessor-version":[{"id":2189,"href":"https:\/\/chamanismedelaterre.fr\/es\/wp-json\/wp\/v2\/pages\/1592\/revisions\/2189"}],"wp:attachment":[{"href":"https:\/\/chamanismedelaterre.fr\/es\/wp-json\/wp\/v2\/media?parent=1592"}],"curies":[{"name":"wp","href":"https:\/\/api.w.org\/{rel}","templated":true}]}}