{"id":1553,"date":"2023-05-11T16:32:09","date_gmt":"2023-05-11T14:32:09","guid":{"rendered":"https:\/\/chamanismedelaterre.fr\/?page_id=1553"},"modified":"2023-07-05T17:06:28","modified_gmt":"2023-07-05T15:06:28","slug":"astro-chamanisme","status":"publish","type":"page","link":"https:\/\/chamanismedelaterre.fr\/es\/astro-chamanisme\/","title":{"rendered":"ASTRO-CHAMANISME"},"content":{"rendered":"<div class=\"vce-row-container\" data-vce-boxed-width=\"true\"><div class=\"vce-row vce-row--col-gap-30 vce-row-equal-height vce-row-content--top\" id=\"el-61ee1566\" data-vce-do-apply=\"all el-61ee1566\"><div class=\"vce-row-content\" data-vce-element-content=\"true\"><div class=\"vce-col vce-col--md-auto vce-col--xs-1 vce-col--xs-last vce-col--xs-first vce-col--sm-last vce-col--sm-first vce-col--md-last vce-col--lg-last vce-col--xl-last vce-col--md-first vce-col--lg-first vce-col--xl-first\" id=\"el-5cb7d8bb\"><div class=\"vce-col-inner\" data-vce-do-apply=\"border margin background  el-5cb7d8bb\"><div class=\"vce-col-content\" data-vce-element-content=\"true\" data-vce-do-apply=\"padding el-5cb7d8bb\"><div class=\"vce-row-container\" data-vce-boxed-width=\"true\"><div class=\"vce-row vce-row--col-gap-30 vce-row-equal-height vce-row-content--top\" id=\"el-6aaeead8\" data-vce-do-apply=\"all el-6aaeead8\"><div class=\"vce-row-content\" data-vce-element-content=\"true\"><div class=\"vce-col vce-col--md-auto vce-col--xs-1 vce-col--xs-last vce-col--xs-first vce-col--sm-last vce-col--sm-first vce-col--md-last vce-col--lg-last vce-col--xl-last vce-col--md-first vce-col--lg-first vce-col--xl-first\" id=\"el-fb8db630\"><div class=\"vce-col-inner\" data-vce-do-apply=\"border margin background  el-fb8db630\"><div class=\"vce-col-content\" data-vce-element-content=\"true\" data-vce-do-apply=\"padding el-fb8db630\"><div class=\"vce vce-separator-with-title-container vce-separator-with-title--align-center\" id=\"el-b3e05821\" data-vce-do-apply=\"margin el-b3e05821\"><div class=\"vce-separator-with-title vce-separator-with-title--color-b-56-87-36 vce-separator-with-title--width-100\" data-vce-do-apply=\"border padding background  el-b3e05821\"><div class=\"vce-separator-with-title--line vce-separator-with-title--line--style-solid vce-separator-with-title-line--thickness-1 vce-separator-with-title--line-left\"><\/div><h3 class=\"vce-separator-with-title--title vce-separator-with-title--title--color-b-56-87-36\">ASTRO-CHAMANISME<\/h3><div class=\"vce-separator-with-title--line vce-separator-with-title--line--style-solid vce-separator-with-title-line--thickness-1 vce-separator-with-title--line-right\"><\/div><\/div><\/div><div class=\"vce vce-separator-container vce-separator--align-center vce-separator--style-shadow\" id=\"el-8e7114fa\" data-vce-do-apply=\"margin el-8e7114fa\"><div class=\"vce-separator vce-separator--color-b-56-87-36 vce-separator--width-100 vce-separator--thickness-1\" data-vce-do-apply=\"border padding background  el-8e7114fa\"><div class=\"vce-separator-shadow vce-separator-shadow-left\"><\/div><div class=\"vce-separator-shadow vce-separator-shadow-right\"><\/div><\/div><\/div><\/div><\/div><\/div><\/div><\/div><\/div><\/div><\/div><\/div><\/div><\/div><\/div><div class=\"vce-row-container\" data-vce-boxed-width=\"true\"><div class=\"vce-row vce-row--col-gap-30 vce-row-equal-height vce-row-content--top\" id=\"el-e3217a00\" data-vce-do-apply=\"all el-e3217a00\"><div class=\"vce-row-content\" data-vce-element-content=\"true\"><div class=\"vce-col vce-col--md-auto vce-col--xs-1 vce-col--xs-last vce-col--xs-first vce-col--sm-last vce-col--sm-first vce-col--md-last vce-col--lg-last vce-col--xl-last vce-col--md-first vce-col--lg-first vce-col--xl-first\" id=\"el-c212fca4\"><div class=\"vce-col-inner\" data-vce-do-apply=\"border margin background  el-c212fca4\"><div class=\"vce-content-background-container\"><\/div><div class=\"vce-col-content\" data-vce-element-content=\"true\" data-vce-do-apply=\"padding el-c212fca4\"><div class=\"vce-single-image-container vce-single-image--align-center\"><div class=\"vce vce-single-image-wrapper\" id=\"el-0b9de455\" data-vce-do-apply=\"all el-0b9de455\"><figure><div class=\"vce-single-image-figure-inner\" style=\"width: 500px;\"><div class=\"vce-single-image-inner vce-single-image--absolute vce-single-image--border-rounded\" style=\"width: 100%; padding-bottom: 75%;\"><img decoding=\"async\" class=\"vce-single-image\"  width=\"500\" height=\"375\" srcset=\"https:\/\/chamanismedelaterre.fr\/wp-content\/uploads\/2023\/06\/Eclipse-solaire-1-e1688052438222-320x240.jpg 320w, https:\/\/chamanismedelaterre.fr\/wp-content\/uploads\/2023\/06\/Eclipse-solaire-1-e1688052438222-480x360.jpg 480w, https:\/\/i0.wp.com\/chamanismedelaterre.fr\/wp-content\/uploads\/2023\/07\/Eclipse-solaire-1-500x375.jpg?resize=500%2C375&#038;ssl=1 500w\" src=\"https:\/\/i0.wp.com\/chamanismedelaterre.fr\/wp-content\/uploads\/2023\/07\/Eclipse-solaire-1-500x375.jpg?resize=500%2C375&#038;ssl=1\" data-img-src=\"https:\/\/chamanismedelaterre.fr\/wp-content\/uploads\/2023\/06\/Eclipse-solaire-1.jpg\" data-attachment-id=\"1999\"  alt=\"\" title=\"Eclipse solaire\" data-recalc-dims=\"1\" \/><\/div><\/div><figcaption hidden=\"\"><\/figcaption><\/figure><\/div><\/div><div class=\"vce-text-block\"><div class=\"vce-text-block-wrapper vce\" id=\"el-27f2ef71\" data-vce-do-apply=\"all el-27f2ef71\"><p style=\"text-align: justify;\">L\u2019Astrologie et le Chamanisme sont probablement les Arts de gu\u00e9rison personnelle et d\u2019\u00e9veil spirituel les plus anciens au monde. L\u2019Union de ces deux Savoirs ancestraux et universels tisse le lien sacr\u00e9 entre&nbsp;l\u2019Homme, la Terre&nbsp;et l\u2019Univers.<\/p><p style=\"text-align: justify;\">Comme disait le c\u00e9l\u00e8bre psychologue Carl G. Jung, \u00ab&nbsp;l\u2019Astrologie repr\u00e9sente la somme de toutes les connaissances psychologiques de l\u2019Antiquit\u00e9&nbsp;\u00bb. En tant que tel, l\u2019Horoscope est une carte tr\u00e8s pr\u00e9cise de la psych\u00e9 et de son fonctionnement, tant conscient comme inconscient, et en ce sens, il nous parle de notre destin.<\/p><p style=\"text-align: justify;\">En apprenant \u00e0 d\u00e9chiffrer ce langage, nous avons la possibilit\u00e9 de comprendre les lois qui r\u00e9gissent l\u2019Univers, dans le Macrocosme autant que dans le Microcosme, et d\u2019y apporter une r\u00e9ponse en exer\u00e7ant notre libre arbitre. Le Chamanisme est l\u2019un des outils les plus puissants pour pouvoir le faire et, au quotidien, devenir co-cr\u00e9ateurs de notre r\u00e9alit\u00e9.<\/p><p style=\"text-align: justify;\">Le Chamanisme regroupe un ensemble de croyances et de traditions sacr\u00e9es, ancestrales et universelles. Il se d\u00e9finit par&nbsp;une pens\u00e9e spirituelle&nbsp;animiste dans laquelle tous les r\u00e8gnes et les Forces de la Nature et du Cosmos poss\u00e8dent leur propre \u00e2me et esprit, et sont reli\u00e9s par une m\u00eame \u00e9nergie, cr\u00e9ant ainsi une Unit\u00e9 formant part de la Source.<\/p><p style=\"text-align: justify;\">C\u2019est pourquoi nous poss\u00e9dons toutes et tous la capacit\u00e9 de connecter et d\u2019interagir avec ces diff\u00e9rents \u00ab&nbsp;Esprits&nbsp;\u00bb, afin qu\u2019ils nous transmettent leur \u00ab M\u00e9decine \u00bb, c\u2019est-\u00e0-dire la Sagesse, le Pouvoir, la Connaissance et le Savoir qui constituent leur Enseignement.<\/p><p style=\"text-align: justify;\">Cet Enseignement nous permet de trouver notre alignement personnel et point d\u2019\u00e9quilibre entre le Ciel et la Terre, de devenir des \u00catres Humains responsables, cr\u00e9ateurs de notre propre Existence, en harmonie avec tous les aspects dimensionnels de notre \u00catre, notre entourage, et les Forces de la Nature et de l\u2019Univers.<\/p><p style=\"text-align: justify;\">\u200bCar c\u2019est en gu\u00e9rissant que nous \u00e9levons notre fr\u00e9quence vibratoire et celle de l\u2019Humanit\u00e9, afin de co-cr\u00e9er une nouvelle R\u00e9alit\u00e9 et accompagner ainsi notre Terre-M\u00e8re dans son Ascension vers une nouvelle \u00c8re et une nouvelle Dimension.<\/p><\/div><\/div><div class=\"vce-row-container\" data-vce-boxed-width=\"true\"><div class=\"vce-row vce-row--has-col-background vce-element--has-background vce-row--col-gap-30 vce-row-equal-height vce-row-content--top\" id=\"el-45c9647f\" data-vce-do-apply=\"all el-45c9647f\" data-vce-animate=\"vce-o-animate--None\"><div class=\"vce-content-background-container\"><div class=\"vce-asset-parallax-container vce-visible-all-only\" data-vce-assets-parallax=\".vce-asset-parallax\" data-vce-assets-parallax-fade=\"true\" data-vce-assets-parallax-reverse=\"false\"><div class=\"vce-asset-parallax\" style=\"top: -30vh; bottom: -30vh; transform: translateY(0.072579vh);\"><\/div><\/div><\/div><div class=\"vce-row-content\" data-vce-element-content=\"true\"><div class=\"vce-col vce-element--has-background vce-col--md-auto vce-col--xs-1 vce-col--xs-last vce-col--xs-first vce-col--sm-last vce-col--sm-first vce-col--md-first vce-col--lg-first vce-col--xl-first\" id=\"el-413f275b\"><div class=\"vce-col-inner\" data-vce-do-apply=\"border margin background  el-413f275b\" data-vce-animate=\"vce-o-animate--fadeInLeft\"><div class=\"vce-content-background-container\"><\/div><div class=\"vce-col-content\" data-vce-element-content=\"true\" data-vce-do-apply=\"padding el-413f275b\"><div class=\"vce-text-block\"><div class=\"vce-text-block-wrapper vce\" id=\"el-5d76a34e\" data-vce-do-apply=\"all el-5d76a34e\"><h4 style=\"text-align: center;\"><img decoding=\"async\" class=\"alignnone wp-image-1996 size-medium\" src=\"https:\/\/i0.wp.com\/chamanismedelaterre.fr\/wp-content\/uploads\/2023\/06\/sun.webp?resize=300%2C300&#038;ssl=1\" alt=\"\" width=\"300\" height=\"300\" srcset=\"https:\/\/i0.wp.com\/chamanismedelaterre.fr\/wp-content\/uploads\/2023\/06\/sun.webp?resize=300%2C300&amp;ssl=1 300w, https:\/\/i0.wp.com\/chamanismedelaterre.fr\/wp-content\/uploads\/2023\/06\/sun.webp?resize=150%2C150&amp;ssl=1 150w, https:\/\/i0.wp.com\/chamanismedelaterre.fr\/wp-content\/uploads\/2023\/06\/sun.webp?resize=12%2C12&amp;ssl=1 12w, https:\/\/i0.wp.com\/chamanismedelaterre.fr\/wp-content\/uploads\/2023\/06\/sun.webp?resize=320%2C320&amp;ssl=1 320w, https:\/\/i0.wp.com\/chamanismedelaterre.fr\/wp-content\/uploads\/2023\/06\/sun.webp?resize=480%2C480&amp;ssl=1 480w, https:\/\/i0.wp.com\/chamanismedelaterre.fr\/wp-content\/uploads\/2023\/06\/sun.webp?resize=24%2C24&amp;ssl=1 24w, https:\/\/i0.wp.com\/chamanismedelaterre.fr\/wp-content\/uploads\/2023\/06\/sun.webp?resize=36%2C36&amp;ssl=1 36w, https:\/\/i0.wp.com\/chamanismedelaterre.fr\/wp-content\/uploads\/2023\/06\/sun.webp?resize=48%2C48&amp;ssl=1 48w, https:\/\/i0.wp.com\/chamanismedelaterre.fr\/wp-content\/uploads\/2023\/06\/sun.webp?resize=600%2C600&amp;ssl=1 600w, https:\/\/i0.wp.com\/chamanismedelaterre.fr\/wp-content\/uploads\/2023\/06\/sun.webp?resize=100%2C100&amp;ssl=1 100w, https:\/\/i0.wp.com\/chamanismedelaterre.fr\/wp-content\/uploads\/2023\/06\/sun.webp?w=720&amp;ssl=1 720w\" sizes=\"(max-width: 300px) 100vw, 300px\" data-recalc-dims=\"1\" \/><br>ATELIERS PR<strong>\u00c9SENTIELS<\/strong><\/h4><\/div><\/div><div class=\"vce-button--style-outline-container vce-button--style-outline-container--align-center\"><span class=\"vce-button--style-outline-wrapper vce\" id=\"el-a79cf1e0\" data-vce-do-apply=\"margin el-a79cf1e0\"><a class=\"vce-button vce-button--style-outline-animated vce-button--style-outline--border-rounded vce-button--style-outline--size-medium vce-button--style-outline-animated--color-b-56-87-36--fff--3d3d3d vce-button--style-outline-animated--border-color-b-56-87-36--3d3d3d vce-button--style-outline-animated--background-color-b-56-87-36\" href=\"https:\/\/chamanismedelaterre.fr\/es\/astro-chamanisme\/astro-chamanisme-ateliers-presentiels\/\" title=\"\" data-vce-do-apply=\"padding border background  el-a79cf1e0\"><span class=\"vce-button--style-outline-text\">En savoir plus...<\/span><\/a><\/span><\/div><\/div><\/div><\/div><div class=\"vce-col vce-element--has-background vce-col--md-auto vce-col--xs-1 vce-col--xs-last vce-col--xs-first vce-col--sm-last vce-col--sm-first vce-col--md-last vce-col--lg-last vce-col--xl-last\" id=\"el-3fb73694\"><div class=\"vce-col-inner\" data-vce-do-apply=\"border margin background  el-3fb73694\" data-vce-animate=\"vce-o-animate--fadeInLeft\"><div class=\"vce-content-background-container\"><\/div><div class=\"vce-col-content\" data-vce-element-content=\"true\" data-vce-do-apply=\"padding el-3fb73694\"><div class=\"vce-text-block\"><div class=\"vce-text-block-wrapper vce\" id=\"el-51bca2f1\" data-vce-do-apply=\"all el-51bca2f1\"><h4 style=\"text-align: center;\"><img decoding=\"async\" class=\"alignnone wp-image-1997 size-medium\" src=\"https:\/\/i0.wp.com\/chamanismedelaterre.fr\/wp-content\/uploads\/2023\/06\/moon.png?resize=300%2C300&#038;ssl=1\" alt=\"\" width=\"300\" height=\"300\" srcset=\"https:\/\/i0.wp.com\/chamanismedelaterre.fr\/wp-content\/uploads\/2023\/06\/moon.png?resize=300%2C300&amp;ssl=1 300w, https:\/\/i0.wp.com\/chamanismedelaterre.fr\/wp-content\/uploads\/2023\/06\/moon.png?resize=150%2C150&amp;ssl=1 150w, https:\/\/i0.wp.com\/chamanismedelaterre.fr\/wp-content\/uploads\/2023\/06\/moon.png?resize=12%2C12&amp;ssl=1 12w, https:\/\/i0.wp.com\/chamanismedelaterre.fr\/wp-content\/uploads\/2023\/06\/moon.png?resize=320%2C320&amp;ssl=1 320w, https:\/\/i0.wp.com\/chamanismedelaterre.fr\/wp-content\/uploads\/2023\/06\/moon.png?resize=24%2C24&amp;ssl=1 24w, https:\/\/i0.wp.com\/chamanismedelaterre.fr\/wp-content\/uploads\/2023\/06\/moon.png?resize=36%2C36&amp;ssl=1 36w, https:\/\/i0.wp.com\/chamanismedelaterre.fr\/wp-content\/uploads\/2023\/06\/moon.png?resize=48%2C48&amp;ssl=1 48w, https:\/\/i0.wp.com\/chamanismedelaterre.fr\/wp-content\/uploads\/2023\/06\/moon.png?resize=100%2C100&amp;ssl=1 100w, https:\/\/i0.wp.com\/chamanismedelaterre.fr\/wp-content\/uploads\/2023\/06\/moon.png?w=340&amp;ssl=1 340w\" sizes=\"(max-width: 300px) 100vw, 300px\" data-recalc-dims=\"1\" \/>ENSEIGNEMENT DISTANCIEL<\/h4><\/div><\/div><div class=\"vce-button--style-outline-container vce-button--style-outline-container--align-center\"><span class=\"vce-button--style-outline-wrapper vce\" id=\"el-b608bbe1\" data-vce-do-apply=\"margin el-b608bbe1\"><a class=\"vce-button vce-button--style-outline-animated vce-button--style-outline--border-rounded vce-button--style-outline--size-medium vce-button--style-outline-animated--color-b-56-87-36--fff--3d3d3d vce-button--style-outline-animated--border-color-b-56-87-36--3d3d3d vce-button--style-outline-animated--background-color-b-56-87-36\" href=\"https:\/\/chamanismedelaterre.fr\/es\/enseignement-initiatique-en-direct\/\" title=\"\" data-vce-do-apply=\"padding border background  el-b608bbe1\"><span class=\"vce-button--style-outline-text\">En savoir plus...<\/span><\/a><\/span><\/div><\/div><\/div><\/div><\/div><\/div><\/div><\/div><\/div><\/div><\/div><\/div><\/div>","protected":false},"excerpt":{"rendered":"<p>ASTRO-CHAMANISMEL\u2019Astrologie et le Chamanisme sont probablement les Arts de gu\u00e9rison personnelle et d\u2019\u00e9veil spirituel les plus anciens au monde. L\u2019Union de ces deux Savoirs ancestraux et universels tisse le lien sacr\u00e9 entre&nbsp;l\u2019Homme, la Terre&nbsp;et l\u2019Univers.Comme disait le c\u00e9l\u00e8bre psychologue Carl G. Jung, \u00ab&nbsp;l\u2019Astrologie repr\u00e9sente la somme de toutes les connaissances psychologiques de l\u2019Antiquit\u00e9&nbsp;\u00bb. En tant &hellip;<\/p>","protected":false},"author":1,"featured_media":0,"parent":0,"menu_order":0,"comment_status":"open","ping_status":"closed","template":"","meta":{"footnotes":""},"class_list":["post-1553","page","type-page","status-publish","hentry"],"yoast_head":"<!-- This site is optimized with the Yoast SEO plugin v21.8 - https:\/\/yoast.com\/wordpress\/plugins\/seo\/ -->\n<title>ASTRO-CHAMANISME - CHAMANISME DE LA TERRE<\/title>\n<meta name=\"description\" content=\"L\u2019Union de l&#039;Astrologie et du Chamanisme, deux Savoirs ancestraux et universels, tisse le lien sacr\u00e9 entre l\u2019Homme, la Terre et l\u2019Univers.\" \/>\n<meta name=\"robots\" content=\"index, follow, max-snippet:-1, max-image-preview:large, max-video-preview:-1\" \/>\n<link rel=\"canonical\" href=\"https:\/\/chamanismedelaterre.fr\/es\/astro-chamanisme\/\" \/>\n<meta property=\"og:locale\" content=\"es_ES\" \/>\n<meta property=\"og:type\" content=\"article\" \/>\n<meta property=\"og:title\" content=\"ASTRO-CHAMANISME - CHAMANISME DE LA TERRE\" \/>\n<meta property=\"og:description\" content=\"L\u2019Union de l&#039;Astrologie et du Chamanisme, deux Savoirs ancestraux et universels, tisse le lien sacr\u00e9 entre l\u2019Homme, la Terre et l\u2019Univers.\" \/>\n<meta property=\"og:url\" content=\"https:\/\/chamanismedelaterre.fr\/es\/astro-chamanisme\/\" \/>\n<meta property=\"og:site_name\" content=\"CHAMANISME DE LA TERRE\" \/>\n<meta property=\"article:modified_time\" content=\"2023-07-05T15:06:28+00:00\" \/>\n<meta name=\"twitter:card\" content=\"summary_large_image\" \/>\n<meta name=\"twitter:label1\" content=\"Tiempo de lectura\" \/>\n\t<meta name=\"twitter:data1\" content=\"3 minutos\" \/>\n<script type=\"application\/ld+json\" class=\"yoast-schema-graph\">{\"@context\":\"https:\/\/schema.org\",\"@graph\":[{\"@type\":\"WebPage\",\"@id\":\"https:\/\/chamanismedelaterre.fr\/astro-chamanisme\/\",\"url\":\"https:\/\/chamanismedelaterre.fr\/astro-chamanisme\/\",\"name\":\"ASTRO-CHAMANISME - CHAMANISME DE LA TERRE\",\"isPartOf\":{\"@id\":\"https:\/\/chamanismedelaterre.fr\/#website\"},\"datePublished\":\"2023-05-11T14:32:09+00:00\",\"dateModified\":\"2023-07-05T15:06:28+00:00\",\"description\":\"L\u2019Union de l'Astrologie et du Chamanisme, deux Savoirs ancestraux et universels, tisse le lien sacr\u00e9 entre l\u2019Homme, la Terre et l\u2019Univers.\",\"breadcrumb\":{\"@id\":\"https:\/\/chamanismedelaterre.fr\/astro-chamanisme\/#breadcrumb\"},\"inLanguage\":\"es\",\"potentialAction\":[{\"@type\":\"ReadAction\",\"target\":[\"https:\/\/chamanismedelaterre.fr\/astro-chamanisme\/\"]}]},{\"@type\":\"BreadcrumbList\",\"@id\":\"https:\/\/chamanismedelaterre.fr\/astro-chamanisme\/#breadcrumb\",\"itemListElement\":[{\"@type\":\"ListItem\",\"position\":1,\"name\":\"Accueil\",\"item\":\"https:\/\/chamanismedelaterre.fr\/\"},{\"@type\":\"ListItem\",\"position\":2,\"name\":\"ASTRO-CHAMANISME\"}]},{\"@type\":\"WebSite\",\"@id\":\"https:\/\/chamanismedelaterre.fr\/#website\",\"url\":\"https:\/\/chamanismedelaterre.fr\/\",\"name\":\"CHAMANISME DE LA TERRE\",\"description\":\"CHAMANISME DE LA TERRE? Marie-Ange Fernandez\",\"potentialAction\":[{\"@type\":\"SearchAction\",\"target\":{\"@type\":\"EntryPoint\",\"urlTemplate\":\"https:\/\/chamanismedelaterre.fr\/?s={search_term_string}\"},\"query-input\":\"required name=search_term_string\"}],\"inLanguage\":\"es\"}]}<\/script>\n<!-- \/ Yoast SEO plugin. -->","yoast_head_json":{"title":"ASTRO-CHAMANISME - CHAMANISME DE LA TERRE","description":"L\u2019Union de l'Astrologie et du Chamanisme, deux Savoirs ancestraux et universels, tisse le lien sacr\u00e9 entre l\u2019Homme, la Terre et l\u2019Univers.","robots":{"index":"index","follow":"follow","max-snippet":"max-snippet:-1","max-image-preview":"max-image-preview:large","max-video-preview":"max-video-preview:-1"},"canonical":"https:\/\/chamanismedelaterre.fr\/es\/astro-chamanisme\/","og_locale":"es_ES","og_type":"article","og_title":"ASTRO-CHAMANISME - CHAMANISME DE LA TERRE","og_description":"L\u2019Union de l'Astrologie et du Chamanisme, deux Savoirs ancestraux et universels, tisse le lien sacr\u00e9 entre l\u2019Homme, la Terre et l\u2019Univers.","og_url":"https:\/\/chamanismedelaterre.fr\/es\/astro-chamanisme\/","og_site_name":"CHAMANISME DE LA TERRE","article_modified_time":"2023-07-05T15:06:28+00:00","twitter_card":"summary_large_image","twitter_misc":{"Tiempo de lectura":"3 minutos"},"schema":{"@context":"https:\/\/schema.org","@graph":[{"@type":"WebPage","@id":"https:\/\/chamanismedelaterre.fr\/astro-chamanisme\/","url":"https:\/\/chamanismedelaterre.fr\/astro-chamanisme\/","name":"ASTRO-CHAMANISME - CHAMANISME DE LA TERRE","isPartOf":{"@id":"https:\/\/chamanismedelaterre.fr\/#website"},"datePublished":"2023-05-11T14:32:09+00:00","dateModified":"2023-07-05T15:06:28+00:00","description":"L\u2019Union de l'Astrologie et du Chamanisme, deux Savoirs ancestraux et universels, tisse le lien sacr\u00e9 entre l\u2019Homme, la Terre et l\u2019Univers.","breadcrumb":{"@id":"https:\/\/chamanismedelaterre.fr\/astro-chamanisme\/#breadcrumb"},"inLanguage":"es","potentialAction":[{"@type":"ReadAction","target":["https:\/\/chamanismedelaterre.fr\/astro-chamanisme\/"]}]},{"@type":"BreadcrumbList","@id":"https:\/\/chamanismedelaterre.fr\/astro-chamanisme\/#breadcrumb","itemListElement":[{"@type":"ListItem","position":1,"name":"Accueil","item":"https:\/\/chamanismedelaterre.fr\/"},{"@type":"ListItem","position":2,"name":"ASTRO-CHAMANISME"}]},{"@type":"WebSite","@id":"https:\/\/chamanismedelaterre.fr\/#website","url":"https:\/\/chamanismedelaterre.fr\/","name":"CHAMANISME DE LA TERRE","description":"CHAMANISME DE LA TERRE? Marie-Ange Fernandez","potentialAction":[{"@type":"SearchAction","target":{"@type":"EntryPoint","urlTemplate":"https:\/\/chamanismedelaterre.fr\/?s={search_term_string}"},"query-input":"required name=search_term_string"}],"inLanguage":"es"}]}},"jetpack_sharing_enabled":true,"_links":{"self":[{"href":"https:\/\/chamanismedelaterre.fr\/es\/wp-json\/wp\/v2\/pages\/1553","targetHints":{"allow":["GET"]}}],"collection":[{"href":"https:\/\/chamanismedelaterre.fr\/es\/wp-json\/wp\/v2\/pages"}],"about":[{"href":"https:\/\/chamanismedelaterre.fr\/es\/wp-json\/wp\/v2\/types\/page"}],"author":[{"embeddable":true,"href":"https:\/\/chamanismedelaterre.fr\/es\/wp-json\/wp\/v2\/users\/1"}],"replies":[{"embeddable":true,"href":"https:\/\/chamanismedelaterre.fr\/es\/wp-json\/wp\/v2\/comments?post=1553"}],"version-history":[{"count":14,"href":"https:\/\/chamanismedelaterre.fr\/es\/wp-json\/wp\/v2\/pages\/1553\/revisions"}],"predecessor-version":[{"id":2190,"href":"https:\/\/chamanismedelaterre.fr\/es\/wp-json\/wp\/v2\/pages\/1553\/revisions\/2190"}],"wp:attachment":[{"href":"https:\/\/chamanismedelaterre.fr\/es\/wp-json\/wp\/v2\/media?parent=1553"}],"curies":[{"name":"wp","href":"https:\/\/api.w.org\/{rel}","templated":true}]}}