{"id":1503,"date":"2023-04-04T13:57:40","date_gmt":"2023-04-04T11:57:40","guid":{"rendered":"https:\/\/chamanismedelaterre.fr\/?page_id=1503"},"modified":"2023-07-06T15:11:00","modified_gmt":"2023-07-06T13:11:00","slug":"mon-compte","status":"publish","type":"page","link":"https:\/\/chamanismedelaterre.fr\/es\/mon-compte\/","title":{"rendered":"MON COMPTE"},"content":{"rendered":"<div class=\"vce-row-container\" data-vce-boxed-width=\"true\"><div class=\"vce-row vce-row--col-gap-30 vce-row-equal-height vce-row-content--top\" id=\"el-5b9c273e\" data-vce-do-apply=\"all el-5b9c273e\"><div class=\"vce-row-content\" data-vce-element-content=\"true\"><div class=\"vce-col vce-col--md-auto vce-col--xs-1 vce-col--xs-last vce-col--xs-first vce-col--sm-last vce-col--sm-first vce-col--md-last vce-col--lg-last vce-col--xl-last vce-col--md-first vce-col--lg-first vce-col--xl-first\" id=\"el-c327b8a3\"><div class=\"vce-col-inner\" data-vce-do-apply=\"border margin background  el-c327b8a3\"><div class=\"vce-col-content\" data-vce-element-content=\"true\" data-vce-do-apply=\"padding el-c327b8a3\"><div class=\"vce vce-separator-with-title-container vce-separator-with-title--align-center\" id=\"el-bb504122\" data-vce-do-apply=\"margin el-bb504122\"><div class=\"vce-separator-with-title vce-separator-with-title--color-b-56-87-36 vce-separator-with-title--width-100\" data-vce-do-apply=\"border padding background  el-bb504122\"><div class=\"vce-separator-with-title--line vce-separator-with-title--line--style-solid vce-separator-with-title-line--thickness-1 vce-separator-with-title--line-left\"><\/div><h3 class=\"vce-separator-with-title--title vce-separator-with-title--title--color-b-56-87-36\">MON COMPTE<\/h3><div class=\"vce-separator-with-title--line vce-separator-with-title--line--style-solid vce-separator-with-title-line--thickness-1 vce-separator-with-title--line-right\"><\/div><\/div><\/div><div class=\"vce vce-separator-container vce-separator--align-center vce-separator--style-shadow\" id=\"el-96f62db7\" data-vce-do-apply=\"margin el-96f62db7\"><div class=\"vce-separator vce-separator--color-b-56-87-36 vce-separator--width-100 vce-separator--thickness-1\" data-vce-do-apply=\"border padding background  el-96f62db7\"><div class=\"vce-separator-shadow vce-separator-shadow-left\"><\/div><div class=\"vce-separator-shadow vce-separator-shadow-right\"><\/div><\/div><\/div><\/div><\/div><\/div><\/div><\/div><\/div><div class=\"vce-row-container\" data-vce-boxed-width=\"true\"><div class=\"vce-row vce-row--has-col-background vce-element--has-background vce-row--col-gap-30 vce-row-equal-height vce-row-content--top\" id=\"el-e5d89351\" data-vce-do-apply=\"all el-e5d89351\"><div class=\"vce-content-background-container\"><\/div><div class=\"vce-row-content\" data-vce-element-content=\"true\"><div class=\"vce-col vce-element--has-background vce-col--md-auto vce-col--xs-1 vce-col--xs-last vce-col--xs-first vce-col--sm-last vce-col--sm-first vce-col--md-last vce-col--lg-last vce-col--xl-last vce-col--md-first vce-col--lg-first vce-col--xl-first\" id=\"el-d08b5bdc\"><div class=\"vce-col-inner\" data-vce-do-apply=\"border margin background  el-d08b5bdc\"><div class=\"vce-content-background-container\"><\/div><div class=\"vce-col-content\" data-vce-element-content=\"true\" data-vce-do-apply=\"padding el-d08b5bdc\"><div class=\"vce-text-block\"><div class=\"vce-text-block-wrapper vce\" id=\"el-4ee67caa\" data-vce-do-apply=\"all el-4ee67caa\"><p><b><div class=\"woocommerce\"><\/div><\/b><\/p><\/div><\/div><\/div><\/div><\/div><\/div><\/div><\/div>","protected":false},"excerpt":{"rendered":"<p>MON COMPTE<\/p>","protected":false},"author":1,"featured_media":1230,"parent":0,"menu_order":0,"comment_status":"open","ping_status":"open","template":"","meta":{"footnotes":""},"class_list":["post-1503","page","type-page","status-publish","has-post-thumbnail","hentry"],"yoast_head":"<!-- This site is optimized with the Yoast SEO plugin v21.8 - https:\/\/yoast.com\/wordpress\/plugins\/seo\/ -->\n<title>MON COMPTE - CHAMANISME DE LA TERRE<\/title>\n<meta name=\"description\" content=\"Votre espace priv\u00e9 avec vos commandes d&#039;Instruments Sacr\u00e9s, inscriptions aux Ateliers Pr\u00e9sentiels et t\u00e9l\u00e9chargements des vid\u00e9os en distanciel.\" \/>\n<meta name=\"robots\" content=\"index, follow, max-snippet:-1, max-image-preview:large, max-video-preview:-1\" \/>\n<link rel=\"canonical\" href=\"https:\/\/chamanismedelaterre.fr\/es\/mon-compte\/\" \/>\n<meta property=\"og:locale\" content=\"es_ES\" \/>\n<meta property=\"og:type\" content=\"article\" \/>\n<meta property=\"og:title\" content=\"MON COMPTE - CHAMANISME DE LA TERRE\" \/>\n<meta property=\"og:description\" content=\"Votre espace priv\u00e9 avec vos commandes d&#039;Instruments Sacr\u00e9s, inscriptions aux Ateliers Pr\u00e9sentiels et t\u00e9l\u00e9chargements des vid\u00e9os en distanciel.\" \/>\n<meta property=\"og:url\" content=\"https:\/\/chamanismedelaterre.fr\/es\/mon-compte\/\" \/>\n<meta property=\"og:site_name\" content=\"CHAMANISME DE LA TERRE\" \/>\n<meta property=\"article:modified_time\" content=\"2023-07-06T13:11:00+00:00\" \/>\n<meta property=\"og:image\" content=\"https:\/\/chamanismedelaterre.fr\/wp-content\/uploads\/2022\/12\/marie_ange_fernandez-3-edited.jpeg\" \/>\n\t<meta property=\"og:image:width\" content=\"1200\" \/>\n\t<meta property=\"og:image:height\" content=\"1200\" \/>\n\t<meta property=\"og:image:type\" content=\"image\/jpeg\" \/>\n<meta name=\"twitter:card\" content=\"summary_large_image\" \/>\n<meta name=\"twitter:label1\" content=\"Tiempo de lectura\" \/>\n\t<meta name=\"twitter:data1\" content=\"1 minuto\" \/>\n<script type=\"application\/ld+json\" class=\"yoast-schema-graph\">{\"@context\":\"https:\/\/schema.org\",\"@graph\":[{\"@type\":\"WebPage\",\"@id\":\"https:\/\/chamanismedelaterre.fr\/mon-compte\/\",\"url\":\"https:\/\/chamanismedelaterre.fr\/mon-compte\/\",\"name\":\"MON COMPTE - CHAMANISME DE LA TERRE\",\"isPartOf\":{\"@id\":\"https:\/\/chamanismedelaterre.fr\/#website\"},\"datePublished\":\"2023-04-04T11:57:40+00:00\",\"dateModified\":\"2023-07-06T13:11:00+00:00\",\"description\":\"Votre espace priv\u00e9 avec vos commandes d'Instruments Sacr\u00e9s, inscriptions aux Ateliers Pr\u00e9sentiels et t\u00e9l\u00e9chargements des vid\u00e9os en distanciel.\",\"breadcrumb\":{\"@id\":\"https:\/\/chamanismedelaterre.fr\/mon-compte\/#breadcrumb\"},\"inLanguage\":\"es\",\"potentialAction\":[{\"@type\":\"ReadAction\",\"target\":[\"https:\/\/chamanismedelaterre.fr\/mon-compte\/\"]}]},{\"@type\":\"BreadcrumbList\",\"@id\":\"https:\/\/chamanismedelaterre.fr\/mon-compte\/#breadcrumb\",\"itemListElement\":[{\"@type\":\"ListItem\",\"position\":1,\"name\":\"Accueil\",\"item\":\"https:\/\/chamanismedelaterre.fr\/\"},{\"@type\":\"ListItem\",\"position\":2,\"name\":\"MON COMPTE\"}]},{\"@type\":\"WebSite\",\"@id\":\"https:\/\/chamanismedelaterre.fr\/#website\",\"url\":\"https:\/\/chamanismedelaterre.fr\/\",\"name\":\"CHAMANISME DE LA TERRE\",\"description\":\"CHAMANISME DE LA TERRE? Marie-Ange Fernandez\",\"potentialAction\":[{\"@type\":\"SearchAction\",\"target\":{\"@type\":\"EntryPoint\",\"urlTemplate\":\"https:\/\/chamanismedelaterre.fr\/?s={search_term_string}\"},\"query-input\":\"required name=search_term_string\"}],\"inLanguage\":\"es\"}]}<\/script>\n<!-- \/ Yoast SEO plugin. -->","yoast_head_json":{"title":"MON COMPTE - CHAMANISME DE LA TERRE","description":"Votre espace priv\u00e9 avec vos commandes d'Instruments Sacr\u00e9s, inscriptions aux Ateliers Pr\u00e9sentiels et t\u00e9l\u00e9chargements des vid\u00e9os en distanciel.","robots":{"index":"index","follow":"follow","max-snippet":"max-snippet:-1","max-image-preview":"max-image-preview:large","max-video-preview":"max-video-preview:-1"},"canonical":"https:\/\/chamanismedelaterre.fr\/es\/mon-compte\/","og_locale":"es_ES","og_type":"article","og_title":"MON COMPTE - CHAMANISME DE LA TERRE","og_description":"Votre espace priv\u00e9 avec vos commandes d'Instruments Sacr\u00e9s, inscriptions aux Ateliers Pr\u00e9sentiels et t\u00e9l\u00e9chargements des vid\u00e9os en distanciel.","og_url":"https:\/\/chamanismedelaterre.fr\/es\/mon-compte\/","og_site_name":"CHAMANISME DE LA TERRE","article_modified_time":"2023-07-06T13:11:00+00:00","og_image":[{"width":1200,"height":1200,"url":"https:\/\/chamanismedelaterre.fr\/wp-content\/uploads\/2022\/12\/marie_ange_fernandez-3-edited.jpeg","type":"image\/jpeg"}],"twitter_card":"summary_large_image","twitter_misc":{"Tiempo de lectura":"1 minuto"},"schema":{"@context":"https:\/\/schema.org","@graph":[{"@type":"WebPage","@id":"https:\/\/chamanismedelaterre.fr\/mon-compte\/","url":"https:\/\/chamanismedelaterre.fr\/mon-compte\/","name":"MON COMPTE - CHAMANISME DE LA TERRE","isPartOf":{"@id":"https:\/\/chamanismedelaterre.fr\/#website"},"datePublished":"2023-04-04T11:57:40+00:00","dateModified":"2023-07-06T13:11:00+00:00","description":"Votre espace priv\u00e9 avec vos commandes d'Instruments Sacr\u00e9s, inscriptions aux Ateliers Pr\u00e9sentiels et t\u00e9l\u00e9chargements des vid\u00e9os en distanciel.","breadcrumb":{"@id":"https:\/\/chamanismedelaterre.fr\/mon-compte\/#breadcrumb"},"inLanguage":"es","potentialAction":[{"@type":"ReadAction","target":["https:\/\/chamanismedelaterre.fr\/mon-compte\/"]}]},{"@type":"BreadcrumbList","@id":"https:\/\/chamanismedelaterre.fr\/mon-compte\/#breadcrumb","itemListElement":[{"@type":"ListItem","position":1,"name":"Accueil","item":"https:\/\/chamanismedelaterre.fr\/"},{"@type":"ListItem","position":2,"name":"MON COMPTE"}]},{"@type":"WebSite","@id":"https:\/\/chamanismedelaterre.fr\/#website","url":"https:\/\/chamanismedelaterre.fr\/","name":"CHAMANISME DE LA TERRE","description":"CHAMANISME DE LA TERRE? Marie-Ange Fernandez","potentialAction":[{"@type":"SearchAction","target":{"@type":"EntryPoint","urlTemplate":"https:\/\/chamanismedelaterre.fr\/?s={search_term_string}"},"query-input":"required name=search_term_string"}],"inLanguage":"es"}]}},"jetpack_sharing_enabled":true,"_links":{"self":[{"href":"https:\/\/chamanismedelaterre.fr\/es\/wp-json\/wp\/v2\/pages\/1503","targetHints":{"allow":["GET"]}}],"collection":[{"href":"https:\/\/chamanismedelaterre.fr\/es\/wp-json\/wp\/v2\/pages"}],"about":[{"href":"https:\/\/chamanismedelaterre.fr\/es\/wp-json\/wp\/v2\/types\/page"}],"author":[{"embeddable":true,"href":"https:\/\/chamanismedelaterre.fr\/es\/wp-json\/wp\/v2\/users\/1"}],"replies":[{"embeddable":true,"href":"https:\/\/chamanismedelaterre.fr\/es\/wp-json\/wp\/v2\/comments?post=1503"}],"version-history":[{"count":3,"href":"https:\/\/chamanismedelaterre.fr\/es\/wp-json\/wp\/v2\/pages\/1503\/revisions"}],"predecessor-version":[{"id":1659,"href":"https:\/\/chamanismedelaterre.fr\/es\/wp-json\/wp\/v2\/pages\/1503\/revisions\/1659"}],"wp:featuredmedia":[{"embeddable":true,"href":"https:\/\/chamanismedelaterre.fr\/es\/wp-json\/wp\/v2\/media\/1230"}],"wp:attachment":[{"href":"https:\/\/chamanismedelaterre.fr\/es\/wp-json\/wp\/v2\/media?parent=1503"}],"curies":[{"name":"wp","href":"https:\/\/api.w.org\/{rel}","templated":true}]}}