{"id":1396,"date":"2023-02-15T14:41:00","date_gmt":"2023-02-15T13:41:00","guid":{"rendered":"https:\/\/chamanismedelaterre.fr\/?page_id=1396"},"modified":"2023-07-06T15:06:49","modified_gmt":"2023-07-06T13:06:49","slug":"mon-blog","status":"publish","type":"page","link":"https:\/\/chamanismedelaterre.fr\/es\/mon-blog\/","title":{"rendered":"MON BLOG"},"content":{"rendered":"<div class=\"vce-row-container\" data-vce-boxed-width=\"true\"><div class=\"vce-row vce-row--col-gap-30 vce-row-equal-height vce-row-content--top\" id=\"el-16329f3c\" data-vce-do-apply=\"all el-16329f3c\"><div class=\"vce-row-content\" data-vce-element-content=\"true\"><div class=\"vce-col vce-col--md-auto vce-col--xs-1 vce-col--xs-last vce-col--xs-first vce-col--sm-last vce-col--sm-first vce-col--md-last vce-col--lg-last vce-col--xl-last vce-col--md-first vce-col--lg-first vce-col--xl-first\" id=\"el-579f661d\"><div class=\"vce-col-inner\" data-vce-do-apply=\"border margin background  el-579f661d\"><div class=\"vce-col-content\" data-vce-element-content=\"true\" data-vce-do-apply=\"padding el-579f661d\"><div class=\"vce-row-container\" data-vce-boxed-width=\"true\"><div class=\"vce-row vce-row--col-gap-30 vce-row-equal-height vce-row-content--top\" id=\"el-dcd15d16\" data-vce-do-apply=\"all el-dcd15d16\"><div class=\"vce-row-content\" data-vce-element-content=\"true\"><div class=\"vce-col vce-col--md-auto vce-col--xs-1 vce-col--xs-last vce-col--xs-first vce-col--sm-last vce-col--sm-first vce-col--md-last vce-col--lg-last vce-col--xl-last vce-col--md-first vce-col--lg-first vce-col--xl-first\" id=\"el-41917365\"><div class=\"vce-col-inner\" data-vce-do-apply=\"border margin background  el-41917365\"><div class=\"vce-col-content\" data-vce-element-content=\"true\" data-vce-do-apply=\"padding el-41917365\"><div class=\"vce-row-container\" data-vce-boxed-width=\"true\"><div class=\"vce-row vce-row--col-gap-30 vce-row-equal-height vce-row-content--top\" id=\"el-6e345109\" data-vce-do-apply=\"all el-6e345109\"><div class=\"vce-row-content\" data-vce-element-content=\"true\"><div class=\"vce-col vce-col--md-auto vce-col--xs-1 vce-col--xs-last vce-col--xs-first vce-col--sm-last vce-col--sm-first vce-col--md-last vce-col--lg-last vce-col--xl-last vce-col--md-first vce-col--lg-first vce-col--xl-first\" id=\"el-37006d63\"><div class=\"vce-col-inner\" data-vce-do-apply=\"border margin background  el-37006d63\"><div class=\"vce-col-content\" data-vce-element-content=\"true\" data-vce-do-apply=\"padding el-37006d63\"><div class=\"vce vce-separator-with-title-container vce-separator-with-title--align-center\" id=\"el-f949946a\" data-vce-do-apply=\"margin el-f949946a\"><div class=\"vce-separator-with-title vce-separator-with-title--color-b-56-87-36 vce-separator-with-title--width-100\" data-vce-do-apply=\"border padding background  el-f949946a\"><div class=\"vce-separator-with-title--line vce-separator-with-title--line--style-solid vce-separator-with-title-line--thickness-1 vce-separator-with-title--line-left\"><\/div><h3 class=\"vce-separator-with-title--title vce-separator-with-title--title--color-b-56-87-36\">MON BLOG<\/h3><div class=\"vce-separator-with-title--line vce-separator-with-title--line--style-solid vce-separator-with-title-line--thickness-1 vce-separator-with-title--line-right\"><\/div><\/div><\/div><div class=\"vce vce-separator-container vce-separator--align-center vce-separator--style-shadow\" id=\"el-4a83248c\" data-vce-do-apply=\"margin el-4a83248c\"><div class=\"vce-separator vce-separator--color-b-56-87-36 vce-separator--width-100 vce-separator--thickness-1\" data-vce-do-apply=\"border padding background  el-4a83248c\"><div class=\"vce-separator-shadow vce-separator-shadow-left\"><\/div><div class=\"vce-separator-shadow vce-separator-shadow-right\"><\/div><\/div><\/div><\/div><\/div><\/div><\/div><\/div><\/div><\/div><\/div><\/div><\/div><\/div><\/div><\/div><\/div><\/div><\/div><\/div><\/div><div class=\"vce-row-container\" data-vce-boxed-width=\"true\"><div class=\"vce-row vce-row--has-col-background vce-element--has-background vce-row--col-gap-30 vce-row-equal-height vce-row-content--top\" id=\"el-db994e84\" data-vce-do-apply=\"all el-db994e84\"><div class=\"vce-content-background-container\"><\/div><div class=\"vce-row-content\" data-vce-element-content=\"true\"><div class=\"vce-col vce-element--has-background vce-col--md-auto vce-col--xs-1 vce-col--xs-last vce-col--xs-first vce-col--sm-last vce-col--sm-first vce-col--md-last vce-col--lg-last vce-col--xl-last vce-col--md-first vce-col--lg-first vce-col--xl-first\" id=\"el-0d5a328d\"><div class=\"vce-col-inner\" data-vce-do-apply=\"border margin background  el-0d5a328d\"><div class=\"vce-content-background-container\"><\/div><div class=\"vce-col-content\" data-vce-element-content=\"true\" data-vce-do-apply=\"padding el-0d5a328d\"><div class=\"vce-shortcode\"><div class=\"vce-shortcode-wrapper vce\" id=\"el-0c7011ac\" data-vce-do-apply=\"all el-0c7011ac\">\t\t<div class=\"bdp-list-main bdp-design-2 bdp-clearfix\">\r\n\t\t\t<div class=\"bdp-post-list bdp-clearfix\">\r\n\t<div class=\"bdp-post-list-content\">\r\n\t\t\t\t<div class=\"bdp-medium-6 bdp-columns\">\r\n\t\t\t<div class=\"bdp-post-image-bg\">\r\n\t\t\t\t<a href=\"https:\/\/chamanismedelaterre.fr\/es\/le-karma-cest-quoi\/\">\r\n\t\t\t\t\t<img src=\"https:\/\/i0.wp.com\/chamanismedelaterre.fr\/wp-content\/uploads\/2023\/10\/WhatsApp-Image-2023-09-25-a-17.54.14.jpg?fit=768%2C1024&#038;ssl=1\" alt=\"Le Karma, c&rsquo;est quoi?\" \/>\r\n\t\t\t\t<\/a>\r\n\t\t\t<\/div>\r\n\t\t<\/div>\r\n\t\t\r\n\t\t<div class=\"bdp-medium-6 bdp-columns\">\r\n\t\t\t\r\n\t\t\t<h2 class=\"bdp-post-title\">\r\n\t\t\t\t<a href=\"https:\/\/chamanismedelaterre.fr\/es\/le-karma-cest-quoi\/\">Le Karma, c&rsquo;est quoi?<\/a>\r\n\t\t\t<\/h2>\r\n\t\t\t\t\r\n\t\t\t\t\t\t\t<div class=\"bdp-post-meta\">\r\n\t\t\t\t\t\t\t\t\t\t<span class=\"bdp-post-meta-innr bdp-time\">4 octubre 2023<\/span>\r\n\t\t\t\t\t\t\r\n\t\t\t\t<\/div>\r\n\t\t\t\t\t\t<div class=\"bdp-post-content\">\r\n\t\t\t\t<div class=\"bdp-post-short-content\">Comme dans les religions et spiritualit\u00e9s orientales, en Chamanisme, la qu\u00eate de sens et de gu\u00e9rison est bas\u00e9e sur la r\u00e9incarnation. L\u2019\u00e2me s\u2019incarne \u00e0 nouveau sur terre dans le but de vivre des exp\u00e9riences qui lui permettront de gu\u00e9rir ses blessures afin d\u2019\u00e9lever sa conscience et sa fr\u00e9quence vibratoire et ainsi sortir du cycle des r\u00e9incarnations pour s\u2019\u00e9veiller en tant qu\u2019\u00catre de Lumi\u00e8re et prendre conscience qu\u2019il n\u2019a jamais \u00e9t\u00e9 s\u00e9par\u00e9 de la Source. LES BLESSURES DE L\u2019\u00c2ME Lorsque nous identifions notre Karma, nous observons que nous r\u00e9p\u00e9tons des situations derri\u00e8re lesquelles se cachent les m\u00eames blessures.Ces blessures sont cristallis\u00e9es...<\/div>\r\n\t\t\t\t\t\t\t\t<a href=\"https:\/\/chamanismedelaterre.fr\/es\/le-karma-cest-quoi\/\" class=\"bdp-readmorebtn\">Leer m\u00e1s<\/a>\r\n\t\t\t\t\t\t\t<\/div>\r\n\t\t\t\t\t<\/div>\r\n\t<\/div>\r\n<\/div><div class=\"bdp-post-list bdp-clearfix\">\r\n\t<div class=\"bdp-post-list-content\">\r\n\t\t\t\t<div class=\"bdp-medium-6 bdp-columns\">\r\n\t\t\t<div class=\"bdp-post-image-bg\">\r\n\t\t\t\t<a href=\"https:\/\/chamanismedelaterre.fr\/es\/quest-ce-quun-soin-chamanique\/\">\r\n\t\t\t\t\t<img src=\"https:\/\/i0.wp.com\/chamanismedelaterre.fr\/wp-content\/uploads\/2023\/09\/Missa-scaled.jpg?fit=768%2C1024&#038;ssl=1\" alt=\"Qu&#039;est-ce qu&#039;un Soin Chamanique ?\" \/>\r\n\t\t\t\t<\/a>\r\n\t\t\t<\/div>\r\n\t\t<\/div>\r\n\t\t\r\n\t\t<div class=\"bdp-medium-6 bdp-columns\">\r\n\t\t\t\r\n\t\t\t<h2 class=\"bdp-post-title\">\r\n\t\t\t\t<a href=\"https:\/\/chamanismedelaterre.fr\/es\/quest-ce-quun-soin-chamanique\/\">Qu&#039;est-ce qu&#039;un Soin Chamanique ?<\/a>\r\n\t\t\t<\/h2>\r\n\t\t\t\t\r\n\t\t\t\t\t\t\t<div class=\"bdp-post-meta\">\r\n\t\t\t\t\t\t\t\t\t\t<span class=\"bdp-post-meta-innr bdp-time\">26 septiembre 2023<\/span>\r\n\t\t\t\t\t\t\r\n\t\t\t\t<\/div>\r\n\t\t\t\t\t\t<div class=\"bdp-post-content\">\r\n\t\t\t\t<div class=\"bdp-post-short-content\">Un Soin Chamanique diff\u00e8re en fonction des traditions chamaniques, du Cheminement Initiatique et des exp\u00e9riences du praticien (voir Article \u00ab&nbsp;Le Chamanisme, c\u2019est quoi&nbsp;?&nbsp;\u00bb). Un Soin Chamanique diff\u00e8re \u00e9galement en fonction de la personne qui le re\u00e7oit. Il peut \u00eatre destin\u00e9 \u00e0 tous types de personnes, ind\u00e9pendamment de son \u00e2ge, religion et classe sociale, mais chaque personne poss\u00e8de ses propres blessures et traumatismes, m\u00e9moires et anc\u00eatres, pens\u00e9es et \u00e9motions, en un mot, sa propre individualit\u00e9. Le premier contact s\u2019effectue lors d\u2019un \u00e9change t\u00e9l\u00e9phonique pr\u00e9alable afin de cibler vos intentions, attentes et besoins. Cet \u00e9change permet dans un premier temps d\u2019identifier et...<\/div>\r\n\t\t\t\t\t\t\t\t<a href=\"https:\/\/chamanismedelaterre.fr\/es\/quest-ce-quun-soin-chamanique\/\" class=\"bdp-readmorebtn\">Leer m\u00e1s<\/a>\r\n\t\t\t\t\t\t\t<\/div>\r\n\t\t\t\t\t<\/div>\r\n\t<\/div>\r\n<\/div><div class=\"bdp-post-list bdp-clearfix\">\r\n\t<div class=\"bdp-post-list-content\">\r\n\t\t\t\t<div class=\"bdp-medium-6 bdp-columns\">\r\n\t\t\t<div class=\"bdp-post-image-bg\">\r\n\t\t\t\t<a href=\"https:\/\/chamanismedelaterre.fr\/es\/le-chamanisme-cest-quoi\/\">\r\n\t\t\t\t\t<img src=\"https:\/\/i0.wp.com\/chamanismedelaterre.fr\/wp-content\/uploads\/2023\/09\/IMG-3512.jpg?fit=1024%2C1024&#038;ssl=1\" alt=\"Le Chamanisme, c&#039;est quoi?\" \/>\r\n\t\t\t\t<\/a>\r\n\t\t\t<\/div>\r\n\t\t<\/div>\r\n\t\t\r\n\t\t<div class=\"bdp-medium-6 bdp-columns\">\r\n\t\t\t\r\n\t\t\t<h2 class=\"bdp-post-title\">\r\n\t\t\t\t<a href=\"https:\/\/chamanismedelaterre.fr\/es\/le-chamanisme-cest-quoi\/\">Le Chamanisme, c&#039;est quoi?<\/a>\r\n\t\t\t<\/h2>\r\n\t\t\t\t\r\n\t\t\t\t\t\t\t<div class=\"bdp-post-meta\">\r\n\t\t\t\t\t\t\t\t\t\t<span class=\"bdp-post-meta-innr bdp-time\">19 septiembre 2023<\/span>\r\n\t\t\t\t\t\t\r\n\t\t\t\t<\/div>\r\n\t\t\t\t\t\t<div class=\"bdp-post-content\">\r\n\t\t\t\t<div class=\"bdp-post-short-content\">Le Chamanisme, c\u2019est quoi&nbsp;? Soins chamaniques, stages chamaniques, tambours chamaniques, rituels chamaniques\u2026Le Chamanisme a le vent en poupe, mais qu\u2019en est-il vraiment&nbsp;? Ses origines Datant de plus de 40 000 ans, le Chamanisme est sans doute l\u2019art de gu\u00e9rison spirituelle et d\u2019\u00e9veil personnel le plus ancien au monde. Il regroupe un ensemble de croyances et de traditions sacr\u00e9es, ancestrales et universelles. A l\u2019origine, il se d\u00e9finit par une pens\u00e9e spirituelle animiste dans laquelle tous les \u00e9l\u00e9ments de la nature et ses r\u00e8gnes (humain, v\u00e9g\u00e9tal, animal et min\u00e9ral), ont une \u00e9nergie vitale, une \u00e2me, un esprit. Chacun de ces Esprits poss\u00e8de...<\/div>\r\n\t\t\t\t\t\t\t\t<a href=\"https:\/\/chamanismedelaterre.fr\/es\/le-chamanisme-cest-quoi\/\" class=\"bdp-readmorebtn\">Leer m\u00e1s<\/a>\r\n\t\t\t\t\t\t\t<\/div>\r\n\t\t\t\t\t<\/div>\r\n\t<\/div>\r\n<\/div>\t\t<\/div>\t\t\r\n\t\t<\/div><\/div><\/div><\/div><\/div><\/div><\/div><\/div>","protected":false},"excerpt":{"rendered":"<p>Le Chamanisme, c\u2019est quoi&nbsp;? Soins chamaniques, stages chamaniques, tambours chamaniques, rituels chamaniques\u2026Le Chamanisme a le vent en poupe, mais qu\u2019en est-il vraiment&nbsp;? Ses origines Datant de plus de 40 000 ans, le Chamanisme est sans doute l\u2019art de gu\u00e9rison spirituelle et d\u2019\u00e9veil personnel le plus ancien au monde. Il regroupe un ensemble de croyances et &hellip;<\/p>","protected":false},"author":1,"featured_media":0,"parent":0,"menu_order":0,"comment_status":"closed","ping_status":"closed","template":"","meta":{"footnotes":""},"class_list":["post-1396","page","type-page","status-publish","hentry"],"yoast_head":"<!-- This site is optimized with the Yoast SEO plugin v21.8 - https:\/\/yoast.com\/wordpress\/plugins\/seo\/ -->\n<title>MON BLOG - CHAMANISME DE LA TERRE<\/title>\n<meta name=\"description\" content=\"Approfondissez vos connaissances sur la Spiritualit\u00e9, le Chamanisme, la Cosmovision Andine, les Soins Chamaniques, et plus encore.\" \/>\n<meta name=\"robots\" content=\"index, follow, max-snippet:-1, max-image-preview:large, max-video-preview:-1\" \/>\n<link rel=\"canonical\" href=\"https:\/\/chamanismedelaterre.fr\/es\/mon-blog\/\" \/>\n<meta property=\"og:locale\" content=\"es_ES\" \/>\n<meta property=\"og:type\" content=\"article\" \/>\n<meta property=\"og:title\" content=\"MON BLOG - CHAMANISME DE LA TERRE\" \/>\n<meta property=\"og:description\" content=\"Approfondissez vos connaissances sur la Spiritualit\u00e9, le Chamanisme, la Cosmovision Andine, les Soins Chamaniques, et plus encore.\" \/>\n<meta property=\"og:url\" content=\"https:\/\/chamanismedelaterre.fr\/es\/mon-blog\/\" \/>\n<meta property=\"og:site_name\" content=\"CHAMANISME DE LA TERRE\" \/>\n<meta property=\"article:modified_time\" content=\"2023-07-06T13:06:49+00:00\" \/>\n<meta name=\"twitter:card\" content=\"summary_large_image\" \/>\n<meta name=\"twitter:label1\" content=\"Tiempo de lectura\" \/>\n\t<meta name=\"twitter:data1\" content=\"1 minuto\" \/>\n<script type=\"application\/ld+json\" class=\"yoast-schema-graph\">{\"@context\":\"https:\/\/schema.org\",\"@graph\":[{\"@type\":\"WebPage\",\"@id\":\"https:\/\/chamanismedelaterre.fr\/mon-blog\/\",\"url\":\"https:\/\/chamanismedelaterre.fr\/mon-blog\/\",\"name\":\"MON BLOG - CHAMANISME DE LA TERRE\",\"isPartOf\":{\"@id\":\"https:\/\/chamanismedelaterre.fr\/#website\"},\"datePublished\":\"2023-02-15T13:41:00+00:00\",\"dateModified\":\"2023-07-06T13:06:49+00:00\",\"description\":\"Approfondissez vos connaissances sur la Spiritualit\u00e9, le Chamanisme, la Cosmovision Andine, les Soins Chamaniques, et plus encore.\",\"breadcrumb\":{\"@id\":\"https:\/\/chamanismedelaterre.fr\/mon-blog\/#breadcrumb\"},\"inLanguage\":\"es\",\"potentialAction\":[{\"@type\":\"ReadAction\",\"target\":[\"https:\/\/chamanismedelaterre.fr\/mon-blog\/\"]}]},{\"@type\":\"BreadcrumbList\",\"@id\":\"https:\/\/chamanismedelaterre.fr\/mon-blog\/#breadcrumb\",\"itemListElement\":[{\"@type\":\"ListItem\",\"position\":1,\"name\":\"Accueil\",\"item\":\"https:\/\/chamanismedelaterre.fr\/\"},{\"@type\":\"ListItem\",\"position\":2,\"name\":\"MON BLOG\"}]},{\"@type\":\"WebSite\",\"@id\":\"https:\/\/chamanismedelaterre.fr\/#website\",\"url\":\"https:\/\/chamanismedelaterre.fr\/\",\"name\":\"CHAMANISME DE LA TERRE\",\"description\":\"CHAMANISME DE LA TERRE? Marie-Ange Fernandez\",\"potentialAction\":[{\"@type\":\"SearchAction\",\"target\":{\"@type\":\"EntryPoint\",\"urlTemplate\":\"https:\/\/chamanismedelaterre.fr\/?s={search_term_string}\"},\"query-input\":\"required name=search_term_string\"}],\"inLanguage\":\"es\"}]}<\/script>\n<!-- \/ Yoast SEO plugin. -->","yoast_head_json":{"title":"MON BLOG - CHAMANISME DE LA TERRE","description":"Approfondissez vos connaissances sur la Spiritualit\u00e9, le Chamanisme, la Cosmovision Andine, les Soins Chamaniques, et plus encore.","robots":{"index":"index","follow":"follow","max-snippet":"max-snippet:-1","max-image-preview":"max-image-preview:large","max-video-preview":"max-video-preview:-1"},"canonical":"https:\/\/chamanismedelaterre.fr\/es\/mon-blog\/","og_locale":"es_ES","og_type":"article","og_title":"MON BLOG - CHAMANISME DE LA TERRE","og_description":"Approfondissez vos connaissances sur la Spiritualit\u00e9, le Chamanisme, la Cosmovision Andine, les Soins Chamaniques, et plus encore.","og_url":"https:\/\/chamanismedelaterre.fr\/es\/mon-blog\/","og_site_name":"CHAMANISME DE LA TERRE","article_modified_time":"2023-07-06T13:06:49+00:00","twitter_card":"summary_large_image","twitter_misc":{"Tiempo de lectura":"1 minuto"},"schema":{"@context":"https:\/\/schema.org","@graph":[{"@type":"WebPage","@id":"https:\/\/chamanismedelaterre.fr\/mon-blog\/","url":"https:\/\/chamanismedelaterre.fr\/mon-blog\/","name":"MON BLOG - CHAMANISME DE LA TERRE","isPartOf":{"@id":"https:\/\/chamanismedelaterre.fr\/#website"},"datePublished":"2023-02-15T13:41:00+00:00","dateModified":"2023-07-06T13:06:49+00:00","description":"Approfondissez vos connaissances sur la Spiritualit\u00e9, le Chamanisme, la Cosmovision Andine, les Soins Chamaniques, et plus encore.","breadcrumb":{"@id":"https:\/\/chamanismedelaterre.fr\/mon-blog\/#breadcrumb"},"inLanguage":"es","potentialAction":[{"@type":"ReadAction","target":["https:\/\/chamanismedelaterre.fr\/mon-blog\/"]}]},{"@type":"BreadcrumbList","@id":"https:\/\/chamanismedelaterre.fr\/mon-blog\/#breadcrumb","itemListElement":[{"@type":"ListItem","position":1,"name":"Accueil","item":"https:\/\/chamanismedelaterre.fr\/"},{"@type":"ListItem","position":2,"name":"MON BLOG"}]},{"@type":"WebSite","@id":"https:\/\/chamanismedelaterre.fr\/#website","url":"https:\/\/chamanismedelaterre.fr\/","name":"CHAMANISME DE LA TERRE","description":"CHAMANISME DE LA TERRE? Marie-Ange Fernandez","potentialAction":[{"@type":"SearchAction","target":{"@type":"EntryPoint","urlTemplate":"https:\/\/chamanismedelaterre.fr\/?s={search_term_string}"},"query-input":"required name=search_term_string"}],"inLanguage":"es"}]}},"jetpack_sharing_enabled":true,"_links":{"self":[{"href":"https:\/\/chamanismedelaterre.fr\/es\/wp-json\/wp\/v2\/pages\/1396","targetHints":{"allow":["GET"]}}],"collection":[{"href":"https:\/\/chamanismedelaterre.fr\/es\/wp-json\/wp\/v2\/pages"}],"about":[{"href":"https:\/\/chamanismedelaterre.fr\/es\/wp-json\/wp\/v2\/types\/page"}],"author":[{"embeddable":true,"href":"https:\/\/chamanismedelaterre.fr\/es\/wp-json\/wp\/v2\/users\/1"}],"replies":[{"embeddable":true,"href":"https:\/\/chamanismedelaterre.fr\/es\/wp-json\/wp\/v2\/comments?post=1396"}],"version-history":[{"count":5,"href":"https:\/\/chamanismedelaterre.fr\/es\/wp-json\/wp\/v2\/pages\/1396\/revisions"}],"predecessor-version":[{"id":1407,"href":"https:\/\/chamanismedelaterre.fr\/es\/wp-json\/wp\/v2\/pages\/1396\/revisions\/1407"}],"wp:attachment":[{"href":"https:\/\/chamanismedelaterre.fr\/es\/wp-json\/wp\/v2\/media?parent=1396"}],"curies":[{"name":"wp","href":"https:\/\/api.w.org\/{rel}","templated":true}]}}