{"id":1197,"date":"2022-12-03T15:55:25","date_gmt":"2022-12-03T14:55:25","guid":{"rendered":"https:\/\/chamanismedelaterre.fr\/?p=1197"},"modified":"2023-07-05T18:03:27","modified_gmt":"2023-07-05T16:03:27","slug":"marie-ange-fernandez","status":"publish","type":"page","link":"https:\/\/chamanismedelaterre.fr\/es\/marie-ange-fernandez\/","title":{"rendered":"MARIE-ANGE FERNANDEZ"},"content":{"rendered":"<div class=\"vce-row-container\" data-vce-boxed-width=\"true\"><div class=\"vce-row vce-row--col-gap-30 vce-row-equal-height vce-row-content--top\" id=\"el-5b9c273e\" data-vce-do-apply=\"all el-5b9c273e\"><div class=\"vce-row-content\" data-vce-element-content=\"true\"><div class=\"vce-col vce-col--md-auto vce-col--xs-1 vce-col--xs-last vce-col--xs-first vce-col--sm-last vce-col--sm-first vce-col--md-last vce-col--lg-last vce-col--xl-last vce-col--md-first vce-col--lg-first vce-col--xl-first\" id=\"el-c327b8a3\"><div class=\"vce-col-inner\" data-vce-do-apply=\"border margin background  el-c327b8a3\"><div class=\"vce-col-content\" data-vce-element-content=\"true\" data-vce-do-apply=\"padding el-c327b8a3\"><div class=\"vce vce-separator-with-title-container vce-separator-with-title--align-center\" id=\"el-bb504122\" data-vce-do-apply=\"margin el-bb504122\"><div class=\"vce-separator-with-title vce-separator-with-title--color-b-56-87-36 vce-separator-with-title--width-100\" data-vce-do-apply=\"border padding background  el-bb504122\"><div class=\"vce-separator-with-title--line vce-separator-with-title--line--style-solid vce-separator-with-title-line--thickness-1 vce-separator-with-title--line-left\"><\/div><h3 class=\"vce-separator-with-title--title vce-separator-with-title--title--color-b-56-87-36\">JE SUIS<\/h3><div class=\"vce-separator-with-title--line vce-separator-with-title--line--style-solid vce-separator-with-title-line--thickness-1 vce-separator-with-title--line-right\"><\/div><\/div><\/div><div class=\"vce vce-separator-container vce-separator--align-center vce-separator--style-shadow\" id=\"el-96f62db7\" data-vce-do-apply=\"margin el-96f62db7\"><div class=\"vce-separator vce-separator--color-b-56-87-36 vce-separator--width-100 vce-separator--thickness-1\" data-vce-do-apply=\"border padding background  el-96f62db7\"><div class=\"vce-separator-shadow vce-separator-shadow-left\"><\/div><div class=\"vce-separator-shadow vce-separator-shadow-right\"><\/div><\/div><\/div><\/div><\/div><\/div><\/div><\/div><\/div><div class=\"vce-row-container\" data-vce-boxed-width=\"true\"><div class=\"vce-row vce-row--has-col-background vce-element--has-background vce-row--col-gap-30 vce-row-equal-height vce-row-content--top\" id=\"el-e5d89351\" data-vce-do-apply=\"all el-e5d89351\"><div class=\"vce-content-background-container\"><\/div><div class=\"vce-row-content\" data-vce-element-content=\"true\"><div class=\"vce-col vce-element--has-background vce-col--md-auto vce-col--xs-1 vce-col--xs-last vce-col--xs-first vce-col--sm-last vce-col--sm-first vce-col--md-last vce-col--lg-last vce-col--xl-last vce-col--md-first vce-col--lg-first vce-col--xl-first\" id=\"el-d08b5bdc\"><div class=\"vce-col-inner\" data-vce-do-apply=\"border margin background  el-d08b5bdc\"><div class=\"vce-content-background-container\"><\/div><div class=\"vce-col-content\" data-vce-element-content=\"true\" data-vce-do-apply=\"padding el-d08b5bdc\"><div class=\"vce-simple-image-slider arrow\" style=\"--backgroundPosition: center center; --pointerColor: #fff; --pointerColorHover: rgb(215, 162, 140); --arrowColor: rgb(112, 52, 33); --arrowColorHover: rgba(112, 52, 33, 0.55);\"><div class=\"vce-simple-image-slider-wrapper vce vce-simple-image-slider-shape--rounded\" id=\"el-d87c7add\" data-vce-do-apply=\"all el-d87c7add\"><div class=\"vce-simple-image-slider-helper vce-simple-image-slider-aspect-ratio--16-9\"><div class=\"vce-simple-image-slider-list\" data-slick-autoplay=\"on\" data-slick-autoplay-delay=\"2000\" data-slick-effect=\"slideIn\" data-slick-dots=\"on\" data-slick-arrows=\"on\"><div class=\"slick-list\"><div class=\"vce-simple-image-slider-arrow vce-simple-image-slider-prev-arrow\"><svg width=\"16px\" height=\"25px\" viewbox=\"0 0 16 25\"><polygon id=\"Prev-Arrow\" points=\"12.3743687 5.68434189e-14 0 12.3743687 12.0208153 24.395184 14.1421356 22.2738636 4.31790889 12.4496369 14.5709572 2.19658855\"><\/polygon><\/svg><\/div><div class=\"slick-track\"><div class=\"vce-simple-image-slider-item vc-slick-item\"><div style=\"background-image:url(https:\/\/chamanismedelaterre.fr\/wp-content\/uploads\/2023\/05\/Ausangate.jpeg)\" class=\"vce-simple-image-slider-img vce-simple-image-slider-img--scale\"><img decoding=\"async\" class=\"\" src=\"https:\/\/i0.wp.com\/chamanismedelaterre.fr\/wp-content\/uploads\/2023\/05\/Ausangate.jpeg?ssl=1\" style=\"opacity:0\" alt=\"\" data-recalc-dims=\"1\"><\/div><\/div><div class=\"vce-simple-image-slider-item vc-slick-item\"><div style=\"background-image:url(https:\/\/chamanismedelaterre.fr\/wp-content\/uploads\/2023\/05\/Coeur-1-scaled-e1683808270146.jpeg)\" class=\"vce-simple-image-slider-img vce-simple-image-slider-img--scale\"><img decoding=\"async\" class=\"\" src=\"https:\/\/i0.wp.com\/chamanismedelaterre.fr\/wp-content\/uploads\/2023\/05\/Coeur-1-scaled-e1683808270146.jpeg?ssl=1\" style=\"opacity:0\" alt=\"\" data-recalc-dims=\"1\"><\/div><\/div><div class=\"vce-simple-image-slider-item vc-slick-item\"><div style=\"background-image:url(https:\/\/chamanismedelaterre.fr\/wp-content\/uploads\/2023\/05\/Coeur-2-scaled-e1683808228727.jpeg)\" class=\"vce-simple-image-slider-img vce-simple-image-slider-img--scale\"><img decoding=\"async\" class=\"\" src=\"https:\/\/i0.wp.com\/chamanismedelaterre.fr\/wp-content\/uploads\/2023\/05\/Coeur-2-scaled-e1683808228727.jpeg?ssl=1\" style=\"opacity:0\" alt=\"\" data-recalc-dims=\"1\"><\/div><\/div><div class=\"vce-simple-image-slider-item vc-slick-item\"><div style=\"background-image:url(https:\/\/chamanismedelaterre.fr\/wp-content\/uploads\/2023\/05\/Machu-Picchu-5.jpg)\" class=\"vce-simple-image-slider-img vce-simple-image-slider-img--scale\"><img decoding=\"async\" class=\"\" src=\"https:\/\/i0.wp.com\/chamanismedelaterre.fr\/wp-content\/uploads\/2023\/05\/Machu-Picchu-5.jpg?ssl=1\" style=\"opacity:0\" alt=\"\" data-recalc-dims=\"1\"><\/div><\/div><\/div><div class=\"vce-simple-image-slider-arrow vce-simple-image-slider-next-arrow\"><svg width=\"16px\" height=\"25px\" viewbox=\"0 0 16 25\"><polygon id=\"Next-Arrow\" points=\"3.02081528 24.395184 15.395184 12.0208153 3.37436867 1.13686838e-13 1.25304833 2.12132034 11.0772751 11.9455471 0.824226734 22.1985954\"><\/polygon><\/svg><\/div><\/div><\/div><div class=\"vce-simple-image-slider-dots\"><\/div><\/div><\/div><\/div><div class=\"vce-text-block\"><div class=\"vce-text-block-wrapper vce\" id=\"el-fd687fe8\" data-vce-do-apply=\"all el-fd687fe8\"><p style=\"text-align: justify;\">Je Suis Marie-Ange Fernandez, je suis Gu\u00e9risseuse de l'\u00e2me, Gardienne de la Terre et Messag\u00e8re. Ma mission est d\u2019accompagner, transmettre et partager afin de cocr\u00e9er un nouvelle R\u00e9alit\u00e9 dans l\u2019Unicit\u00e9.<\/p>\r\n<p style=\"text-align: justify;\">N\u00e9e dans une communaut\u00e9 gitane, la \u00ab&nbsp;magie&nbsp;\u00bb a fait partie de mon quotidien d\u00e8s mon plus jeune \u00e2ge. Ma clairvoyance, clairaudience et clairsentience se sont manifest\u00e9es tr\u00e8s t\u00f4t au travers d\u2019une profonde intuition, de r\u00eaves pr\u00e9monitoires et du sentiment d\u2019\u00eatre intimement reli\u00e9e aux personnes, \u00e0 la Nature et \u00e0 une autre r\u00e9alit\u00e9 au-del\u00e0 de notre monde ordinaire. D\u00e8s l\u2019\u00e2ge de 14 ans je tirais le tarot, pratiquais la m\u00e9ditation et le Voyage Astral, communiquais avec les plantes et les animaux, et me nourrissait d\u2019enseignements spirituels et holistiques.<\/p>\r\n<p style=\"text-align: justify;\">Tr\u00e8s jeune d\u00e9j\u00e0, ce sentiment intense d\u2019\u00eatre part de ce Tout&nbsp;m\u2019a enseign\u00e9 \u00e0 agir en&nbsp;conscience et coh\u00e9rence&nbsp;avec \u00ab&nbsp;toutes mes Relations&nbsp;\u00bb (les r\u00e8gnes et les Forces de la Nature), depuis l\u2019amour, la&nbsp;bienveillance, le&nbsp;respect&nbsp;et la&nbsp;gratitude.<\/p>\r\n<p style=\"text-align: justify;\">Parall\u00e8lement, l\u2019enfance m\u2019a inflig\u00e9 de profondes blessures. Elles ont \u00e9t\u00e9 mon plus grand Enseignant, et m\u2019ont accompagn\u00e9es telles des b\u00e9n\u00e9dictions pour explorer et \u00e9clairer mes parts d\u2019ombre, (m\u2019)accueillir, (m\u2019)accepter et (me)pardonner. Inconsciemment, mon Cheminement Initiatique avait commenc\u00e9.<\/p>\r\n<p style=\"text-align: justify;\">C\u2019est donc naturellement que je me suis orient\u00e9e vers la&nbsp;gu\u00e9rison naturelle&nbsp;et \u00e9nerg\u00e9tique, dans laquelle je me suis \u00e9panouie pendant pr\u00e8s de 20 ans : soins et massages \u00e9nerg\u00e9tiques, M\u00e9decine Traditionnelle Chinoise, naturopathie, herboristerie traditionnelle et sacr\u00e9e.<\/p>\r\n<p style=\"text-align: justify;\">Puis, apr\u00e8s une longue p\u00e9riode de \u00ab&nbsp;nuits noires de l\u2019\u00e2me&nbsp;\u00bb, le&nbsp;Chamanisme&nbsp;est arriv\u00e9 \u00e0 moi. La tradition dit que le Chamanisme arrive dans votre vie lorsque vous \u00eates pr\u00eat \u00e0 l\u2019accueillir.<br>Apr\u00e8s avoir v\u00e9cu en Am\u00e9rique Centrale, j\u2019ai \u00e9t\u00e9 initi\u00e9e au chamanisme de tradition am\u00e9rindienne, appel\u00e9 \u00ab La Voie Rouge \u00bb.&nbsp; Ce fut pour moi une v\u00e9ritable r\u00e9v\u00e9lation. Il m\u2019est apparu comme une \u00e9vidence, comme&nbsp;l\u2019approche holistique et sacr\u00e9e&nbsp;qui unissait mes dons, connaissances et exp\u00e9riences en une seule et m\u00eame pratique.\u200b<\/p>\r\n<p style=\"text-align: justify;\">J\u2019ai intens\u00e9ment pratiqu\u00e9 de mani\u00e8re individuelle et personnelle, recevant l\u2019essentiel de mon enseignement par la guidance de mes Esprits Alli\u00e9s. Ils ont apport\u00e9 une v\u00e9ritable gu\u00e9rison \u00e0 toutes les dimensions de mon \u00eatre, ainsi que la pratique approfondie des soins chamaniques \u00e0 transmettre \u00e0 mon entourage.\u200b<\/p>\r\n<p style=\"text-align: justify;\">Puis, souhaitant remonter aux origines, j\u2019ai choisi de recevoir l\u2019enseignement d\u2019une chamane&nbsp;de Touva, qui a contribu\u00e9 \u00e0 am\u00e9liorer davantage mes connaissances et ma pratique en chamanisme sib\u00e9rien mais aussi nordique gr\u00e2ce \u00e0 la magie runique.<\/p>\r\n<p style=\"text-align: justify;\">Enfin, guid\u00e9e vers le P\u00e9rou, j\u2019ai initi\u00e9 mon cheminement sur le Q\u2019apaq \u00d1an (Chemin Sacr\u00e9 des Incas), pour continuer d\u2019\u00e9lever mon niveau de conscience gr\u00e2ce \u00e0 la sagesse issue de la Cosmovision Initiatique des Andes.<br>J'ai re\u00e7u mon premier Karpay (Initiation en tant que Sacerdotisa - 1er Grade du 4\u00e8me Niveau de Conscience Pampamissayuq) de la main de mes S\u0153urs et Fr\u00e8res de la Nation Q\u2019ero, et sous la b\u00e9n\u00e9diction de l'Apu Ausangate&nbsp;(Esprits des Montagnes Sacr\u00e9es) et de trois Condors (Hatun Pampamissayuq), pour mener \u00e0 bien l\u2019\u00e9l\u00e9vation des Consciences dans notre Espace-Temps.<strong>&nbsp;<\/strong><\/p>\r\n<p style=\"text-align: justify;\"><em>Mitakuy\u00e9 Oyasin&nbsp;(\u00ab \u00c0 toutes mes Relations \u00bb, pri\u00e8re Lakota)<br><\/em><em>Aho !<\/em><\/p>\r\n<\/div><\/div><\/div><\/div><\/div><\/div><\/div><\/div>","protected":false},"excerpt":{"rendered":"<p>JE SUISJe Suis Marie-Ange Fernandez, je suis Gu\u00e9risseuse de l&rsquo;\u00e2me, Gardienne de la Terre et Messag\u00e8re. Ma mission est d\u2019accompagner, transmettre et partager afin de cocr\u00e9er un nouvelle R\u00e9alit\u00e9 dans l\u2019Unicit\u00e9. N\u00e9e dans une communaut\u00e9 gitane, la \u00ab&nbsp;magie&nbsp;\u00bb a fait partie de mon quotidien d\u00e8s mon plus jeune \u00e2ge. Ma clairvoyance, clairaudience et clairsentience se &hellip;<\/p>","protected":false},"author":1,"featured_media":1230,"parent":0,"menu_order":0,"comment_status":"open","ping_status":"open","template":"","meta":{"footnotes":""},"class_list":["post-1197","page","type-page","status-publish","has-post-thumbnail","hentry"],"yoast_head":"<!-- This site is optimized with the Yoast SEO plugin v21.8 - https:\/\/yoast.com\/wordpress\/plugins\/seo\/ -->\n<title>MARIE-ANGE FERNANDEZ - CHAMANISME DE LA TERRE<\/title>\n<meta name=\"description\" content=\"Je Suis Marie-Ange Fernandez, Gu\u00e9risseuse de l&#039;\u00e2me et Gardienne de la Terre. Ma mission est d&#039;accompagner la cocr\u00e9ation d&#039;un nouvelle Humanit\u00e9\" \/>\n<meta name=\"robots\" content=\"index, follow, max-snippet:-1, max-image-preview:large, max-video-preview:-1\" \/>\n<link rel=\"canonical\" href=\"https:\/\/chamanismedelaterre.fr\/es\/marie-ange-fernandez\/\" \/>\n<meta property=\"og:locale\" content=\"es_ES\" \/>\n<meta property=\"og:type\" content=\"article\" \/>\n<meta property=\"og:title\" content=\"MARIE-ANGE FERNANDEZ - CHAMANISME DE LA TERRE\" \/>\n<meta property=\"og:description\" content=\"Je Suis Marie-Ange Fernandez, Gu\u00e9risseuse de l&#039;\u00e2me et Gardienne de la Terre. Ma mission est d&#039;accompagner la cocr\u00e9ation d&#039;un nouvelle Humanit\u00e9\" \/>\n<meta property=\"og:url\" content=\"https:\/\/chamanismedelaterre.fr\/es\/marie-ange-fernandez\/\" \/>\n<meta property=\"og:site_name\" content=\"CHAMANISME DE LA TERRE\" \/>\n<meta property=\"article:modified_time\" content=\"2023-07-05T16:03:27+00:00\" \/>\n<meta property=\"og:image\" content=\"https:\/\/chamanismedelaterre.fr\/wp-content\/uploads\/2022\/12\/marie_ange_fernandez-3-edited.jpeg\" \/>\n\t<meta property=\"og:image:width\" content=\"1200\" \/>\n\t<meta property=\"og:image:height\" content=\"1200\" \/>\n\t<meta property=\"og:image:type\" content=\"image\/jpeg\" \/>\n<meta name=\"twitter:card\" content=\"summary_large_image\" \/>\n<meta name=\"twitter:label1\" content=\"Tiempo de lectura\" \/>\n\t<meta name=\"twitter:data1\" content=\"4 minutos\" \/>\n<script type=\"application\/ld+json\" class=\"yoast-schema-graph\">{\"@context\":\"https:\/\/schema.org\",\"@graph\":[{\"@type\":\"WebPage\",\"@id\":\"https:\/\/chamanismedelaterre.fr\/marie-ange-fernandez\/\",\"url\":\"https:\/\/chamanismedelaterre.fr\/marie-ange-fernandez\/\",\"name\":\"MARIE-ANGE FERNANDEZ - CHAMANISME DE LA TERRE\",\"isPartOf\":{\"@id\":\"https:\/\/chamanismedelaterre.fr\/#website\"},\"datePublished\":\"2022-12-03T14:55:25+00:00\",\"dateModified\":\"2023-07-05T16:03:27+00:00\",\"description\":\"Je Suis Marie-Ange Fernandez, Gu\u00e9risseuse de l'\u00e2me et Gardienne de la Terre. Ma mission est d'accompagner la cocr\u00e9ation d'un nouvelle Humanit\u00e9\",\"breadcrumb\":{\"@id\":\"https:\/\/chamanismedelaterre.fr\/marie-ange-fernandez\/#breadcrumb\"},\"inLanguage\":\"es\",\"potentialAction\":[{\"@type\":\"ReadAction\",\"target\":[\"https:\/\/chamanismedelaterre.fr\/marie-ange-fernandez\/\"]}]},{\"@type\":\"BreadcrumbList\",\"@id\":\"https:\/\/chamanismedelaterre.fr\/marie-ange-fernandez\/#breadcrumb\",\"itemListElement\":[{\"@type\":\"ListItem\",\"position\":1,\"name\":\"Accueil\",\"item\":\"https:\/\/chamanismedelaterre.fr\/\"},{\"@type\":\"ListItem\",\"position\":2,\"name\":\"MARIE-ANGE FERNANDEZ\"}]},{\"@type\":\"WebSite\",\"@id\":\"https:\/\/chamanismedelaterre.fr\/#website\",\"url\":\"https:\/\/chamanismedelaterre.fr\/\",\"name\":\"CHAMANISME DE LA TERRE\",\"description\":\"CHAMANISME DE LA TERRE? Marie-Ange Fernandez\",\"potentialAction\":[{\"@type\":\"SearchAction\",\"target\":{\"@type\":\"EntryPoint\",\"urlTemplate\":\"https:\/\/chamanismedelaterre.fr\/?s={search_term_string}\"},\"query-input\":\"required name=search_term_string\"}],\"inLanguage\":\"es\"}]}<\/script>\n<!-- \/ Yoast SEO plugin. -->","yoast_head_json":{"title":"MARIE-ANGE FERNANDEZ - CHAMANISME DE LA TERRE","description":"Je Suis Marie-Ange Fernandez, Gu\u00e9risseuse de l'\u00e2me et Gardienne de la Terre. Ma mission est d'accompagner la cocr\u00e9ation d'un nouvelle Humanit\u00e9","robots":{"index":"index","follow":"follow","max-snippet":"max-snippet:-1","max-image-preview":"max-image-preview:large","max-video-preview":"max-video-preview:-1"},"canonical":"https:\/\/chamanismedelaterre.fr\/es\/marie-ange-fernandez\/","og_locale":"es_ES","og_type":"article","og_title":"MARIE-ANGE FERNANDEZ - CHAMANISME DE LA TERRE","og_description":"Je Suis Marie-Ange Fernandez, Gu\u00e9risseuse de l'\u00e2me et Gardienne de la Terre. Ma mission est d'accompagner la cocr\u00e9ation d'un nouvelle Humanit\u00e9","og_url":"https:\/\/chamanismedelaterre.fr\/es\/marie-ange-fernandez\/","og_site_name":"CHAMANISME DE LA TERRE","article_modified_time":"2023-07-05T16:03:27+00:00","og_image":[{"width":1200,"height":1200,"url":"https:\/\/chamanismedelaterre.fr\/wp-content\/uploads\/2022\/12\/marie_ange_fernandez-3-edited.jpeg","type":"image\/jpeg"}],"twitter_card":"summary_large_image","twitter_misc":{"Tiempo de lectura":"4 minutos"},"schema":{"@context":"https:\/\/schema.org","@graph":[{"@type":"WebPage","@id":"https:\/\/chamanismedelaterre.fr\/marie-ange-fernandez\/","url":"https:\/\/chamanismedelaterre.fr\/marie-ange-fernandez\/","name":"MARIE-ANGE FERNANDEZ - CHAMANISME DE LA TERRE","isPartOf":{"@id":"https:\/\/chamanismedelaterre.fr\/#website"},"datePublished":"2022-12-03T14:55:25+00:00","dateModified":"2023-07-05T16:03:27+00:00","description":"Je Suis Marie-Ange Fernandez, Gu\u00e9risseuse de l'\u00e2me et Gardienne de la Terre. Ma mission est d'accompagner la cocr\u00e9ation d'un nouvelle Humanit\u00e9","breadcrumb":{"@id":"https:\/\/chamanismedelaterre.fr\/marie-ange-fernandez\/#breadcrumb"},"inLanguage":"es","potentialAction":[{"@type":"ReadAction","target":["https:\/\/chamanismedelaterre.fr\/marie-ange-fernandez\/"]}]},{"@type":"BreadcrumbList","@id":"https:\/\/chamanismedelaterre.fr\/marie-ange-fernandez\/#breadcrumb","itemListElement":[{"@type":"ListItem","position":1,"name":"Accueil","item":"https:\/\/chamanismedelaterre.fr\/"},{"@type":"ListItem","position":2,"name":"MARIE-ANGE FERNANDEZ"}]},{"@type":"WebSite","@id":"https:\/\/chamanismedelaterre.fr\/#website","url":"https:\/\/chamanismedelaterre.fr\/","name":"CHAMANISME DE LA TERRE","description":"CHAMANISME DE LA TERRE? Marie-Ange Fernandez","potentialAction":[{"@type":"SearchAction","target":{"@type":"EntryPoint","urlTemplate":"https:\/\/chamanismedelaterre.fr\/?s={search_term_string}"},"query-input":"required name=search_term_string"}],"inLanguage":"es"}]}},"jetpack_sharing_enabled":true,"_links":{"self":[{"href":"https:\/\/chamanismedelaterre.fr\/es\/wp-json\/wp\/v2\/pages\/1197","targetHints":{"allow":["GET"]}}],"collection":[{"href":"https:\/\/chamanismedelaterre.fr\/es\/wp-json\/wp\/v2\/pages"}],"about":[{"href":"https:\/\/chamanismedelaterre.fr\/es\/wp-json\/wp\/v2\/types\/page"}],"author":[{"embeddable":true,"href":"https:\/\/chamanismedelaterre.fr\/es\/wp-json\/wp\/v2\/users\/1"}],"replies":[{"embeddable":true,"href":"https:\/\/chamanismedelaterre.fr\/es\/wp-json\/wp\/v2\/comments?post=1197"}],"version-history":[{"count":38,"href":"https:\/\/chamanismedelaterre.fr\/es\/wp-json\/wp\/v2\/pages\/1197\/revisions"}],"predecessor-version":[{"id":1983,"href":"https:\/\/chamanismedelaterre.fr\/es\/wp-json\/wp\/v2\/pages\/1197\/revisions\/1983"}],"wp:featuredmedia":[{"embeddable":true,"href":"https:\/\/chamanismedelaterre.fr\/es\/wp-json\/wp\/v2\/media\/1230"}],"wp:attachment":[{"href":"https:\/\/chamanismedelaterre.fr\/es\/wp-json\/wp\/v2\/media?parent=1197"}],"curies":[{"name":"wp","href":"https:\/\/api.w.org\/{rel}","templated":true}]}}