{"id":1145,"date":"2022-12-03T14:42:28","date_gmt":"2022-12-03T13:42:28","guid":{"rendered":"https:\/\/chamanismedelaterre.fr\/?p=1145"},"modified":"2023-07-05T17:20:26","modified_gmt":"2023-07-05T15:20:26","slug":"chamanisme","status":"publish","type":"page","link":"https:\/\/chamanismedelaterre.fr\/es\/chamanisme\/","title":{"rendered":"CHAMANISME"},"content":{"rendered":"<div class=\"vce-row-container\" data-vce-boxed-width=\"true\"><div class=\"vce-row vce-row--col-gap-30 vce-row-equal-height vce-row-content--top\" id=\"el-61ee1566\" data-vce-do-apply=\"all el-61ee1566\"><div class=\"vce-row-content\" data-vce-element-content=\"true\"><div class=\"vce-col vce-col--md-auto vce-col--xs-1 vce-col--xs-last vce-col--xs-first vce-col--sm-last vce-col--sm-first vce-col--md-last vce-col--lg-last vce-col--xl-last vce-col--md-first vce-col--lg-first vce-col--xl-first\" id=\"el-5cb7d8bb\"><div class=\"vce-col-inner\" data-vce-do-apply=\"border margin background  el-5cb7d8bb\"><div class=\"vce-col-content\" data-vce-element-content=\"true\" data-vce-do-apply=\"padding el-5cb7d8bb\"><div class=\"vce-row-container\" data-vce-boxed-width=\"true\"><div class=\"vce-row vce-row--col-gap-30 vce-row-equal-height vce-row-content--top\" id=\"el-6aaeead8\" data-vce-do-apply=\"all el-6aaeead8\"><div class=\"vce-row-content\" data-vce-element-content=\"true\"><div class=\"vce-col vce-col--md-auto vce-col--xs-1 vce-col--xs-last vce-col--xs-first vce-col--sm-last vce-col--sm-first vce-col--md-last vce-col--lg-last vce-col--xl-last vce-col--md-first vce-col--lg-first vce-col--xl-first\" id=\"el-fb8db630\"><div class=\"vce-col-inner\" data-vce-do-apply=\"border margin background  el-fb8db630\"><div class=\"vce-col-content\" data-vce-element-content=\"true\" data-vce-do-apply=\"padding el-fb8db630\"><div class=\"vce vce-separator-with-title-container vce-separator-with-title--align-center\" id=\"el-b3e05821\" data-vce-do-apply=\"margin el-b3e05821\"><div class=\"vce-separator-with-title vce-separator-with-title--color-b-56-87-36 vce-separator-with-title--width-100\" data-vce-do-apply=\"border padding background  el-b3e05821\"><div class=\"vce-separator-with-title--line vce-separator-with-title--line--style-solid vce-separator-with-title-line--thickness-1 vce-separator-with-title--line-left\"><\/div><h3 class=\"vce-separator-with-title--title vce-separator-with-title--title--color-b-56-87-36\">CHAMANISME<\/h3><div class=\"vce-separator-with-title--line vce-separator-with-title--line--style-solid vce-separator-with-title-line--thickness-1 vce-separator-with-title--line-right\"><\/div><\/div><\/div><div class=\"vce vce-separator-container vce-separator--align-center vce-separator--style-shadow\" id=\"el-8e7114fa\" data-vce-do-apply=\"margin el-8e7114fa\"><div class=\"vce-separator vce-separator--color-b-56-87-36 vce-separator--width-100 vce-separator--thickness-1\" data-vce-do-apply=\"border padding background  el-8e7114fa\"><div class=\"vce-separator-shadow vce-separator-shadow-left\"><\/div><div class=\"vce-separator-shadow vce-separator-shadow-right\"><\/div><\/div><\/div><\/div><\/div><\/div><\/div><\/div><\/div><\/div><\/div><\/div><\/div><\/div><\/div><div class=\"vce-row-container\" data-vce-boxed-width=\"true\"><div class=\"vce-row vce-element--has-background vce-row--col-gap-30 vce-row-equal-height vce-row-content--top\" id=\"el-4e99c791\" data-vce-do-apply=\"all el-4e99c791\"><div class=\"vce-content-background-container\"><\/div><div class=\"vce-row-content\" data-vce-element-content=\"true\"><div class=\"vce-col vce-col--md-auto vce-col--xs-1 vce-col--xs-last vce-col--xs-first vce-col--sm-last vce-col--sm-first vce-col--md-last vce-col--lg-last vce-col--xl-last vce-col--md-first vce-col--lg-first vce-col--xl-first\" id=\"el-a33838af\"><div class=\"vce-col-inner\" data-vce-do-apply=\"border margin background  el-a33838af\"><div class=\"vce-col-content\" data-vce-element-content=\"true\" data-vce-do-apply=\"padding el-a33838af\"><div class=\"vce-row-container\" data-vce-boxed-width=\"true\"><div class=\"vce-row vce-row--has-col-background vce-row--col-gap-30 vce-row-equal-height vce-row-content--top\" id=\"el-912e33c1\" data-vce-do-apply=\"all el-912e33c1\"><div class=\"vce-row-content\" data-vce-element-content=\"true\"><div class=\"vce-col vce-element--has-background vce-col--md-auto vce-col--xs-1 vce-col--xs-last vce-col--xs-first vce-col--sm-last vce-col--sm-first vce-col--md-last vce-col--lg-last vce-col--xl-last vce-col--md-first vce-col--lg-first vce-col--xl-first\" id=\"el-7d4c3467\"><div class=\"vce-col-inner\" data-vce-do-apply=\"border margin background  el-7d4c3467\"><div class=\"vce-content-background-container\"><\/div><div class=\"vce-col-content\" data-vce-element-content=\"true\" data-vce-do-apply=\"padding el-7d4c3467\"><div class=\"vce-simple-image-slider\" style=\"--backgroundPosition: center center; --pointerColor: #fff; --pointerColorHover: rgb(215, 162, 140);\"><div class=\"vce-simple-image-slider-wrapper vce vce-simple-image-slider-shape--rounded\" id=\"el-32adace5\" data-vce-do-apply=\"all el-32adace5\"><div class=\"vce-simple-image-slider-helper vce-simple-image-slider-aspect-ratio--16-9\"><div class=\"vce-simple-image-slider-list\" data-slick-autoplay=\"on\" data-slick-autoplay-delay=\"5000\" data-slick-effect=\"fade\" data-slick-dots=\"on\" data-slick-arrows=\"off\"><div class=\"slick-list\"><div class=\"slick-track\"><div class=\"vce-simple-image-slider-item vc-slick-item\"><div style=\"background-image:url(https:\/\/chamanismedelaterre.fr\/wp-content\/uploads\/2023\/05\/Apu-Picol-1.jpg)\" class=\"vce-simple-image-slider-img vce-simple-image-slider-img--scale\"><img decoding=\"async\" class=\"\" src=\"https:\/\/i0.wp.com\/chamanismedelaterre.fr\/wp-content\/uploads\/2023\/05\/Apu-Picol-1.jpg?ssl=1\" style=\"opacity:0\" alt=\"\" data-recalc-dims=\"1\"><\/div><\/div><div class=\"vce-simple-image-slider-item vc-slick-item\"><div style=\"background-image:url(https:\/\/chamanismedelaterre.fr\/wp-content\/uploads\/2023\/05\/Apu-Picol-2.jpeg)\" class=\"vce-simple-image-slider-img vce-simple-image-slider-img--scale\"><img decoding=\"async\" class=\"\" src=\"https:\/\/i0.wp.com\/chamanismedelaterre.fr\/wp-content\/uploads\/2023\/05\/Apu-Picol-2.jpeg?ssl=1\" style=\"opacity:0\" alt=\"\" data-recalc-dims=\"1\"><\/div><\/div><div class=\"vce-simple-image-slider-item vc-slick-item\"><div style=\"background-image:url(https:\/\/chamanismedelaterre.fr\/wp-content\/uploads\/2023\/05\/Machu-Picchu-1-scaled.jpg)\" class=\"vce-simple-image-slider-img vce-simple-image-slider-img--scale\"><img decoding=\"async\" class=\"\" src=\"https:\/\/i0.wp.com\/chamanismedelaterre.fr\/wp-content\/uploads\/2023\/05\/Machu-Picchu-1-scaled.jpg?ssl=1\" style=\"opacity:0\" alt=\"\" data-recalc-dims=\"1\"><\/div><\/div><div class=\"vce-simple-image-slider-item vc-slick-item\"><div style=\"background-image:url(https:\/\/chamanismedelaterre.fr\/wp-content\/uploads\/2023\/05\/Famille-1.jpeg)\" class=\"vce-simple-image-slider-img vce-simple-image-slider-img--scale\"><img decoding=\"async\" class=\"\" src=\"https:\/\/i0.wp.com\/chamanismedelaterre.fr\/wp-content\/uploads\/2023\/05\/Famille-1.jpeg?ssl=1\" style=\"opacity:0\" alt=\"\" data-recalc-dims=\"1\"><\/div><\/div><\/div><\/div><\/div><div class=\"vce-simple-image-slider-dots\"><\/div><\/div><\/div><\/div><div class=\"vce-text-block\"><div class=\"vce-text-block-wrapper vce\" id=\"el-a019b093\" data-vce-do-apply=\"all el-a019b093\"><p style=\"text-align: justify;\">Datant de plus de 40 000 ans, le Chamanisme est sans doute l\u2019Art de gu\u00e9rison personnelle et d\u2019\u00e9veil spirituel le plus ancien au monde.<\/p><p style=\"text-align: justify;\">Il \u00e9tablit le lien intime entre l\u2019Homme et la Nature par l\u2019interm\u00e9diaire du Chaman, gardien du Savoir et du Sacr\u00e9, qui a pour seule vocation de restaurer et maintenir l\u2019\u00e9quilibre naturel de sa communaut\u00e9 au sein de son environnement.<\/p><p style=\"text-align: justify;\">Le chamanisme regroupe un ensemble de croyances et de traditions sacr\u00e9es, ancestrales et universelles. Il s\u2019\u00e9tend sur tous les continents et diff\u00e8re selon la tradition, mais malgr\u00e9 l\u2019existence de diff\u00e9rences dans la pratique de ses rituels, son essence reste identique ind\u00e9pendamment de l\u2019espace et du temps.<\/p><p style=\"text-align: justify;\">Il se d\u00e9finit par une pens\u00e9e spirituelle animiste dans laquelle tous les r\u00e8gnes et les Forces de la nature poss\u00e8dent une \u00e2me et un esprit, une \u00e9nergie vitale. Chacun de ces Esprits a sa propre \u00ab M\u00e9decine \u00bb, c\u2019est-\u00e0-dire la Sagesse, le Pouvoir, la Connaissance et le Savoir qui constituent son Enseignement.<\/p><p style=\"text-align: justify;\">Interconnect\u00e9s en un tissage infini, nous sommes tous unis et reli\u00e9s par cette m\u00eame \u00e9nergie, qui est source de Lumi\u00e8re, de Paix, de Bienveillance, de Compassion, de Gratitude, et en un mot d\u2019Amour Inconditionnel, cr\u00e9ant ainsi une Unit\u00e9 formant part de la Source.<\/p><p style=\"text-align: justify;\">Le chamanisme est bien plus qu\u2019un simple outil de gu\u00e9rison, il est un Cheminement Initiatique. Il permet de devenir un \u00catre Humain responsable, cr\u00e9ateur de sa propre existence, en harmonie avec tous les aspects dimensionnels de son \u00eatre (plan physique, \u00e9nerg\u00e9tique, \u00e9motionnel, psychique et spirituel), les Forces de la Nature et son environnement (familial, professionnel et relationnel).\u200bIl permet une reconnexion avec notre \u00catre v\u00e9ritable afin de marcher notre \u00ab M\u00e9decine de l\u2019\u00e2me \u00bb et illuminer le monde de notre Lumi\u00e8re int\u00e9rieure.<\/p><p style=\"text-align: justify;\"><strong>CHAMANISME DE LA TERRE<\/strong><\/p><p style=\"text-align: justify;\">Le Chamanisme de la Terre est ma M\u00e9decine Personnelle. Les Enseignements qui le composent sont la manifestation de ma Cosmovision Initiatique Chamanique, c\u2019est-\u00e0-dire le fruit de mon exp\u00e9rience personnelle, de ma propre perception de l\u2019Univers et de l\u2019Existence au sein de ce Tout.<\/p><p style=\"text-align: justify;\">Mon Cheminement Initiatique s\u2019est nourri de diff\u00e9rentes croyances et pratiques chamaniques issues des traditions am\u00e9rindiennes, sib\u00e9riennes, andines et nordiques. \u200b\u200b\u200bJe ne fais aucune appropriation culturelle, ces traditions sont pour moi des \u00ab outils \u00bb, des Instruments Sacr\u00e9s que j\u2019ai mis en pratique, int\u00e9gr\u00e9, v\u00e9cu, exp\u00e9riment\u00e9, personnalis\u00e9, et qui ont forg\u00e9 ce qui est aujourd\u2019hui ma propre V\u00e9rit\u00e9. Et chaque jour, j\u2019honore, je respecte et j\u2019exprime toute ma gratitude \u00e0 nos Anc\u00eatres, tous enfants de la Terre-M\u00e8re ind\u00e9pendamment de leur origine ethnique, de nous avoir l\u00e9gu\u00e9 cet h\u00e9ritage.<\/p><p style=\"text-align: justify;\">Cette Voie Spirituelle personnelle a engendr\u00e9 de profondes gu\u00e9risons au sein de mon \u00catre, elle m\u2019a permis d\u2019\u00e9lever ma Conscience, de me r\u00e9aligner sur mon Chemin de Vie, et de m\u2019\u00e9panouir en me (re)connectant \u00e0 ma v\u00e9ritable nature. C\u2019est donc avec beaucoup de joie que je transmets aujourd\u2019hui cet Enseignement Initiatique, afin d\u2019accompagner les personnes qui choisissent de gu\u00e9rir leurs blessures et d\u2019\u00e9veiller leur conscience, pour qu\u2019\u00e0 leur tour elles cheminent vers la pl\u00e9nitude et l\u2019harmonie, et deviennent des Artisans de Lumi\u00e8re pour semer elles aussi la graine qui fera germer les consciences au sein de notre Terre-M\u00e8re.<\/p><p style=\"text-align: center;\">\u200bPuisse ainsi s\u2019accomplir la proph\u00e9tie de mes S\u0153urs et Fr\u00e8res de la Nation Q\u2019ero:<\/p><p style=\"text-align: center;\"><em>\u00ab Lorsque suffisamment de graines se seront \u00e9veill\u00e9es, <br><\/em><em>lib\u00e9r\u00e9es de la peur et des autres aspects n\u00e9gatifs du troisi\u00e8me et du quatri\u00e8me niveau de conscience, <br><\/em><em>les graines du cinqui\u00e8me niveau pourront germer au sein de l\u2019humanit\u00e9 et former un Tout \u00bb.<\/em><\/p><\/div><\/div><\/div><\/div><\/div><\/div><\/div><\/div><\/div><\/div><\/div><\/div><\/div><\/div>","protected":false},"excerpt":{"rendered":"<p>CHAMANISMEDatant de plus de 40 000 ans, le Chamanisme est sans doute l\u2019Art de gu\u00e9rison personnelle et d\u2019\u00e9veil spirituel le plus ancien au monde.Il \u00e9tablit le lien intime entre l\u2019Homme et la Nature par l\u2019interm\u00e9diaire du Chaman, gardien du Savoir et du Sacr\u00e9, qui a pour seule vocation de restaurer et maintenir l\u2019\u00e9quilibre naturel de &hellip;<\/p>","protected":false},"author":1,"featured_media":0,"parent":0,"menu_order":0,"comment_status":"open","ping_status":"open","template":"","meta":{"footnotes":""},"class_list":["post-1145","page","type-page","status-publish","hentry"],"yoast_head":"<!-- This site is optimized with the Yoast SEO plugin v21.8 - https:\/\/yoast.com\/wordpress\/plugins\/seo\/ -->\n<title>CHAMANISME - CHAMANISME DE LA TERRE<\/title>\n<meta name=\"description\" content=\"Datant de plus de 40 000 ans, le Chamanisme est sans doute l\u2019Art de gu\u00e9rison personnelle et d\u2019\u00e9veil spirituel le plus ancien au monde.\" \/>\n<meta name=\"robots\" content=\"index, follow, max-snippet:-1, max-image-preview:large, max-video-preview:-1\" \/>\n<link rel=\"canonical\" href=\"https:\/\/chamanismedelaterre.fr\/es\/chamanisme\/\" \/>\n<meta property=\"og:locale\" content=\"es_ES\" \/>\n<meta property=\"og:type\" content=\"article\" \/>\n<meta property=\"og:title\" content=\"CHAMANISME - CHAMANISME DE LA TERRE\" \/>\n<meta property=\"og:description\" content=\"Datant de plus de 40 000 ans, le Chamanisme est sans doute l\u2019Art de gu\u00e9rison personnelle et d\u2019\u00e9veil spirituel le plus ancien au monde.\" \/>\n<meta property=\"og:url\" content=\"https:\/\/chamanismedelaterre.fr\/es\/chamanisme\/\" \/>\n<meta property=\"og:site_name\" content=\"CHAMANISME DE LA TERRE\" \/>\n<meta property=\"article:modified_time\" content=\"2023-07-05T15:20:26+00:00\" \/>\n<meta name=\"twitter:card\" content=\"summary_large_image\" \/>\n<meta name=\"twitter:label1\" content=\"Tiempo de lectura\" \/>\n\t<meta name=\"twitter:data1\" content=\"4 minutos\" \/>\n<script type=\"application\/ld+json\" class=\"yoast-schema-graph\">{\"@context\":\"https:\/\/schema.org\",\"@graph\":[{\"@type\":\"WebPage\",\"@id\":\"https:\/\/chamanismedelaterre.fr\/chamanisme\/\",\"url\":\"https:\/\/chamanismedelaterre.fr\/chamanisme\/\",\"name\":\"CHAMANISME - CHAMANISME DE LA TERRE\",\"isPartOf\":{\"@id\":\"https:\/\/chamanismedelaterre.fr\/#website\"},\"datePublished\":\"2022-12-03T13:42:28+00:00\",\"dateModified\":\"2023-07-05T15:20:26+00:00\",\"description\":\"Datant de plus de 40 000 ans, le Chamanisme est sans doute l\u2019Art de gu\u00e9rison personnelle et d\u2019\u00e9veil spirituel le plus ancien au monde.\",\"breadcrumb\":{\"@id\":\"https:\/\/chamanismedelaterre.fr\/chamanisme\/#breadcrumb\"},\"inLanguage\":\"es\",\"potentialAction\":[{\"@type\":\"ReadAction\",\"target\":[\"https:\/\/chamanismedelaterre.fr\/chamanisme\/\"]}]},{\"@type\":\"BreadcrumbList\",\"@id\":\"https:\/\/chamanismedelaterre.fr\/chamanisme\/#breadcrumb\",\"itemListElement\":[{\"@type\":\"ListItem\",\"position\":1,\"name\":\"Accueil\",\"item\":\"https:\/\/chamanismedelaterre.fr\/\"},{\"@type\":\"ListItem\",\"position\":2,\"name\":\"CHAMANISME\"}]},{\"@type\":\"WebSite\",\"@id\":\"https:\/\/chamanismedelaterre.fr\/#website\",\"url\":\"https:\/\/chamanismedelaterre.fr\/\",\"name\":\"CHAMANISME DE LA TERRE\",\"description\":\"CHAMANISME DE LA TERRE? Marie-Ange Fernandez\",\"potentialAction\":[{\"@type\":\"SearchAction\",\"target\":{\"@type\":\"EntryPoint\",\"urlTemplate\":\"https:\/\/chamanismedelaterre.fr\/?s={search_term_string}\"},\"query-input\":\"required name=search_term_string\"}],\"inLanguage\":\"es\"}]}<\/script>\n<!-- \/ Yoast SEO plugin. -->","yoast_head_json":{"title":"CHAMANISME - CHAMANISME DE LA TERRE","description":"Datant de plus de 40 000 ans, le Chamanisme est sans doute l\u2019Art de gu\u00e9rison personnelle et d\u2019\u00e9veil spirituel le plus ancien au monde.","robots":{"index":"index","follow":"follow","max-snippet":"max-snippet:-1","max-image-preview":"max-image-preview:large","max-video-preview":"max-video-preview:-1"},"canonical":"https:\/\/chamanismedelaterre.fr\/es\/chamanisme\/","og_locale":"es_ES","og_type":"article","og_title":"CHAMANISME - CHAMANISME DE LA TERRE","og_description":"Datant de plus de 40 000 ans, le Chamanisme est sans doute l\u2019Art de gu\u00e9rison personnelle et d\u2019\u00e9veil spirituel le plus ancien au monde.","og_url":"https:\/\/chamanismedelaterre.fr\/es\/chamanisme\/","og_site_name":"CHAMANISME DE LA TERRE","article_modified_time":"2023-07-05T15:20:26+00:00","twitter_card":"summary_large_image","twitter_misc":{"Tiempo de lectura":"4 minutos"},"schema":{"@context":"https:\/\/schema.org","@graph":[{"@type":"WebPage","@id":"https:\/\/chamanismedelaterre.fr\/chamanisme\/","url":"https:\/\/chamanismedelaterre.fr\/chamanisme\/","name":"CHAMANISME - CHAMANISME DE LA TERRE","isPartOf":{"@id":"https:\/\/chamanismedelaterre.fr\/#website"},"datePublished":"2022-12-03T13:42:28+00:00","dateModified":"2023-07-05T15:20:26+00:00","description":"Datant de plus de 40 000 ans, le Chamanisme est sans doute l\u2019Art de gu\u00e9rison personnelle et d\u2019\u00e9veil spirituel le plus ancien au monde.","breadcrumb":{"@id":"https:\/\/chamanismedelaterre.fr\/chamanisme\/#breadcrumb"},"inLanguage":"es","potentialAction":[{"@type":"ReadAction","target":["https:\/\/chamanismedelaterre.fr\/chamanisme\/"]}]},{"@type":"BreadcrumbList","@id":"https:\/\/chamanismedelaterre.fr\/chamanisme\/#breadcrumb","itemListElement":[{"@type":"ListItem","position":1,"name":"Accueil","item":"https:\/\/chamanismedelaterre.fr\/"},{"@type":"ListItem","position":2,"name":"CHAMANISME"}]},{"@type":"WebSite","@id":"https:\/\/chamanismedelaterre.fr\/#website","url":"https:\/\/chamanismedelaterre.fr\/","name":"CHAMANISME DE LA TERRE","description":"CHAMANISME DE LA TERRE? Marie-Ange Fernandez","potentialAction":[{"@type":"SearchAction","target":{"@type":"EntryPoint","urlTemplate":"https:\/\/chamanismedelaterre.fr\/?s={search_term_string}"},"query-input":"required name=search_term_string"}],"inLanguage":"es"}]}},"jetpack_sharing_enabled":true,"_links":{"self":[{"href":"https:\/\/chamanismedelaterre.fr\/es\/wp-json\/wp\/v2\/pages\/1145","targetHints":{"allow":["GET"]}}],"collection":[{"href":"https:\/\/chamanismedelaterre.fr\/es\/wp-json\/wp\/v2\/pages"}],"about":[{"href":"https:\/\/chamanismedelaterre.fr\/es\/wp-json\/wp\/v2\/types\/page"}],"author":[{"embeddable":true,"href":"https:\/\/chamanismedelaterre.fr\/es\/wp-json\/wp\/v2\/users\/1"}],"replies":[{"embeddable":true,"href":"https:\/\/chamanismedelaterre.fr\/es\/wp-json\/wp\/v2\/comments?post=1145"}],"version-history":[{"count":45,"href":"https:\/\/chamanismedelaterre.fr\/es\/wp-json\/wp\/v2\/pages\/1145\/revisions"}],"predecessor-version":[{"id":2101,"href":"https:\/\/chamanismedelaterre.fr\/es\/wp-json\/wp\/v2\/pages\/1145\/revisions\/2101"}],"wp:attachment":[{"href":"https:\/\/chamanismedelaterre.fr\/es\/wp-json\/wp\/v2\/media?parent=1145"}],"curies":[{"name":"wp","href":"https:\/\/api.w.org\/{rel}","templated":true}]}}